{"id":6292,"date":"2023-11-13T12:38:19","date_gmt":"2023-11-13T11:38:19","guid":{"rendered":"https:\/\/mecahealth.com\/?page_id=6292"},"modified":"2023-11-15T01:37:22","modified_gmt":"2023-11-15T00:37:22","slug":"traitement-pedicure","status":"publish","type":"page","link":"https:\/\/mecahealth.com\/?page_id=6292","title":{"rendered":"Traitement : p\u00e9dicure"},"content":{"rendered":"\n<p class=\"has-medium-font-size\"><a href=\"https:\/\/mecahealth.com\/?page_id=122\"><\/a><a style=\"font-size: revert;\" href=\"https:\/\/mecahealth.com\/?page_id=122\">Attention \u00e0 lire les consignes avant de lire toute page d&rsquo;un site sant\u00e9 !<\/a> <\/p>\n\n\n\n<figure class=\"wp-block-image size-full is-style-rounded\"><img loading=\"lazy\" decoding=\"async\" width=\"330\" height=\"330\" src=\"https:\/\/mecahealth.com\/wp-content\/uploads\/2023\/11\/MecaHealth-professions-pedicure.jpg\" alt=\"\" class=\"wp-image-6294\" srcset=\"https:\/\/mecahealth.com\/wp-content\/uploads\/2023\/11\/MecaHealth-professions-pedicure.jpg 330w, https:\/\/mecahealth.com\/wp-content\/uploads\/2023\/11\/MecaHealth-professions-pedicure-300x300.jpg 300w, https:\/\/mecahealth.com\/wp-content\/uploads\/2023\/11\/MecaHealth-professions-pedicure-150x150.jpg 150w\" sizes=\"auto, (max-width: 330px) 100vw, 330px\" \/><\/figure>\n\n\n\n<p class=\"has-medium-font-size\">Le traitement p\u00e9dicure m\u00eame s&rsquo;il peut para\u00eetre peu compliqu\u00e9 pour certains soins \u00e9l\u00e9mentaires,  peut s&rsquo;av\u00e9rer tr\u00e8s d\u00e9licat et surtout essentiel pour la sant\u00e9 g\u00e9n\u00e9rale d&rsquo;un pied mais de la personne \u00e9galement. Un pied ou des ongles mal suivis peut emp\u00eacher une <a href=\"https:\/\/mecahealth.com\/?page_id=413\" data-type=\"page\" data-id=\"413\">bonne station debout<\/a> ou une <a href=\"https:\/\/mecahealth.com\/?page_id=428\" data-type=\"page\" data-id=\"428\">bonne marche<\/a> dont le <a href=\"https:\/\/mecahealth.com\/?page_id=695\" data-type=\"page\" data-id=\"695\">mouvement de d\u00e9roulement du pied<\/a> est fondamental \u00e0 plus d&rsquo;un points. Si un pied n&rsquo;est pas bien trait\u00e9 au sens propre et figur\u00e9, les cons\u00e9quences peuvent passer de l&rsquo;inconfort \u00e0 des douleurs dans les jambes, dans le dos, dans les visc\u00e8res tout comme <a href=\"https:\/\/mecahealth.com\/?page_id=567\" data-type=\"page\" data-id=\"567\">dans la t\u00eate<\/a>. Il est donc fondamental d&rsquo;\u00eatre suivi par un professionnel certifi\u00e9.<\/p>\n\n\n\n<p class=\"has-medium-font-size\">Si vous \u00eates un professionnel du soin, nous vous invitons \u00e0 <a href=\"https:\/\/mecahealth.com\/?page_id=6329\" data-type=\"page\" data-id=\"6329\">faire attention \u00e0 votre propre sant\u00e9<\/a>.<\/p>\n\n\n\n<h2 class=\"wp-block-heading has-medium-font-size\">Professionnalisme certifi\u00e9<\/h2>\n\n\n\n<p class=\"has-medium-font-size\">Le professionnel certifi\u00e9, appel\u00e9 selon les pays, des p\u00e9dicures m\u00e9dicaux, sp\u00e9cialis\u00e9s, etc. pr\u00e9sente en principe la comp\u00e9tence pour :<\/p>\n\n\n\n<ul class=\"has-medium-font-size wp-block-list\">\n<li>Expertise et Pr\u00e9vention : La principale importance r\u00e9side dans l&rsquo;expertise d&rsquo;une p\u00e9dicure professionnelle pour diagnostiquer et traiter divers probl\u00e8mes li\u00e9s aux pieds, pr\u00e9venant ainsi des complications futures telles que les infections, les cors, les callosit\u00e9s ou les ongles incarn\u00e9s.<\/li>\n\n\n\n<li>Hygi\u00e8ne et St\u00e9rilisation : Les p\u00e9dicures professionnels suivent des normes strictes d&rsquo;hygi\u00e8ne et de st\u00e9rilisation, assurant un environnement s\u00fbr pour le traitement des pieds, r\u00e9duisant ainsi les risques d&rsquo;infections.<\/li>\n\n\n\n<li>Conseils Personnalis\u00e9s : Les p\u00e9dicures offrent des conseils personnalis\u00e9s sur les soins \u00e0 apporter \u00e0 vos pieds en fonction de votre type de peau, de vos besoins sp\u00e9cifiques, et peuvent recommander des produits adapt\u00e9s.<\/li>\n<\/ul>\n\n\n\n<p class=\"has-medium-font-size\">La p\u00e9dicure pouvant pratiqu\u00e9e par tous <\/p>\n\n\n\n<ul class=\"has-medium-font-size wp-block-list\">\n<li>D\u00e9tente et Bien-\u00catre : En plus de l&rsquo;aspect m\u00e9dical, les s\u00e9ances de p\u00e9dicure offrent une exp\u00e9rience relaxante, favorisant le bien-\u00eatre global en soulageant la tension, en am\u00e9liorant la circulation sanguine et en r\u00e9duisant le stress.<\/li>\n\n\n\n<li>Esth\u00e9tique des Pieds : Une p\u00e9dicure professionnelle peut am\u00e9liorer l&rsquo;esth\u00e9tique de vos pieds en fournissant des soins sp\u00e9cifiques pour adoucir la peau, et embellir les ongles, ce qui peut avoir un impact positif sur la <a href=\"https:\/\/mecahealth.com\/?page_id=2296\" data-type=\"page\" data-id=\"2296\">confiance en soi<\/a> de certains.<\/li>\n\n\n\n<li>&#8230;<\/li>\n<\/ul>\n\n\n\n<p class=\"has-medium-font-size\">Ces soins, lorsqu&rsquo;ils sont effectu\u00e9s par un professionnel, contribuent \u00e0 la sant\u00e9, \u00e0 la beaut\u00e9 et au confort de vos pieds. <\/p>\n\n\n\n<h2 class=\"wp-block-heading has-medium-font-size\">Remboursement :<\/h2>\n\n\n\n<p class=\"has-medium-font-size\">Faire appel \u00e0 des professionnels certifi\u00e9s permet \u00e9galement un remboursement partiel de cet <em>investissement<\/em>. Le remboursement des soins de p\u00e9dicure peut varier d&rsquo;un pays \u00e0 l&rsquo;autre et m\u00eame \u00e0 l&rsquo;int\u00e9rieur d&rsquo;un pays en fonction des r\u00e9glementations sp\u00e9cifiques \u00e0 chaque syst\u00e8me de sant\u00e9. Les soins de p\u00e9dicure sont g\u00e9n\u00e9ralement rembours\u00e9s dans le cadre de certaines conditions m\u00e9dicales particuli\u00e8res, comme le diab\u00e8te ou d&rsquo;autres probl\u00e8mes de sant\u00e9 n\u00e9cessitant des soins sp\u00e9cifiques aux pieds.<\/p>\n\n\n\n<p class=\"has-medium-font-size\">En Belgique, le traitement p\u00e9dicure est rembours\u00e9 par seulement quelques organismes de remboursement. En France et au Canada, le remboursement d\u00e9pend de certaines affections. Renseignez-vous aupr\u00e8s de votre assurance\/mutualit\u00e9 ou des p\u00e9dicures.<br>(&#8230;)<\/p>\n\n\n\n<h2 class=\"wp-block-heading has-medium-font-size\">Revenir au chapitre <em><a href=\"https:\/\/mecahealth.com\/?page_id=6325\" data-type=\"page\" data-id=\"6325\">Professions<\/a><\/em> ou \u00e0 la page<em> <a href=\"https:\/\/mecahealth.com\/?page_id=618\" data-type=\"page\" data-id=\"618\">Pied, Cheville et orteil<\/a><\/em><\/h2>\n","protected":false},"excerpt":{"rendered":"<p>Attention \u00e0 lire les consignes avant de lire toute page d&rsquo;un site sant\u00e9 ! Le traitement p\u00e9dicure m\u00eame s&rsquo;il peut para\u00eetre peu compliqu\u00e9 pour certains soins \u00e9l\u00e9mentaires, peut s&rsquo;av\u00e9rer tr\u00e8s d\u00e9licat et surtout essentiel pour la sant\u00e9 g\u00e9n\u00e9rale d&rsquo;un pied mais de la personne \u00e9galement. Un pied ou des ongles<a href=\"https:\/\/mecahealth.com\/?page_id=6292\" class=\"read-more\">Read More&#8230;<\/a><\/p>\n","protected":false},"author":1,"featured_media":0,"parent":0,"menu_order":0,"comment_status":"closed","ping_status":"closed","template":"","meta":{"footnotes":""},"class_list":["post-6292","page","type-page","status-publish","hentry"],"jetpack_sharing_enabled":true,"_links":{"self":[{"href":"https:\/\/mecahealth.com\/index.php?rest_route=\/wp\/v2\/pages\/6292","targetHints":{"allow":["GET"]}}],"collection":[{"href":"https:\/\/mecahealth.com\/index.php?rest_route=\/wp\/v2\/pages"}],"about":[{"href":"https:\/\/mecahealth.com\/index.php?rest_route=\/wp\/v2\/types\/page"}],"author":[{"embeddable":true,"href":"https:\/\/mecahealth.com\/index.php?rest_route=\/wp\/v2\/users\/1"}],"replies":[{"embeddable":true,"href":"https:\/\/mecahealth.com\/index.php?rest_route=%2Fwp%2Fv2%2Fcomments&post=6292"}],"version-history":[{"count":14,"href":"https:\/\/mecahealth.com\/index.php?rest_route=\/wp\/v2\/pages\/6292\/revisions"}],"predecessor-version":[{"id":6364,"href":"https:\/\/mecahealth.com\/index.php?rest_route=\/wp\/v2\/pages\/6292\/revisions\/6364"}],"wp:attachment":[{"href":"https:\/\/mecahealth.com\/index.php?rest_route=%2Fwp%2Fv2%2Fmedia&parent=6292"}],"curies":[{"name":"wp","href":"https:\/\/api.w.org\/{rel}","templated":true}]}}