{"id":624,"date":"2023-01-08T23:31:08","date_gmt":"2023-01-08T22:31:08","guid":{"rendered":"https:\/\/mecahealth.com\/?page_id=624"},"modified":"2023-02-17T00:44:15","modified_gmt":"2023-02-16T23:44:15","slug":"corps-bassin","status":"publish","type":"page","link":"https:\/\/mecahealth.com\/?page_id=624","title":{"rendered":"Corps : bassin et hanche"},"content":{"rendered":"\n<p class=\"has-medium-font-size\"><a href=\"https:\/\/mecahealth.com\/?page_id=122\"><\/a><a style=\"font-size: revert;\" href=\"https:\/\/mecahealth.com\/?page_id=122\">Attention \u00e0 lire les consignes avant de lire toute page d&rsquo;un site sant\u00e9 !<\/a> <\/p>\n\n\n\n<figure class=\"wp-block-image size-large is-resized is-style-rounded\"><img loading=\"lazy\" decoding=\"async\" src=\"https:\/\/mecahealth.com\/wp-content\/uploads\/2023\/01\/MH-Planche-bassin-1024x1024.jpg\" alt=\"\" class=\"wp-image-743\" width=\"330\" height=\"330\" srcset=\"https:\/\/mecahealth.com\/wp-content\/uploads\/2023\/01\/MH-Planche-bassin-1024x1024.jpg 1024w, https:\/\/mecahealth.com\/wp-content\/uploads\/2023\/01\/MH-Planche-bassin-300x300.jpg 300w, https:\/\/mecahealth.com\/wp-content\/uploads\/2023\/01\/MH-Planche-bassin-150x150.jpg 150w, https:\/\/mecahealth.com\/wp-content\/uploads\/2023\/01\/MH-Planche-bassin-768x769.jpg 768w, https:\/\/mecahealth.com\/wp-content\/uploads\/2023\/01\/MH-Planche-bassin.jpg 1450w\" sizes=\"auto, (max-width: 330px) 100vw, 330px\" \/><\/figure>\n\n\n\n<h2 class=\"has-large-font-size wp-block-heading\">Normalit\u00e9<\/h2>\n\n\n\n<p class=\"has-medium-font-size\">Le bassin est compos\u00e9 deux ailes iliaques s\u00e9par\u00e9es par le sacrum (photo ci-dessous). Le sacrum est un ensemble de vert\u00e8bres soud\u00e9es se terminant par d&rsquo;autres vert\u00e8bres soud\u00e9es mais atrophi\u00e9es. Ces derni\u00e8res composent l&rsquo;os triangulaire du coccyx. La jonction des deux ailes forment le pubis.<\/p>\n\n\n<div class=\"wp-block-image\">\n<figure class=\"alignleft size-full is-resized\"><img loading=\"lazy\" decoding=\"async\" src=\"https:\/\/mecahealth.com\/wp-content\/uploads\/2023\/01\/MecaHealth-Bassin-1.jpg\" alt=\"\" class=\"wp-image-2139\" width=\"190\" height=\"190\" srcset=\"https:\/\/mecahealth.com\/wp-content\/uploads\/2023\/01\/MecaHealth-Bassin-1.jpg 330w, https:\/\/mecahealth.com\/wp-content\/uploads\/2023\/01\/MecaHealth-Bassin-1-300x300.jpg 300w, https:\/\/mecahealth.com\/wp-content\/uploads\/2023\/01\/MecaHealth-Bassin-1-150x150.jpg 150w\" sizes=\"auto, (max-width: 190px) 100vw, 190px\" \/><\/figure>\n<\/div>\n\n\n<p class=\"has-medium-font-size\">Le bassin supporte la colonne vert\u00e9brale et est soutenu par les membres inf\u00e9rieurs (jambes). Ces derniers commencent par le f\u00e9mur et plus pr\u00e9cis\u00e9ment par la t\u00eate f\u00e9morale qui s&rsquo;articule dans la cavit\u00e9 cotylo\u00efde (=ac\u00e9tabulum ou cotyle) ; celle-ci faisant partie int\u00e9grante de l&rsquo;aile iliaque. C&rsquo;est cette cavit\u00e9 qui permet aux <a href=\"https:\/\/mecahealth.com\/?page_id=622\" data-type=\"page\" data-id=\"622\">jambes de se mobiliser dans plusieurs plans<\/a>. Cette cavit\u00e9 et la t\u00eate f\u00e9morale forme donc l&rsquo;articulation de la hanche.<\/p>\n\n\n\n<p class=\"has-large-font-size\"><a href=\"https:\/\/mecahealth.com\/?page_id=622\" data-type=\"page\" data-id=\"622\"><strong>Attention la rotation interne est nettement plus importante qu&rsquo;il n&rsquo;y para\u00eet dans de nombreuses formes de lombalgies<\/strong><\/a><strong>.<\/strong><\/p>\n\n\n\n<p class=\"has-medium-font-size\">La hanche en m\u00e9decine ne correspond donc pas \u00e0 la hanche de la couture ou de celle de <a rel=\"noreferrer noopener\" href=\"https:\/\/open.spotify.com\/track\/4chX3KwIY3BJBqsnXpgDSy?si=1deabec99d454bd6\" data-type=\"URL\" data-id=\"https:\/\/open.spotify.com\/track\/4chX3KwIY3BJBqsnXpgDSy?si=1deabec99d454bd6\" target=\"_blank\">la chanson de Salvatore Adamo (Mes mains sur tes hanches)<\/a>.<\/p>\n\n\n\n<p class=\"has-medium-font-size\">En fonction de la position de la <a href=\"https:\/\/mecahealth.com\/?page_id=808\" data-type=\"page\" data-id=\"808\">bascule du bassin<\/a>, ce dernier par la paresse\/travail des abdominaux et la r\u00e9traction\/tonus des psoas augmente ou diminue la <a href=\"https:\/\/mecahealth.com\/?page_id=1173\" data-type=\"page\" data-id=\"1173\">lordose lombaire<\/a>. <\/p>\n\n\n\n<p class=\"has-medium-font-size\">Le bassin ne bouge pas \u00e9norm\u00e9ment mais tout de m\u00eame un petit peu au niveau de ses articulations sacro-iliaques surtout apr\u00e8s une grossesse ou chez les personnes hyperlaxes mais ce mouvement sera nettement moins cons\u00e9quent s&rsquo;il est sym\u00e9trique. <\/p>\n\n\n\n<h2 class=\"has-large-font-size wp-block-heading\">Pathologies<\/h2>\n\n\n\n<p class=\"has-medium-font-size\">Les pathologies les plus fr\u00e9quentes sont :<\/p>\n\n\n\n<ul class=\"wp-block-list\">\n<li>arthrose de la hanche (pas seulement du col mais du cotyle)<\/li>\n\n\n\n<li>fracture du bassin<\/li>\n\n\n\n<li>entorse du coccyx<\/li>\n\n\n\n<li>fracture du col du f\u00e9mur &#8230;\u00e0 ne pas confondre avec le col de l&rsquo;ut\u00e9rus (voir vid\u00e9o ci-dessous)<\/li>\n\n\n\n<li><em>fermeture du bassin<\/em> (asym\u00e9trique ou non &#8211; voir ci-dessous)<\/li>\n<\/ul>\n\n\n\n<p class=\"has-medium-font-size\">Le bassin peut se fermer sur un c\u00f4t\u00e9 par une asym\u00e9trie d&rsquo;ouverture des pieds. <a href=\"https:\/\/mecahealth.com\/?page_id=2037\" data-type=\"page\" data-id=\"2037\">Si un pied est moins ouvert que l&rsquo;autre<\/a>, il tire progressivement (quelques mois) l&rsquo;aile iliaque de ce c\u00f4t\u00e9 \u00e0 se porter un peu vers l&rsquo;int\u00e9rieur mais \u00e9galement un peu en avant. Elle se ferme. En se fermant ainsi, la cavit\u00e9 gl\u00e9no\u00efde remonte en quelque sorte. Comme on ne peut laisser cette jambe en l&rsquo;air, on laisse le pied au sol en donnant l&rsquo;impression d&rsquo;avoir une jambe plus courte que l&rsquo;autre. C&rsquo;est la raison pour laquelle, il faut mesurer l&rsquo;ouverture du bassin et la longueur par imagerie m\u00e9dicale avant de mettre une \u00ab\u00a0talonnette\u00a0\u00bb&#8230; et absolument corriger toute asym\u00e9trie durant chaque <a href=\"https:\/\/mecahealth.com\/?page_id=184\" data-type=\"page\" data-id=\"184\">mouvement<\/a>.<\/p>\n\n\n\n<figure class=\"wp-block-embed is-type-video is-provider-dailymotion wp-block-embed-dailymotion wp-embed-aspect-4-3 wp-has-aspect-ratio\"><div class=\"wp-block-embed__wrapper\">\n<iframe loading=\"lazy\" title=\"Fracture du col de l&#039;ut\u00e9rus pour Albert II\" frameborder=\"0\" width=\"600\" height=\"450\" src=\"https:\/\/geo.dailymotion.com\/player.html?video=x2eg15&#038;\" allowfullscreen allow=\"autoplay; fullscreen; picture-in-picture; web-share\"><\/iframe>\n<\/div><\/figure>\n","protected":false},"excerpt":{"rendered":"<p>Attention \u00e0 lire les consignes avant de lire toute page d&rsquo;un site sant\u00e9 ! Normalit\u00e9 Le bassin est compos\u00e9 deux ailes iliaques s\u00e9par\u00e9es par le sacrum (photo ci-dessous). Le sacrum est un ensemble de vert\u00e8bres soud\u00e9es se terminant par d&rsquo;autres vert\u00e8bres soud\u00e9es mais atrophi\u00e9es. Ces derni\u00e8res composent l&rsquo;os triangulaire du<a href=\"https:\/\/mecahealth.com\/?page_id=624\" class=\"read-more\">Read More&#8230;<\/a><\/p>\n","protected":false},"author":1,"featured_media":0,"parent":0,"menu_order":0,"comment_status":"closed","ping_status":"closed","template":"","meta":{"footnotes":""},"class_list":["post-624","page","type-page","status-publish","hentry"],"jetpack_sharing_enabled":true,"_links":{"self":[{"href":"https:\/\/mecahealth.com\/index.php?rest_route=\/wp\/v2\/pages\/624","targetHints":{"allow":["GET"]}}],"collection":[{"href":"https:\/\/mecahealth.com\/index.php?rest_route=\/wp\/v2\/pages"}],"about":[{"href":"https:\/\/mecahealth.com\/index.php?rest_route=\/wp\/v2\/types\/page"}],"author":[{"embeddable":true,"href":"https:\/\/mecahealth.com\/index.php?rest_route=\/wp\/v2\/users\/1"}],"replies":[{"embeddable":true,"href":"https:\/\/mecahealth.com\/index.php?rest_route=%2Fwp%2Fv2%2Fcomments&post=624"}],"version-history":[{"count":14,"href":"https:\/\/mecahealth.com\/index.php?rest_route=\/wp\/v2\/pages\/624\/revisions"}],"predecessor-version":[{"id":3531,"href":"https:\/\/mecahealth.com\/index.php?rest_route=\/wp\/v2\/pages\/624\/revisions\/3531"}],"wp:attachment":[{"href":"https:\/\/mecahealth.com\/index.php?rest_route=%2Fwp%2Fv2%2Fmedia&parent=624"}],"curies":[{"name":"wp","href":"https:\/\/api.w.org\/{rel}","templated":true}]}}