{"id":618,"date":"2023-01-09T00:29:55","date_gmt":"2023-01-08T22:29:55","guid":{"rendered":"https:\/\/mecahealth.com\/?page_id=618"},"modified":"2024-06-16T22:39:05","modified_gmt":"2024-06-16T20:39:05","slug":"corps-pied-cheville-et-orteil","status":"publish","type":"page","link":"https:\/\/mecahealth.com\/?page_id=618","title":{"rendered":"Corps : pied, cheville et orteil"},"content":{"rendered":"\n<p class=\"has-medium-font-size\"><a href=\"https:\/\/mecahealth.com\/?page_id=122\"><\/a><a style=\"font-size: revert;\" href=\"https:\/\/mecahealth.com\/?page_id=122\">Attention \u00e0 lire les consignes avant de lire toute page d&rsquo;un site sant\u00e9 !<\/a> <\/p>\n\n\n\n<figure class=\"wp-block-image size-full is-resized is-style-rounded\"><img loading=\"lazy\" decoding=\"async\" width=\"976\" height=\"975\" src=\"https:\/\/mecahealth.com\/wp-content\/uploads\/2023\/01\/MH-Planche-pied-cheville.jpg\" alt=\"\" class=\"wp-image-751\" style=\"width:330px;height:330px\" srcset=\"https:\/\/mecahealth.com\/wp-content\/uploads\/2023\/01\/MH-Planche-pied-cheville.jpg 976w, https:\/\/mecahealth.com\/wp-content\/uploads\/2023\/01\/MH-Planche-pied-cheville-300x300.jpg 300w, https:\/\/mecahealth.com\/wp-content\/uploads\/2023\/01\/MH-Planche-pied-cheville-150x150.jpg 150w, https:\/\/mecahealth.com\/wp-content\/uploads\/2023\/01\/MH-Planche-pied-cheville-768x767.jpg 768w\" sizes=\"auto, (max-width: 976px) 100vw, 976px\" \/><\/figure>\n\n\n\n<h2 class=\"wp-block-heading has-large-font-size\">Normalit\u00e9 : Vo\u00fbte plantaire redress\u00e9e, pied l\u00e9g\u00e8rement vers l&rsquo;ext\u00e9rieur<\/h2>\n\n\n\n<h3 class=\"wp-block-heading has-medium-font-size\">Structure musculo-articulaire :<\/h3>\n\n\n\n<p class=\"has-medium-font-size\">L&rsquo;articulation de la cheville est compos\u00e9e par l&rsquo;arc de cercle cr\u00e9\u00e9 par les deux extr\u00e9mit\u00e9s inf\u00e9rieures du tibia et du p\u00e9ron\u00e9 dans lequel glisse l&rsquo;os arrondi sur sa base sup\u00e9rieure appel\u00e9e talus (appel\u00e9 aussi astragale). Le talus n&rsquo;est pas l&rsquo;os du talon. Celui-ci est form\u00e9 par le calcan\u00e9us se trouvant en-dessous de ce talus.<\/p>\n\n\n\n<p class=\"has-medium-font-size\">A ces deux os s&rsquo;accrochent des petits os (os naviculaire, 3 cun\u00e9iformes et le cubo\u00efde) suivis des m\u00e9tatarsiens (os correspondant par leur forme, leur position et leur utilit\u00e9, aux m\u00e9tas situ\u00e9s dans la paume de la main). Les orteils sont dans le prolongement direct des ces m\u00e9tas.<\/p>\n\n\n\n<p class=\"has-medium-font-size\">Bien entendu comme toute articulation, les os s&#8217;embo\u00eetent par leur forme mais sont soutenus dans cette position comme dans leurs mouvements par les diff\u00e9rents ligaments.<\/p>\n\n\n\n<p class=\"has-medium-font-size\">La position z\u00e9ro du pied est de 10 \u00e0 15\u00b0 par rapport \u00e0 l&rsquo;axe de la direction comme bien visible durant la marche sym\u00e9trique (<a href=\"https:\/\/mecahealth.com\/?page_id=2037\" data-type=\"page\" data-id=\"2037\">voir et t\u00e9l\u00e9charger le document facilitant la correction<\/a>).<\/p>\n\n\n\n<h3 class=\"wp-block-heading\">Mouvements :<\/h3>\n\n\n\n<p class=\"has-medium-font-size\">Dans un contexte globaliste cherchant une bonne r\u00e9partition des charges, le pied intervient avec d&rsquo;autres articulations pour rechercher un <a href=\"https:\/\/mecahealth.com\/?page_id=443\" data-type=\"page\" data-id=\"443\">amortissement g\u00e9n\u00e9ral<\/a>.<\/p>\n\n\n\n<p class=\"has-medium-font-size\">De par sa forme et de ses structures ligamentaires, les mouvements de la cheville combin\u00e9e aux autres petits os peuvent \u00eatre complexes. Ils sont :<\/p>\n\n\n\n<ul class=\"has-medium-font-size wp-block-list\">\n<li>la flexion-extension du pied, flexion plantaire et flexion dorsale pour \u00eatre pr\u00e9cis. Elle intervient apr\u00e8s une l\u00e9g\u00e8re pouss\u00e9e des orteils, dans le <a href=\"https:\/\/mecahealth.com\/?page_id=428\" data-type=\"page\" data-id=\"428\">d\u00e9roulement du pied durant la marche<\/a><\/li>\n\n\n\n<li>la flexion lat\u00e9rale interne ou externe<\/li>\n\n\n\n<li>et en combinant :<\/li>\n\n\n\n<li>la pronation<\/li>\n\n\n\n<li>la supination<\/li>\n\n\n\n<li>la rotation : Ce mouvement active la circulation lat\u00e9rale. Ce que ne fait tout \u00e0 fait le pied dans la marche.<\/li>\n<\/ul>\n\n\n\n<p class=\"has-medium-font-size\">Les pieds comme toute structure musculo-articulaire doivent \u00eatre travaill\u00e9s le plus <a href=\"https:\/\/mecahealth.com\/?page_id=402\" data-type=\"page\" data-id=\"402\">sym\u00e9triquement<\/a> possible et seront entretenus par quelques exercices sp\u00e9cifiques.<\/p>\n\n\n\n<p><\/p>\n\n\n\n<h2 class=\"wp-block-heading has-large-font-size\">Pathologies :<\/h2>\n\n\n\n<p class=\"has-medium-font-size\">Les pathologies les plus fr\u00e9quentes dans cette zone sont :<\/p>\n\n\n\n<ul class=\"has-medium-font-size wp-block-list\">\n<li><a data-type=\"page\" data-id=\"1960\" href=\"https:\/\/mecahealth.com\/?page_id=1960\">Entorse<\/a> ou d\u00e9chirure des ligaments externes<\/li>\n\n\n\n<li>Entorse ou d\u00e9chirure des ligaments internes<\/li>\n\n\n\n<li>Douleur au niveau du tendon d&rsquo;Achille ou \u00e0 la <a href=\"https:\/\/mecahealth.com\/?page_id=1731\" data-type=\"page\" data-id=\"1731\">base du mollet avec ou sans d\u00e9chirure<\/a><\/li>\n\n\n\n<li><a href=\"https:\/\/mecahealth.com\/?page_id=659\" data-type=\"page\" data-id=\"659\">\u0152d\u00e8me (gonflement)<\/a> r\u00e9sum\u00e9 des attentions circulatoires<\/li>\n\n\n\n<li>Hallux Valgus ou Varus<\/li>\n\n\n\n<li><a href=\"https:\/\/mecahealth.com\/?page_id=1940\" data-type=\"page\" data-id=\"1940\">Douleur dans le pied et plus sp\u00e9cialement \u00e0 son extr\u00e9mit\u00e9<\/a><\/li>\n\n\n\n<li>infection par ongle incarn\u00e9, blessures, etc. (<a href=\"https:\/\/mecahealth.com\/?page_id=6329\" data-type=\"page\" data-id=\"6329\">voir p\u00e9dicure<\/a>)<\/li>\n<\/ul>\n\n\n\n<p class=\"has-medium-font-size\">Concernant les entorses, elles surviennent g\u00e9n\u00e9ralement chez des personnes ayant une <a href=\"https:\/\/mecahealth.com\/?page_id=537\" data-type=\"page\" data-id=\"537\">hyperlaxit\u00e9<\/a> de la cheville (combin\u00e9e la plupart du temps \u00e0 une hyperlaxit\u00e9 g\u00e9n\u00e9rale ou en tout cas du genou) mais parfois par distraction voire par <a href=\"https:\/\/mecahealth.com\/?page_id=5186\" data-type=\"page\" data-id=\"5186\">mal-\u00eatre professionnel<\/a>.<\/p>\n\n\n\n<p class=\"has-medium-font-size\">Pour compenser la plupart des s\u00e9quelles de ces pathologies ou en guise de pr\u00e9vention, pratiquons les exercices pour la cheville, sauf pathologies particuli\u00e8res, <a href=\"https:\/\/mecahealth.com\/?page_id=1845\" data-type=\"page\" data-id=\"1845\">\u00e9tirons les mollets sur une marche d&rsquo;escalier<\/a>. Pour ce faire du bien ou lib\u00e9rer des tensions dans le pied, travaillons le pied avec une <a href=\"https:\/\/mecahealth.com\/?page_id=716\" data-type=\"page\" data-id=\"716\">balle de tennis<\/a>.<\/p>\n\n\n\n<p>(&#8230;)<\/p>\n\n\n\n<h2 class=\"wp-block-heading has-medium-font-size\">Revenir au chapitre <a href=\"https:\/\/mecahealth.com\/?page_id=75\" data-type=\"page\" data-id=\"75\"><em>Corps m\u00e9canique<\/em><\/a><\/h2>\n","protected":false},"excerpt":{"rendered":"<p>Attention \u00e0 lire les consignes avant de lire toute page d&rsquo;un site sant\u00e9 ! Normalit\u00e9 : Vo\u00fbte plantaire redress\u00e9e, pied l\u00e9g\u00e8rement vers l&rsquo;ext\u00e9rieur Structure musculo-articulaire : L&rsquo;articulation de la cheville est compos\u00e9e par l&rsquo;arc de cercle cr\u00e9\u00e9 par les deux extr\u00e9mit\u00e9s inf\u00e9rieures du tibia et du p\u00e9ron\u00e9 dans lequel glisse<a href=\"https:\/\/mecahealth.com\/?page_id=618\" class=\"read-more\">Read More&#8230;<\/a><\/p>\n","protected":false},"author":1,"featured_media":0,"parent":0,"menu_order":0,"comment_status":"closed","ping_status":"closed","template":"","meta":{"footnotes":""},"class_list":["post-618","page","type-page","status-publish","hentry"],"jetpack_sharing_enabled":true,"_links":{"self":[{"href":"https:\/\/mecahealth.com\/index.php?rest_route=\/wp\/v2\/pages\/618","targetHints":{"allow":["GET"]}}],"collection":[{"href":"https:\/\/mecahealth.com\/index.php?rest_route=\/wp\/v2\/pages"}],"about":[{"href":"https:\/\/mecahealth.com\/index.php?rest_route=\/wp\/v2\/types\/page"}],"author":[{"embeddable":true,"href":"https:\/\/mecahealth.com\/index.php?rest_route=\/wp\/v2\/users\/1"}],"replies":[{"embeddable":true,"href":"https:\/\/mecahealth.com\/index.php?rest_route=%2Fwp%2Fv2%2Fcomments&post=618"}],"version-history":[{"count":21,"href":"https:\/\/mecahealth.com\/index.php?rest_route=\/wp\/v2\/pages\/618\/revisions"}],"predecessor-version":[{"id":7178,"href":"https:\/\/mecahealth.com\/index.php?rest_route=\/wp\/v2\/pages\/618\/revisions\/7178"}],"wp:attachment":[{"href":"https:\/\/mecahealth.com\/index.php?rest_route=%2Fwp%2Fv2%2Fmedia&parent=618"}],"curies":[{"name":"wp","href":"https:\/\/api.w.org\/{rel}","templated":true}]}}