{"id":61,"date":"2021-11-30T22:30:38","date_gmt":"2021-11-30T21:30:38","guid":{"rendered":"http:\/\/mecahealth.com\/?page_id=61"},"modified":"2023-11-15T10:44:39","modified_gmt":"2023-11-15T09:44:39","slug":"1001-infos","status":"publish","type":"page","link":"https:\/\/mecahealth.com\/?page_id=61","title":{"rendered":"Lexique &#8211; 1001 conseils"},"content":{"rendered":"\n<p class=\"has-medium-font-size\">Les diff\u00e9rentes pages traitant de presque 1001 conseils peuvent \u00eatre consult\u00e9es \u00e0 l&rsquo;aide de l&rsquo;outil de recherche (en bas de la colonne de droite) ou en Iisant progressivement l&rsquo;ensemble du site ou tout au moins le contenu ou le sujet souhait\u00e9 chapitre par chapitre gr\u00e2ce \u00e0 la r\u00e9partition suivante : <\/p>\n\n\n\n<ul class=\"has-medium-font-size wp-block-list\">\n<li><a href=\"https:\/\/mecahealth.com\/?page_id=180\" data-type=\"URL\" data-id=\"https:\/\/mecahealth.com\/?page_id=180\" target=\"_blank\" rel=\"noreferrer noopener\">Normalit\u00e9 et comportementalisme<\/a><\/li>\n\n\n\n<li><a href=\"https:\/\/mecahealth.com\/?page_id=75\" data-type=\"URL\" data-id=\"https:\/\/mecahealth.com\/?page_id=75\" target=\"_blank\" rel=\"noreferrer noopener\">Corps M\u00e9canique (musculo-articulaire)<\/a><\/li>\n\n\n\n<li><a href=\"https:\/\/mecahealth.com\/?page_id=77\" data-type=\"URL\" data-id=\"https:\/\/mecahealth.com\/?page_id=77\" target=\"_blank\" rel=\"noreferrer noopener\">Corps Plomberie (visc\u00e9ral)<\/a><\/li>\n\n\n\n<li><a href=\"https:\/\/mecahealth.com\/?page_id=127\" data-type=\"URL\" data-id=\"https:\/\/mecahealth.com\/?page_id=127\">Corps Psychique (c\u00e9r\u00e9bral)<\/a><\/li>\n\n\n\n<li><a href=\"https:\/\/mecahealth.com\/?page_id=184\" target=\"_blank\" rel=\"noreferrer noopener\">Mouvements<\/a><\/li>\n\n\n\n<li><a href=\"https:\/\/mecahealth.com\/?page_id=186\" data-type=\"URL\" data-id=\"https:\/\/mecahealth.com\/?page_id=186\" target=\"_blank\" rel=\"noreferrer noopener\">Situations courantes<\/a><\/li>\n\n\n\n<li><a href=\"https:\/\/mecahealth.com\/?page_id=6325\" data-type=\"page\" data-id=\"6325\" target=\"_blank\" rel=\"noreferrer noopener\">Professions<\/a><\/li>\n\n\n\n<li>\u00e0 suivre<\/li>\n<\/ul>\n\n\n\n<p class=\"has-medium-font-size\">Si vous ne trouvez pas de r\u00e9ponse dans nos pr\u00e8s de 500 pages, n&rsquo;h\u00e9sitez pas \u00e0 <a href=\"https:\/\/mecahealth.com\/?page_id=95\" data-type=\"page\" data-id=\"95\">nous contacter<\/a> par mail afin que nous puissions faire \u00e9voluer le site en fonction des priorit\u00e9s de nos plus fid\u00e8les lecteurs ou \u00e0 demander une <a href=\"https:\/\/mecahealth.com\/?page_id=146\" data-type=\"page\" data-id=\"146\">formation<\/a> pour vous ou votre \u00e9quipe.<\/p>\n\n\n\n<h2 class=\"wp-block-heading has-medium-font-size\">Historique :<\/h2>\n\n\n\n<p class=\"has-medium-font-size\">Notre site existe depuis 2001. Ce fut un temps o\u00f9 les moins de vingt ans ne savaient pas que Doctissimo n&rsquo;existait pas encore (&#8230;). Quelques ann\u00e9es plus tard, notre site \u00e9tait consult\u00e9 plusieurs milliers de fois chaque mois &#8230;mais nous l&rsquo;avons laiss\u00e9 mourir techniquement suite \u00e0 de trop nombreux projets familiaux ou sociaux. Nous avons repris notre plume ensuite et, depuis mars 2023, nous vous donnons <strong>ou redonnons acc\u00e8s \u00e0 notre concept de pr\u00e9vention<\/strong>&#8230; Nous avons commenc\u00e9 \u00e9galement quelques vid\u00e9os \u00e0 l&rsquo;essai qui s&rsquo;ins\u00e9reront progressivement dans les diff\u00e9rentes pages ou sur notre page Youtube&#8230;<\/p>\n\n\n\n<p><\/p>\n\n\n\n<p class=\"has-text-align-justify has-medium-font-size\"><span style=\"font-size: var(--wp--preset--font-size--medium) ; color: initial;\"><span style=\"font-size: var(--wp--preset--font-size--medium) ; color: initial;\">Abonnez-vous \u00e0 celle-ci et aux autres pour \u00eatre averti(s) des nouvelles mises en ligne&#8230;<\/span><\/span> en n&rsquo;oubliant pas id\u00e9alement de <strong>mettre d\u00e9j\u00e0 cette page-ci en <em>favoris<\/em><\/strong> et de promouvoir les pages plus sp\u00e9cifiques&#8230;<\/p>\n\n\n\n<p><\/p>\n\n\n\n<p class=\"has-small-font-size\"><a rel=\"noreferrer noopener\" href=\"https:\/\/www.facebook.com\/MecaHealthAsbl\" target=\"_blank\">Facebook MecaHealthAsbl<\/a>  &#8211;  <a href=\"https:\/\/www.linkedin.com\/company\/mecahealth\/\">LinkedIn MecaHealth<\/a>  &#8211;  <a rel=\"noreferrer noopener\" href=\"https:\/\/www.youtube.com\/channel\/UCJb5g--IGlU6FgQLQKaJljg\" target=\"_blank\">Youtube cha\u00eene MecaHealth<\/a><\/p>\n\n\n\n<p><\/p>\n\n\n\n<p class=\"has-medium-font-size\"><a href=\"https:\/\/mecahealth.com\/?page_id=122\">Attention \u00e0 lire les consignes avant de lire toute page d&rsquo;un site sant\u00e9 !<\/a><\/p>\n","protected":false},"excerpt":{"rendered":"<p>Les diff\u00e9rentes pages traitant de presque 1001 conseils peuvent \u00eatre consult\u00e9es \u00e0 l&rsquo;aide de l&rsquo;outil de recherche (en bas de la colonne de droite) ou en Iisant progressivement l&rsquo;ensemble du site ou tout au moins le contenu ou le sujet souhait\u00e9 chapitre par chapitre gr\u00e2ce \u00e0 la r\u00e9partition suivante :<a href=\"https:\/\/mecahealth.com\/?page_id=61\" class=\"read-more\">Read More&#8230;<\/a><\/p>\n","protected":false},"author":1,"featured_media":0,"parent":0,"menu_order":0,"comment_status":"closed","ping_status":"closed","template":"","meta":{"footnotes":""},"class_list":["post-61","page","type-page","status-publish","hentry"],"jetpack_sharing_enabled":true,"_links":{"self":[{"href":"https:\/\/mecahealth.com\/index.php?rest_route=\/wp\/v2\/pages\/61","targetHints":{"allow":["GET"]}}],"collection":[{"href":"https:\/\/mecahealth.com\/index.php?rest_route=\/wp\/v2\/pages"}],"about":[{"href":"https:\/\/mecahealth.com\/index.php?rest_route=\/wp\/v2\/types\/page"}],"author":[{"embeddable":true,"href":"https:\/\/mecahealth.com\/index.php?rest_route=\/wp\/v2\/users\/1"}],"replies":[{"embeddable":true,"href":"https:\/\/mecahealth.com\/index.php?rest_route=%2Fwp%2Fv2%2Fcomments&post=61"}],"version-history":[{"count":27,"href":"https:\/\/mecahealth.com\/index.php?rest_route=\/wp\/v2\/pages\/61\/revisions"}],"predecessor-version":[{"id":6409,"href":"https:\/\/mecahealth.com\/index.php?rest_route=\/wp\/v2\/pages\/61\/revisions\/6409"}],"wp:attachment":[{"href":"https:\/\/mecahealth.com\/index.php?rest_route=%2Fwp%2Fv2%2Fmedia&parent=61"}],"curies":[{"name":"wp","href":"https:\/\/api.w.org\/{rel}","templated":true}]}}