{"id":6061,"date":"2023-11-05T00:05:06","date_gmt":"2023-11-04T23:05:06","guid":{"rendered":"https:\/\/mecahealth.com\/?page_id=6061"},"modified":"2023-11-05T01:00:01","modified_gmt":"2023-11-05T00:00:01","slug":"pathologie-osteoporose","status":"publish","type":"page","link":"https:\/\/mecahealth.com\/?page_id=6061","title":{"rendered":"Pathologie : ost\u00e9oporose"},"content":{"rendered":"\n<p class=\"has-medium-font-size\"><a href=\"https:\/\/mecahealth.com\/?page_id=122\"><\/a><a style=\"font-size: revert;\" href=\"https:\/\/mecahealth.com\/?page_id=122\">Attention \u00e0 lire les consignes avant de lire toute page d&rsquo;un site sant\u00e9 !<\/a> <\/p>\n\n\n\n<figure class=\"wp-block-image size-full is-style-rounded\"><img loading=\"lazy\" decoding=\"async\" width=\"330\" height=\"330\" src=\"https:\/\/mecahealth.com\/wp-content\/uploads\/2023\/11\/MecaHealth-osteoporose.jpg\" alt=\"\" class=\"wp-image-6067\" srcset=\"https:\/\/mecahealth.com\/wp-content\/uploads\/2023\/11\/MecaHealth-osteoporose.jpg 330w, https:\/\/mecahealth.com\/wp-content\/uploads\/2023\/11\/MecaHealth-osteoporose-300x300.jpg 300w, https:\/\/mecahealth.com\/wp-content\/uploads\/2023\/11\/MecaHealth-osteoporose-150x150.jpg 150w\" sizes=\"auto, (max-width: 330px) 100vw, 330px\" \/><\/figure>\n\n\n\n<p class=\"has-medium-font-size\">L&rsquo;ost\u00e9oporose est une maladie osseuse caract\u00e9ris\u00e9e par une diminution de la <strong>densit\u00e9 <\/strong>min\u00e9rale osseuse et une d\u00e9t\u00e9rioration de la microarchitecture osseuse, ce qui rend les os plus fragiles et plus susceptibles de se fracturer. Elle est parfois appel\u00e9e <em>maladie silencieuse<\/em> car elle progresse g\u00e9n\u00e9ralement sans sympt\u00f4mes apparents jusqu&rsquo;\u00e0 ce qu&rsquo;une fracture se produise. Les cons\u00e9quences de l&rsquo;ost\u00e9oporose, en particulier sur le plan biom\u00e9canique, sont significatives et incluent :<\/p>\n\n\n\n<ol class=\"has-medium-font-size wp-block-list\">\n<li>Fractures fragiles : Les os fragiles r\u00e9sultant de l&rsquo;ost\u00e9oporose sont plus susceptibles de se fracturer, m\u00eame lors de chocs mineurs ou de chutes. Les fractures les plus courantes li\u00e9es \u00e0 l&rsquo;ost\u00e9oporose affectent les vert\u00e8bres, les hanches, les poignets et les f\u00e9murs.<\/li>\n\n\n\n<li class=\"has-medium-font-size\">Perte de taille et d\u00e9formation de la <a href=\"https:\/\/mecahealth.com\/?page_id=3353\" data-type=\"page\" data-id=\"3353\">colonne vert\u00e9brale<\/a> (voir photo ci-dessus). Les fractures vert\u00e9brales caus\u00e9es par l&rsquo;ost\u00e9oporose peuvent entra\u00eener une perte de taille significative et selon les situations une <a href=\"https:\/\/mecahealth.com\/?page_id=969\" data-type=\"page\" data-id=\"969\">cyphose<\/a> voire une <a href=\"https:\/\/mecahealth.com\/?page_id=1213\" data-type=\"page\" data-id=\"1213\">scoliose<\/a>, etc. Ces changements de la colonne vert\u00e9brale affectent la biom\u00e9canique de la posture et peuvent causer des douleurs chroniques et une mobilit\u00e9 r\u00e9duite.<\/li>\n\n\n\n<li class=\"has-medium-font-size\">Diminution de la force musculaire : Les personnes atteintes d&rsquo;ost\u00e9oporose ont souvent tendance \u00e0 devenir moins actives par crainte de fractures. Cette inactivit\u00e9 peut entra\u00eener une perte de masse musculaire et une diminution de la force, ce qui aggrave encore la biom\u00e9canique du corps.<\/li>\n\n\n\n<li>Limitation de la mobilit\u00e9 : Les fractures et la douleur associ\u00e9es \u00e0 l&rsquo;ost\u00e9oporose peuvent limiter la mobilit\u00e9 des personnes atteintes, ce qui peut affecter leur capacit\u00e9 \u00e0 effectuer des activit\u00e9s quotidiennes normales et \u00e0 maintenir leur qualit\u00e9 de vie.<\/li>\n\n\n\n<li>&#8230;<\/li>\n<\/ol>\n\n\n\n<p class=\"has-medium-font-size\">Il est important de noter que l&rsquo;ost\u00e9oporose peut \u00eatre pr\u00e9venue ou g\u00e9r\u00e9e efficacement par le biais d&rsquo;une alimentation \u00e9quilibr\u00e9e riche en calcium et en vitamine D, d&rsquo;un mode de vie actif, de la prise de m\u00e9dicaments en cas de besoin, et d&rsquo;un suivi m\u00e9dical r\u00e9gulier. Il est conseill\u00e9 de consulter un professionnel de la sant\u00e9 pour \u00e9valuer le risque individuel et mettre en place des mesures de pr\u00e9vention ou de traitement appropri\u00e9es.<\/p>\n\n\n\n<h2 class=\"wp-block-heading has-medium-font-size\">Revenir \u00e0 la page <em><a href=\"https:\/\/mecahealth.com\/?page_id=3353\" data-type=\"page\" data-id=\"3353\">Vert\u00e8bre<\/a><\/em> ou au chapitre <a href=\"https:\/\/mecahealth.com\/?page_id=548\" data-type=\"page\" data-id=\"548\"><em>Pathologies<\/em><\/a><\/h2>\n","protected":false},"excerpt":{"rendered":"<p>Attention \u00e0 lire les consignes avant de lire toute page d&rsquo;un site sant\u00e9 ! L&rsquo;ost\u00e9oporose est une maladie osseuse caract\u00e9ris\u00e9e par une diminution de la densit\u00e9 min\u00e9rale osseuse et une d\u00e9t\u00e9rioration de la microarchitecture osseuse, ce qui rend les os plus fragiles et plus susceptibles de se fracturer. Elle est<a href=\"https:\/\/mecahealth.com\/?page_id=6061\" class=\"read-more\">Read More&#8230;<\/a><\/p>\n","protected":false},"author":1,"featured_media":0,"parent":0,"menu_order":0,"comment_status":"closed","ping_status":"closed","template":"","meta":{"footnotes":""},"class_list":["post-6061","page","type-page","status-publish","hentry"],"jetpack_sharing_enabled":true,"_links":{"self":[{"href":"https:\/\/mecahealth.com\/index.php?rest_route=\/wp\/v2\/pages\/6061","targetHints":{"allow":["GET"]}}],"collection":[{"href":"https:\/\/mecahealth.com\/index.php?rest_route=\/wp\/v2\/pages"}],"about":[{"href":"https:\/\/mecahealth.com\/index.php?rest_route=\/wp\/v2\/types\/page"}],"author":[{"embeddable":true,"href":"https:\/\/mecahealth.com\/index.php?rest_route=\/wp\/v2\/users\/1"}],"replies":[{"embeddable":true,"href":"https:\/\/mecahealth.com\/index.php?rest_route=%2Fwp%2Fv2%2Fcomments&post=6061"}],"version-history":[{"count":5,"href":"https:\/\/mecahealth.com\/index.php?rest_route=\/wp\/v2\/pages\/6061\/revisions"}],"predecessor-version":[{"id":6069,"href":"https:\/\/mecahealth.com\/index.php?rest_route=\/wp\/v2\/pages\/6061\/revisions\/6069"}],"wp:attachment":[{"href":"https:\/\/mecahealth.com\/index.php?rest_route=%2Fwp%2Fv2%2Fmedia&parent=6061"}],"curies":[{"name":"wp","href":"https:\/\/api.w.org\/{rel}","templated":true}]}}