{"id":606,"date":"2023-01-08T23:18:38","date_gmt":"2023-01-08T22:18:38","guid":{"rendered":"https:\/\/mecahealth.com\/?page_id=606"},"modified":"2025-01-07T16:57:44","modified_gmt":"2025-01-07T15:57:44","slug":"systeme-urinaire","status":"publish","type":"page","link":"https:\/\/mecahealth.com\/?page_id=606","title":{"rendered":"Syst\u00e8me urinaire"},"content":{"rendered":"\n<p class=\"has-medium-font-size\"><a href=\"https:\/\/mecahealth.com\/?page_id=122\">Attention \u00e0 lire les consignes avant de lire toute page d&rsquo;un site sant\u00e9 !<\/a><\/p>\n\n\n\n<figure class=\"wp-block-image size-full is-style-rounded\"><img loading=\"lazy\" decoding=\"async\" width=\"330\" height=\"330\" src=\"https:\/\/mecahealth.com\/wp-content\/uploads\/2023\/01\/MecaHealth-vessie.jpg\" alt=\"\" class=\"wp-image-2244\" srcset=\"https:\/\/mecahealth.com\/wp-content\/uploads\/2023\/01\/MecaHealth-vessie.jpg 330w, https:\/\/mecahealth.com\/wp-content\/uploads\/2023\/01\/MecaHealth-vessie-300x300.jpg 300w, https:\/\/mecahealth.com\/wp-content\/uploads\/2023\/01\/MecaHealth-vessie-150x150.jpg 150w\" sizes=\"auto, (max-width: 330px) 100vw, 330px\" \/><figcaption class=\"wp-element-caption\">vessie partiellement remplie<\/figcaption><\/figure>\n\n\n\n<p class=\"has-medium-font-size\">La partie de l&rsquo;appareil urinaire qui nous int\u00e9resse concerne les organes g\u00e9nitaux, l&rsquo;ur\u00e8tre et la vessie. Les reins et les uret\u00e8res sortent du seuil d&rsquo;int\u00e9r\u00eat purement m\u00e9canique. M\u00eame si les femmes sont les plus touch\u00e9es par les troubles urinaires, les pages li\u00e9es sont \u00e9galement importantes pour tout homme, surtout op\u00e9r\u00e9 de la prostate.<\/p>\n\n\n\n<h2 class=\"wp-block-heading has-large-font-size\">Normalit\u00e9<\/h2>\n\n\n\n<p class=\"has-medium-font-size\">La vessie est un <em>muscle r\u00e9servoir<\/em> soutenu par deux <a href=\"https:\/\/mecahealth.com\/?page_id=527\" data-type=\"page\" data-id=\"527\">ligaments<\/a> et ferm\u00e9 par un robinet appel\u00e9 sphincter. Ce sphincter est compos\u00e9 de muscles lisses (hors contr\u00f4le volontaire) et de muscles stri\u00e9s (volontaire par la retenue).<\/p>\n\n\n\n<p class=\"has-medium-font-size\">Le sphincter est un robinet et la pression est l&rsquo;agent \u00e0 g\u00e9rer. Le sphincter est un robinet qu&rsquo;il faut ouvrir avant de <a href=\"https:\/\/mecahealth.com\/?page_id=282\" data-type=\"page\" data-id=\"282\">vouloir uriner<\/a>. La vessie est un r\u00e9servoir en partie musculaire (d\u00e9trusor) se contractant seul. Il n&rsquo;a pas besoin qu&rsquo;on le presse. La pression que l&rsquo;on donne sur la vessie inutilement augmente les difficult\u00e9s urinaires. Il faut d\u00e8s lors \u00e9viter de pousser notamment lors de la miction (<a href=\"https:\/\/mecahealth.com\/?page_id=282\" data-type=\"page\" data-id=\"282\">acte d&rsquo;uriner<\/a>) et d&rsquo;apprendre \u00e0 g\u00e9rer la pression. La vessie est une structure partiellement musculaire qui se remplit au fur et \u00e0 mesure de la journ\u00e9e. La vitesse et la quantit\u00e9 de remplissage d\u00e9pend de diff\u00e9rents facteurs. <a href=\"https:\/\/mecahealth.com\/?page_id=7484\" data-type=\"page\" data-id=\"7484\">Uriner tout comme d\u00e9f\u00e9quer est un besoin naturel et qui de ce fait, ne peut \u00eatre monnay\u00e9<\/a>. La <a href=\"https:\/\/mecahealth.com\/?page_id=268\" data-type=\"page\" data-id=\"268\">d\u00e9f\u00e9cation<\/a> fonctionne diff\u00e9remment.<\/p>\n\n\n\n<h3 class=\"wp-block-heading\">L&rsquo;envie : <\/h3>\n\n\n\n<p class=\"has-medium-font-size\">Ce remplissage donne progressivement l&rsquo;envie d&rsquo;uriner par l&rsquo;\u00e9tirement de capteurs \u00e0 la pression et \u00e0 l&rsquo;\u00e9tirement situ\u00e9s dans la vessie et \u00e0 l&rsquo;entr\u00e9e de l&rsquo;ur\u00e8tre. Cette envie appara\u00eet plus rapidement en fonction de la vitesse de remplissage, des habitudes de chacun et de l&rsquo;irritabilit\u00e9 de sa vessie. Nous devrions tenir deux et trois heures entre chaque miction. Plus nous prenons l&rsquo;habitude d&rsquo;aller uriner, plus nous devrons y aller. Moins nous y allons, moins nous irons (p.ex. si nous n&rsquo;aimons pas les toilettes publiques). Le juste milieu d\u00e9crit plus haut doit \u00eatre atteint progressivement, pour les uns, en espa\u00e7ant ou, pour les autres, en rapprochant les intervalles entre chaque miction. L&rsquo;irritabilit\u00e9 d\u00e9pend d&rsquo;une part de ces habitudes, mais aussi de facteurs neurologiques (plus rares et plus difficiles \u00e0 traiter) ou r\u00e9actifs. Elle peut survenir suite \u00e0 une concentration trop importante de l&rsquo;urine. La concentration de l&rsquo;urine survient notamment chez des gens qui <a href=\"https:\/\/mecahealth.com\/?page_id=434\" data-type=\"page\" data-id=\"434\">ne boivent pas en suffisance<\/a> ou qui absorbent des \u00e9l\u00e9ments augmentant cette irritabilit\u00e9. Il semblerait que les th\u00e9s augmentent parfois l&rsquo;irritabilit\u00e9 ainsi que certains vins blancs ou certains m\u00e9dicaments. La vessie est en fait <a href=\"https:\/\/mecahealth.com\/?page_id=2641\" data-type=\"page\" data-id=\"2641\">comme une enfant \u00e0 qui on dit toujours <\/a><em><a href=\"https:\/\/mecahealth.com\/?page_id=2641\" data-type=\"page\" data-id=\"2641\"><strong>oui<\/strong><\/a><\/em> et qui se manifeste de plus en plus dans le sens o\u00f9 elle \u00e0 envie d&rsquo;aller&#8230; A nous de l&rsquo;\u00e9duquer.<\/p>\n\n\n\n<h3 class=\"wp-block-heading\">Le sphincter :<\/h3>\n\n\n\n<p class=\"has-medium-font-size\">L&rsquo;urine situ\u00e9e dans la vessie est bloqu\u00e9e par un double muscle : le SPHINCTER. Il est double car il y a la partie lisse et la partie stri\u00e9e. Il entoure la tuyauterie qui part de la vessie vers l&rsquo;ext\u00e9rieur s&rsquo;appelant ur\u00e8tre. La partie lisse est la partie qu&rsquo;on ne contr\u00f4le pas, sauf pour son rel\u00e2chement. La partie stri\u00e9e est celle qui intervient lors de la retenue. Ce muscle se fatigue par les pressions successives que nous lui impliquons au cours d\u2019une journ\u00e9e ou au cours d\u2019une vie. Il ne travaille pas correctement parfois par <a href=\"https:\/\/mecahealth.com\/?page_id=2720\" data-type=\"page\" data-id=\"2720\">malposition de la vessie (suite \u00e0 la pression toujours)<\/a>. Il s&rsquo;endort \u00e0 cause des ann\u00e9es qui passent, mais surtout par l&rsquo;inactivit\u00e9 des muscles synergiques qui l&rsquo;entourent comme les muscles vaginaux &#8230; Stimuler ces muscles s\u2019av\u00e8re d\u00e8s lors int\u00e9ressant. Ne faire que \u00e7a est innocent. Le plus important est de g\u00e9rer la pression. Il est inutile de fermer plus un robinet si la tuyauterie risque de flancher en amont. C&rsquo;est l&#8217;empl\u00e2tre sur la jambe de bois.<\/p>\n\n\n\n<h2 class=\"wp-block-heading has-large-font-size\">Pathologies, toutes dans le m\u00eame panier<\/h2>\n\n\n\n<p class=\"has-medium-font-size\">M\u00eame si les pathologies ci-dessous sont relativement diff\u00e9rentes, hormis celles entra\u00eenant une <a href=\"https:\/\/mecahealth.com\/?page_id=7497\" data-type=\"page\" data-id=\"7497\">dialyse<\/a>, elles surviennent pour une grande part suite au non-respect des r\u00e8gles qui suivent. Le respect de ces conseils devrait amener chez la plupart d&rsquo;entre nous un v\u00e9ritable changement, voire souvent la gu\u00e9rison. Toutefois le d\u00e9lai n&rsquo;est pas le m\u00eame pour tous et m\u00eame si pour certains il ne faudra que quelques jours pour voir un changement, d&rsquo;autres devront attendre quelques semaines et plus rarement quelques mois &#8230;<\/p>\n\n\n\n<p class=\"has-medium-font-size\">Quelle que soit la pathologie urinaire, diminuer l&rsquo;apport hydrique ne sera pas une solution ou ne le sera momentan\u00e9ment. <a href=\"https:\/\/mecahealth.com\/?page_id=434\" data-type=\"page\" data-id=\"434\">Buvons d\u00e8s lors en suffisance<\/a>.<\/p>\n\n\n\n<p class=\"has-medium-font-size\">Les pathologies les plus fr\u00e9quentes sont :<\/p>\n\n\n\n<ul class=\"has-medium-font-size wp-block-list\">\n<li><a href=\"https:\/\/mecahealth.com\/?page_id=597\" data-type=\"page\" data-id=\"597\">cystite<\/a><\/li>\n\n\n\n<li><a href=\"https:\/\/mecahealth.com\/?page_id=491\" data-type=\"page\" data-id=\"491\">incontinence urinaire<\/a><\/li>\n\n\n\n<li><a href=\"https:\/\/mecahealth.com\/?page_id=2795\" data-type=\"page\" data-id=\"2795\">petite vessie<\/a><\/li>\n\n\n\n<li><a href=\"https:\/\/mecahealth.com\/?page_id=595\" data-type=\"page\" data-id=\"595\">urgence mictionnelle<\/a><\/li>\n\n\n\n<li><a href=\"https:\/\/mecahealth.com\/?page_id=2720\" data-type=\"page\" data-id=\"2720\">prolapsus ut\u00e9rin (descente d&rsquo;organe(s))<\/a><\/li>\n\n\n\n<li>etc.<\/li>\n<\/ul>\n\n\n\n<p class=\"has-medium-font-size\">Le syndrome de la <em><a href=\"https:\/\/mecahealth.com\/?page_id=2808\" data-type=\"page\" data-id=\"2808\">derni\u00e8re goutte<\/a> <\/em>n&rsquo;est pas toujours a consid\u00e9rer comme une pathologie&#8230;<\/p>\n\n\n\n<p class=\"has-medium-font-size\">Certaines troubles surviennent par :<\/p>\n\n\n\n<ul class=\"has-medium-font-size wp-block-list\">\n<li><a href=\"https:\/\/mecahealth.com\/?page_id=2719\" data-type=\"page\" data-id=\"2719\">Mauvaise hygi\u00e8ne des parties g\u00e9nitales<\/a><\/li>\n\n\n\n<li><a href=\"https:\/\/mecahealth.com\/?page_id=434\" data-type=\"page\" data-id=\"434\">Manque hydrique<\/a><\/li>\n\n\n\n<li>mauvaise <a href=\"https:\/\/mecahealth.com\/?page_id=268\" data-type=\"page\" data-id=\"268\">gestion de la d\u00e9f\u00e9cation<\/a><\/li>\n\n\n\n<li>mauvaise <a href=\"https:\/\/mecahealth.com\/?page_id=2721\" data-type=\"page\" data-id=\"2721\">pr\u00e9vention post-op<\/a><\/li>\n\n\n\n<li>&#8230;<\/li>\n<\/ul>\n\n\n\n<p>(&#8230;)<\/p>\n\n\n\n<h2 class=\"wp-block-heading has-medium-font-size\"><span style=\"font-size: var(--wp--preset--font-size--medium) ; color: initial;\">Abonnez-vous sur nos diff\u00e9rentes pages pour \u00eatre averti(s) des nouvelles mises en ligne&#8230;<\/span><\/h2>\n\n\n\n<p class=\"has-small-font-size\"><a rel=\"noreferrer noopener\" href=\"https:\/\/www.facebook.com\/MecaHealthAsbl\" target=\"_blank\">Facebook MecaHealthAsbl<\/a> &#8211; <a rel=\"noreferrer noopener\" href=\"https:\/\/www.linkedin.com\/company\/mecahealth\/\" target=\"_blank\">Linkedin MecaHealth<\/a> &#8211; <a rel=\"noreferrer noopener\" href=\"https:\/\/www.youtube.com\/channel\/UCJb5g--IGlU6FgQLQKaJljg\" target=\"_blank\">Youtube cha\u00eene MecaHealth<\/a> &#8211; Instagram (pas encore)<\/p>\n\n\n\n<p class=\"has-medium-font-size\"><strong>Vous avez aim\u00e9 l&rsquo;information que MecaHealth apporte, vous pouvez nous contacter pour l&rsquo;une ou l&rsquo;autre <a href=\"https:\/\/mecahealth.com\/?page_id=146\">formation<\/a>, nous appuyer en transmettant l&rsquo;adresse de notre site, mais \u00e9galement par <a href=\"https:\/\/mecahealth.com\/?page_id=172\">d&rsquo;autres appuis<\/a>.<\/strong><\/p>\n\n\n\n<h2 class=\"wp-block-heading has-medium-font-size\">Revenir \u00e0 la page initiale <a href=\"https:\/\/mecahealth.com\/?page_id=61\" data-type=\"page\" data-id=\"61\"><em>1001 conseils \/ lexique<\/em><\/a>  ou<em> <\/em>au chapitre <a href=\"https:\/\/mecahealth.com\/?page_id=77\" data-type=\"page\" data-id=\"77\"><em>Corps plomberie<\/em><\/a><\/h2>\n","protected":false},"excerpt":{"rendered":"<p>Attention \u00e0 lire les consignes avant de lire toute page d&rsquo;un site sant\u00e9 ! La partie de l&rsquo;appareil urinaire qui nous int\u00e9resse concerne les organes g\u00e9nitaux, l&rsquo;ur\u00e8tre et la vessie. Les reins et les uret\u00e8res sortent du seuil d&rsquo;int\u00e9r\u00eat purement m\u00e9canique. M\u00eame si les femmes sont les plus touch\u00e9es par<a href=\"https:\/\/mecahealth.com\/?page_id=606\" class=\"read-more\">Read More&#8230;<\/a><\/p>\n","protected":false},"author":1,"featured_media":0,"parent":0,"menu_order":0,"comment_status":"closed","ping_status":"closed","template":"","meta":{"footnotes":""},"class_list":["post-606","page","type-page","status-publish","hentry"],"jetpack_sharing_enabled":true,"_links":{"self":[{"href":"https:\/\/mecahealth.com\/index.php?rest_route=\/wp\/v2\/pages\/606","targetHints":{"allow":["GET"]}}],"collection":[{"href":"https:\/\/mecahealth.com\/index.php?rest_route=\/wp\/v2\/pages"}],"about":[{"href":"https:\/\/mecahealth.com\/index.php?rest_route=\/wp\/v2\/types\/page"}],"author":[{"embeddable":true,"href":"https:\/\/mecahealth.com\/index.php?rest_route=\/wp\/v2\/users\/1"}],"replies":[{"embeddable":true,"href":"https:\/\/mecahealth.com\/index.php?rest_route=%2Fwp%2Fv2%2Fcomments&post=606"}],"version-history":[{"count":36,"href":"https:\/\/mecahealth.com\/index.php?rest_route=\/wp\/v2\/pages\/606\/revisions"}],"predecessor-version":[{"id":7513,"href":"https:\/\/mecahealth.com\/index.php?rest_route=\/wp\/v2\/pages\/606\/revisions\/7513"}],"wp:attachment":[{"href":"https:\/\/mecahealth.com\/index.php?rest_route=%2Fwp%2Fv2%2Fmedia&parent=606"}],"curies":[{"name":"wp","href":"https:\/\/api.w.org\/{rel}","templated":true}]}}