{"id":6019,"date":"2023-11-03T14:21:18","date_gmt":"2023-11-03T13:21:18","guid":{"rendered":"https:\/\/mecahealth.com\/?page_id=6019"},"modified":"2025-11-08T09:47:32","modified_gmt":"2025-11-08T08:47:32","slug":"psycho-victimisation-et-negationnisme","status":"publish","type":"page","link":"https:\/\/mecahealth.com\/?page_id=6019","title":{"rendered":"Psycho : victimisation et n\u00e9gationnisme"},"content":{"rendered":"\n<p><a href=\"https:\/\/mecahealth.com\/?page_id=122\">Attention \u00e0 lire les consignes avant de lire toute page d&rsquo;un site sant\u00e9 !<\/a><\/p>\n\n\n\n<figure class=\"wp-block-image size-full is-style-rounded\"><img loading=\"lazy\" decoding=\"async\" width=\"330\" height=\"330\" src=\"https:\/\/mecahealth.com\/wp-content\/uploads\/2023\/11\/MecaHealth-discrimination-victimisation.jpg\" alt=\"\" class=\"wp-image-6378\" srcset=\"https:\/\/mecahealth.com\/wp-content\/uploads\/2023\/11\/MecaHealth-discrimination-victimisation.jpg 330w, https:\/\/mecahealth.com\/wp-content\/uploads\/2023\/11\/MecaHealth-discrimination-victimisation-300x300.jpg 300w, https:\/\/mecahealth.com\/wp-content\/uploads\/2023\/11\/MecaHealth-discrimination-victimisation-150x150.jpg 150w\" sizes=\"auto, (max-width: 330px) 100vw, 330px\" \/><\/figure>\n\n\n\n<p class=\"has-medium-font-size\">Dans un cadre philosophique pouvant \u00eatre malgr\u00e9 tout associ\u00e9 \u00e0 un trouble de sant\u00e9 mentale collectif (ou soci\u00e9tal), le parall\u00e9lisme entre la victimisation et le n\u00e9gationnisme peut \u00eatre explor\u00e9 \u00e0 travers le prisme de la construction de l&rsquo;identit\u00e9 collective, de la m\u00e9moire historique et du pouvoir de la narration. Le relever ici permet de comprendre que dans une nation \u00e9galement peuvent \u00eatre entretenus des v\u00e9rit\u00e9s et contre-v\u00e9rit\u00e9s de mani\u00e8re consciente et inconsciente et qu&rsquo;il s&rsquo;av\u00e8re fondamental de conna\u00eetre sa propre Histoire et celle de l&rsquo;autre ainsi que les <a href=\"https:\/\/mecahealth.com\/?page_id=8131\" data-type=\"page\" data-id=\"8131\">biais \u00e9ventuels<\/a> des affirmations de nos pairs avant de juger ou d&rsquo;interpr\u00e9ter une situation. Il est important dans une situation collective comme individuelle de comprendre la part d&rsquo;animalit\u00e9 amenant \u00e0 toutes ces situations ET interpr\u00e9tations possibles.<\/p>\n\n\n\n<p class=\"has-medium-font-size\">Sans un <a href=\"https:\/\/mecahealth.com\/?page_id=1974\" data-type=\"page\" data-id=\"1974\">instinct gr\u00e9gaire<\/a> et un pass\u00e9 d&rsquo;<a href=\"https:\/\/mecahealth.com\/?page_id=1975\" data-type=\"page\" data-id=\"1975\">apprentissage g\u00e9nophilique<\/a>, nous ne suivrions pas aveugl\u00e9ment une nation, une philosophie voire une religion qui n&rsquo;apporte pas une r\u00e9ponse \u00e0 nos diff\u00e9rents questionnements surtout durant la p\u00e9riode de construction identitaire (adolescence) ou suite \u00e0 une situation douloureuse (trauma).<\/p>\n\n\n\n<p class=\"has-medium-font-size\">Voici quelques \u00e9l\u00e9ments de r\u00e9flexion pour expliquer le parall\u00e9lisme de ce que nous avons consid\u00e9r\u00e9 pour le d\u00e9bat comme une pathologie soci\u00e9tale par un comparaison subjectiv\u00e9e par la souffrance ou la manipulation de <a href=\"https:\/\/mecahealth.com\/?page_id=1978\" data-type=\"page\" data-id=\"1978\">paires dominants<\/a> sur les personnes en recherche de reconnaissance :<\/p>\n\n\n\n<ol class=\"wp-block-list has-medium-font-size\">\n<li><strong>Construction de l&rsquo;Identit\u00e9 Collective :<\/strong> La victimisation et le n\u00e9gationnisme peuvent tous deux \u00eatre li\u00e9s \u00e0 la mani\u00e8re dont un groupe ou une personne construit son identit\u00e9. La victimisation peut d\u00e9couler d&rsquo;une conscience aigu\u00eb de l&rsquo;histoire douloureuse d&rsquo;un groupe, tandis que le n\u00e9gationnisme peut \u00e9merger d&rsquo;une tentative d\u00e9lib\u00e9r\u00e9e de r\u00e9\u00e9crire cette histoire pour servir des int\u00e9r\u00eats particuliers. <\/li>\n\n\n\n<li><strong>M\u00e9moire Historique :<\/strong> La victimisation et le n\u00e9gationnisme sont souvent li\u00e9s \u00e0 la m\u00e9moire historique. La victime peut chercher \u00e0 pr\u00e9server et \u00e0 transmettre une m\u00e9moire collective douloureuse, tandis que le n\u00e9gationnisme peut tenter d&rsquo;effacer ou de r\u00e9\u00e9crire cette m\u00e9moire pour justifier des actions pass\u00e9es ou pr\u00e9sentes.<\/li>\n\n\n\n<li><strong>R\u00f4le des Populistes :<\/strong> Dans les deux cas, des acteurs politiques ou populistes pour<a href=\"https:\/\/mecahealth.com\/?page_id=5847\" data-type=\"page\" data-id=\"5847\"> la plupart pervers<\/a> ou <a href=\"https:\/\/mecahealth.com\/?page_id=2304\" data-type=\"page\" data-id=\"2304\">largement frustr\u00e9s<\/a> peuvent jouer un r\u00f4le cl\u00e9. Les populistes peuvent exploiter la victimisation pour mobiliser le soutien en cr\u00e9ant un sentiment d&rsquo;unit\u00e9 et d&rsquo;injustice partag\u00e9e v\u00e9rifi\u00e9e en faisant dans bien des cas abstraction de sa propre Histoire ou profitant de l&rsquo;incompr\u00e9hension collective du contexte original. De m\u00eame, dans le n\u00e9gationnisme, les populistes peuvent manipuler l&rsquo;histoire pour promouvoir des agendas sp\u00e9cifiques et consolider leur pouvoir.<\/li>\n\n\n\n<li><strong>N\u00e9gation Consciente et Inconsciente :<\/strong> Tant la victimisation que le n\u00e9gationnisme peuvent impliquer une n\u00e9gation, bien que sous des formes diff\u00e9rentes. La victime peut nier la possibilit\u00e9 de changement ou d&rsquo;\u00e9volution au-del\u00e0 de l&rsquo;histoire douloureuse, tandis que le n\u00e9gationniste nie souvent les \u00e9v\u00e9nements eux-m\u00eames pour \u00e9liminer la culpabilit\u00e9 ou la responsabilit\u00e9.<\/li>\n\n\n\n<li><strong>Narration et Pouvoir :<\/strong> Les deux ph\u00e9nom\u00e8nes d\u00e9pendent largement du pouvoir de la narration. La mani\u00e8re dont une histoire est racont\u00e9e peut influencer la perception du pass\u00e9 et du pr\u00e9sent. Les victimes peuvent utiliser leur narration pour revendiquer la l\u00e9gitimit\u00e9 et la reconnaissance, tandis que les n\u00e9gationnistes cherchent \u00e0 imposer une version alternative de l&rsquo;histoire pour justifier leur position ou leurs actions.<\/li>\n\n\n\n<li><strong>Manipulation des \u00c9motions :<\/strong> Tant la victimisation que le n\u00e9gationnisme peuvent manipuler les \u00e9motions des individus. La victimisation peut susciter la sympathie et la solidarit\u00e9, tandis que le n\u00e9gationnisme peut exploiter la peur, la col\u00e8re ou la m\u00e9fiance pour d\u00e9tourner l&rsquo;attention des r\u00e9alit\u00e9s inconfortables.<\/li>\n<\/ol>\n\n\n\n<p class=\"has-medium-font-size\">En conclusion, le parall\u00e9lisme entre la victimisation et le n\u00e9gationnisme peut \u00eatre compris comme des strat\u00e9gies diff\u00e9rentes, mais parfois interconnect\u00e9es, pour traiter avec le pass\u00e9 et consolider le pouvoir, souvent \u00e0 travers la manipulation de la narration historique et de l&rsquo;identit\u00e9 collective \u00e0 l&rsquo;instar de <a href=\"https:\/\/mecahealth.com\/?page_id=8345\" data-type=\"page\" data-id=\"8345\">certains conspirationnistes<\/a>.<\/p>\n\n\n\n<p class=\"has-medium-font-size\">Nous reviendrons ult\u00e9rieurement avec des exemples concrets concernant ces <em>oublis caract\u00e9ristiques<\/em> d&rsquo;allochtones tout autant que d&rsquo;autochtones. <\/p>\n\n\n\n<p class=\"has-medium-font-size\">(&#8230;)<\/p>\n\n\n\n<h2 class=\"wp-block-heading has-medium-font-size\"><span style=\"font-size: var(--wp--preset--font-size--medium) ; color: initial;\"><span style=\"font-size: var(--wp--preset--font-size--medium) ; color: initial;\">Abonnez-vous \u00e0 nos diff\u00e9rentes pages pour \u00eatre averti(s) des nouvelles mises en ligne&#8230;<\/span><\/span><\/h2>\n\n\n\n<p class=\"has-small-font-size\"><a rel=\"noreferrer noopener\" href=\"https:\/\/www.facebook.com\/MecaHealthAsbl\" target=\"_blank\">Facebook MecaHealthAsbl<\/a> &#8211; <a rel=\"noreferrer noopener\" href=\"https:\/\/www.linkedin.com\/company\/mecahealth\/\" target=\"_blank\">Linkedin MecaHealth<\/a> &#8211; <a rel=\"noreferrer noopener\" href=\"https:\/\/www.youtube.com\/channel\/UCJb5g--IGlU6FgQLQKaJljg\" target=\"_blank\">Youtube cha\u00eene MecaHealth<\/a> &#8211; Instagram (pas encore)<\/p>\n\n\n\n<h2 class=\"wp-block-heading has-medium-font-size\">Revenir au chapitre<em> <a href=\"https:\/\/mecahealth.com\/?page_id=180\" data-type=\"URL\" data-id=\"https:\/\/mecahealth.com\/?page_id=180\">Normalit\u00e9<\/a><\/em> ou <em><a href=\"https:\/\/mecahealth.com\/?page_id=127\" data-type=\"page\" data-id=\"127\">Corps psychique<\/a><\/em><\/h2>\n","protected":false},"excerpt":{"rendered":"<p>Attention \u00e0 lire les consignes avant de lire toute page d&rsquo;un site sant\u00e9 ! Dans un cadre philosophique pouvant \u00eatre malgr\u00e9 tout associ\u00e9 \u00e0 un trouble de sant\u00e9 mentale collectif (ou soci\u00e9tal), le parall\u00e9lisme entre la victimisation et le n\u00e9gationnisme peut \u00eatre explor\u00e9 \u00e0 travers le prisme de la construction<a href=\"https:\/\/mecahealth.com\/?page_id=6019\" class=\"read-more\">Read More&#8230;<\/a><\/p>\n","protected":false},"author":1,"featured_media":0,"parent":0,"menu_order":0,"comment_status":"closed","ping_status":"closed","template":"","meta":{"footnotes":""},"class_list":["post-6019","page","type-page","status-publish","hentry"],"jetpack_sharing_enabled":true,"_links":{"self":[{"href":"https:\/\/mecahealth.com\/index.php?rest_route=\/wp\/v2\/pages\/6019","targetHints":{"allow":["GET"]}}],"collection":[{"href":"https:\/\/mecahealth.com\/index.php?rest_route=\/wp\/v2\/pages"}],"about":[{"href":"https:\/\/mecahealth.com\/index.php?rest_route=\/wp\/v2\/types\/page"}],"author":[{"embeddable":true,"href":"https:\/\/mecahealth.com\/index.php?rest_route=\/wp\/v2\/users\/1"}],"replies":[{"embeddable":true,"href":"https:\/\/mecahealth.com\/index.php?rest_route=%2Fwp%2Fv2%2Fcomments&post=6019"}],"version-history":[{"count":10,"href":"https:\/\/mecahealth.com\/index.php?rest_route=\/wp\/v2\/pages\/6019\/revisions"}],"predecessor-version":[{"id":8402,"href":"https:\/\/mecahealth.com\/index.php?rest_route=\/wp\/v2\/pages\/6019\/revisions\/8402"}],"wp:attachment":[{"href":"https:\/\/mecahealth.com\/index.php?rest_route=%2Fwp%2Fv2%2Fmedia&parent=6019"}],"curies":[{"name":"wp","href":"https:\/\/api.w.org\/{rel}","templated":true}]}}