{"id":600,"date":"2023-01-08T23:17:45","date_gmt":"2023-01-08T22:17:45","guid":{"rendered":"https:\/\/mecahealth.com\/?page_id=600"},"modified":"2023-10-29T16:46:31","modified_gmt":"2023-10-29T15:46:31","slug":"systeme-respiratoire","status":"publish","type":"page","link":"https:\/\/mecahealth.com\/?page_id=600","title":{"rendered":"Syst\u00e8me respiratoire \/ pulmonaire"},"content":{"rendered":"\n<p><a href=\"https:\/\/mecahealth.com\/?page_id=122\">Attention \u00e0 lire les consignes avant de lire toute page d&rsquo;un site sant\u00e9 !<\/a><\/p>\n\n\n\n<figure class=\"wp-block-image size-full is-style-rounded\"><img loading=\"lazy\" decoding=\"async\" width=\"330\" height=\"330\" src=\"https:\/\/mecahealth.com\/wp-content\/uploads\/2023\/01\/MecaHealth-respiration.jpg\" alt=\"\" class=\"wp-image-2249\" srcset=\"https:\/\/mecahealth.com\/wp-content\/uploads\/2023\/01\/MecaHealth-respiration.jpg 330w, https:\/\/mecahealth.com\/wp-content\/uploads\/2023\/01\/MecaHealth-respiration-300x300.jpg 300w, https:\/\/mecahealth.com\/wp-content\/uploads\/2023\/01\/MecaHealth-respiration-150x150.jpg 150w\" sizes=\"auto, (max-width: 330px) 100vw, 330px\" \/><\/figure>\n\n\n\n<h2 class=\"wp-block-heading has-large-font-size\">Normalit\u00e9 <\/h2>\n\n\n\n<p class=\"has-medium-font-size\">Le syst\u00e8me respiratoire&nbsp;<strong>commence au niveau du nez et de la bouche. Il se poursuit par les voies respiratoires et les <a href=\"https:\/\/mecahealth.com\/?page_id=772\" data-type=\"page\" data-id=\"772\">poumons<\/a><\/strong>. L&rsquo;air y p\u00e9n\u00e8tre \u00e0 travers le nez et\/ou la bouche, passe par la gorge (pharynx) et par l&rsquo;organe vocal, ou larynx.<\/p>\n\n\n\n<p class=\"has-medium-font-size\">Par le nez, le nez \u00e9tant un filtre, l&rsquo;air inspir\u00e9 est humidifi\u00e9, mis \u00e0 temp\u00e9rature et filtr\u00e9 de particules diverses. Il est donc pr\u00e9f\u00e9rable de respirer dans les conditions normales (fr\u00e9quentes) par le nez pour que l&rsquo;air arrive <a href=\"https:\/\/mecahealth.com\/?page_id=772\" data-type=\"page\" data-id=\"772\">purifi\u00e9 dans nos poumons<\/a>; ces derniers pouvant jouer plus facilement leur r\u00f4le principal. L&rsquo;usage de la respiration nasale est d&rsquo;autant plus n\u00e9cessaire lors de <a href=\"https:\/\/mecahealth.com\/?page_id=1191\" data-type=\"page\" data-id=\"1191\">temp\u00e9ratures extr\u00eames ou de fortes diff\u00e9rences entre deux lieux (palier pr\u00e9f\u00e9rable)<\/a>.<\/p>\n\n\n\n<p class=\"has-medium-font-size\">Par la bouche, le volume d&rsquo;air inspir\u00e9 en une fois est plus important. Il sera donc normal de prendre de l&rsquo;air par cet orifice. Seulement pour une personne n&rsquo;ayant pas ou peu effectu\u00e9 de <a href=\"https:\/\/mecahealth.com\/?page_id=487\" data-type=\"page\" data-id=\"487\">blocage respiratoire<\/a>, m\u00eame dans la pratique sportive, cette respiration devrait rester exceptionnelle.<\/p>\n\n\n\n<p class=\"has-medium-font-size\">La respiration se veut abdominale, thoracique ou mixte. Comme nous le d\u00e9crivons dans notre exemple <em><a href=\"https:\/\/mecahealth.com\/?page_id=2203\" data-type=\"page\" data-id=\"2203\">Yogiste dilat\u00e9<\/a><\/em>, la respiration abdominale se doit d&rsquo;\u00eatre limit\u00e9e \u00e0 la relaxation, aux moments de d\u00e9tente (<a href=\"https:\/\/mecahealth.com\/?page_id=297\" data-type=\"page\" data-id=\"297\">assis<\/a> comme <a href=\"https:\/\/mecahealth.com\/?page_id=286\" data-type=\"page\" data-id=\"286\">couch\u00e9<\/a>) et au chant. Les poumons ne sont pas, pour rappel aux <a href=\"https:\/\/mecahealth.com\/?page_id=2304\" data-type=\"page\" data-id=\"2304\">radicaux<\/a>, dans le ventre mais bien dans la cage thoracique. Le diaphragme, muscle en forme de coupole, descendant lorsqu&rsquo;il se contracte, attire l&rsquo;air dans les deux ballons appel\u00e9 poumons. Ces derniers se dilatent vers l&rsquo;avant, vers l&rsquo;arri\u00e8re et les c\u00f4t\u00e9s principalement. Les parties tir\u00e9es vers le bas ne descendent pas plus bas que la descente du diaphragme (<a href=\"https:\/\/mecahealth.com\/?page_id=280\" data-type=\"page\" data-id=\"280\">plus d&rsquo;infos<\/a>). Il n&rsquo;y a donc qu&rsquo;un petit volume qui descend et qui demande donc de faire de la place dans le ventre. Cette place est celle qui permet de dire que le ventre peut se dilater de quelques centim\u00e8tres mais pas plus&#8230; En restant tonique \u00e0 chaque inspiration, l&rsquo;abdomen soutient les visc\u00e8res et facilite les <a href=\"https:\/\/mecahealth.com\/?page_id=77\" data-type=\"page\" data-id=\"77\">mouvements des visc\u00e8res<\/a>.<\/p>\n\n\n\n<p class=\"has-medium-font-size\">La respiration thoracique est donc la <a href=\"https:\/\/mecahealth.com\/?page_id=1565\" data-type=\"page\" data-id=\"1565\">respiration de tout effort<\/a>, <a href=\"https:\/\/mecahealth.com\/?page_id=428\" data-type=\"page\" data-id=\"428\">marcher<\/a> et <a href=\"https:\/\/mecahealth.com\/?page_id=257\" data-type=\"page\" data-id=\"257\">se lever<\/a> compris. La personne qui arrive \u00e0 scinder le rel\u00e2chement abdominal bas et haut, pourra arriver lors d&rsquo;un effort \u00e0 respirer dans le thorax tout en le faisant dans haut de l&rsquo;abdomen sans que cela n&rsquo;enclenche les pathologies d\u00e9crites dans la page <a href=\"https:\/\/mecahealth.com\/?page_id=2201\" data-type=\"page\" data-id=\"2201\"><em>Ventre<\/em><\/a>. Ce sera la respiration <em>mixte parfaite<\/em>&#8230;<\/p>\n\n\n\n<h2 class=\"wp-block-heading has-large-font-size\">Pathologies<\/h2>\n\n\n\n<p class=\"has-medium-font-size\">Les pathologies respiratoires les plus fr\u00e9quentes sont :<\/p>\n\n\n\n<ul class=\"has-medium-font-size wp-block-list\">\n<li><a href=\"https:\/\/mecahealth.com\/?page_id=4763\" data-type=\"page\" data-id=\"4763\">Asthme<\/a><\/li>\n\n\n\n<li><a href=\"https:\/\/mecahealth.com\/?page_id=4766\" data-type=\"page\" data-id=\"4766\">Bronchite (chronique)<\/a><\/li>\n\n\n\n<li>Cancer du poumon<\/li>\n\n\n\n<li><a href=\"https:\/\/mecahealth.com\/?page_id=2995\" data-type=\"page\" data-id=\"2995\">Emphys\u00e8me<\/a><\/li>\n\n\n\n<li><a href=\"https:\/\/mecahealth.com\/?page_id=487\" data-type=\"page\" data-id=\"487\">Essoufflement<\/a><\/li>\n\n\n\n<li><a href=\"https:\/\/mecahealth.com\/?page_id=4794\">\u0152d\u00e8me pulmonaire<\/a><\/li>\n\n\n\n<li><a href=\"https:\/\/mecahealth.com\/?page_id=4783\" data-type=\"page\" data-id=\"4783\">Pneumonie<\/a><\/li>\n\n\n\n<li><a href=\"https:\/\/mecahealth.com\/?page_id=4778\" data-type=\"page\" data-id=\"4778\">Pneumothorax<\/a><\/li>\n\n\n\n<li>&#8230;<\/li>\n<\/ul>\n\n\n\n<p class=\"has-medium-font-size\">Nous y reviendrons plus en d\u00e9tails ult\u00e9rieurement pour chaque pathologie mais celles-ci sont dans la plupart des cas d&rsquo;autant plus n\u00e9fastes si la personne est dite <em><a href=\"https:\/\/mecahealth.com\/?page_id=487\" data-type=\"page\" data-id=\"487\">blocante (terme MecaHealth)<\/a><\/em> et l&rsquo;efficacit\u00e9 du traitement kin\u00e9 sera peu efficace dans ce m\u00eame cas et s&rsquo;il est appris une <a href=\"https:\/\/mecahealth.com\/?page_id=1127\" data-type=\"page\" data-id=\"1127\">coordination respiratoire au lieu d&rsquo;une d\u00e9coordination respiratoire<\/a>.<\/p>\n\n\n\n<p>(&#8230;)<\/p>\n\n\n\n<h2 class=\"wp-block-heading has-medium-font-size\"><span style=\"font-size: var(--wp--preset--font-size--medium) ; color: initial;\">Abonnez-vous sur nos diff\u00e9rentes pages pour \u00eatre averti(s) des nouvelles mises en ligne&#8230;<\/span><\/h2>\n\n\n\n<p class=\"has-small-font-size\"><a rel=\"noreferrer noopener\" href=\"https:\/\/www.facebook.com\/MecaHealthAsbl\" target=\"_blank\">Facebook MecaHealthAsbl<\/a> &#8211; <a rel=\"noreferrer noopener\" href=\"https:\/\/www.linkedin.com\/company\/mecahealth\/\" target=\"_blank\">Linkedin MecaHealth<\/a> &#8211; <a rel=\"noreferrer noopener\" href=\"https:\/\/www.youtube.com\/channel\/UCJb5g--IGlU6FgQLQKaJljg\" target=\"_blank\">Youtube cha\u00eene MecaHealth<\/a> &#8211; Instagram (pas encore)<\/p>\n\n\n\n<p class=\"has-medium-font-size\"><strong>Vous avez aim\u00e9 l&rsquo;information que MecaHealth apporte, vous pouvez nous contacter pour l&rsquo;une ou l&rsquo;autre <a href=\"https:\/\/mecahealth.com\/?page_id=146\">formation<\/a>, nous appuyer en transmettant l&rsquo;adresse de notre site, mais \u00e9galement par <a href=\"https:\/\/mecahealth.com\/?page_id=172\">d&rsquo;autres appuis<\/a>.<\/strong><\/p>\n\n\n\n<h2 class=\"wp-block-heading has-medium-font-size\">Revenir \u00e0 la page initiale <a href=\"https:\/\/mecahealth.com\/?page_id=61\" data-type=\"page\" data-id=\"61\"><em>1001 conseils \/ lexique<\/em><\/a>  ou<em> <\/em>au chapitre<em> <a href=\"https:\/\/mecahealth.com\/?page_id=77\" data-type=\"page\" data-id=\"77\">Corps plomberie<\/a><\/em><\/h2>\n\n\n\n<p><\/p>\n","protected":false},"excerpt":{"rendered":"<p>Attention \u00e0 lire les consignes avant de lire toute page d&rsquo;un site sant\u00e9 ! Normalit\u00e9 Le syst\u00e8me respiratoire&nbsp;commence au niveau du nez et de la bouche. Il se poursuit par les voies respiratoires et les poumons. L&rsquo;air y p\u00e9n\u00e8tre \u00e0 travers le nez et\/ou la bouche, passe par la gorge<a href=\"https:\/\/mecahealth.com\/?page_id=600\" class=\"read-more\">Read More&#8230;<\/a><\/p>\n","protected":false},"author":1,"featured_media":0,"parent":0,"menu_order":0,"comment_status":"closed","ping_status":"closed","template":"","meta":{"footnotes":""},"class_list":["post-600","page","type-page","status-publish","hentry"],"jetpack_sharing_enabled":true,"_links":{"self":[{"href":"https:\/\/mecahealth.com\/index.php?rest_route=\/wp\/v2\/pages\/600","targetHints":{"allow":["GET"]}}],"collection":[{"href":"https:\/\/mecahealth.com\/index.php?rest_route=\/wp\/v2\/pages"}],"about":[{"href":"https:\/\/mecahealth.com\/index.php?rest_route=\/wp\/v2\/types\/page"}],"author":[{"embeddable":true,"href":"https:\/\/mecahealth.com\/index.php?rest_route=\/wp\/v2\/users\/1"}],"replies":[{"embeddable":true,"href":"https:\/\/mecahealth.com\/index.php?rest_route=%2Fwp%2Fv2%2Fcomments&post=600"}],"version-history":[{"count":22,"href":"https:\/\/mecahealth.com\/index.php?rest_route=\/wp\/v2\/pages\/600\/revisions"}],"predecessor-version":[{"id":5828,"href":"https:\/\/mecahealth.com\/index.php?rest_route=\/wp\/v2\/pages\/600\/revisions\/5828"}],"wp:attachment":[{"href":"https:\/\/mecahealth.com\/index.php?rest_route=%2Fwp%2Fv2%2Fmedia&parent=600"}],"curies":[{"name":"wp","href":"https:\/\/api.w.org\/{rel}","templated":true}]}}