{"id":5994,"date":"2023-11-03T10:07:16","date_gmt":"2023-11-03T09:07:16","guid":{"rendered":"https:\/\/mecahealth.com\/?page_id=5994"},"modified":"2023-12-15T01:25:14","modified_gmt":"2023-12-15T00:25:14","slug":"psycho-theorie-de-lengagement","status":"publish","type":"page","link":"https:\/\/mecahealth.com\/?page_id=5994","title":{"rendered":"Psycho : th\u00e9orie de l&rsquo;engagement"},"content":{"rendered":"\n<p><a href=\"https:\/\/mecahealth.com\/?page_id=122\">Attention \u00e0 lire les consignes avant de lire toute page d&rsquo;un site sant\u00e9 !<\/a><\/p>\n\n\n\n<figure class=\"wp-block-image size-full is-style-rounded\"><img loading=\"lazy\" decoding=\"async\" width=\"330\" height=\"330\" src=\"https:\/\/mecahealth.com\/wp-content\/uploads\/2023\/11\/MecaHealth-rangs-et-clans-A.jpg\" alt=\"\" class=\"wp-image-5934\" srcset=\"https:\/\/mecahealth.com\/wp-content\/uploads\/2023\/11\/MecaHealth-rangs-et-clans-A.jpg 330w, https:\/\/mecahealth.com\/wp-content\/uploads\/2023\/11\/MecaHealth-rangs-et-clans-A-300x300.jpg 300w, https:\/\/mecahealth.com\/wp-content\/uploads\/2023\/11\/MecaHealth-rangs-et-clans-A-150x150.jpg 150w\" sizes=\"auto, (max-width: 330px) 100vw, 330px\" \/><\/figure>\n\n\n\n<p class=\"has-medium-font-size\">La th\u00e9orie de l&rsquo;engagement, \u00e9galement connue sous le nom de th\u00e9orie de l&rsquo;engagement cognitif, est principalement li\u00e9e \u00e0 la psychologie sociale et \u00e0 la mani\u00e8re dont les individus s&rsquo;engagent dans des comportements et des croyances sp\u00e9cifiques. La th\u00e9orie de l&rsquo;engagement sugg\u00e8re que les individus ont tendance \u00e0 maintenir leur engagement envers une action ou une croyance, m\u00eame lorsque cela va \u00e0 l&rsquo;encontre de leurs int\u00e9r\u00eats ou de leurs valeurs initiales. Cela peut \u00eatre d\u00fb \u00e0 plusieurs m\u00e9canismes psychologiques, notamment :<\/p>\n\n\n\n<ol class=\"has-medium-font-size wp-block-list\">\n<li>La justification cognitive : Les individus ont tendance \u00e0 justifier leurs actions et \u00e0 rationaliser leurs choix, m\u00eame si ceux-ci sont contraires \u00e0 leurs croyances initiales. Cela peut se faire en modifiant leurs croyances pour les rendre compatibles avec leurs actions.<\/li>\n\n\n\n<li>L&rsquo;escalade de l&rsquo;engagement : Les individus ont tendance \u00e0 investir davantage dans une action ou une croyance une fois qu&rsquo;ils s&rsquo;y sont engag\u00e9s, en esp\u00e9rant que leurs efforts pr\u00e9c\u00e9dents n&rsquo;aient pas \u00e9t\u00e9 en vain.<\/li>\n\n\n\n<li>La coh\u00e9rence cognitive : Les individus recherchent la coh\u00e9rence entre leurs croyances, leurs attitudes et leurs actions. Par cons\u00e9quent, ils sont plus enclins \u00e0 changer leurs croyances que leurs actions pour maintenir cette coh\u00e9rence.<\/li>\n\n\n\n<li>La pression sociale : Les <a href=\"https:\/\/mecahealth.com\/?page_id=5003\" data-type=\"page\" data-id=\"5003\">influences<\/a> sociales et le conformisme peuvent inciter les individus \u00e0 maintenir leur engagement, m\u00eame s&rsquo;ils ont des doutes.<\/li>\n<\/ol>\n\n\n\n<p class=\"has-medium-font-size\">La th\u00e9orie de l&rsquo;engagement a des implications importantes pour la compr\u00e9hension du comportement humain, de la persuasion, de la publicit\u00e9, et de la mani\u00e8re dont les individus r\u00e9agissent \u00e0 des messages ou \u00e0 des incitations. Elle explique en partie pourquoi certaines personnes peuvent continuer \u00e0 d\u00e9fendre des positions ou \u00e0 maintenir des comportements, m\u00eame lorsque les preuves ou les circonstances changent notamment comme nous le sugg\u00e9rons apr\u00e8s certaines \u00e9tudes universitaires ou techniques (et d&rsquo;autant plus si elles sont longues, co\u00fbteuses et\/ou correspondait aux attentes familiales), en <a href=\"https:\/\/mecahealth.com\/?page_id=5989\" data-type=\"page\" data-id=\"5989\">psychanalyse<\/a>, dans les religions, dans les <a href=\"https:\/\/mecahealth.com\/?page_id=5847\" data-type=\"page\" data-id=\"5847\">rapports pervers<\/a>, etc. Cette notion est sans doute l&rsquo;une des \u00e9l\u00e9ments cl\u00e9s pour r\u00e9soudre certains burnouts mais \u00e9galement d\u00e9pression en lien avec la famille, etc.<\/p>\n\n\n\n<p class=\"has-medium-font-size\">(&#8230;)<\/p>\n\n\n\n<h2 class=\"wp-block-heading has-medium-font-size\"><span style=\"font-size: var(--wp--preset--font-size--medium) ; color: initial;\"><span style=\"font-size: var(--wp--preset--font-size--medium) ; color: initial;\">Abonnez-vous \u00e0 nos diff\u00e9rentes pages pour \u00eatre averti(s) des nouvelles mises en ligne&#8230;<\/span><\/span><\/h2>\n\n\n\n<p class=\"has-small-font-size\"><a rel=\"noreferrer noopener\" href=\"https:\/\/www.facebook.com\/MecaHealthAsbl\" target=\"_blank\">Facebook MecaHealthAsbl<\/a> &#8211; <a rel=\"noreferrer noopener\" href=\"https:\/\/www.linkedin.com\/company\/mecahealth\/\" target=\"_blank\">Linkedin MecaHealth<\/a> &#8211; <a rel=\"noreferrer noopener\" href=\"https:\/\/www.youtube.com\/channel\/UCJb5g--IGlU6FgQLQKaJljg\" target=\"_blank\">Youtube cha\u00eene MecaHealth<\/a> &#8211; Instagram (pas encore)<\/p>\n\n\n\n<h2 class=\"wp-block-heading has-medium-font-size\">Revenir au chapitre<em> <a href=\"https:\/\/mecahealth.com\/?page_id=180\" data-type=\"URL\" data-id=\"https:\/\/mecahealth.com\/?page_id=180\">Normalit\u00e9<\/a><\/em> ou <em><a href=\"https:\/\/mecahealth.com\/?page_id=127\" data-type=\"page\" data-id=\"127\">Corps psychique<\/a><\/em><\/h2>\n","protected":false},"excerpt":{"rendered":"<p>Attention \u00e0 lire les consignes avant de lire toute page d&rsquo;un site sant\u00e9 ! La th\u00e9orie de l&rsquo;engagement, \u00e9galement connue sous le nom de th\u00e9orie de l&rsquo;engagement cognitif, est principalement li\u00e9e \u00e0 la psychologie sociale et \u00e0 la mani\u00e8re dont les individus s&rsquo;engagent dans des comportements et des croyances sp\u00e9cifiques.<a href=\"https:\/\/mecahealth.com\/?page_id=5994\" class=\"read-more\">Read More&#8230;<\/a><\/p>\n","protected":false},"author":1,"featured_media":0,"parent":0,"menu_order":0,"comment_status":"closed","ping_status":"closed","template":"","meta":{"footnotes":""},"class_list":["post-5994","page","type-page","status-publish","hentry"],"jetpack_sharing_enabled":true,"_links":{"self":[{"href":"https:\/\/mecahealth.com\/index.php?rest_route=\/wp\/v2\/pages\/5994","targetHints":{"allow":["GET"]}}],"collection":[{"href":"https:\/\/mecahealth.com\/index.php?rest_route=\/wp\/v2\/pages"}],"about":[{"href":"https:\/\/mecahealth.com\/index.php?rest_route=\/wp\/v2\/types\/page"}],"author":[{"embeddable":true,"href":"https:\/\/mecahealth.com\/index.php?rest_route=\/wp\/v2\/users\/1"}],"replies":[{"embeddable":true,"href":"https:\/\/mecahealth.com\/index.php?rest_route=%2Fwp%2Fv2%2Fcomments&post=5994"}],"version-history":[{"count":7,"href":"https:\/\/mecahealth.com\/index.php?rest_route=\/wp\/v2\/pages\/5994\/revisions"}],"predecessor-version":[{"id":6925,"href":"https:\/\/mecahealth.com\/index.php?rest_route=\/wp\/v2\/pages\/5994\/revisions\/6925"}],"wp:attachment":[{"href":"https:\/\/mecahealth.com\/index.php?rest_route=%2Fwp%2Fv2%2Fmedia&parent=5994"}],"curies":[{"name":"wp","href":"https:\/\/api.w.org\/{rel}","templated":true}]}}