{"id":5989,"date":"2023-11-03T09:31:14","date_gmt":"2023-11-03T08:31:14","guid":{"rendered":"https:\/\/mecahealth.com\/?page_id=5989"},"modified":"2025-10-26T18:01:59","modified_gmt":"2025-10-26T17:01:59","slug":"psycho-psychanalyse-mensonge-du-premier-jour","status":"publish","type":"page","link":"https:\/\/mecahealth.com\/?page_id=5989","title":{"rendered":"Psycho : psychanalyse, mensonge du premier jour"},"content":{"rendered":"\n<p class=\"has-small-font-size\"><a href=\"https:\/\/mecahealth.com\/?page_id=122\">Attention \u00e0 lire les consignes avant de lire toute page d&rsquo;un site sant\u00e9 !<\/a><\/p>\n\n\n\n<figure class=\"wp-block-image size-full is-style-rounded\"><img loading=\"lazy\" decoding=\"async\" width=\"330\" height=\"330\" src=\"https:\/\/mecahealth.com\/wp-content\/uploads\/2023\/11\/MecaHealth-psycho-Freud-mensonge.jpg\" alt=\"\" class=\"wp-image-6002\" srcset=\"https:\/\/mecahealth.com\/wp-content\/uploads\/2023\/11\/MecaHealth-psycho-Freud-mensonge.jpg 330w, https:\/\/mecahealth.com\/wp-content\/uploads\/2023\/11\/MecaHealth-psycho-Freud-mensonge-300x300.jpg 300w, https:\/\/mecahealth.com\/wp-content\/uploads\/2023\/11\/MecaHealth-psycho-Freud-mensonge-150x150.jpg 150w\" sizes=\"auto, (max-width: 330px) 100vw, 330px\" \/><\/figure>\n\n\n\n<h2 class=\"wp-block-heading has-medium-font-size\">Apport\u00e9 \u00e9norm\u00e9ment \u00e0 la conscientisation de la conscience et de notre inconscience mais&#8230; <\/h2>\n\n\n\n<p class=\"has-medium-font-size\">La psychanalyse est une approche de la compr\u00e9hension de la psych\u00e9 humaine qui a \u00e9t\u00e9 d\u00e9velopp\u00e9e par le c\u00e9l\u00e8bre neurologue autrichien Sigmund Freud au tournant du 20e si\u00e8cle. Elle a radicalement influenc\u00e9 la psychologie, la psychiatrie et la th\u00e9rapie psychologique, et ses origines remontent \u00e0 une \u00e9poque o\u00f9 la compr\u00e9hension de la psych\u00e9 humaine \u00e9tait en pleine \u00e9volution.<\/p>\n\n\n\n<p class=\"has-medium-font-size\">Sigmund Freud est souvent consid\u00e9r\u00e9 comme le p\u00e8re fondateur de la psychanalyse. Il a d\u00e9velopp\u00e9 des concepts tels que l&rsquo;inconscient, le complexe d&rsquo;\u0152dipe et la th\u00e9orie des pulsions. La m\u00e9thode principale de la psychanalyse est la psychanalyse verbale, un processus par lequel le patient parle librement de ses pens\u00e9es, \u00e9motions et souvenirs sous la guidance d&rsquo;un psychanalyste. Freud croyait que les conflits non r\u00e9solus et les d\u00e9sirs refoul\u00e9s \u00e9taient \u00e0 la base des troubles mentaux.<\/p>\n\n\n\n<p class=\"has-medium-font-size\">Des chercheurs ont remis en question certaines parties de la narration de Freud dans ses premi\u00e8res \u00e9tudes de cas. Anna O \u00e9tait le pseudonyme d&rsquo;une femme nomm\u00e9e Bertha Pappenheim, et son cas a \u00e9t\u00e9 publi\u00e9 par Freud et Joseph Breuer en 1895 dans l&rsquo;ouvrage intitul\u00e9 <em>Les \u00c9tudes sur l&rsquo;hyst\u00e9rie<\/em>. Certains chercheurs ont examin\u00e9 les documents originaux, notamment les lettres \u00e9chang\u00e9es entre Freud et Breuer, et ont pu prouver que l&rsquo;int\u00e9ress\u00e9e a fini ses jours en institution. Connaissant ce <a href=\"https:\/\/blogs.mediapart.fr\/jacques-van-rillaer\/blog\/110718\/anna-o-le-cas-paradigmatique-de-la-psychanalyse\" target=\"_blank\" rel=\"noreferrer noopener\">mensonge du premier jour (article complet)<\/a> et la mise en \u00e9vidence m\u00e9diatique de <a href=\"https:\/\/mecahealth.com\/?page_id=8131\" data-type=\"page\" data-id=\"8131\">th\u00e9ories peu rigoureuse et donc biais\u00e9e<\/a> (bas\u00e9e sur sa seule client\u00e8le de femmes riches et essentiellement esseul\u00e9es dont l&rsquo;un des exemples les plus int\u00e9ressants est la derni\u00e8re des Bonaparte qui lui tint t\u00eate malgr\u00e9 son amour pour lui), le terme psychanalyse ne devrait plus \u00eatre une r\u00e9f\u00e9rence qu&rsquo;historique. Nous ne pourrons pas n\u00e9gliger son importance pour autant car que serions-nous aujourd&rsquo;hui tout de m\u00eame sans ce <em>beau mensonge <\/em>&#8230;et si la science humaine n&rsquo;avait repris <a href=\"https:\/\/mecahealth.com\/?page_id=149\" data-type=\"page\" data-id=\"149\">avec les limites que nous relevons aussi<\/a>, les approximations scientifiques de l&rsquo;int\u00e9ress\u00e9. <\/p>\n\n\n\n<blockquote class=\"wp-block-quote is-layout-flow wp-block-quote-is-layout-flow\">\n<p class=\"has-medium-font-size\">A la fin de sa vie, Freud a reconnu le caract\u00e8re subjectif de ses interpr\u00e9tations (&#8230;). Il \u00e9crit : <em>La t\u00e2che de l&rsquo;analyse est de deviner <\/em>(<strong>erraten<\/strong>)<em> ce qui a \u00e9t\u00e9 oubli\u00e9 \u00e0 partir d&rsquo;indices ou, pour l&rsquo;exprimer plus correctement; il doit le construire<\/em> (<strong>konstruieren<\/strong>) (XVI 44). Si l&rsquo;on parle peu de constructions dans les pr\u00e9sentations de la technique psychanalytique, c&rsquo;est parce qu&rsquo;on parle d&rsquo;interpr\u00e9tations \u00e0 la place.<\/p>\n<\/blockquote>\n\n\n\n<p class=\"has-medium-font-size\">De mensonge en mensonge, des d\u00e9rives surviennent toujours. On en cache par exemple la <a data-type=\"page\" data-id=\"2643\" href=\"https:\/\/mecahealth.com\/?page_id=2643\">nature des propos de madame Dolto<\/a> ; peut-\u00eatre bien par le principe de ne pas \u00e9branler le principe de Ponzi appliqu\u00e9 \u00e0 la th\u00e9rapie (pas seulement pr\u00e9sent en Psychanalyse) par Freud. Rappelons que ce dernier est mort plus de 20 ans apr\u00e8s l&rsquo;effondrement de cette premi\u00e8re pyramide \u00e0 Boston. Il \u00e9tait impossible de ne pas \u00eatre inform\u00e9 d&rsquo;un tel syst\u00e8me \u00e0 cette \u00e9poque. Appliqu\u00e9 \u00e0 une th\u00e9rapie, cela donne ceci : \u00eatre form\u00e9 pendant de tr\u00e8s longues ann\u00e9es et payer une somme cons\u00e9quente \u00e0 un formateur\/soignant qui vous permettra ensuite de r\u00e9aliser le m\u00eame service avec le m\u00eame proc\u00e9d\u00e9 tout en continuant vous et lui \u00e0 se faire suivre&#8230; Comme un th\u00e9rapeute n&rsquo;en a g\u00e9n\u00e9ralement pas conscience, il ne peut \u00eatre accus\u00e9 totalement du fait de son emprise notamment et d&rsquo;une tr\u00e8s grande difficult\u00e9 de remise en question g\u00e9n\u00e9r\u00e9e par la <a href=\"https:\/\/mecahealth.com\/?page_id=5994\">th\u00e9orie de l&rsquo;engagement (&#8230;)<\/a>.<\/p>\n\n\n\n<p class=\"has-medium-font-size\">Il est important de noter que la psychanalyse a \u00e9volu\u00e9 au fil du temps, et les th\u00e9ories et concepts de Freud ont \u00e9t\u00e9 r\u00e9vis\u00e9s et adapt\u00e9s par de nombreux autres psychanalystes au fil des d\u00e9cennies (voir tableau en bas de page) mais au vu de ce qui pr\u00e9c\u00e8de, en passant par l&rsquo;incoh\u00e9rence des propos de Lacan (&#8230;), des d\u00e9g\u00e2ts encore pr\u00e9sents aujourd&rsquo;hui mais surtout il y a deux d\u00e9cennies sur les familles en pr\u00e9sence d&rsquo;autisme par les th\u00e9ories de Bettelheim surtout attribuant l&rsquo;autisme \u00e0 des carences affectives graves de la m\u00e8re, ce courant ne devrait plus avoir le poids actuel voire ne devrait plus porter le nom donn\u00e9 par son fondateur. Seulement, comme la pratique est on\u00e9reuse, le public qui se permet un tel suivi est g\u00e9n\u00e9ralement ais\u00e9. Comme la v\u00e9ritable mixit\u00e9 sociale n&rsquo;existe que dans les utopies sociales ou intellectuelles, ceux qui ont <em>b\u00e9n\u00e9fici\u00e9 <\/em>d&rsquo;un tel suivi, pourraient \u00eatre tent\u00e9s inconsciemment de penser appartenir \u00e0 une \u00e9lite intellectuelle &#8211; sentiment renforc\u00e9 par l&rsquo;usage lacanien de <a href=\"https:\/\/mecahealth.com\/?page_id=6719\" data-type=\"page\" data-id=\"6719\">termes complexes (permettant de manipuler plus facilement, de mani\u00e8re consciente ou inconsciente<\/a>,<a href=\"https:\/\/mecahealth.com\/?page_id=6719\" data-type=\"page\" data-id=\"6719\"> une personne en attente\/ en souffrance)<\/a> &#8211; et qui plus est, financi\u00e8re. Il ne faut donc pas s&rsquo;\u00e9tonner vu l&rsquo;<a href=\"https:\/\/mecahealth.com\/?page_id=1974\" data-type=\"page\" data-id=\"1974\">instinct gr\u00e9gaire primaire<\/a> de chacun, de soutenir celui de la m\u00eame caste et de maintenir la pr\u00e9sence dans les milieux argent\u00e9s et universitaires de certains psychanalystes.<\/p>\n\n\n\n<p><\/p>\n\n\n\n<p class=\"has-medium-font-size\">D&rsquo;autres exemples de d\u00e9rives de cette formation, notamment celle de <a href=\"https:\/\/mecahealth.com\/?page_id=7252\" data-type=\"page\" data-id=\"7252\">Sch\u00fctzenberger et sa Psychog\u00e9n\u00e9alogie<\/a> existent. Certaines seront d\u00e9taill\u00e9es ult\u00e9rieurement dont celles d&rsquo;abus sexuels li\u00e9s \u00e0 l&rsquo;hypnose dont ceux de G\u00e9rard Miller, etc.<\/p>\n\n\n\n<p class=\"has-medium-font-size\">Tout bon th\u00e9rapeute de ce courant devrait avoir le courage de se d\u00e9tacher de ce pass\u00e9 aux nombreuses zones d&rsquo;ombre et dont la dur\u00e9e moyenne de traitement pose \u00e9galement questions. En compl\u00e9ment de l&rsquo;article en lien plus haut, <a href=\"https:\/\/www.persee.fr\/doc\/bupsy_0007-4403_2003_num_56_467_15267_t1_0732_0000_2\" data-type=\"URL\" data-id=\"https:\/\/www.persee.fr\/doc\/bupsy_0007-4403_2003_num_56_467_15267_t1_0732_0000_2\" target=\"_blank\" rel=\"noreferrer noopener\">d&rsquo;autres r\u00e9f\u00e9rences sont \u00e0 lire<\/a> ou \u00e0 \u00e9couter. Suivez le <a href=\"https:\/\/open.spotify.com\/episode\/6S2vY6egVuqYMcE0JhFxCS?si=26f8e5130c0d4623\" target=\"_blank\" rel=\"noreferrer noopener\">podcast de Meta de Choc, traitant du sujet pendant plusieurs heures<\/a> (Spotify). Vous aurez ainsi bien d&rsquo;autres \u00e9l\u00e9ments vous permettant de vous faire une opinion en place de la n\u00f4tre.<\/p>\n\n\n\n<p class=\"has-medium-font-size\">En octobre 2025, Monsieur Jacques Van Rillaer, ancien psychanalyste et auteur d&rsquo;un des articles pr\u00e9cit\u00e9s, disait : <\/p>\n\n\n\n<blockquote class=\"wp-block-quote is-layout-flow wp-block-quote-is-layout-flow\">\n<p class=\"has-medium-font-size\">Le psychanalyste ne parle que quand bon lui semble, il n\u2019est jamais tenu de r\u00e9pondre clairement \u00e0 une question. Il dispose de formules pour renvoyer \u00e0 l\u2019analys\u00e9 ses interrogations&nbsp;: \u00ab&nbsp;pourquoi posez-vous cette question&nbsp;?&nbsp;\u00bb, \u00ab&nbsp;qu\u2019en pensez-vous&nbsp;?&nbsp;\u00bb. Ses interpr\u00e9tations sont g\u00e9n\u00e9ralement pr\u00e9sent\u00e9es comme indiscutables.<br><strong>Toute remise en question est <em>r\u00e9sistance <\/em>\u00e0 la v\u00e9rit\u00e9 analytique<\/strong>. L\u2019analyste a toujours le dernier mot. Couch\u00e9 sur le divan, l\u2019analys\u00e9 n\u2019a pas \u00e0 se retourner pour voir le visage ou la posture de l\u2019analyste. Il n\u2019a rien du client-roi.<br>Durant le conditionnement au long cours qu\u2019est une cure analytique, l\u2019analys\u00e9 est renforc\u00e9 dans l\u2019id\u00e9e qu\u2019il ne dit pas \u00ab&nbsp;ce qui est r\u00e9ellement&nbsp;\u00bb, qu\u2019il ignore ses v\u00e9ritables d\u00e9sirs, sa propre identit\u00e9, son \u00ab&nbsp;moi profond&nbsp;\u00bb. Il est d\u00e9poss\u00e9d\u00e9 de lui-m\u00eame et s\u2019en remet \u00e0 l\u2019analyste pour savoir \u00ab&nbsp;celui qu\u2019il est vraiment&nbsp;\u00bb. En fin de compte, la v\u00e9rit\u00e9 sur soi, c\u2019est ce que dit l\u2019analyste.<\/p>\n<\/blockquote>\n\n\n\n<p class=\"has-medium-font-size\">(&#8230;)<\/p>\n\n\n\n<h2 class=\"wp-block-heading has-medium-font-size\"><span style=\"font-size: var(--wp--preset--font-size--medium) ; color: initial;\"><span style=\"font-size: var(--wp--preset--font-size--medium) ; color: initial;\">Abonnez-vous \u00e0 nos diff\u00e9rentes pages pour \u00eatre averti(s) des nouvelles mises en ligne&#8230;<\/span><\/span><\/h2>\n\n\n\n<p class=\"has-small-font-size\"><a href=\"https:\/\/www.facebook.com\/MecaHealthAsbl\" target=\"_blank\" rel=\"noreferrer noopener\">Facebook MecaHealthAsbl<\/a> &#8211; <a href=\"https:\/\/www.linkedin.com\/company\/mecahealth\/\" target=\"_blank\" rel=\"noreferrer noopener\">Linkedin MecaHealth<\/a> &#8211; <a href=\"https:\/\/www.youtube.com\/channel\/UCJb5g--IGlU6FgQLQKaJljg\" target=\"_blank\" rel=\"noreferrer noopener\">Youtube cha\u00eene MecaHealth<\/a> &#8211; Instagram (pas encore)<\/p>\n\n\n\n<h2 class=\"wp-block-heading has-medium-font-size\">Revenir au chapitre<em> <\/em><em><a data-type=\"URL\" data-id=\"https:\/\/mecahealth.com\/?page_id=180\" href=\"https:\/\/mecahealth.com\/?page_id=180\">Normalit\u00e9<\/a><\/em> ou <em><a data-type=\"page\" data-id=\"127\" href=\"https:\/\/mecahealth.com\/?page_id=127\">Corps psychique<\/a><\/em><\/h2>\n\n\n\n<figure data-wp-context=\"{&quot;imageId&quot;:&quot;69f29d0863cf3&quot;}\" data-wp-interactive=\"core\/image\" data-wp-key=\"69f29d0863cf3\" class=\"wp-block-image size-large is-resized wp-lightbox-container\"><img loading=\"lazy\" decoding=\"async\" width=\"1024\" height=\"429\" data-wp-class--hide=\"state.isContentHidden\" data-wp-class--show=\"state.isContentVisible\" data-wp-init=\"callbacks.setButtonStyles\" data-wp-on--click=\"actions.showLightbox\" data-wp-on--load=\"callbacks.setButtonStyles\" data-wp-on-window--resize=\"callbacks.setButtonStyles\" src=\"https:\/\/mecahealth.com\/wp-content\/uploads\/2024\/09\/MecaHealth-psychanalyse-tableaux-J-Van-Rillaer-1024x429.jpg\" alt=\"\" class=\"wp-image-7274\" style=\"width:300px\" srcset=\"https:\/\/mecahealth.com\/wp-content\/uploads\/2024\/09\/MecaHealth-psychanalyse-tableaux-J-Van-Rillaer-1024x429.jpg 1024w, https:\/\/mecahealth.com\/wp-content\/uploads\/2024\/09\/MecaHealth-psychanalyse-tableaux-J-Van-Rillaer-300x126.jpg 300w, https:\/\/mecahealth.com\/wp-content\/uploads\/2024\/09\/MecaHealth-psychanalyse-tableaux-J-Van-Rillaer-768x322.jpg 768w, https:\/\/mecahealth.com\/wp-content\/uploads\/2024\/09\/MecaHealth-psychanalyse-tableaux-J-Van-Rillaer.jpg 1280w\" sizes=\"auto, (max-width: 1024px) 100vw, 1024px\" \/><button\n\t\t\tclass=\"lightbox-trigger\"\n\t\t\ttype=\"button\"\n\t\t\taria-haspopup=\"dialog\"\n\t\t\taria-label=\"Enlarge\"\n\t\t\tdata-wp-init=\"callbacks.initTriggerButton\"\n\t\t\tdata-wp-on--click=\"actions.showLightbox\"\n\t\t\tdata-wp-style--right=\"state.imageButtonRight\"\n\t\t\tdata-wp-style--top=\"state.imageButtonTop\"\n\t\t>\n\t\t\t<svg xmlns=\"http:\/\/www.w3.org\/2000\/svg\" width=\"12\" height=\"12\" fill=\"none\" viewBox=\"0 0 12 12\">\n\t\t\t\t<path fill=\"#fff\" d=\"M2 0a2 2 0 0 0-2 2v2h1.5V2a.5.5 0 0 1 .5-.5h2V0H2Zm2 10.5H2a.5.5 0 0 1-.5-.5V8H0v2a2 2 0 0 0 2 2h2v-1.5ZM8 12v-1.5h2a.5.5 0 0 0 .5-.5V8H12v2a2 2 0 0 1-2 2H8Zm2-12a2 2 0 0 1 2 2v2h-1.5V2a.5.5 0 0 0-.5-.5H8V0h2Z\" \/>\n\t\t\t<\/svg>\n\t\t<\/button><\/figure>\n","protected":false},"excerpt":{"rendered":"<p>Attention \u00e0 lire les consignes avant de lire toute page d&rsquo;un site sant\u00e9 ! Apport\u00e9 \u00e9norm\u00e9ment \u00e0 la conscientisation de la conscience et de notre inconscience mais&#8230; La psychanalyse est une approche de la compr\u00e9hension de la psych\u00e9 humaine qui a \u00e9t\u00e9 d\u00e9velopp\u00e9e par le c\u00e9l\u00e8bre neurologue autrichien Sigmund Freud<a href=\"https:\/\/mecahealth.com\/?page_id=5989\" class=\"read-more\">Read More&#8230;<\/a><\/p>\n","protected":false},"author":1,"featured_media":0,"parent":0,"menu_order":0,"comment_status":"closed","ping_status":"closed","template":"","meta":{"footnotes":""},"class_list":["post-5989","page","type-page","status-publish","hentry"],"jetpack_sharing_enabled":true,"_links":{"self":[{"href":"https:\/\/mecahealth.com\/index.php?rest_route=\/wp\/v2\/pages\/5989","targetHints":{"allow":["GET"]}}],"collection":[{"href":"https:\/\/mecahealth.com\/index.php?rest_route=\/wp\/v2\/pages"}],"about":[{"href":"https:\/\/mecahealth.com\/index.php?rest_route=\/wp\/v2\/types\/page"}],"author":[{"embeddable":true,"href":"https:\/\/mecahealth.com\/index.php?rest_route=\/wp\/v2\/users\/1"}],"replies":[{"embeddable":true,"href":"https:\/\/mecahealth.com\/index.php?rest_route=%2Fwp%2Fv2%2Fcomments&post=5989"}],"version-history":[{"count":24,"href":"https:\/\/mecahealth.com\/index.php?rest_route=\/wp\/v2\/pages\/5989\/revisions"}],"predecessor-version":[{"id":8371,"href":"https:\/\/mecahealth.com\/index.php?rest_route=\/wp\/v2\/pages\/5989\/revisions\/8371"}],"wp:attachment":[{"href":"https:\/\/mecahealth.com\/index.php?rest_route=%2Fwp%2Fv2%2Fmedia&parent=5989"}],"curies":[{"name":"wp","href":"https:\/\/api.w.org\/{rel}","templated":true}]}}