{"id":597,"date":"2023-01-08T23:15:04","date_gmt":"2023-01-08T22:15:04","guid":{"rendered":"https:\/\/mecahealth.com\/?page_id=597"},"modified":"2023-11-09T03:15:27","modified_gmt":"2023-11-09T02:15:27","slug":"pathologie-cystite","status":"publish","type":"page","link":"https:\/\/mecahealth.com\/?page_id=597","title":{"rendered":"Pathologie : cystite ou irritabilit\u00e9 de la vessie"},"content":{"rendered":"\n<p class=\"has-medium-font-size\"><a href=\"https:\/\/mecahealth.com\/?page_id=122\">Attention \u00e0 lire les consignes avant de lire toute page d&rsquo;un site sant\u00e9 !<\/a><\/p>\n\n\n\n<figure class=\"wp-block-image size-full is-style-rounded\"><img loading=\"lazy\" decoding=\"async\" width=\"330\" height=\"330\" src=\"https:\/\/mecahealth.com\/wp-content\/uploads\/2023\/02\/MecaHealth-cystite.jpg\" alt=\"\" class=\"wp-image-2796\" srcset=\"https:\/\/mecahealth.com\/wp-content\/uploads\/2023\/02\/MecaHealth-cystite.jpg 330w, https:\/\/mecahealth.com\/wp-content\/uploads\/2023\/02\/MecaHealth-cystite-300x300.jpg 300w, https:\/\/mecahealth.com\/wp-content\/uploads\/2023\/02\/MecaHealth-cystite-150x150.jpg 150w\" sizes=\"auto, (max-width: 330px) 100vw, 330px\" \/><\/figure>\n\n\n\n<p class=\"has-medium-font-size\">La plupart des cystites surviennent chez les femmes. Chez les hommes, cette cystite est concomitante avec une prostatite (inflammation de la prostate). Etant donn\u00e9 la position d&rsquo;enrobage de l&rsquo;ur\u00e8tre, en s&rsquo;enflammant, la prostate bloque l&rsquo;\u00e9vacuation des urines et peut entra\u00eener plus rapidement des troubles r\u00e9naux (&#8230;). <\/p>\n\n\n\n<p class=\"has-medium-font-size\">Dans plus de 90% des cystites chroniques, la patiente <a href=\"https:\/\/mecahealth.com\/?page_id=434\" data-type=\"page\" data-id=\"434\">ne boit pas assez<\/a> et dans pr\u00e8s de 80% la patiente ne vide pas correctement son rectum ; les selles restant ainsi trop longtemps dans ce r\u00e9servoir en principe de transit. Les germes passent alors les parois tr\u00e8s minces s\u00e9parant le vide rectal du vide v\u00e9sical. Dans la plupart des cas, il ne s&rsquo;agit pas de r\u00e9elle constipation durant lesquelles la personne ne va pas \u00e0 selles durant quelques jours, mais de constipations d\u2019un autre type : le patient d\u00e9f\u00e8que r\u00e9guli\u00e8rement avec des selles comme des <em>crottes de bique<\/em>. La plupart du temps, le patient n\u2019\u00e9vacue en fait pas toutes les selles. Se pressant pour aller uriner comme pour d\u00e9f\u00e9quer, ne prenant pas ainsi le temps de <a href=\"https:\/\/mecahealth.com\/?page_id=268\" data-type=\"page\" data-id=\"268\">d\u00e9f\u00e9quer correctement<\/a>, la personne vide rarement le rectum r\u00e9ellement&#8230; On parlera de <a href=\"https:\/\/mecahealth.com\/?page_id=2950\" data-type=\"page\" data-id=\"2950\">fausse constipation<\/a>&#8230;<\/p>\n\n\n\n<p class=\"has-medium-font-size\">Lorsque la douleur en urinant est pr\u00e9sente, avant de prendre un quelconque m\u00e9dicament, nous invitons DANS UN PREMIER TEMPS, \u00e0 boire 4 ou 5 verres d&rsquo;eau l&rsquo;un apr\u00e8s l&rsquo;autre en une dizaine de minutes afin d&rsquo;ordonner au syst\u00e8me urinaire d&rsquo;\u00e9vacuer plus de liquide en une fois et donc d&rsquo;\u00eatre plus efficace pour nettoyer le contenu et r\u00e9sidu v\u00e9sical. R\u00e9\u00e9diter cette op\u00e9ration 3 ou 4 fois par jour pendant maximum 3 jours. Dans la plupart des cas de cystites chroniques, la m\u00e9dication n&rsquo;a plus \u00e9t\u00e9 n\u00e9cessaire. Pour les autres, la douleur a \u00e9t\u00e9 consid\u00e9rablement diminu\u00e9e et a permis de diminuer la dose du traitement de fond. Le traitement de fond doit \u00eatre r\u00e9alis\u00e9 d&rsquo;office si la douleur persiste apr\u00e8s un jour de <em>nettoyage aqueux<\/em>. Si la douleur diminue sensiblement, attendre la fin du deuxi\u00e8me jour pour accompagner cette \u00e9vacuation par une dose all\u00e9g\u00e9e et continuer la prise d&rsquo;eau un troisi\u00e8me jour.<\/p>\n\n\n\n<p>(&#8230;)<\/p>\n\n\n\n<h2 class=\"wp-block-heading has-medium-font-size\">Revenir au chapitre <em><a href=\"https:\/\/mecahealth.com\/?page_id=77\" data-type=\"page\" data-id=\"77\">Corps plomberie<\/a> <\/em>ou<em> <a href=\"https:\/\/mecahealth.com\/?page_id=606\" data-type=\"page\" data-id=\"606\">Syst\u00e8me urinaire<\/a><\/em><\/h2>\n","protected":false},"excerpt":{"rendered":"<p>Attention \u00e0 lire les consignes avant de lire toute page d&rsquo;un site sant\u00e9 ! La plupart des cystites surviennent chez les femmes. Chez les hommes, cette cystite est concomitante avec une prostatite (inflammation de la prostate). Etant donn\u00e9 la position d&rsquo;enrobage de l&rsquo;ur\u00e8tre, en s&rsquo;enflammant, la prostate bloque l&rsquo;\u00e9vacuation des<a href=\"https:\/\/mecahealth.com\/?page_id=597\" class=\"read-more\">Read More&#8230;<\/a><\/p>\n","protected":false},"author":1,"featured_media":0,"parent":0,"menu_order":0,"comment_status":"closed","ping_status":"closed","template":"","meta":{"footnotes":""},"class_list":["post-597","page","type-page","status-publish","hentry"],"jetpack_sharing_enabled":true,"_links":{"self":[{"href":"https:\/\/mecahealth.com\/index.php?rest_route=\/wp\/v2\/pages\/597","targetHints":{"allow":["GET"]}}],"collection":[{"href":"https:\/\/mecahealth.com\/index.php?rest_route=\/wp\/v2\/pages"}],"about":[{"href":"https:\/\/mecahealth.com\/index.php?rest_route=\/wp\/v2\/types\/page"}],"author":[{"embeddable":true,"href":"https:\/\/mecahealth.com\/index.php?rest_route=\/wp\/v2\/users\/1"}],"replies":[{"embeddable":true,"href":"https:\/\/mecahealth.com\/index.php?rest_route=%2Fwp%2Fv2%2Fcomments&post=597"}],"version-history":[{"count":11,"href":"https:\/\/mecahealth.com\/index.php?rest_route=\/wp\/v2\/pages\/597\/revisions"}],"predecessor-version":[{"id":6170,"href":"https:\/\/mecahealth.com\/index.php?rest_route=\/wp\/v2\/pages\/597\/revisions\/6170"}],"wp:attachment":[{"href":"https:\/\/mecahealth.com\/index.php?rest_route=%2Fwp%2Fv2%2Fmedia&parent=597"}],"curies":[{"name":"wp","href":"https:\/\/api.w.org\/{rel}","templated":true}]}}