{"id":595,"date":"2023-01-08T23:13:27","date_gmt":"2023-01-08T22:13:27","guid":{"rendered":"https:\/\/mecahealth.com\/?page_id=595"},"modified":"2023-02-25T03:04:26","modified_gmt":"2023-02-25T02:04:26","slug":"pathologie-urgence-mictionelle","status":"publish","type":"page","link":"https:\/\/mecahealth.com\/?page_id=595","title":{"rendered":"Pathologie : urgence mictionnelle"},"content":{"rendered":"\n<p class=\"has-medium-font-size\"><a href=\"https:\/\/mecahealth.com\/?page_id=122\">Attention \u00e0 lire les consignes avant de lire toute page d&rsquo;un site sant\u00e9 !<\/a><\/p>\n\n\n\n<figure class=\"wp-block-image size-full is-style-rounded\"><img loading=\"lazy\" decoding=\"async\" width=\"330\" height=\"330\" src=\"https:\/\/mecahealth.com\/wp-content\/uploads\/2023\/01\/18.jpg\" alt=\"\" class=\"wp-image-589\" srcset=\"https:\/\/mecahealth.com\/wp-content\/uploads\/2023\/01\/18.jpg 330w, https:\/\/mecahealth.com\/wp-content\/uploads\/2023\/01\/18-300x300.jpg 300w, https:\/\/mecahealth.com\/wp-content\/uploads\/2023\/01\/18-150x150.jpg 150w\" sizes=\"auto, (max-width: 330px) 100vw, 330px\" \/><\/figure>\n\n\n\n<h2 class=\"has-medium-font-size wp-block-heading\">Urgence Mictionnelle ou imp\u00e9riosit\u00e9 m.<\/h2>\n\n\n\n<p class=\"has-medium-font-size\">L&rsquo;urgence mictionnelle est le stade suivant le stade de la <a href=\"https:\/\/mecahealth.com\/?page_id=2795\" data-type=\"page\" data-id=\"2795\">petite vessie<\/a> et\/ou de l&rsquo;<a href=\"https:\/\/mecahealth.com\/?page_id=491\" data-type=\"page\" data-id=\"491\">incontinence urinaire<\/a>. Elle est le fait de devoir se presser pour aller uriner par peur de \u00ab\u00a0l&rsquo;accident\u00a0\u00bb avec ou sans pertes urinaires.<\/p>\n\n\n\n<p class=\"has-medium-font-size\">Dans la plupart des cas, s&rsquo;il y a perte chez soi, elle se fait dans les trois-quatre m\u00e8tres, voire moins avant d&rsquo;arriver devant les sanitaires. Dans pas mal de cas, ce sont les m\u00eames personnes qui peuvent tenir plusieurs dizaines de minutes dans la voiture puis qui arrivent \u00e0 sortir de la voiture mais qui ont une perte <strong>en mettant la cl\u00e9 dans la porte d&rsquo;entr\u00e9e<\/strong>. Pourquoi ?<\/p>\n\n\n\n<p class=\"has-medium-font-size\">Tout simplement parce qu\u2019en sentant le besoin, la personne acc\u00e9l\u00e8re le pas donnant ainsi une pression suppl\u00e9mentaire sur la vessie. Cette derni\u00e8re accro\u00eet la sensibilit\u00e9 initiale ou \u00e9ventuellement un <a href=\"https:\/\/mecahealth.com\/?page_id=2720\" data-type=\"page\" data-id=\"2720\">mouvement de la vessie<\/a> pouvant entra\u00eener la perte. Arriv\u00e9e pr\u00e8s de la porte d&rsquo;entr\u00e9e ou celle des toilettes, cette personne pense \u00eatre sauv\u00e9e. Elle se rel\u00e2che d\u00e8s lors trop t\u00f4t en faisant d&rsquo;ailleurs souvent ce que nous pourrions appeler \u00ab\u00a0le grand Aaaaaaahh\u00a0\u00bb de contentement. Elle donne ainsi une pression vers le bas et r\u00e9alise une certaine ouverture du sphincter.<\/p>\n\n\n\n<p class=\"has-medium-font-size\">Il est rare que ce soit r\u00e9ellement une hyperactivit\u00e9 de la vessie qui se contracte brutalement. Il arrive qu&rsquo;il s&rsquo;agisse d&rsquo;une <a href=\"https:\/\/mecahealth.com\/?page_id=597\" data-type=\"page\" data-id=\"597\">irritation voire inflammation de la vessie<\/a> faisant suite un agent bact\u00e9rien.<\/p>\n\n\n\n<p class=\"has-medium-font-size\">La plupart des patients, lorsqu\u2019ils font attention \u00e0 prendre le temps malgr\u00e9 l\u2019envie pressante, ne souffrent plus en une s\u00e9ance de pertes d\u2019urgence et, en quelques semaines, sont lib\u00e9r\u00e9s de ces envies pressantes s\u2019ils comprennent qu\u2019il ne faut ni se presser, ni se r\u00e9jouir avant d\u2019\u00eatre assis sur la lunette de toilette. Il faut donc continuer \u00e0 se ma\u00eetriser \u00e9galement en se d\u00e9shabillant ; se ma\u00eetriser, c&rsquo;est aller \u00e0 son aise pour mieux <a href=\"https:\/\/mecahealth.com\/?page_id=489\" data-type=\"page\" data-id=\"489\">g\u00e9rer la pression<\/a>. Il est possible de se faire aider \u00e0 l&rsquo;aide de <a href=\"https:\/\/mecahealth.com\/?page_id=2845\" data-type=\"page\" data-id=\"2845\">notre tableau mictionnel<\/a>.<\/p>\n\n\n\n<p class=\"has-medium-font-size\">Il est indispensable \u00e9galement de corriger les diff\u00e9rents \u00e9l\u00e9ments vus dans les pr\u00e9c\u00e9dents chapitres, notamment dans celui intitul\u00e9 <a href=\"https:\/\/mecahealth.com\/?page_id=2795\" data-type=\"page\" data-id=\"2795\"><em>Petite vessie<\/em><\/a> et s\u2019il y a incontinences, dans la page<em> <a href=\"https:\/\/mecahealth.com\/?page_id=491\" data-type=\"page\" data-id=\"491\">Incontinence urinaire<\/a><\/em><\/p>\n\n\n\n<h2 class=\"has-medium-font-size wp-block-heading\">Revenir au chapitre <em><a href=\"https:\/\/mecahealth.com\/?page_id=606\" data-type=\"page\" data-id=\"606\">Syst\u00e8me urinaire<\/a><\/em> ou \u00e0 la page <em><a href=\"https:\/\/mecahealth.com\/?page_id=2775\" data-type=\"page\" data-id=\"2775\">Fr\u00e9quence mictionnelle<\/a><\/em><\/h2>\n","protected":false},"excerpt":{"rendered":"<p>Attention \u00e0 lire les consignes avant de lire toute page d&rsquo;un site sant\u00e9 ! Urgence Mictionnelle ou imp\u00e9riosit\u00e9 m. L&rsquo;urgence mictionnelle est le stade suivant le stade de la petite vessie et\/ou de l&rsquo;incontinence urinaire. Elle est le fait de devoir se presser pour aller uriner par peur de \u00ab\u00a0l&rsquo;accident\u00a0\u00bb<a href=\"https:\/\/mecahealth.com\/?page_id=595\" class=\"read-more\">Read More&#8230;<\/a><\/p>\n","protected":false},"author":1,"featured_media":0,"parent":0,"menu_order":0,"comment_status":"closed","ping_status":"closed","template":"","meta":{"footnotes":""},"class_list":["post-595","page","type-page","status-publish","hentry"],"jetpack_sharing_enabled":true,"_links":{"self":[{"href":"https:\/\/mecahealth.com\/index.php?rest_route=\/wp\/v2\/pages\/595","targetHints":{"allow":["GET"]}}],"collection":[{"href":"https:\/\/mecahealth.com\/index.php?rest_route=\/wp\/v2\/pages"}],"about":[{"href":"https:\/\/mecahealth.com\/index.php?rest_route=\/wp\/v2\/types\/page"}],"author":[{"embeddable":true,"href":"https:\/\/mecahealth.com\/index.php?rest_route=\/wp\/v2\/users\/1"}],"replies":[{"embeddable":true,"href":"https:\/\/mecahealth.com\/index.php?rest_route=%2Fwp%2Fv2%2Fcomments&post=595"}],"version-history":[{"count":10,"href":"https:\/\/mecahealth.com\/index.php?rest_route=\/wp\/v2\/pages\/595\/revisions"}],"predecessor-version":[{"id":4060,"href":"https:\/\/mecahealth.com\/index.php?rest_route=\/wp\/v2\/pages\/595\/revisions\/4060"}],"wp:attachment":[{"href":"https:\/\/mecahealth.com\/index.php?rest_route=%2Fwp%2Fv2%2Fmedia&parent=595"}],"curies":[{"name":"wp","href":"https:\/\/api.w.org\/{rel}","templated":true}]}}