{"id":5944,"date":"2023-11-02T09:19:49","date_gmt":"2023-11-02T08:19:49","guid":{"rendered":"https:\/\/mecahealth.com\/?page_id=5944"},"modified":"2023-11-02T15:29:39","modified_gmt":"2023-11-02T14:29:39","slug":"exemple-cancer-autodetermine","status":"publish","type":"page","link":"https:\/\/mecahealth.com\/?page_id=5944","title":{"rendered":"Exemple : cancer autod\u00e9termin\u00e9"},"content":{"rendered":"\n<p><a href=\"https:\/\/mecahealth.com\/?page_id=122\"><\/a><a style=\"font-size: revert;\" href=\"https:\/\/mecahealth.com\/?page_id=122\">Attention \u00e0 lire les consignes avant de lire toute page d&rsquo;un site sant\u00e9 !<\/a> <\/p>\n\n\n\n<figure class=\"wp-block-image size-full is-style-rounded\"><img loading=\"lazy\" decoding=\"async\" width=\"330\" height=\"330\" src=\"https:\/\/mecahealth.com\/wp-content\/uploads\/2023\/11\/MecaHealth-cancer-du-sein.jpg\" alt=\"\" class=\"wp-image-5961\" srcset=\"https:\/\/mecahealth.com\/wp-content\/uploads\/2023\/11\/MecaHealth-cancer-du-sein.jpg 330w, https:\/\/mecahealth.com\/wp-content\/uploads\/2023\/11\/MecaHealth-cancer-du-sein-300x300.jpg 300w, https:\/\/mecahealth.com\/wp-content\/uploads\/2023\/11\/MecaHealth-cancer-du-sein-150x150.jpg 150w\" sizes=\"auto, (max-width: 330px) 100vw, 330px\" \/><\/figure>\n\n\n\n<p class=\"has-medium-font-size\">Elle \u00e9tait belle ou tout au moins mignonne, intelligente, avenante et amusante. Trop de qualit\u00e9s pour une seule personne pourrait sans doute se dire quelques femmes ou hommes jaloux. De belles qualit\u00e9s dont elle ne cherchait pas \u00e0 profiter mais qu&rsquo;elle destinait \u00e0 am\u00e9liorer <a href=\"https:\/\/mecahealth.com\/?page_id=3616\" data-type=\"page\" data-id=\"3616\">l&rsquo;enseignement<\/a>. Derri\u00e8re ses qualit\u00e9s pouvait-on voir une angoisse bien pr\u00e9sente que nous n&rsquo;avions pas pu chercher \u00e0 d\u00e9terminer \u00e0 l&rsquo;\u00e9poque mais qui \u00e9tait clairement d\u00e9termin\u00e9 par sa <a href=\"https:\/\/mecahealth.com\/?page_id=4337\" data-type=\"page\" data-id=\"4337\">grande sensibilit\u00e9 empathique<\/a>.<\/p>\n\n\n\n<p class=\"has-medium-font-size\">La plus grande angoisse de la patiente \u00e9tait de se retrouver avec un cancer du sein alors qu&rsquo;elle  n&rsquo;\u00e9tait pas encore pr\u00eate \u00e0 atteindre les 30 ans. Elle en \u00e9tait tellement convaincue -alors que les cas n&rsquo;\u00e9taient pas pr\u00e9sent dans la famille directe, qu&rsquo;elle avait fait conserver des ovules pour un second enfant. <\/p>\n\n\n\n<p class=\"has-medium-font-size\">Tellement convaincue qu&rsquo;elle a attrap\u00e9 un premier cancer du sein et, \u00e0 v\u00e9rifier, un deuxi\u00e8me quelques ann\u00e9es plus tard bien plus t\u00f4t que l&rsquo;\u00e2ge moyen. L&rsquo;auto-d\u00e9termination ne peut \u00eatre confirm\u00e9e comme seule responsable mais cet exemple reste interpellant et suffisamment proche d&rsquo;autres cas que pour tenter de ne pas laisser la phobie l&#8217;emporter sur notre vie. Jusqu&rsquo;\u00e0 preuve du contraire, elle s&rsquo;\u00e9tait bien remise de la situation et paradoxe de son angoisse, <\/p>\n\n\n\n<h2 class=\"wp-block-heading has-medium-font-size\">(&#8230;)<\/h2>\n\n\n\n<h2 class=\"wp-block-heading has-medium-font-size\"><span style=\"font-size: var(--wp--preset--font-size--medium) ; color: initial;\"><span style=\"font-size: var(--wp--preset--font-size--medium) ; color: initial;\">Abonnez-vous \u00e0 nos diff\u00e9rentes pages pour \u00eatre averti(s) des nouvelles mises en ligne&#8230;<\/span><\/span><\/h2>\n\n\n\n<p class=\"has-small-font-size\"><a rel=\"noreferrer noopener\" href=\"https:\/\/www.facebook.com\/MecaHealthAsbl\" target=\"_blank\">Facebook MecaHealth Asbl<\/a> &#8211; <a rel=\"noreferrer noopener\" href=\"https:\/\/www.linkedin.com\/company\/mecahealth\/\" target=\"_blank\">Linkedin MecaHealth<\/a> &#8211; <a rel=\"noreferrer noopener\" href=\"https:\/\/www.youtube.com\/channel\/UCJb5g--IGlU6FgQLQKaJljg\" target=\"_blank\">Youtube cha\u00eene MecaHealth<\/a> &#8211; Instagram (pas encore)<\/p>\n\n\n\n<h2 class=\"wp-block-heading has-medium-font-size\">Revenir au chapitre<em> <a href=\"https:\/\/mecahealth.com\/?page_id=127\">Corps psychique<\/a><\/em><\/h2>\n\n\n\n<p><\/p>\n","protected":false},"excerpt":{"rendered":"<p>Attention \u00e0 lire les consignes avant de lire toute page d&rsquo;un site sant\u00e9 ! Elle \u00e9tait belle ou tout au moins mignonne, intelligente, avenante et amusante. Trop de qualit\u00e9s pour une seule personne pourrait sans doute se dire quelques femmes ou hommes jaloux. De belles qualit\u00e9s dont elle ne cherchait<a href=\"https:\/\/mecahealth.com\/?page_id=5944\" class=\"read-more\">Read More&#8230;<\/a><\/p>\n","protected":false},"author":1,"featured_media":0,"parent":0,"menu_order":0,"comment_status":"closed","ping_status":"closed","template":"","meta":{"footnotes":""},"class_list":["post-5944","page","type-page","status-publish","hentry"],"jetpack_sharing_enabled":true,"_links":{"self":[{"href":"https:\/\/mecahealth.com\/index.php?rest_route=\/wp\/v2\/pages\/5944","targetHints":{"allow":["GET"]}}],"collection":[{"href":"https:\/\/mecahealth.com\/index.php?rest_route=\/wp\/v2\/pages"}],"about":[{"href":"https:\/\/mecahealth.com\/index.php?rest_route=\/wp\/v2\/types\/page"}],"author":[{"embeddable":true,"href":"https:\/\/mecahealth.com\/index.php?rest_route=\/wp\/v2\/users\/1"}],"replies":[{"embeddable":true,"href":"https:\/\/mecahealth.com\/index.php?rest_route=%2Fwp%2Fv2%2Fcomments&post=5944"}],"version-history":[{"count":4,"href":"https:\/\/mecahealth.com\/index.php?rest_route=\/wp\/v2\/pages\/5944\/revisions"}],"predecessor-version":[{"id":5962,"href":"https:\/\/mecahealth.com\/index.php?rest_route=\/wp\/v2\/pages\/5944\/revisions\/5962"}],"wp:attachment":[{"href":"https:\/\/mecahealth.com\/index.php?rest_route=%2Fwp%2Fv2%2Fmedia&parent=5944"}],"curies":[{"name":"wp","href":"https:\/\/api.w.org\/{rel}","templated":true}]}}