{"id":5892,"date":"2023-11-01T09:43:58","date_gmt":"2023-11-01T08:43:58","guid":{"rendered":"https:\/\/mecahealth.com\/?page_id=5892"},"modified":"2025-11-15T09:51:15","modified_gmt":"2025-11-15T08:51:15","slug":"psycho-clans-et-rangs","status":"publish","type":"page","link":"https:\/\/mecahealth.com\/?page_id=5892","title":{"rendered":"Psycho : clans et rangs"},"content":{"rendered":"\n<p class=\"has-small-font-size\"><a href=\"https:\/\/mecahealth.com\/?page_id=122\">Attention \u00e0 lire les consignes avant de lire toute page d&rsquo;un site sant\u00e9 !<\/a><\/p>\n\n\n\n<figure class=\"wp-block-image size-full is-style-rounded\"><img loading=\"lazy\" decoding=\"async\" width=\"330\" height=\"330\" src=\"https:\/\/mecahealth.com\/wp-content\/uploads\/2023\/11\/MecaHealth-rangs-et-clans-A.jpg\" alt=\"\" class=\"wp-image-5934\" srcset=\"https:\/\/mecahealth.com\/wp-content\/uploads\/2023\/11\/MecaHealth-rangs-et-clans-A.jpg 330w, https:\/\/mecahealth.com\/wp-content\/uploads\/2023\/11\/MecaHealth-rangs-et-clans-A-300x300.jpg 300w, https:\/\/mecahealth.com\/wp-content\/uploads\/2023\/11\/MecaHealth-rangs-et-clans-A-150x150.jpg 150w\" sizes=\"auto, (max-width: 330px) 100vw, 330px\" \/><\/figure>\n\n\n\n<p class=\"has-medium-font-size\">Comme vu dans la page <a href=\"https:\/\/mecahealth.com\/?page_id=1974\" data-type=\"page\" data-id=\"1974\">animal gr\u00e9gaire<\/a>, les relations courantes ont \u00e9t\u00e9 scind\u00e9es dans notre <a href=\"https:\/\/mecahealth.com\/?page_id=127\" data-type=\"page\" data-id=\"127\">analyse comportementale<\/a> en clans et rangs&#8230; Gr\u00e2ce \u00e0 cette classification les m\u00e9canismes dans lesquels chacun rentre durant l&rsquo;enfance et durant sa construction identitaire seront plus facilement d\u00e9cortiqu\u00e9s et permettront sans doute de mieux comprendre une partie des troubles psychiques (&#8230;).<\/p>\n\n\n\n<h2 class=\"wp-block-heading has-medium-font-size\">Rang 1<\/h2>\n\n\n\n<p class=\"has-medium-font-size\">Le rang 1 est le clan le plus proche de l&rsquo;enfant. Il s&rsquo;agit la plupart du temps des parents (<a href=\"https:\/\/mecahealth.com\/?page_id=5402\" data-type=\"page\" data-id=\"5402\">\u00e0 ne pas confondre avec les g\u00e9niteurs<\/a>) mais \u00e9ventuellement un grand-parent vivant sur place ou les fr\u00e8res et s\u0153urs.<\/p>\n\n\n\n<h2 class=\"wp-block-heading has-medium-font-size\">Rang 2 <\/h2>\n\n\n\n<p class=\"has-medium-font-size\">Le rang 2 selon le mod\u00e8le familial seront les personnes gravitant autour du rang 1 tels que parents proches ou amis assurant des visites assez r\u00e9guli\u00e8res.<\/p>\n\n\n\n<h2 class=\"wp-block-heading has-medium-font-size\">Rang 3<\/h2>\n\n\n\n<p class=\"has-medium-font-size\">Le rang 3 sont les personnes rencontr\u00e9es plus fr\u00e9quemment mais ne disposant pas pour autant de statuts d&rsquo;amis v\u00e9ritables (&#8230;). Le rang 3 commence g\u00e9n\u00e9ralement \u00e0 se mettre en place \u00e0 la cr\u00e8che puis \u00e0 l&rsquo;\u00e9cole, dans le club sportif ou les mouvements de jeunesse, puis dans les \u00e9tudes sup\u00e9rieures, le travail, etc.<\/p>\n\n\n\n<h2 class=\"wp-block-heading has-medium-font-size\">Rang 4<\/h2>\n\n\n\n<p class=\"has-medium-font-size\">Le rang 4 sont les connaissances plus \u00e9loign\u00e9es, les amis virtuels facebookiens, les <em>followers<\/em>, les <em>fans<\/em>, les <em>groupies<\/em>, etc.<\/p>\n\n\n\n<h2 class=\"wp-block-heading has-medium-font-size\">Rang 5<\/h2>\n\n\n\n<p class=\"has-medium-font-size\">Le rang 5 pourraient se distingu\u00e9s de ceux du rang 4 et \u00eatre compos\u00e9s des inconnus tels que des commentateurs de r\u00e9seaux, les <a href=\"https:\/\/mecahealth.com\/?page_id=6522\" data-type=\"page\" data-id=\"6522\">juges du net<\/a>, etc.<\/p>\n\n\n\n<h2 class=\"wp-block-heading has-medium-font-size\">Basculement<\/h2>\n\n\n\n<p class=\"has-medium-font-size\">Le basculement est une notion importante car toute personne peut basculer d&rsquo;un rang \u00e0 un autre et retrouver sa place initiale par la suite. M\u00eame s&rsquo;il est difficile aujourd&rsquo;hui pour beaucoup de personnes de faire basculer le rang 1 en rang 4 voire 5, le jour o\u00f9 la <a href=\"https:\/\/mecahealth.com\/?page_id=1975\" data-type=\"page\" data-id=\"1975\">Soci\u00e9t\u00e9 limitera son emprise g\u00e9nophilique<\/a> sur celles-ci, elles pourront se <a href=\"https:\/\/mecahealth.com\/?page_id=7048\" data-type=\"page\" data-id=\"7048\">d\u00e9faire plus facilement d&rsquo;un dysparent<\/a> ou de  <a href=\"https:\/\/mecahealth.com\/?page_id=6134\" data-type=\"page\" data-id=\"6134\">parents toxiques<\/a>.<\/p>\n\n\n\n<p class=\"has-medium-font-size\">(&#8230;)<\/p>\n\n\n\n<h2 class=\"wp-block-heading has-medium-font-size\"><span style=\"font-size: var(--wp--preset--font-size--medium) ; color: initial;\"><span style=\"font-size: var(--wp--preset--font-size--medium) ; color: initial;\">Abonnez-vous \u00e0 nos diff\u00e9rentes pages pour \u00eatre averti(s) des nouvelles mises en ligne&#8230;<\/span><\/span><\/h2>\n\n\n\n<p class=\"has-small-font-size\"><a rel=\"noreferrer noopener\" href=\"https:\/\/www.facebook.com\/MecaHealthAsbl\" target=\"_blank\">Facebook MecaHealthAsbl<\/a> &#8211; <a rel=\"noreferrer noopener\" href=\"https:\/\/www.linkedin.com\/company\/mecahealth\/\" target=\"_blank\">Linkedin MecaHealth<\/a> &#8211; <a rel=\"noreferrer noopener\" href=\"https:\/\/www.youtube.com\/channel\/UCJb5g--IGlU6FgQLQKaJljg\" target=\"_blank\">Youtube cha\u00eene MecaHealth<\/a> &#8211; Instagram (pas encore)<\/p>\n\n\n\n<h2 class=\"wp-block-heading has-medium-font-size\">Revenir au chapitre<em> <a href=\"https:\/\/mecahealth.com\/?page_id=180\" data-type=\"URL\" data-id=\"https:\/\/mecahealth.com\/?page_id=180\">Normalit\u00e9<\/a><\/em> ou <em><a href=\"https:\/\/mecahealth.com\/?page_id=127\" data-type=\"page\" data-id=\"127\">Corps psychique<\/a><\/em><\/h2>\n","protected":false},"excerpt":{"rendered":"<p>Attention \u00e0 lire les consignes avant de lire toute page d&rsquo;un site sant\u00e9 ! Comme vu dans la page animal gr\u00e9gaire, les relations courantes ont \u00e9t\u00e9 scind\u00e9es dans notre analyse comportementale en clans et rangs&#8230; Gr\u00e2ce \u00e0 cette classification les m\u00e9canismes dans lesquels chacun rentre durant l&rsquo;enfance et durant sa<a href=\"https:\/\/mecahealth.com\/?page_id=5892\" class=\"read-more\">Read More&#8230;<\/a><\/p>\n","protected":false},"author":1,"featured_media":0,"parent":0,"menu_order":0,"comment_status":"closed","ping_status":"closed","template":"","meta":{"footnotes":""},"class_list":["post-5892","page","type-page","status-publish","hentry"],"jetpack_sharing_enabled":true,"_links":{"self":[{"href":"https:\/\/mecahealth.com\/index.php?rest_route=\/wp\/v2\/pages\/5892","targetHints":{"allow":["GET"]}}],"collection":[{"href":"https:\/\/mecahealth.com\/index.php?rest_route=\/wp\/v2\/pages"}],"about":[{"href":"https:\/\/mecahealth.com\/index.php?rest_route=\/wp\/v2\/types\/page"}],"author":[{"embeddable":true,"href":"https:\/\/mecahealth.com\/index.php?rest_route=\/wp\/v2\/users\/1"}],"replies":[{"embeddable":true,"href":"https:\/\/mecahealth.com\/index.php?rest_route=%2Fwp%2Fv2%2Fcomments&post=5892"}],"version-history":[{"count":14,"href":"https:\/\/mecahealth.com\/index.php?rest_route=\/wp\/v2\/pages\/5892\/revisions"}],"predecessor-version":[{"id":8429,"href":"https:\/\/mecahealth.com\/index.php?rest_route=\/wp\/v2\/pages\/5892\/revisions\/8429"}],"wp:attachment":[{"href":"https:\/\/mecahealth.com\/index.php?rest_route=%2Fwp%2Fv2%2Fmedia&parent=5892"}],"curies":[{"name":"wp","href":"https:\/\/api.w.org\/{rel}","templated":true}]}}