{"id":5890,"date":"2023-11-01T09:40:32","date_gmt":"2023-11-01T08:40:32","guid":{"rendered":"https:\/\/mecahealth.com\/?page_id=5890"},"modified":"2023-11-02T09:23:08","modified_gmt":"2023-11-02T08:23:08","slug":"exemple-transmission-de-la-peur","status":"publish","type":"page","link":"https:\/\/mecahealth.com\/?page_id=5890","title":{"rendered":"Exemple : transmission des peurs"},"content":{"rendered":"\n<p><a href=\"https:\/\/mecahealth.com\/?page_id=122\"><\/a><a style=\"font-size: revert;\" href=\"https:\/\/mecahealth.com\/?page_id=122\">Attention \u00e0 lire les consignes avant de lire toute page d&rsquo;un site sant\u00e9 !<\/a> <\/p>\n\n\n\n<figure class=\"wp-block-image size-full is-style-rounded\"><img loading=\"lazy\" decoding=\"async\" width=\"330\" height=\"330\" src=\"https:\/\/mecahealth.com\/wp-content\/uploads\/2023\/11\/MecaHealth-aquaphobie.jpg\" alt=\"\" class=\"wp-image-5926\" srcset=\"https:\/\/mecahealth.com\/wp-content\/uploads\/2023\/11\/MecaHealth-aquaphobie.jpg 330w, https:\/\/mecahealth.com\/wp-content\/uploads\/2023\/11\/MecaHealth-aquaphobie-300x300.jpg 300w, https:\/\/mecahealth.com\/wp-content\/uploads\/2023\/11\/MecaHealth-aquaphobie-150x150.jpg 150w\" sizes=\"auto, (max-width: 330px) 100vw, 330px\" \/><\/figure>\n\n\n\n<h2 class=\"wp-block-heading has-medium-font-size\">Aquaphobie<\/h2>\n\n\n\n<p class=\"has-medium-font-size\">M\u00eame si toutes les situations d&rsquo;aquaphobie ne seront pas \u00e9quivalentes \u00e0 celle qui suit, la situation \u00e9voqu\u00e9e permet de comprendre plus ais\u00e9ment l&rsquo;implication des peurs d&rsquo;adultes sur celles d&rsquo;enfants.<\/p>\n\n\n\n<p class=\"has-medium-font-size\">Durant un des cours de pratique kin\u00e9 dans les ann\u00e9es 90, une professeur enclencha l&rsquo;appareil vid\u00e9o VHS et nous demanda d&rsquo;analyser ce qui allait passer \u00e0 l&rsquo;\u00e9cran. Les images montraient une enfant qui avait appris \u00e0 vaincre ses appr\u00e9hensions avec un moniteur de natation. Celui-ci travaillait au sein d&rsquo;une \u00e9quipe habitu\u00e9e \u00e0 travailler avec des phobiques d&rsquo;o\u00f9 la demande de la m\u00e8re de faire suivre son enfant par ces professionnels.<\/p>\n\n\n\n<p class=\"has-medium-font-size\">Alors que les s\u00e9ances se pass\u00e8rent sans grande difficult\u00e9 pour cette enfant et d&rsquo;autres durant les s\u00e9ances se d\u00e9roulant sans les parents, lorsque la pr\u00e9sentation officielle se fit en pr\u00e9sence desdits parents, au moment o\u00f9 l&rsquo;enfant cibl\u00e9 par la production rentra dans l&rsquo;eau, la m\u00e8re fit un geste franc d&rsquo;appr\u00e9hension. L&rsquo;enfant en la voyant venait de perdre ses acquis. Elle n&rsquo;osait \u00e0 nouveau plus rentrer dans l&rsquo;eau.<\/p>\n\n\n\n<p class=\"has-medium-font-size\">L&rsquo;enfant ne na\u00eet pas phobique mais par son instinct de survie reste prudent. Dans ce cas-ci, l&rsquo;appr\u00e9hension avait \u00e9t\u00e9 induite consid\u00e9rablement par une m\u00e8re v\u00e9ritablement phobique. Les gestes de protection observ\u00e9s dans la vid\u00e9o permettait de comprendre \u00e0 quel point l&rsquo;enfant percevait les appr\u00e9hensions de sa m\u00e8re. Lors de chaque apprentissage animal, la m\u00e8re -rarement le g\u00e9niteur- pr\u00e9vient des dangers auxquels ses petits devront pr\u00eater attention toute leur vie. Ce conditionnement ne diff\u00e8re pas de celui \u00e9voqu\u00e9 ci-dessus.<\/p>\n\n\n\n<p class=\"has-medium-font-size\">Non loin de nous l&rsquo;id\u00e9e d&rsquo;accuser la maman et encore moins les mamans de ne pas savoir ma\u00eetriser leur propre difficult\u00e9. Nous souhaitons mettre l&rsquo;accent \u00e0 tout parent et m\u00eame \u00e0 toute personne de ne pas transmettre nos difficult\u00e9s v\u00e9cues ou apprises qu&rsquo;elles soient phobiques ou  \u00e9ducationnelles (&#8230;) en d\u00e9l\u00e9guant ce qui nous d\u00e9passe, le temps de faire un travail sur soi ou sur la phobie concern\u00e9e.<\/p>\n\n\n\n<h2 class=\"wp-block-heading has-medium-font-size\">Arachnophobie<\/h2>\n\n\n\n<p>\u00e0 suivre<\/p>\n\n\n\n<h2 class=\"wp-block-heading has-medium-font-size\">Chimiophobie <\/h2>\n\n\n\n<p class=\"has-medium-font-size\">Fumer ne tue pas mais contribue fortement au d\u00e9c\u00e8s pr\u00e9matur\u00e9 par troubles cardio-vasculaires et respiratoires. La science se doit d&rsquo;\u00eatre plus pr\u00e9cise que celle de la sant\u00e9 mentale dans sa communication \u00e9galement car faire peur tue \u00e9galement (si on communique comme sur un paquet).<\/p>\n\n\n\n<p class=\"has-medium-font-size\">La peur est entretenue par la peur que l&rsquo;Autre entretient pour des raisons obscures parfois (manipulation de masse, auto-confirmation des malheureux qui tirent quelqu&rsquo;un vers son interpr\u00e9tation du malheur). Celui qui a suivi la manipulation imagine le pire partout. Il transpose une r\u00e9alit\u00e9 \u00e0 l&rsquo;ensemble des situations. Il extrapole sur la base fertile que certains industriels en chimie sont vraisemblablement pr\u00eats \u00e0 tout. Il en oublie que des contr\u00f4les existent parce que certaines de ces v\u00e9rifications s&rsquo;av\u00e8rent v\u00e9ritablement contrecarr\u00e9es par des arrangements internes, des copinages voire de la corruption en bonne et due forme. Ce que la Soci\u00e9t\u00e9 oublie de rappeler \u00e0 ces personnes pour les rassurer que la quantit\u00e9 de DTT que nos patients ont encaiss\u00e9e apr\u00e8s guerre \u00e9tait nettement plus cons\u00e9quent que les pesticides actuels contr\u00f4l\u00e9s aujourd&rsquo;hui. Rappelons l&rsquo;affaire du poulet \u00e0 la dioxine juste avant des \u00e9lections en Belgique, qui \u00e0 t\u00eate repos\u00e9e, apr\u00e8s les \u00e9lections victorieuses, r\u00e9v\u00e9l\u00e8rent un taux sup\u00e9rieur \u00e0 la marge s\u00e9curitaire mais qui aurait n\u00e9cessit\u00e9 de manger plusieurs poulets par jour pendant plusieurs semaines pour que cela produise une effet n\u00e9faste.<\/p>\n\n\n\n<p class=\"has-medium-font-size\">Ces m\u00eames personnes apr\u00e8s guerre ont encaiss\u00e9 des particules de charbon ou de pots d&rsquo;\u00e9chappements nullement filtr\u00e9s. Ceux-ci ont la plupart au moins 10 ans de plus que leurs parents, etc. Il faut donc rester prudent dans ce qui est transmit car <a href=\"https:\/\/mecahealth.com\/?page_id=5944\" data-type=\"page\" data-id=\"5944\">l&rsquo;auto-conviction est tout aussi mauvaise que certains m\u00e9dicaments<\/a> dans pas mal de cas.<\/p>\n\n\n\n<h2 class=\"wp-block-heading has-medium-font-size\">X\u00e9nophobie<\/h2>\n\n\n\n<p class=\"has-medium-font-size\">La x\u00e9nophobie est un sujet bien d\u00e9licat qui m\u00e9ritera plusieurs pages sans doute tant la <a href=\"https:\/\/mecahealth.com\/?page_id=2304\" data-type=\"page\" data-id=\"2304\">frustration<\/a> est grande dans chacune des parties qui ne connaissent v\u00e9ritablement que l&rsquo;histoire racont\u00e9e par des n\u00e9gationnistes ou des historiens subjectiv\u00e9s. \u00e0 suivre donc<\/p>\n\n\n\n<p>(&#8230;)<\/p>\n\n\n\n<h2 class=\"wp-block-heading has-medium-font-size\"><span style=\"font-size: var(--wp--preset--font-size--medium) ; color: initial;\"><span style=\"font-size: var(--wp--preset--font-size--medium) ; color: initial;\">Abonnez-vous \u00e0 nos diff\u00e9rentes pages pour \u00eatre averti(s) des nouvelles mises en ligne&#8230;<\/span><\/span><\/h2>\n\n\n\n<p class=\"has-small-font-size\"><a rel=\"noreferrer noopener\" href=\"https:\/\/www.facebook.com\/MecaHealthAsbl\" target=\"_blank\">Facebook MecaHealth Asbl<\/a> &#8211; <a rel=\"noreferrer noopener\" href=\"https:\/\/www.linkedin.com\/company\/mecahealth\/\" target=\"_blank\">Linkedin MecaHealth<\/a> &#8211; <a rel=\"noreferrer noopener\" href=\"https:\/\/www.youtube.com\/channel\/UCJb5g--IGlU6FgQLQKaJljg\" target=\"_blank\">Youtube cha\u00eene MecaHealth<\/a> &#8211; Instagram (pas encore)<\/p>\n\n\n\n<h2 class=\"wp-block-heading has-medium-font-size\">Revenir au chapitre<em> <a href=\"https:\/\/mecahealth.com\/?page_id=127\">Corps psychique<\/a><\/em><\/h2>\n\n\n\n<p><\/p>\n","protected":false},"excerpt":{"rendered":"<p>Attention \u00e0 lire les consignes avant de lire toute page d&rsquo;un site sant\u00e9 ! Aquaphobie M\u00eame si toutes les situations d&rsquo;aquaphobie ne seront pas \u00e9quivalentes \u00e0 celle qui suit, la situation \u00e9voqu\u00e9e permet de comprendre plus ais\u00e9ment l&rsquo;implication des peurs d&rsquo;adultes sur celles d&rsquo;enfants. Durant un des cours de pratique<a href=\"https:\/\/mecahealth.com\/?page_id=5890\" class=\"read-more\">Read More&#8230;<\/a><\/p>\n","protected":false},"author":1,"featured_media":0,"parent":0,"menu_order":0,"comment_status":"closed","ping_status":"closed","template":"","meta":{"footnotes":""},"class_list":["post-5890","page","type-page","status-publish","hentry"],"jetpack_sharing_enabled":true,"_links":{"self":[{"href":"https:\/\/mecahealth.com\/index.php?rest_route=\/wp\/v2\/pages\/5890","targetHints":{"allow":["GET"]}}],"collection":[{"href":"https:\/\/mecahealth.com\/index.php?rest_route=\/wp\/v2\/pages"}],"about":[{"href":"https:\/\/mecahealth.com\/index.php?rest_route=\/wp\/v2\/types\/page"}],"author":[{"embeddable":true,"href":"https:\/\/mecahealth.com\/index.php?rest_route=\/wp\/v2\/users\/1"}],"replies":[{"embeddable":true,"href":"https:\/\/mecahealth.com\/index.php?rest_route=%2Fwp%2Fv2%2Fcomments&post=5890"}],"version-history":[{"count":13,"href":"https:\/\/mecahealth.com\/index.php?rest_route=\/wp\/v2\/pages\/5890\/revisions"}],"predecessor-version":[{"id":5948,"href":"https:\/\/mecahealth.com\/index.php?rest_route=\/wp\/v2\/pages\/5890\/revisions\/5948"}],"wp:attachment":[{"href":"https:\/\/mecahealth.com\/index.php?rest_route=%2Fwp%2Fv2%2Fmedia&parent=5890"}],"curies":[{"name":"wp","href":"https:\/\/api.w.org\/{rel}","templated":true}]}}