{"id":5847,"date":"2023-10-29T17:32:48","date_gmt":"2023-10-29T16:32:48","guid":{"rendered":"https:\/\/mecahealth.com\/?page_id=5847"},"modified":"2025-02-02T13:09:37","modified_gmt":"2025-02-02T12:09:37","slug":"psychologie-manipulateur-et-pervers-narcissique","status":"publish","type":"page","link":"https:\/\/mecahealth.com\/?page_id=5847","title":{"rendered":"Psycho : manipulateur et pervers narcissique"},"content":{"rendered":"\n<p class=\"has-medium-font-size\"><a style=\"font-size: revert;\" href=\"https:\/\/mecahealth.com\/?page_id=122\">Attention \u00e0 lire les consignes avant de lire toute page d&rsquo;un site sant\u00e9 !<\/a><\/p>\n\n\n\n<figure class=\"wp-block-image size-full is-style-rounded\"><img loading=\"lazy\" decoding=\"async\" width=\"330\" height=\"330\" src=\"https:\/\/mecahealth.com\/wp-content\/uploads\/2023\/10\/MecaHealth-manipulateur-pervers-narcissique.jpg\" alt=\"\" class=\"wp-image-5851\" srcset=\"https:\/\/mecahealth.com\/wp-content\/uploads\/2023\/10\/MecaHealth-manipulateur-pervers-narcissique.jpg 330w, https:\/\/mecahealth.com\/wp-content\/uploads\/2023\/10\/MecaHealth-manipulateur-pervers-narcissique-300x300.jpg 300w, https:\/\/mecahealth.com\/wp-content\/uploads\/2023\/10\/MecaHealth-manipulateur-pervers-narcissique-150x150.jpg 150w\" sizes=\"auto, (max-width: 330px) 100vw, 330px\" \/><\/figure>\n\n\n\n<blockquote class=\"wp-block-quote is-layout-flow wp-block-quote-is-layout-flow\">\n<p><\/p>\n<cite>L&rsquo;amour vendu aux plus sensibles par des putains de vicieux (Zaho de Sagazan)<\/cite><\/blockquote>\n\n\n\n<p class=\"has-medium-font-size\">Alors que certains vous r\u00e9digeront des livres entiers sur le sujet, nous nous contenterons d&rsquo;une page de laquelle, vous ne pourrez vous contentez, si vous ou votre entourage pensez \u00eatre sous emprise. Les informations qui suivent ne sont en rien destin\u00e9es \u00e0 vous laisser pardonner celui \u00e9tabli comme profil pervers narcissique (terme <a href=\"https:\/\/mecahealth.com\/?page_id=5989\" data-type=\"page\" data-id=\"5989\">psychanalytique<\/a> d\u00e9nomm\u00e9 aujourd&rsquo;hui comportement narcissique pathologique ou personnalit\u00e9 narcissique perverse\/malfaisant). Tout manipulateur n&rsquo;est pas pervers. Nous sommes presque tous un peu manipulateur si l&rsquo;on veut s\u00e9duire un \u00eatre aim\u00e9, un employeur potentiel, un agent de s\u00e9curit\u00e9 qui nous refuse un acc\u00e8s ou est t\u00e9moin d&rsquo;une infraction, etc. C&rsquo;est la proportion et les objectifs qui diff\u00e8rent. Si un commercial doit faire du chiffre pour maintenir son emploi, il n&rsquo;est pas forc\u00e9ment manipulateur malsain mais si c&rsquo;est pour \u00eatre le meilleur et \u00e9craser le client ou ses coll\u00e8gues d\u00e9lib\u00e9r\u00e9ment, la plupart du temps, on est en droit de se poser la question. Et si nous sommes tous un peu manipulateur, nous ne sommes pas tous dans <a href=\"https:\/\/mecahealth.com\/?page_id=6134\" data-type=\"page\" data-id=\"6134\">une relation toxique non plus mais la fronti\u00e8re n&rsquo;est pas loin (&#8230;)<\/a>.<\/p>\n\n\n\n<p class=\"has-medium-font-size\">L&rsquo;individu de personnalit\u00e9 narcissique pr\u00e9sente des caract\u00e9ristiques de la personnalit\u00e9 narcissique (\u00e9gocentr\u00e9e) et des comportements manipulateurs ou abusifs. Cette combinaison de traits pathologiques cr\u00e9e une dynamique toxique dans les relations interpersonnelles notamment par le placement volontaire conscient ou inconscient de <em><a href=\"https:\/\/mecahealth.com\/?page_id=5402\" data-type=\"page\" data-id=\"5402\">mots qui blessent<\/a><\/em>.<\/p>\n\n\n\n<p class=\"has-medium-font-size\">Origines : L&rsquo;origine du concept de pervers narcissique remonte aux travaux de psychanalystes tels que Otto Fenichel et Hervey Cleckley au XXe si\u00e8cle. Le terme a \u00e9t\u00e9 popularis\u00e9 par des psychologues fran\u00e7ais dans les ann\u00e9es 1980. Il est souvent associ\u00e9 aux travaux de psychanalystes fran\u00e7ais comme Paul-Claude Racamier. Le pervers narcissique se caract\u00e9rise par un ego surdimensionn\u00e9, une absence d&rsquo;<a href=\"https:\/\/mecahealth.com\/?page_id=4337\" data-type=\"page\" data-id=\"4337\">empathie<\/a> *, une manipulation \u00e9motionnelle, et une tendance \u00e0 abuser de la confiance d&rsquo;autrui pour son propre b\u00e9n\u00e9fice. M\u00eame si la psychanalyse a apport\u00e9 \u00e9norm\u00e9ment, nous ne <a href=\"https:\/\/mecahealth.com\/?page_id=5989\" data-type=\"page\" data-id=\"5989\">cautionnons pas les th\u00e9rapies qui se d\u00e9nomment <strong>encore <\/strong>ainsi<\/a>.<\/p>\n\n\n\n<p class=\"has-medium-font-size\">* : M\u00eame si c&rsquo;est la pens\u00e9e courante et rassurante de se dire qu&rsquo;un PN n&rsquo;a pas d&#8217;empathie. Si on respecte la d\u00e9finition incluant une capacit\u00e9, nous ne sommes pas forc\u00e9ment d&rsquo;accord avec l&rsquo;usage du terme <em>absence<\/em> mais bien entendu c&rsquo;est de la s\u00e9mantique. Les victimes de ces personnes en disposent g\u00e9n\u00e9ralement assez bien. Les PN d\u00e9c\u00e8lent l&#8217;empathie d&rsquo;un tiers. Il faut en disposer pour la d\u00e9celer. C&rsquo;est pour cette raison que ce mode de fonctionnement est encore moins pardonnable m\u00eame s&rsquo;il devient inconscient par la suite &#8211; voir plus loin (&#8230;).<\/p>\n\n\n\n<h2 class=\"wp-block-heading has-medium-font-size\">Traits caract\u00e9ristiques :<\/h2>\n\n\n\n<ul class=\"has-medium-font-size wp-block-list\">\n<li>L&rsquo;\u00e9gocentrisme extr\u00eame : Le pervers narcissique se pr\u00e9occupe principalement de lui-m\u00eame et ne montre que peu ou pas <a href=\"https:\/\/mecahealth.com\/?page_id=4337\" data-type=\"page\" data-id=\"4337\">d&#8217;empathie <\/a>envers les autres.<\/li>\n\n\n\n<li>La manipulation : Ils utilisent des tactiques de manipulation \u00e9motionnelle pour contr\u00f4ler et dominer les autres (<a href=\"https:\/\/mecahealth.com\/?page_id=5402\" data-type=\"page\" data-id=\"5402\">mots qui <em>blessent<\/em><\/a>).<\/li>\n\n\n\n<li>La s\u00e9duction initiale : Ils peuvent \u00eatre charmants et attirants au d\u00e9but d&rsquo;une relation pour gagner la confiance de leur partenaire.<\/li>\n\n\n\n<li>La d\u00e9valorisation : Ils d\u00e9valorisent r\u00e9guli\u00e8rement leurs partenaires, les rabaissant pour maintenir leur propre sentiment de sup\u00e9riorit\u00e9. Cette d\u00e9valorisation se fait g\u00e9n\u00e9ralement en interne car \u00e0 l&rsquo;ext\u00e9rieur il veut se donner une belle image. Si la d\u00e9valorisation se fait \u00e9galement en public, la plupart du temps, c&rsquo;est un petit ou gros con mais parfois un pervers narcissique en devenir pour lequel l&rsquo;entourage a sa part de responsabilit\u00e9s s&rsquo;ils laissent faire.<\/li>\n\n\n\n<li>La gaslighting : Ils nient la r\u00e9alit\u00e9, minimisent leurs actes et font douter leurs victimes de leur propre perception.<\/li>\n<\/ul>\n\n\n\n<h2 class=\"wp-block-heading has-medium-font-size\">Cons\u00e9quences : <\/h2>\n\n\n\n<p class=\"has-medium-font-size\">Les relations avec un pervers narcissique peuvent avoir des cons\u00e9quences graves sur la sant\u00e9 mentale et \u00e9motionnelle des victimes. Ces cons\u00e9quences peuvent inclure :<\/p>\n\n\n\n<ul class=\"has-medium-font-size wp-block-list\">\n<li>Une faible <a href=\"https:\/\/mecahealth.com\/?page_id=2296\" data-type=\"page\" data-id=\"2296\">estime de soi<\/a> et un sentiment de culpabilit\u00e9.<\/li>\n\n\n\n<li>L&rsquo;isolement social, car le pervers narcissique peut isoler sa victime de ses amis et de sa famille.<\/li>\n\n\n\n<li>Des troubles anxieux et d\u00e9pressifs.<\/li>\n\n\n\n<li>Des traumatismes \u00e9motionnels, qui peuvent n\u00e9cessiter une th\u00e9rapie pour gu\u00e9rir.<\/li>\n\n\n\n<li>Des relations toxiques et abusives, qui peuvent \u00eatre difficiles \u00e0 quitter en raison de la manipulation notamment par la <a href=\"https:\/\/mecahealth.com\/?page_id=5994\" data-type=\"page\" data-id=\"5994\">th\u00e9orie de l&rsquo;engagement<\/a> ou de la <a href=\"https:\/\/mecahealth.com\/?page_id=6019\" data-type=\"page\" data-id=\"6019\">victimisation<\/a> du manipulateur.<\/li>\n<\/ul>\n\n\n\n<p class=\"has-medium-font-size\">Il est important de rappeler que le terme <em>pervers narcissique<\/em> n&rsquo;est pas un diagnostic clinique officiel, mais plut\u00f4t un concept populaire utilis\u00e9 pour d\u00e9crire un ensemble de comportements pathologiques. Si vous croyez \u00eatre en relation avec un individu pr\u00e9sentant de tels comportements, il est recommand\u00e9 de chercher de l&rsquo;aide aupr\u00e8s d&rsquo;un professionnel de la sant\u00e9 mentale pour comprendre et g\u00e9rer la situation.<\/p>\n\n\n\n<h2 class=\"wp-block-heading has-medium-font-size\">Origine<\/h2>\n\n\n\n<p class=\"has-medium-font-size\">L&rsquo;origine du comportement narcissique permet de comprendre leur mode de fonctionnement mais <strong>en aucun cas<\/strong>, la victime emprise, ne doit analyser cette situation pour pardonner. Pardonner fait partie de ce qui permet l&rsquo;apaisement d&rsquo;une Soci\u00e9t\u00e9 mais dans le cas particulier de l&#8217;emprise, cette r\u00e9flexion entra\u00eene la plupart du temps un retour \u00e0 l&#8217;emprise. Comprendre le m\u00e9canisme permet de se d\u00e9faire plus ais\u00e9ment des griffes notamment en comprenant \u00e0 quel point la plupart des narcissiques pervers ou non, sont des personnes en <em><a href=\"https:\/\/mecahealth.com\/?page_id=2296\" data-type=\"page\" data-id=\"2296\">manque de confiance<\/a><\/em> originellement. En fonction de leur degr\u00e9 d&rsquo;atteinte, ils peuvent avoir mis tellement de m\u00e9canismes en place, qu&rsquo;il arrive \u00e0 se convaincre eux-m\u00eames que ce n&rsquo;est le cas &#8230;et surtout si ce que nous avons appel\u00e9 un <em>piedestalien<\/em> ou un <em>successeur<\/em>.<\/p>\n\n\n\n<ul class=\"has-medium-font-size wp-block-list\">\n<li>Le piedestalien est un enfant roi en surconfiance que des parents parfois bien intentionn\u00e9 voulant suivre les pr\u00e9ceptes extr\u00eames de certains p\u00e9dagogues comme <a href=\"https:\/\/mecahealth.com\/?page_id=2643\" data-type=\"page\" data-id=\"2643\">l&rsquo;ambig\u00fce Dolto<\/a>, ou voulant compenser leurs propres frustrations font croire \u00e0 l&rsquo;enfant que tout ce qu&rsquo;il fait est bien et surtout qu&rsquo;il a droit \u00e0 tout dire et tout faire. Ces enfants-l\u00e0 quand il se retrouve dans le <a href=\"https:\/\/mecahealth.com\/?page_id=5892\" data-type=\"page\" data-id=\"5892\">rang 3<\/a>, se retrouvent seuls voire subissent les remontrances des enfants qui ne se laissent faire voire deviennent harceleurs &#8230;\u00e0 cause du comportement royaliste initial. L&rsquo;une des r\u00e9actions de ce petit roi est de cr\u00e9er des m\u00e9canismes pour ne plus subir et devenir acteur de sa vie et non pas spectateur. Ayant compris les stratag\u00e8mes pour manipuler ses parents, il adopte des proc\u00e9d\u00e9s similaires pour endormir son entourage. De fil en aiguille, il aiguise sa m\u00e9thode et devient rapidement un jeune manipulateur&#8230;<\/li>\n\n\n\n<li>Le successeur est l&rsquo;un des enfants d&rsquo;un g\u00e9niteur narcissique malfaisant (<a href=\"https:\/\/mecahealth.com\/?page_id=5402\" data-type=\"page\" data-id=\"5402\">ne jamais dire parent<\/a> dans ce cas) qui <a href=\"https:\/\/mecahealth.com\/?page_id=1978\" data-type=\"page\" data-id=\"1978\">animalement dominant<\/a>, plut\u00f4t que de tomber dans la domination absolue qu&rsquo;attend le g\u00e9niteur, il utilisera les m\u00eames stratag\u00e8mes pour retourner la situation un jour. S&rsquo;ils sont brillants, il y arrive d\u00e8s l&rsquo;enfance et ce sont les autres qui en subissent encore plus les cons\u00e9quence. Ce sont g\u00e9n\u00e9ralement les cas les plus malsains \u00e0 l&rsquo;\u00e2ge adulte. Plus ils sortent tard de l&#8217;emprise familial, moins ils seront efficients et g\u00e9n\u00e9ralement plus m\u00e9chants que sinueux. Ce qui n&rsquo;est pas une g\u00e9n\u00e9ralit\u00e9 absolue.<\/li>\n\n\n\n<li class=\"has-medium-font-size\">Le <a href=\"https:\/\/mecahealth.com\/?page_id=2304\" data-type=\"page\" data-id=\"2304\">frustr\u00e9<\/a> pur est la personne qui d\u00e9clenche progressivement par \u00e9chec successif un moyen de cacher son incomp\u00e9tence. Le beau-parleur comme on l&rsquo;appelle parfois dans le langage courant peut s&rsquo;av\u00e9rer un manipulateur. C&rsquo;est g\u00e9n\u00e9ralement les complex\u00e9s les plus faciles \u00e0 retourner et qui g\u00e9n\u00e9ralement s&rsquo;\u00e9crase fasse \u00e0 une comp\u00e9tence dominante apr\u00e8s un ou deux essais infructueux.<\/li>\n\n\n\n<li>Le suiveur, celui qui aime notamment l&rsquo;\u00e9mission du pr\u00e9sentateur le plus narcissique pathologique qui a appel\u00e9 son \u00e9mission de mani\u00e8re symptomatique, Touche pas \u00e0 mon poste (&#8230;). G\u00e9n\u00e9ralement, l&rsquo;eau chaude sera comprise mais pas invent\u00e9e par ce type de personnalit\u00e9 mais agit dans un groupe domin\u00e9 par un manipulateur donnant le ton de la manipulation gr\u00e9gaire (&#8230;).<\/li>\n<\/ul>\n\n\n\n<p class=\"has-medium-font-size\">Tout ce qui pr\u00e9c\u00e8de n&rsquo;est qu&rsquo;un r\u00e9sum\u00e9 et n\u00e9cessiterait plus de finesse surtout dans notre derni\u00e8re description. Chaque type de PN se g\u00e8re un peu diff\u00e9remment mais ce qui est certain, c&rsquo;est que si nous sommes sous emprise, le mieux durant un temps plus ou moins long, est la fuite totale pour trouver la confiance dans un environnement plus propice. Nous ne disons express\u00e9ment pas retrouver car ces personnes ne s&rsquo;attaquent g\u00e9n\u00e9ralement pas \u00e0 des personnes ayant v\u00e9ritablement <a href=\"https:\/\/mecahealth.com\/?page_id=2296\" data-type=\"page\" data-id=\"2296\">confiance en soi<\/a>. Ces derni\u00e8res bien souvent expriment que <em>c&rsquo;\u00e9tait trop beau<\/em> d\u00e8s le d\u00e9part mais qu&rsquo;elles ont \u00e9cout\u00e9 le sentiment de l&rsquo;entourage dup\u00e9 par l&rsquo;individu narcissique (<a href=\"https:\/\/fr.wikipedia.org\/wiki\/Effet_de_halo\">effet de Halo<\/a>)&#8230; Si le narcissique trouve ses proies, c&rsquo;est qu&rsquo;il dispose d&rsquo;une <a href=\"https:\/\/mecahealth.com\/?page_id=4337\" data-type=\"page\" data-id=\"4337\">capacit\u00e9 empathique<\/a> mais son comportement induit qu&rsquo;il n&rsquo;a pas de sentiment empathique.<\/p>\n\n\n\n<p class=\"has-medium-font-size\">Certains manipulateurs, pour avoir le pouvoir sur plus de monde facilement, se retrouvent dans le milieu du bien-\u00eatre o\u00f9 aboutissent beaucoup de personnes en questionnements et manque de confiance en soi, notamment dans le <a href=\"https:\/\/mecahealth.com\/?page_id=5837\">Yoga<\/a> mais plus particuli\u00e8rement dans ce qui est consid\u00e9r\u00e9 comme \u00e9sot\u00e9rique, l&rsquo;extr\u00eame \u00e9tant le gourou de la secte mais aussi en m\u00e9decine o\u00f9 les professionnels g\u00e9n\u00e9ralement empathes sont oblig\u00e9s de suivre le rythme impos\u00e9 par certains manipulateurs par toujours pervers mais tr\u00e8s proches. Ceux-l\u00e0 peuvent tomber dans un <a href=\"https:\/\/mecahealth.com\/?page_id=7233\" data-type=\"page\" data-id=\"7233\">burnout suivant ou non un bore-out sp\u00e9cifique<\/a>.<\/p>\n\n\n\n<p class=\"has-medium-font-size\">D\u00e9veloppement ult\u00e9rieur ou lors de <a href=\"https:\/\/mecahealth.com\/?page_id=146\" data-type=\"page\" data-id=\"146\">formations ou conf\u00e9rences<\/a><\/p>\n\n\n\n<p>(&#8230;)<\/p>\n\n\n\n<p><em>L&rsquo;amour vendu aux plus sensibles par des putains de vicieux <\/em>(Zaho de Sagazan) Une chanson qui en dit long&#8230;<\/p>\n\n\n\n<figure class=\"wp-block-embed is-type-rich is-provider-spotify wp-block-embed-spotify wp-embed-aspect-21-9 wp-has-aspect-ratio\"><div class=\"wp-block-embed__wrapper\">\n<iframe title=\"Spotify Embed: Les dormantes\" style=\"border-radius: 12px\" width=\"100%\" height=\"152\" frameborder=\"0\" allowfullscreen allow=\"autoplay; clipboard-write; encrypted-media; fullscreen; picture-in-picture\" loading=\"lazy\" src=\"https:\/\/open.spotify.com\/embed\/track\/7gTVDmm25tOQwwkLmErWr0?si=d86c2bc2650c4676&#038;utm_source=oembed\"><\/iframe>\n<\/div><\/figure>\n\n\n\n<h2 class=\"wp-block-heading has-medium-font-size\">Revenir au chapitre <a href=\"https:\/\/mecahealth.com\/?page_id=75\" data-type=\"page\" data-id=\"75\"><em>Corps psychique<\/em><\/a>, <em><a href=\"https:\/\/mecahealth.com\/?page_id=474\" data-type=\"page\" data-id=\"474\">Exemples<\/a><\/em> ou \u00e0 la page <em><a href=\"https:\/\/mecahealth.com\/?page_id=6134\" data-type=\"page\" data-id=\"6134\">Toxique ou manipulateur<\/a><\/em><\/h2>\n","protected":false},"excerpt":{"rendered":"<p>Attention \u00e0 lire les consignes avant de lire toute page d&rsquo;un site sant\u00e9 ! L&rsquo;amour vendu aux plus sensibles par des putains de vicieux (Zaho de Sagazan) Alors que certains vous r\u00e9digeront des livres entiers sur le sujet, nous nous contenterons d&rsquo;une page de laquelle, vous ne pourrez vous contentez,<a href=\"https:\/\/mecahealth.com\/?page_id=5847\" class=\"read-more\">Read More&#8230;<\/a><\/p>\n","protected":false},"author":1,"featured_media":0,"parent":0,"menu_order":0,"comment_status":"closed","ping_status":"closed","template":"","meta":{"footnotes":""},"class_list":["post-5847","page","type-page","status-publish","hentry"],"jetpack_sharing_enabled":true,"_links":{"self":[{"href":"https:\/\/mecahealth.com\/index.php?rest_route=\/wp\/v2\/pages\/5847","targetHints":{"allow":["GET"]}}],"collection":[{"href":"https:\/\/mecahealth.com\/index.php?rest_route=\/wp\/v2\/pages"}],"about":[{"href":"https:\/\/mecahealth.com\/index.php?rest_route=\/wp\/v2\/types\/page"}],"author":[{"embeddable":true,"href":"https:\/\/mecahealth.com\/index.php?rest_route=\/wp\/v2\/users\/1"}],"replies":[{"embeddable":true,"href":"https:\/\/mecahealth.com\/index.php?rest_route=%2Fwp%2Fv2%2Fcomments&post=5847"}],"version-history":[{"count":36,"href":"https:\/\/mecahealth.com\/index.php?rest_route=\/wp\/v2\/pages\/5847\/revisions"}],"predecessor-version":[{"id":7654,"href":"https:\/\/mecahealth.com\/index.php?rest_route=\/wp\/v2\/pages\/5847\/revisions\/7654"}],"wp:attachment":[{"href":"https:\/\/mecahealth.com\/index.php?rest_route=%2Fwp%2Fv2%2Fmedia&parent=5847"}],"curies":[{"name":"wp","href":"https:\/\/api.w.org\/{rel}","templated":true}]}}