{"id":5837,"date":"2023-10-29T17:08:04","date_gmt":"2023-10-29T16:08:04","guid":{"rendered":"https:\/\/mecahealth.com\/?page_id=5837"},"modified":"2023-10-29T17:33:23","modified_gmt":"2023-10-29T16:33:23","slug":"sport-yoga-et-relaxation","status":"publish","type":"page","link":"https:\/\/mecahealth.com\/?page_id=5837","title":{"rendered":"Sport : yoga et relaxation"},"content":{"rendered":"\n<p class=\"has-medium-font-size\"><a href=\"https:\/\/mecahealth.com\/?page_id=122\">Attention \u00e0 lire les consignes avant de lire toute page d&rsquo;un site sant\u00e9 !<\/a><\/p>\n\n\n\n<figure class=\"wp-block-image size-full is-style-rounded\"><img loading=\"lazy\" decoding=\"async\" width=\"330\" height=\"330\" src=\"https:\/\/mecahealth.com\/wp-content\/uploads\/2023\/10\/MecaHealth-yoga.jpg\" alt=\"\" class=\"wp-image-5845\" srcset=\"https:\/\/mecahealth.com\/wp-content\/uploads\/2023\/10\/MecaHealth-yoga.jpg 330w, https:\/\/mecahealth.com\/wp-content\/uploads\/2023\/10\/MecaHealth-yoga-300x300.jpg 300w, https:\/\/mecahealth.com\/wp-content\/uploads\/2023\/10\/MecaHealth-yoga-150x150.jpg 150w\" sizes=\"auto, (max-width: 330px) 100vw, 330px\" \/><\/figure>\n\n\n\n<p class=\"has-medium-font-size\">La trottinette comme tout sport, se fait en respectant les <a href=\"https:\/\/mecahealth.com\/?page_id=259\" data-type=\"page\" data-id=\"259\">r\u00e8gles \u00e9l\u00e9mentaires<\/a> de tout exercice.<\/p>\n\n\n\n<h2 class=\"wp-block-heading has-large-font-size\">Avantages<\/h2>\n\n\n\n<p class=\"has-medium-font-size\">Le yoga est une discipline ancienne qui implique une s\u00e9rie de postures, de m\u00e9ditations et de techniques de respiration visant \u00e0 favoriser la sant\u00e9 physique et mentale. Les avantages du yoga sont nombreux. Les postures (asanas) am\u00e9liorent la flexibilit\u00e9 en \u00e9tirant les muscles et les articulations, renforcent la musculature, et d\u00e9veloppent l&rsquo;\u00e9quilibre. La m\u00e9ditation et la respiration profonde aident \u00e0 r\u00e9duire le stress, \u00e0 augmenter la concentration, et \u00e0 favoriser le bien-\u00eatre \u00e9motionnel.<\/p>\n\n\n\n<p class=\"has-medium-font-size\">Le yoga n&rsquo;est pas qu&rsquo;un travail de relaxation et par les mouvements et \u00e9tirements pratiqu\u00e9s permet de compl\u00e9ter le bien-\u00eatre li\u00e9 directement \u00e0 la respiration et \u00e0 la m\u00e9ditation \u00e0 un <a href=\"https:\/\/mecahealth.com\/?page_id=1166\" data-type=\"page\" data-id=\"1166\">\u00e9tirement des structures musculaires<\/a>.<\/p>\n\n\n\n<h2 class=\"wp-block-heading has-large-font-size\">Inconv\u00e9nients<\/h2>\n\n\n\n<p class=\"has-medium-font-size\">Il existe des inconv\u00e9nients potentiels pour le yoga alors que tr\u00e8s peu pour la relaxation. Certaines personnes, en raison de probl\u00e8mes m\u00e9dicaux, peuvent trouver que certaines postures leur sont contre-indiqu\u00e9es, par exemple en cas de blessures, de maladies cardiaques ou plus rarement de troubles mentaux. De plus, si les postures sont mal ex\u00e9cut\u00e9es, elles peuvent entra\u00eener des blessures voire des <a href=\"https:\/\/mecahealth.com\/?page_id=2203\" data-type=\"page\" data-id=\"2203\">troubles respiratoires dans un cas extr\u00eame<\/a>, surtout dans les formes de yoga plus intenses. Il est donc essentiel de suivre des cours avec un instructeur qualifi\u00e9 qui peut adapter la pratique \u00e0 vos besoins individuels. Avant de commencer le yoga, il est sage de consulter un professionnel de la sant\u00e9 pour d\u00e9terminer si c&rsquo;est une option appropri\u00e9e pour vous.<\/p>\n\n\n\n<p class=\"has-medium-font-size\">Il est \u00e0 noter que comme toute discipline travaillant le bien-\u00eatre, il existe de potentielles d\u00e9rives de <a href=\"https:\/\/mecahealth.com\/?page_id=5847\" data-type=\"page\" data-id=\"5847\">manipulateurs<\/a> souhaitant prendre le pouvoir sur les personnes en recherche de sens (&#8230;). Nous d\u00e9velopperons ce sujet ult\u00e9rieurement qui d\u00e9coule directement de <a href=\"https:\/\/mecahealth.com\/?page_id=1974\" data-type=\"page\" data-id=\"1974\">notre besoin gr\u00e9gaire<\/a> et de bien d&rsquo;autres param\u00e8tres mais que vous pouvez d\u00e9j\u00e0 en partie comprendre via certains \u00e9crits et podcasts comme celui de madame E. Feytit. <a rel=\"noreferrer noopener\" href=\"https:\/\/open.spotify.com\/episode\/4E1M0UUuVE8bQv46FzI9dm?si=f35adce0743144f3\" target=\"_blank\">traitant d&rsquo;un exc\u00e8s particuli\u00e8rement grave mais heureusement peu fr\u00e9quent<\/a>.<\/p>\n\n\n\n<p>(&#8230;)<\/p>\n\n\n\n<h2 class=\"wp-block-heading has-medium-font-size\">Revenir au chapitre <em><a href=\"https:\/\/mecahealth.com\/?page_id=259\" data-type=\"page\" data-id=\"259\">Sports<\/a><\/em><\/h2>\n","protected":false},"excerpt":{"rendered":"<p>Attention \u00e0 lire les consignes avant de lire toute page d&rsquo;un site sant\u00e9 ! La trottinette comme tout sport, se fait en respectant les r\u00e8gles \u00e9l\u00e9mentaires de tout exercice. Avantages Le yoga est une discipline ancienne qui implique une s\u00e9rie de postures, de m\u00e9ditations et de techniques de respiration visant<a href=\"https:\/\/mecahealth.com\/?page_id=5837\" class=\"read-more\">Read More&#8230;<\/a><\/p>\n","protected":false},"author":1,"featured_media":0,"parent":0,"menu_order":0,"comment_status":"closed","ping_status":"closed","template":"","meta":{"footnotes":""},"class_list":["post-5837","page","type-page","status-publish","hentry"],"jetpack_sharing_enabled":true,"_links":{"self":[{"href":"https:\/\/mecahealth.com\/index.php?rest_route=\/wp\/v2\/pages\/5837","targetHints":{"allow":["GET"]}}],"collection":[{"href":"https:\/\/mecahealth.com\/index.php?rest_route=\/wp\/v2\/pages"}],"about":[{"href":"https:\/\/mecahealth.com\/index.php?rest_route=\/wp\/v2\/types\/page"}],"author":[{"embeddable":true,"href":"https:\/\/mecahealth.com\/index.php?rest_route=\/wp\/v2\/users\/1"}],"replies":[{"embeddable":true,"href":"https:\/\/mecahealth.com\/index.php?rest_route=%2Fwp%2Fv2%2Fcomments&post=5837"}],"version-history":[{"count":7,"href":"https:\/\/mecahealth.com\/index.php?rest_route=\/wp\/v2\/pages\/5837\/revisions"}],"predecessor-version":[{"id":5848,"href":"https:\/\/mecahealth.com\/index.php?rest_route=\/wp\/v2\/pages\/5837\/revisions\/5848"}],"wp:attachment":[{"href":"https:\/\/mecahealth.com\/index.php?rest_route=%2Fwp%2Fv2%2Fmedia&parent=5837"}],"curies":[{"name":"wp","href":"https:\/\/api.w.org\/{rel}","templated":true}]}}