{"id":5778,"date":"2023-10-29T13:47:58","date_gmt":"2023-10-29T12:47:58","guid":{"rendered":"https:\/\/mecahealth.com\/?page_id=5778"},"modified":"2023-10-29T16:14:00","modified_gmt":"2023-10-29T15:14:00","slug":"psycho-se-garer","status":"publish","type":"page","link":"https:\/\/mecahealth.com\/?page_id=5778","title":{"rendered":"Psycho : Se garer"},"content":{"rendered":"\n<p class=\"has-medium-font-size\"><a href=\"https:\/\/mecahealth.com\/?page_id=122\"><\/a><a style=\"font-size: revert;\" href=\"https:\/\/mecahealth.com\/?page_id=122\">Attention \u00e0 lire les consignes avant de lire toute page d&rsquo;un site sant\u00e9 !<\/a> <\/p>\n\n\n\n<figure class=\"wp-block-image size-full is-style-rounded\"><img loading=\"lazy\" decoding=\"async\" width=\"330\" height=\"330\" src=\"https:\/\/mecahealth.com\/wp-content\/uploads\/2023\/10\/MecaHealth-se-garer-1.jpg\" alt=\"\" class=\"wp-image-5794\" srcset=\"https:\/\/mecahealth.com\/wp-content\/uploads\/2023\/10\/MecaHealth-se-garer-1.jpg 330w, https:\/\/mecahealth.com\/wp-content\/uploads\/2023\/10\/MecaHealth-se-garer-1-300x300.jpg 300w, https:\/\/mecahealth.com\/wp-content\/uploads\/2023\/10\/MecaHealth-se-garer-1-150x150.jpg 150w\" sizes=\"auto, (max-width: 330px) 100vw, 330px\" \/><\/figure>\n\n\n\n<h2 class=\"wp-block-heading has-large-font-size\">Avant ou arri\u00e8re telle est la question<\/h2>\n\n\n\n<p class=\"has-medium-font-size\">Vous comprendrez ais\u00e9ment que la photo n&rsquo;est destin\u00e9e qu&rsquo;\u00e0 s\u00e9duire certains profils ou interpeller d&rsquo;autres qui auraient voulu voir un v\u00e9lo dans la repr\u00e9sentation (humour). Si cette boutade ne fait pas sourire du tout, faire un tour du c\u00f4t\u00e9 de la <a href=\"https:\/\/mecahealth.com\/?page_id=2304\" data-type=\"page\" data-id=\"2304\">page en lien<\/a> permet de mieux comprendre pourquoi, nous le relevons.<\/p>\n\n\n\n<p class=\"has-medium-font-size\">Dans le cadre des objectifs du site, nous avons plac\u00e9 la page <em>Se garer<\/em> dans la <a rel=\"noreferrer noopener\" href=\"https:\/\/mecahealth.com\/?page_id=127\" data-type=\"page\" data-id=\"127\" target=\"_blank\">rubrique <em>Psycho<\/em><\/a> car la conduite refl\u00e8te une part de ce que nous sommes. Se parquer ne d\u00e9roge pas \u00e0 la r\u00e8gle m\u00eame si <a href=\"https:\/\/mecahealth.com\/?page_id=521\" data-type=\"page\" data-id=\"521\">la conduite<\/a> sur route et autoroute nous apporte plus d&rsquo;informations encore sur la nature d&rsquo;un conducteur (d\u00e9veloppement psy ult\u00e9rieurement) ; la <a href=\"https:\/\/mecahealth.com\/?page_id=812\" data-type=\"page\" data-id=\"812\">conduite sportive<\/a> sur circuit est une action \u00e0 analyser distinctement.<\/p>\n\n\n\n<p class=\"has-medium-font-size\">Nous n&rsquo;\u00e9voquons pas le stationnement dit longitudinal en d\u00e9tails mais celui transversal. Le premier n\u00e9cessite surtout de bien comprendre que la man\u0153uvre doit se faire en <a href=\"https:\/\/mecahealth.com\/?page_id=3499\" data-type=\"page\" data-id=\"3499\">positionnant la t\u00eate correctement (menton l\u00e9g\u00e8rement rentr\u00e9, etc.)<\/a> pour pr\u00e9server la nuque et le dos.<\/p>\n\n\n\n<p class=\"has-small-font-size\">La r\u00e9flexion qui suit sur le stationnement transversal devrait aider \u00e9galement les municipalit\u00e9s et communes \u00e0 faire des choix plus judicieux au niveau des stationnements dit en \u00e9pi (oblique).<\/p>\n\n\n\n<p class=\"has-medium-font-size\">La plupart des conducteurs adoptent la version marche avant pour diff\u00e9rentes raisons. Ce qui ressort dans une zone commerciale est le besoin de placer les courses dans son coffre apr\u00e8s avoir effectu\u00e9 ses achats. Ce positionnement peut \u00eatre consid\u00e9r\u00e9 comme logique et essentiel corporellement puisque cela <a href=\"https:\/\/mecahealth.com\/?page_id=5786\" data-type=\"page\" data-id=\"5786\">\u00e9vite en partie de se tordre lors du remplissage<\/a>.<\/p>\n\n\n\n<p class=\"has-medium-font-size\">Par contre, la r\u00e9flexion est autre quand il s&rsquo;agit de stationner chez soi. En effet, m\u00eame s&rsquo;il nous arrive de rentrer chez soi apr\u00e8s des courses, ce n&rsquo;est pas pour autant que la version <em>Nez en premier<\/em> est la meilleure des solutions. Il s&rsquo;agit en r\u00e9alit\u00e9 d&rsquo;une version ne n\u00e9cessitant pas de v\u00e9ritable(s) r\u00e9flexion(s). Nous n&rsquo;avons pas envie de r\u00e9fl\u00e9chir apr\u00e8s une journ\u00e9e de travail ou de t\u00e2ches diverses. Ce manque de volont\u00e9 qui n&rsquo;en est pas un v\u00e9ritable, peut \u00eatre consid\u00e9r\u00e9 comme naturel animalement parlant mais il entra\u00eene assez r\u00e9guli\u00e8rement des difficult\u00e9s physiques et m\u00eame psychiques lors du red\u00e9marrage.<\/p>\n\n\n\n<p class=\"has-medium-font-size\">Quand nous arrivons pr\u00e8s d&rsquo;une zone de stationnement, nous sommes oblig\u00e9s en principe de regarder qu&rsquo;il n&rsquo;y a personne derri\u00e8re soi et de mettre notre clignotant afin d&rsquo;\u00e9viter de se retrouver avec un <a href=\"https:\/\/mecahealth.com\/?page_id=2304\" data-type=\"page\" data-id=\"2304\"><em>colle-au-cul<\/em> <\/a><em><a href=\"https:\/\/mecahealth.com\/?page_id=2304\" data-type=\"page\" data-id=\"2304\">frustr\u00e9<\/a> <\/em>ou distrait au moment de stationner. En arrivant, nous sommes en mesure de voir ce qui nous entoure. Le lendemain par contre, en reprenant notre v\u00e9hicule dans cette position, nous ne pouvons pas forc\u00e9ment voir ais\u00e9ment les voitures arriver. Ne pouvant <a href=\"https:\/\/mecahealth.com\/?page_id=4337\" data-type=\"page\" data-id=\"4337\">pas compter sur l&rsquo;altruisme<\/a> matinal de chacun, selon la voie sur laquelle nous tentons de nous ins\u00e9rer, nous pouvons rester un temps consid\u00e9rable \u00e0 attendre le bon vouloir d&rsquo;autrui. Ce qui entra\u00eene d\u00e8s le d\u00e9but de la journ\u00e9e un stress chez certains et peut-\u00eatre des cons\u00e9quences sur l&rsquo;entourage priv\u00e9 comme professionnel (&#8230;). De plus, comme la nuque n&rsquo;est souvent <a href=\"https:\/\/mecahealth.com\/?page_id=481\" data-type=\"page\" data-id=\"481\">pas encore \u00e9chauff\u00e9e<\/a>, il n&rsquo;est pas rare que le torticolis matinal commencer durant cette man\u0153uvre prolongeant la <a href=\"https:\/\/mecahealth.com\/?page_id=3499\" data-type=\"page\" data-id=\"3499\">rotation de la t\u00eate<\/a> intens\u00e9ment (m\u00eame si la <a href=\"https:\/\/mecahealth.com\/?page_id=286\" data-type=\"page\" data-id=\"286\">posture nocturne<\/a> est la cause premi\u00e8re la plupart du temps).<\/p>\n\n\n\n<p class=\"has-medium-font-size\">Pr\u00e9f\u00e9rez donc d&rsquo;anticiper suffisamment pour \u00e9viter le fameux <em>colle-au-cul (souvent distrait et parfois frustr\u00e9)<\/em> en pla\u00e7ant votre clignotant (indicateur) \u00e0 temps, pour assurer une marche arri\u00e8re dans ce type de stationnement. Vous \u00e9viterez ainsi le stress matinal et les risques pour la nuque (<a href=\"https:\/\/mecahealth.com\/?page_id=205\" data-type=\"page\" data-id=\"205\">cervicalgies<\/a>) mais \u00e9galement pour le dos (<a href=\"https:\/\/mecahealth.com\/?page_id=212\" data-type=\"page\" data-id=\"212\">lombalgies<\/a> ou <a href=\"https:\/\/mecahealth.com\/?page_id=207\" data-type=\"page\" data-id=\"207\">dorsalgies<\/a>).<\/p>\n\n\n\n<p class=\"has-medium-font-size\">(&#8230;)<\/p>\n\n\n\n<p><h2 class=\"wp-block-heading\"><span style=\"color: initial; font-size: var(--wp--preset--font-size--medium) ; font-weight: revert;\">Abonnez-vous sur nos diff\u00e9rentes pages pour \u00eatre averti(s) des nouvelles mises en ligne&#8230;<\/span><\/h2><p class=\"has-small-font-size\"><a rel=\"noreferrer noopener\" href=\"https:\/\/www.facebook.com\/MecaHealthAsbl\" target=\"_blank\">Facebook MecaHealthAsbl<\/a><strong> &#8211; <\/strong><a rel=\"noreferrer noopener\" href=\"https:\/\/www.linkedin.com\/company\/mecahealth\/\" target=\"_blank\">Linkedin MecaHealth<\/a><strong> &#8211; <\/strong><a rel=\"noreferrer noopener\" href=\"https:\/\/www.youtube.com\/channel\/UCJb5g--IGlU6FgQLQKaJljg\" target=\"_blank\">Youtube cha\u00eene MecaHealth<\/a><strong> &#8211; Instagram (pas encore)<\/strong><\/p><\/p>\n\n\n\n<h2 class=\"wp-block-heading has-medium-font-size\">Revenir au chapitre<em> <a href=\"https:\/\/mecahealth.com\/?page_id=127\" data-type=\"page\" data-id=\"127\">Corps psychique<\/a><\/em> ou au chapitre <a href=\"https:\/\/mecahealth.com\/?page_id=186\" data-type=\"page\" data-id=\"186\"><em>Situations courantes<\/em><\/a><\/h2>\n","protected":false},"excerpt":{"rendered":"<p>Attention \u00e0 lire les consignes avant de lire toute page d&rsquo;un site sant\u00e9 ! Avant ou arri\u00e8re telle est la question Vous comprendrez ais\u00e9ment que la photo n&rsquo;est destin\u00e9e qu&rsquo;\u00e0 s\u00e9duire certains profils ou interpeller d&rsquo;autres qui auraient voulu voir un v\u00e9lo dans la repr\u00e9sentation (humour). Si cette boutade ne<a href=\"https:\/\/mecahealth.com\/?page_id=5778\" class=\"read-more\">Read More&#8230;<\/a><\/p>\n","protected":false},"author":1,"featured_media":0,"parent":0,"menu_order":0,"comment_status":"closed","ping_status":"closed","template":"","meta":{"footnotes":""},"class_list":["post-5778","page","type-page","status-publish","hentry"],"jetpack_sharing_enabled":true,"_links":{"self":[{"href":"https:\/\/mecahealth.com\/index.php?rest_route=\/wp\/v2\/pages\/5778","targetHints":{"allow":["GET"]}}],"collection":[{"href":"https:\/\/mecahealth.com\/index.php?rest_route=\/wp\/v2\/pages"}],"about":[{"href":"https:\/\/mecahealth.com\/index.php?rest_route=\/wp\/v2\/types\/page"}],"author":[{"embeddable":true,"href":"https:\/\/mecahealth.com\/index.php?rest_route=\/wp\/v2\/users\/1"}],"replies":[{"embeddable":true,"href":"https:\/\/mecahealth.com\/index.php?rest_route=%2Fwp%2Fv2%2Fcomments&post=5778"}],"version-history":[{"count":9,"href":"https:\/\/mecahealth.com\/index.php?rest_route=\/wp\/v2\/pages\/5778\/revisions"}],"predecessor-version":[{"id":5817,"href":"https:\/\/mecahealth.com\/index.php?rest_route=\/wp\/v2\/pages\/5778\/revisions\/5817"}],"wp:attachment":[{"href":"https:\/\/mecahealth.com\/index.php?rest_route=%2Fwp%2Fv2%2Fmedia&parent=5778"}],"curies":[{"name":"wp","href":"https:\/\/api.w.org\/{rel}","templated":true}]}}