{"id":5681,"date":"2023-10-22T21:32:43","date_gmt":"2023-10-22T19:32:43","guid":{"rendered":"https:\/\/mecahealth.com\/?page_id=5681"},"modified":"2025-03-03T00:15:18","modified_gmt":"2025-03-02T23:15:18","slug":"situation-post-partum","status":"publish","type":"page","link":"https:\/\/mecahealth.com\/?page_id=5681","title":{"rendered":"Situation : post-partum"},"content":{"rendered":"\n<p class=\"has-medium-font-size\"><a href=\"https:\/\/mecahealth.com\/?page_id=122\"><\/a><a style=\"font-size: revert;\" href=\"https:\/\/mecahealth.com\/?page_id=122\">Attention \u00e0 lire les consignes avant de lire toute page d&rsquo;un site sant\u00e9 !<\/a> <\/p>\n\n\n\n<figure class=\"wp-block-image size-full is-style-rounded\"><img loading=\"lazy\" decoding=\"async\" width=\"330\" height=\"330\" src=\"https:\/\/mecahealth.com\/wp-content\/uploads\/2023\/10\/MecaHealth-post-partum.png\" alt=\"\" class=\"wp-image-5682\" srcset=\"https:\/\/mecahealth.com\/wp-content\/uploads\/2023\/10\/MecaHealth-post-partum.png 330w, https:\/\/mecahealth.com\/wp-content\/uploads\/2023\/10\/MecaHealth-post-partum-300x300.png 300w, https:\/\/mecahealth.com\/wp-content\/uploads\/2023\/10\/MecaHealth-post-partum-150x150.png 150w\" sizes=\"auto, (max-width: 330px) 100vw, 330px\" \/><\/figure>\n\n\n\n<h2 class=\"wp-block-heading has-large-font-size\">Besoins distincts&#8230;<\/h2>\n\n\n\n<p class=\"has-medium-font-size\">Le post-partum est la p\u00e9riode post-accouchement qui suit imm\u00e9diatement la naissance d&rsquo;un b\u00e9b\u00e9. Cette p\u00e9riode diff\u00e8re largement d&rsquo;une femme \u00e0 l&rsquo;autre selon diff\u00e9rents facteurs tels que le type d&rsquo;accouchement, les difficult\u00e9s rencontr\u00e9es durant la grossesse, l&rsquo;entourage direct (compagnon\/compagne), le soutien familial, et notamment la sant\u00e9 et le rythme de l&rsquo;enfant (&#8230;). <\/p>\n\n\n\n<p class=\"has-medium-font-size\">Voici quelques-unes des difficult\u00e9s couramment rencontr\u00e9es en post-partum par les femmes que nous d\u00e9velopperons prochainement :<\/p>\n\n\n\n<ol class=\"has-medium-font-size wp-block-list\">\n<li class=\"has-medium-font-size\">Douleur et r\u00e9cup\u00e9ration : Apr\u00e8s l&rsquo;accouchement, les femmes peuvent ressentir des douleurs, en particulier si elles ont subi une c\u00e9sarienne ou un accouchement compliqu\u00e9 par <em>voie basse<\/em>. La r\u00e9cup\u00e9ration peut \u00eatre difficile et douloureuse. Si celles-ci ne sont pas trop intenses, les mouvements de <a href=\"https:\/\/mecahealth.com\/?page_id=1565\" data-type=\"page\" data-id=\"1565\">rentr\u00e9s de ventre<\/a> peuvent d\u00e9j\u00e0 \u00eatre r\u00e9alis\u00e9s, non pas dans un objectif de &lsquo;rendement&rsquo; de temps ni de qualit\u00e9 de mouvements mais pour stimuler la contractilit\u00e9 des muscles <a href=\"https:\/\/mecahealth.com\/?page_id=615\" data-type=\"page\" data-id=\"615\">abdominaux <strong>transverses<\/strong><\/a>. Plus ils auront \u00e9t\u00e9 stimul\u00e9s durant la grossesse, plus facilement les fibres musculaires seront faciles \u00e0 recruter. Inutile \u00e0 ce stade d&rsquo;intensifier les mouvements ou la force de ceux-ci. L&rsquo;objectif n&rsquo;est pas encore le raccourcissement mais d&rsquo;\u00e9viter les risques de trop grandes pressions. Apr\u00e8s que le ventre ait r\u00e9appris \u00e0 rentrer, apr\u00e8s deux semaines environ, travailler la <a href=\"https:\/\/mecahealth.com\/?page_id=808\" data-type=\"page\" data-id=\"808\">bascule du bassin<\/a> permettra de raccourcir le ventre progressivement. Attention pour rappel, le ventre rentre \u00e0 chaque effort (&#8230;)<\/li>\n\n\n\n<li>Incontinence urinaire : L&rsquo;accouchement peut entra\u00eener une faiblesse des muscles pelviens mais surtout d&rsquo;un rallongement des ligaments qui soutiennent la vessie, ce qui peut entra\u00eener des probl\u00e8mes d&rsquo;<a href=\"https:\/\/mecahealth.com\/?page_id=491\" data-type=\"page\" data-id=\"491\">incontinence urinaire<\/a> (IU). Ce n&rsquo;est ni une fatalit\u00e9 ni non plus rare d&rsquo;observer des IU survenir ult\u00e9rieurement. Il est important de faire une <a href=\"https:\/\/mecahealth.com\/?page_id=1565\" data-type=\"page\" data-id=\"1565\">gymnastique abdominale pr\u00e9ventive<\/a>.<\/li>\n\n\n\n<li class=\"has-medium-font-size\">Fatigue : Les nuits blanches, les soins du b\u00e9b\u00e9 et les contraintes physiques de l&rsquo;accouchement peuvent entra\u00eener une fatigue importante.<\/li>\n\n\n\n<li>D\u00e9pression post-partum : Certaines femmes d\u00e9veloppent une d\u00e9pression post-partum, qui est une forme de d\u00e9pression li\u00e9e \u00e0 la maternit\u00e9. Elle peut survenir \u00e0 tout moment au cours de la premi\u00e8re ann\u00e9e apr\u00e8s la naissance.<\/li>\n\n\n\n<li>Anxi\u00e9t\u00e9 : L&rsquo;anxi\u00e9t\u00e9 est fr\u00e9quente en post-partum, avec des pr\u00e9occupations li\u00e9es au bien-\u00eatre du b\u00e9b\u00e9, aux changements dans la vie de la m\u00e8re, et aux nouvelles responsabilit\u00e9s.<\/li>\n\n\n\n<li>Changements hormonaux : Les fluctuations hormonales qui accompagnent la grossesse et l&rsquo;accouchement peuvent entra\u00eener des sautes d&rsquo;humeur, de l&rsquo;irritabilit\u00e9 et des probl\u00e8mes \u00e9motionnels.<\/li>\n\n\n\n<li>Douleurs \u00e0 la poitrine et allaitement : Les douleurs mammaires et les probl\u00e8mes d&rsquo;allaitement, comme les engorgements, les crevasses et les infections, peuvent survenir.<\/li>\n\n\n\n<li>Probl\u00e8mes de sommeil : Les b\u00e9b\u00e9s ont des cycles de sommeil irr\u00e9guliers, ce qui peut perturber le sommeil de la m\u00e8re et du compagnon\/compagne. Les parents tant que possible devraient travailler au plus t\u00f4t les <a href=\"https:\/\/mecahealth.com\/?page_id=270\" data-type=\"page\" data-id=\"270\">bonnes habitudes \u00e0 suivre avant de s&rsquo;endormir<\/a>.<\/li>\n\n\n\n<li>Changements corporels : Les femmes peuvent ressentir des inqui\u00e9tudes concernant les changements corporels apr\u00e8s l&rsquo;accouchement, y compris la <a href=\"https:\/\/mecahealth.com\/?page_id=395\" data-type=\"page\" data-id=\"395\">prise de poids<\/a>, les vergetures et les changements de la poitrine.<\/li>\n\n\n\n<li>Stress relationnel : La dynamique des relations familiales et de couple peut \u00eatre mise \u00e0 l&rsquo;\u00e9preuve pendant la transition vers la parentalit\u00e9. Chaque situation de couple ou de famille \u00e9tant diff\u00e9rente, nous ne d\u00e9velopperons pas de pages pour l&rsquo;instant mais intervenons en direct sur la r\u00e9gion bruxelloise.<\/li>\n<\/ol>\n\n\n\n<p class=\"has-medium-font-size\">Les soins m\u00e9dicaux, le soutien social et la communication ouverte avec un professionnel de la sant\u00e9 sont essentiels pour aider les femmes \u00e0 faire face aux d\u00e9fis du post-partum et \u00e0 s&rsquo;assurer qu&rsquo;elles re\u00e7oivent l&rsquo;aide dont elles ont besoin.<\/p>\n\n\n\n<p class=\"has-large-font-size\">Une chanson \u00e0 \u00e9couter en boucle pour retrouver le ventre protecteur (<a href=\"https:\/\/youtube.com\/shorts\/vQa1i-iskt4\" target=\"_blank\" rel=\"noreferrer noopener\">version Slow<\/a>) ou\u00a0<a href=\"https:\/\/youtube.com\/shorts\/2RC9ro1ZTjo\" target=\"_blank\" rel=\"noreferrer noopener\">version Rock<\/a>\u00a0:<\/p>\n\n\n\n<figure class=\"wp-block-embed is-type-video is-provider-youtube wp-block-embed-youtube wp-embed-aspect-4-3 wp-has-aspect-ratio\"><div class=\"wp-block-embed__wrapper\">\n<iframe loading=\"lazy\" title=\"MecaHealth by Lelitch -  Rentre Ton Ventre (slow version)\" width=\"600\" height=\"450\" src=\"https:\/\/www.youtube.com\/embed\/vQa1i-iskt4?feature=oembed\" frameborder=\"0\" allow=\"accelerometer; autoplay; clipboard-write; encrypted-media; gyroscope; picture-in-picture; web-share\" referrerpolicy=\"strict-origin-when-cross-origin\" allowfullscreen><\/iframe>\n<\/div><\/figure>\n\n\n\n<p><\/p>\n\n\n\n<p>(&#8230;)<\/p>\n\n\n\n<h2 class=\"wp-block-heading\"><span style=\"color: initial; font-size: var(--wp--preset--font-size--medium) ; font-weight: revert;\">Abonnez-vous sur nos diff\u00e9rentes pages pour \u00eatre averti(s) des nouvelles mises en ligne&#8230;<\/span><\/h2>\n\n\n\n<p class=\"has-small-font-size\"><a rel=\"noreferrer noopener\" href=\"https:\/\/www.facebook.com\/MecaHealthAsbl\" target=\"_blank\">Facebook MecaHealthAsbl<\/a><strong> &#8211; <\/strong><a rel=\"noreferrer noopener\" href=\"https:\/\/www.linkedin.com\/company\/mecahealth\/\" target=\"_blank\">Linkedin MecaHealth<\/a><strong> &#8211; <\/strong><a rel=\"noreferrer noopener\" href=\"https:\/\/www.youtube.com\/channel\/UCJb5g--IGlU6FgQLQKaJljg\" target=\"_blank\">Youtube cha\u00eene MecaHealth<\/a><strong> &#8211; Instagram (pas encore)<\/strong><\/p>\n\n\n\n<h2 class=\"wp-block-heading has-medium-font-size\">Revenir au chapitre<em> <a href=\"https:\/\/mecahealth.com\/?page_id=127\" data-type=\"page\" data-id=\"127\">Corps psychique<\/a><\/em> ou la page<em> <a href=\"https:\/\/mecahealth.com\/?page_id=5275\" data-type=\"page\" data-id=\"5275\">Grossesse<\/a><\/em><\/h2>\n","protected":false},"excerpt":{"rendered":"<p>Attention \u00e0 lire les consignes avant de lire toute page d&rsquo;un site sant\u00e9 ! Besoins distincts&#8230; Le post-partum est la p\u00e9riode post-accouchement qui suit imm\u00e9diatement la naissance d&rsquo;un b\u00e9b\u00e9. Cette p\u00e9riode diff\u00e8re largement d&rsquo;une femme \u00e0 l&rsquo;autre selon diff\u00e9rents facteurs tels que le type d&rsquo;accouchement, les difficult\u00e9s rencontr\u00e9es durant la<a href=\"https:\/\/mecahealth.com\/?page_id=5681\" class=\"read-more\">Read More&#8230;<\/a><\/p>\n","protected":false},"author":1,"featured_media":0,"parent":0,"menu_order":0,"comment_status":"closed","ping_status":"closed","template":"","meta":{"footnotes":""},"class_list":["post-5681","page","type-page","status-publish","hentry"],"jetpack_sharing_enabled":true,"_links":{"self":[{"href":"https:\/\/mecahealth.com\/index.php?rest_route=\/wp\/v2\/pages\/5681","targetHints":{"allow":["GET"]}}],"collection":[{"href":"https:\/\/mecahealth.com\/index.php?rest_route=\/wp\/v2\/pages"}],"about":[{"href":"https:\/\/mecahealth.com\/index.php?rest_route=\/wp\/v2\/types\/page"}],"author":[{"embeddable":true,"href":"https:\/\/mecahealth.com\/index.php?rest_route=\/wp\/v2\/users\/1"}],"replies":[{"embeddable":true,"href":"https:\/\/mecahealth.com\/index.php?rest_route=%2Fwp%2Fv2%2Fcomments&post=5681"}],"version-history":[{"count":12,"href":"https:\/\/mecahealth.com\/index.php?rest_route=\/wp\/v2\/pages\/5681\/revisions"}],"predecessor-version":[{"id":7822,"href":"https:\/\/mecahealth.com\/index.php?rest_route=\/wp\/v2\/pages\/5681\/revisions\/7822"}],"wp:attachment":[{"href":"https:\/\/mecahealth.com\/index.php?rest_route=%2Fwp%2Fv2%2Fmedia&parent=5681"}],"curies":[{"name":"wp","href":"https:\/\/api.w.org\/{rel}","templated":true}]}}