{"id":567,"date":"2023-01-08T21:03:30","date_gmt":"2023-01-08T20:03:30","guid":{"rendered":"https:\/\/mecahealth.com\/?page_id=567"},"modified":"2025-10-13T21:16:55","modified_gmt":"2025-10-13T19:16:55","slug":"pathologie-maux-de-tete-vs-migraine","status":"publish","type":"page","link":"https:\/\/mecahealth.com\/?page_id=567","title":{"rendered":"Pathologie : maux de t\u00eate vs migraine"},"content":{"rendered":"\n<p class=\"has-small-font-size\"><a href=\"https:\/\/mecahealth.com\/?page_id=122\">Attention \u00e0 lire les consignes avant de lire toute page d&rsquo;un site sant\u00e9 !<\/a><\/p>\n\n\n\n<figure class=\"wp-block-image size-full is-style-rounded\"><img loading=\"lazy\" decoding=\"async\" width=\"330\" height=\"330\" src=\"https:\/\/mecahealth.com\/wp-content\/uploads\/2023\/01\/16-1.jpg\" alt=\"\" class=\"wp-image-586\" srcset=\"https:\/\/mecahealth.com\/wp-content\/uploads\/2023\/01\/16-1.jpg 330w, https:\/\/mecahealth.com\/wp-content\/uploads\/2023\/01\/16-1-300x300.jpg 300w, https:\/\/mecahealth.com\/wp-content\/uploads\/2023\/01\/16-1-150x150.jpg 150w\" sizes=\"auto, (max-width: 330px) 100vw, 330px\" \/><\/figure>\n\n\n\n<h3 class=\"wp-block-heading\">Les maux rencontr\u00e9s le plus couramment au niveau de la t\u00eate sont les migraines et les maux de t\u00eate.<\/h3>\n\n\n\n<p class=\"has-medium-font-size\">Ceux-ci surviennent de mani\u00e8re insidieuse et sont la traduction r\u00e9guli\u00e8rement d&rsquo;un stress, de  changements hormonaux ou de troubles digestifs. La migraine est g\u00e9n\u00e9ralement caract\u00e9ris\u00e9e par une douleur intense et pulsatile d&rsquo;un c\u00f4t\u00e9 de la t\u00eate. Elle peut \u00eatre accompagn\u00e9e de naus\u00e9es, de vomissements, de sensibilit\u00e9 \u00e0 la lumi\u00e8re (photophobie) et au son (phonophobie).<\/p>\n\n\n\n<p class=\"has-medium-font-size\">Il est \u00e0 savoir que dans environ 90% si pas plus de la client\u00e8le r\u00e9f\u00e9renc\u00e9e, les personnes souffrant r\u00e9guli\u00e8rement de migraines ne <a href=\"https:\/\/mecahealth.com\/?page_id=434\" data-type=\"page\" data-id=\"434\">boivent pas en suffisance<\/a> ou perdent r\u00e9guli\u00e8rement de l&rsquo;eau par transpiration voire plus rarement, par diarrh\u00e9es et disposent pour la plupart d&rsquo;<a href=\"https:\/\/mecahealth.com\/?page_id=4337\" data-type=\"page\" data-id=\"4337\">une sensibilit\u00e9 plus grande que la moyenne<\/a> avant m\u00eame qu&rsquo;une migraine ne se d\u00e9clenche. La photo ou phonobie ne serait donc qu&rsquo;une saturation des sens et non un sympt\u00f4me de la migraine tout comme la migraine pourrait \u00eatre consid\u00e9r\u00e9 comme telle dans de nombreux cas. Il est \u00e0 noter que, dans notre \u00e9chantillon de r\u00e9f\u00e9rence, plus de 90% des patients directement concern\u00e9s, s&rsquo;av\u00e9raient dans cette situation alors l&rsquo;un des plus grand chercheur reconnu, ne l&rsquo;avait toujours pas envisag\u00e9 aux environs de 2010. L&rsquo;une des personnes de notre \u00e9chantillon, psychologue et donc en principe form\u00e9e aux caract\u00e9ristiques humaines, suivie depuis des ann\u00e9es pour des migraines par ce que certains appelleraient cet expert, apr\u00e8s analyse de sa situation, nous a confirm\u00e9 qu&rsquo;aucun des patients de son analyse ne semblait normo-typique (&#8230;). Nous n&rsquo;affirmons donc pas que chaque migraine est le fruit d&rsquo;une saturation mentale mais qu&rsquo;elle est majoritaire mais nous ne sommes pas oppos\u00e9s \u00e0 l&rsquo;existence de facteur aggravant \u00e0 d\u00e9terminer. La <a href=\"https:\/\/mecahealth.com\/?page_id=149\" data-type=\"page\" data-id=\"149\">recherche n&rsquo;est pas prouver mais trouver<\/a> sinon cela deviendrait \u00e0 <a href=\"https:\/\/mecahealth.com\/?page_id=8131\" data-type=\"page\" data-id=\"8131\">appliquer l&rsquo;un des nombreux biais<\/a>.<\/p>\n\n\n\n<p class=\"has-medium-font-size\">D&rsquo;autres personnes habitu\u00e9es aux maux de t\u00eate, <a href=\"https:\/\/mecahealth.com\/?page_id=1940\" data-type=\"page\" data-id=\"1940\">semblent sensibles \u00e0 l&rsquo;un ou l&rsquo;autre \u00e9l\u00e9ment ingurgit\u00e9s<\/a>. L&rsquo;\u00e9l\u00e9ment le plus couramment rencontr\u00e9s est le vin blanc. M\u00eame sans \u00eatre excessif, parfois m\u00eame pour un seul verre, certains souffrent d&rsquo;une r\u00e9action \u00e0 ce type de boisson plus qu&rsquo;aux autres. Analyser ce qu&rsquo;on a ingurgit\u00e9 quelques heures avant d&rsquo;avoir mal \u00e0 la t\u00eate et comparer ces informations aux aliments ou boissons pris avant le dernier mal, indique \u00e9ventuellement si notre mal de t\u00eate est une r\u00e9action visc\u00e9rale. Dans ce cas-ci, pour le vin blanc ou des vins jeunes, ce serait la r\u00e9action aux sulfites qui expliquerait ces maux. En plus de boire en journ\u00e9e, boire <a href=\"https:\/\/mecahealth.com\/?page_id=3614\" data-type=\"page\" data-id=\"3614\">un verre d&rsquo;eau en plus pour un verre de vin<\/a> \u00e9vite la plupart des r\u00e9actions. <a href=\"https:\/\/mecahealth.com\/?page_id=1597\" data-type=\"page\" data-id=\"1597\">Les plus intol\u00e9rants<\/a> veilleront \u00e0 doubler cette quantit\u00e9 pour limiter voire \u00e9viter ces maux et pr\u00e9f\u00e9reront des vins plus vieux pour lesquels le temps aura permis l&rsquo;\u00e9vaporation de ces substances.  <\/p>\n\n\n\n<p class=\"has-medium-font-size\">D&rsquo;autres maux de t\u00eate semblent survenir suite au stress. Le stress en plus de l&rsquo;activit\u00e9 c\u00e9r\u00e9brale qu&rsquo;elle pourrait entra\u00eener, augmente souvent surtout une tension dans la nuque par redressement des \u00e9paules ou flexion ant\u00e9rieure de la t\u00eate voire une ant\u00e9riorisation de celle-ci (<a href=\"https:\/\/mecahealth.com\/?page_id=1199\" data-type=\"page\" data-id=\"1199\">mouvement de poule<\/a>). Le redressement de la flexion ant\u00e9rieure est effectu\u00e9 par des muscles s&rsquo;ins\u00e9rant \u00e0 la base de la nuque notamment.<\/p>\n\n\n\n<p class=\"has-medium-font-size\">En travaillant, ces muscles tendent \u00e0 rapprocher les vert\u00e8bres cervicales et donc compriment les nerfs passant par l\u00e0. De plus certains nerfs suivent le trajet de ces m\u00eames muscles ou des muscles du cr\u00e2ne qui sont donc comprim\u00e9s l\u00e9g\u00e8rement aussi sur une partie de leur trajet. Si la posture de la nuque n&rsquo;est pas id\u00e9ale comme c&rsquo;est souvent le cas des personnes souffrant de migraines, les vert\u00e8bres peuvent \u00eatre d\u00e9j\u00e0 comprim\u00e9es r\u00e9guli\u00e8rement et les nerfs irrit\u00e9s fr\u00e9quemment. La mauvaise posture est souvent le mouvement de poule et donc en r\u00e9alit\u00e9 un \u00e9l\u00e9ment qui accompagne les attitudes li\u00e9es au stress et pouvant donner des c\u00e9phal\u00e9es par compression si pas permanente, r\u00e9guli\u00e8re d&rsquo;un ou plusieurs nerfs.<\/p>\n\n\n\n<p class=\"has-medium-font-size\">Le traitement ou mieux la pr\u00e9vention dans ce secteur serait de :<\/p>\n\n\n\n<ul class=\"wp-block-list has-medium-font-size\">\n<li><a href=\"https:\/\/mecahealth.com\/?page_id=434\" data-type=\"page\" data-id=\"434\">boire en suffisance<\/a><\/li>\n\n\n\n<li>\u00e9viter les aliments ou boissons entra\u00eenant une r\u00e9action<\/li>\n\n\n\n<li><a href=\"https:\/\/mecahealth.com\/?page_id=2176\" data-type=\"page\" data-id=\"2176\">\u00e9tirer le visage r\u00e9guli\u00e8rement<\/a> (<a href=\"https:\/\/mecahealth.com\/?page_id=6502\" data-type=\"page\" data-id=\"6502\">d\u00e9placement tissulaire<\/a>)<\/li>\n\n\n\n<li><a href=\"https:\/\/mecahealth.com\/?page_id=6504\" data-type=\"page\" data-id=\"6504\">pointillisme des points cr\u00e2niaux<\/a><\/li>\n\n\n\n<li>se d\u00e9tendre d&rsquo;une mani\u00e8re ou d&rsquo;une autre ou en tout cas prendre conscience des tensions de nos \u00e9paules pour les rel\u00e2cher r\u00e9guli\u00e8rement<\/li>\n\n\n\n<li>corriger la posture de la nuque notamment en <a href=\"https:\/\/mecahealth.com\/?page_id=295\" data-type=\"page\" data-id=\"295\">position assise au travail<\/a> tout comme dans la plupart des <a href=\"https:\/\/mecahealth.com\/?page_id=186\" data-type=\"page\" data-id=\"186\">situations courantes<\/a> dont la <a href=\"https:\/\/mecahealth.com\/?page_id=413\" data-type=\"page\" data-id=\"413\">station debout<\/a><\/li>\n\n\n\n<li>\u00e9ventuellement <a href=\"https:\/\/mecahealth.com\/?page_id=2279\" data-type=\"page\" data-id=\"2279\">comprimer la t\u00eate par vous-m\u00eame<\/a> ou par un <a href=\"https:\/\/mecahealth.com\/?page_id=8243\" data-type=\"page\" data-id=\"8243\">osth\u00e9opathe<\/a> <\/li>\n<\/ul>\n\n\n\n<p class=\"has-medium-font-size\">Si une personne jeune apr\u00e8s un choc, ou une personne de la cinquantaine et plus, ne souffrant pas r\u00e9guli\u00e8rement de maux de t\u00eate, sent un forte compression dans la t\u00eate apr\u00e8s ou en m\u00eame temps qu&rsquo;elle se sent mal, est d\u00e9s\u00e9quilibr\u00e9e et\/ou souffre de naus\u00e9es, il est possible voire probable qu&rsquo;il s&rsquo;agisse d&rsquo;une commotion ou d&rsquo;une h\u00e9morragie c\u00e9r\u00e9brale et d&rsquo;autant plus si elle pr\u00e9sente des difficult\u00e9s \u00e0 s&rsquo;exprimer. Dans ce cas, pas la peine d&rsquo;appeler le m\u00e9decin de famille qui vous enverra sans doute lui aussi aux urgences pour \u00eatre s&rsquo;assurer de la situation. Si la personne est en \u00e9tat d&rsquo;\u00eatre transport\u00e9e, filez aux urgences sans attendre.<\/p>\n\n\n\n<p class=\"has-medium-font-size\">(&#8230;)<\/p>\n\n\n\n<h2 class=\"wp-block-heading has-medium-font-size\">Revenir au chapitre <em><a href=\"https:\/\/mecahealth.com\/?page_id=548\" data-type=\"page\" data-id=\"548\">Pathologies<\/a><\/em> ou \u00e0 la page <a href=\"https:\/\/mecahealth.com\/?page_id=2150\" data-type=\"page\" data-id=\"2150\"><em>T\u00eate<\/em><\/a><\/h2>\n","protected":false},"excerpt":{"rendered":"<p>Attention \u00e0 lire les consignes avant de lire toute page d&rsquo;un site sant\u00e9 ! Les maux rencontr\u00e9s le plus couramment au niveau de la t\u00eate sont les migraines et les maux de t\u00eate. Ceux-ci surviennent de mani\u00e8re insidieuse et sont la traduction r\u00e9guli\u00e8rement d&rsquo;un stress, de changements hormonaux ou de<a href=\"https:\/\/mecahealth.com\/?page_id=567\" class=\"read-more\">Read More&#8230;<\/a><\/p>\n","protected":false},"author":1,"featured_media":0,"parent":0,"menu_order":0,"comment_status":"closed","ping_status":"closed","template":"","meta":{"footnotes":""},"class_list":["post-567","page","type-page","status-publish","hentry"],"jetpack_sharing_enabled":true,"_links":{"self":[{"href":"https:\/\/mecahealth.com\/index.php?rest_route=\/wp\/v2\/pages\/567","targetHints":{"allow":["GET"]}}],"collection":[{"href":"https:\/\/mecahealth.com\/index.php?rest_route=\/wp\/v2\/pages"}],"about":[{"href":"https:\/\/mecahealth.com\/index.php?rest_route=\/wp\/v2\/types\/page"}],"author":[{"embeddable":true,"href":"https:\/\/mecahealth.com\/index.php?rest_route=\/wp\/v2\/users\/1"}],"replies":[{"embeddable":true,"href":"https:\/\/mecahealth.com\/index.php?rest_route=%2Fwp%2Fv2%2Fcomments&post=567"}],"version-history":[{"count":22,"href":"https:\/\/mecahealth.com\/index.php?rest_route=\/wp\/v2\/pages\/567\/revisions"}],"predecessor-version":[{"id":8281,"href":"https:\/\/mecahealth.com\/index.php?rest_route=\/wp\/v2\/pages\/567\/revisions\/8281"}],"wp:attachment":[{"href":"https:\/\/mecahealth.com\/index.php?rest_route=%2Fwp%2Fv2%2Fmedia&parent=567"}],"curies":[{"name":"wp","href":"https:\/\/api.w.org\/{rel}","templated":true}]}}