{"id":5525,"date":"2023-06-16T15:35:54","date_gmt":"2023-06-16T14:35:54","guid":{"rendered":"https:\/\/mecahealth.com\/?page_id=5525"},"modified":"2023-11-08T13:00:48","modified_gmt":"2023-11-08T12:00:48","slug":"psycho-etre-aime-ou-etre-reconnu","status":"publish","type":"page","link":"https:\/\/mecahealth.com\/?page_id=5525","title":{"rendered":"Psycho : \u00eatre aim\u00e9 ou \u00eatre reconnu"},"content":{"rendered":"\n<p class=\"has-medium-font-size\"><a href=\"https:\/\/mecahealth.com\/?page_id=122\"><a style=\"font-size: revert;\" href=\"https:\/\/mecahealth.com\/?page_id=122\">Attention \u00e0 lire les consignes avant de lire toute page d&rsquo;un site sant\u00e9 !<\/a><\/a> <\/p>\n\n\n\n<figure class=\"wp-block-image size-full is-style-rounded\"><img loading=\"lazy\" decoding=\"async\" width=\"330\" height=\"330\" src=\"https:\/\/mecahealth.com\/wp-content\/uploads\/2023\/01\/MecaHealth-entorse.jpg\" alt=\"\" class=\"wp-image-1967\" srcset=\"https:\/\/mecahealth.com\/wp-content\/uploads\/2023\/01\/MecaHealth-entorse.jpg 330w, https:\/\/mecahealth.com\/wp-content\/uploads\/2023\/01\/MecaHealth-entorse-300x300.jpg 300w, https:\/\/mecahealth.com\/wp-content\/uploads\/2023\/01\/MecaHealth-entorse-150x150.jpg 150w\" sizes=\"auto, (max-width: 330px) 100vw, 330px\" \/><\/figure>\n\n\n\n<p>Page en construction<\/p>\n\n\n\n<p><\/p>\n\n\n\n<h2 class=\"wp-block-heading has-large-font-size\">Des besoins<\/h2>\n\n\n\n<p class=\"has-medium-font-size\">Ne disposant plus de la reconnaissance par le groupe, ne ressentant l&rsquo;appartenance, &#8230;.<\/p>\n\n\n\n<p>(&#8230;)<\/p>\n\n\n\n<h2 class=\"wp-block-heading has-medium-font-size\">Revenir au chapitre<em> <\/em><em><a data-type=\"page\" data-id=\"127\" href=\"https:\/\/mecahealth.com\/?page_id=127\">Corps psychique<\/a><\/em> ou la page<em> <\/em><em><a data-type=\"page\" data-id=\"5275\" href=\"https:\/\/mecahealth.com\/?page_id=5275\">Grossesse<\/a><\/em><\/h2>\n","protected":false},"excerpt":{"rendered":"<p>Attention \u00e0 lire les consignes avant de lire toute page d&rsquo;un site sant\u00e9 ! Page en construction Des besoins Ne disposant plus de la reconnaissance par le groupe, ne ressentant l&rsquo;appartenance, &#8230;. (&#8230;) Revenir au chapitre Corps psychique ou la page Grossesse<\/p>\n","protected":false},"author":1,"featured_media":0,"parent":0,"menu_order":0,"comment_status":"closed","ping_status":"closed","template":"","meta":{"footnotes":""},"class_list":["post-5525","page","type-page","status-publish","hentry"],"jetpack_sharing_enabled":true,"_links":{"self":[{"href":"https:\/\/mecahealth.com\/index.php?rest_route=\/wp\/v2\/pages\/5525","targetHints":{"allow":["GET"]}}],"collection":[{"href":"https:\/\/mecahealth.com\/index.php?rest_route=\/wp\/v2\/pages"}],"about":[{"href":"https:\/\/mecahealth.com\/index.php?rest_route=\/wp\/v2\/types\/page"}],"author":[{"embeddable":true,"href":"https:\/\/mecahealth.com\/index.php?rest_route=\/wp\/v2\/users\/1"}],"replies":[{"embeddable":true,"href":"https:\/\/mecahealth.com\/index.php?rest_route=%2Fwp%2Fv2%2Fcomments&post=5525"}],"version-history":[{"count":6,"href":"https:\/\/mecahealth.com\/index.php?rest_route=\/wp\/v2\/pages\/5525\/revisions"}],"predecessor-version":[{"id":6133,"href":"https:\/\/mecahealth.com\/index.php?rest_route=\/wp\/v2\/pages\/5525\/revisions\/6133"}],"wp:attachment":[{"href":"https:\/\/mecahealth.com\/index.php?rest_route=%2Fwp%2Fv2%2Fmedia&parent=5525"}],"curies":[{"name":"wp","href":"https:\/\/api.w.org\/{rel}","templated":true}]}}