{"id":548,"date":"2023-01-08T15:54:41","date_gmt":"2023-01-08T14:54:41","guid":{"rendered":"https:\/\/mecahealth.com\/?page_id=548"},"modified":"2026-03-31T22:23:56","modified_gmt":"2026-03-31T20:23:56","slug":"pathologies","status":"publish","type":"page","link":"https:\/\/mecahealth.com\/?page_id=548","title":{"rendered":"Pathologies"},"content":{"rendered":"\n<p class=\"has-small-font-size\"><a href=\"https:\/\/mecahealth.com\/?page_id=122\">Attention \u00e0 lire les consignes avant de lire toute page d&rsquo;un site sant\u00e9 !<\/a><\/p>\n\n\n\n<figure class=\"wp-block-image size-full is-style-rounded\"><img loading=\"lazy\" decoding=\"async\" width=\"330\" height=\"330\" src=\"https:\/\/mecahealth.com\/wp-content\/uploads\/2023\/02\/MecaHealth-pathologie-chien.jpg\" alt=\"\" class=\"wp-image-3246\" srcset=\"https:\/\/mecahealth.com\/wp-content\/uploads\/2023\/02\/MecaHealth-pathologie-chien.jpg 330w, https:\/\/mecahealth.com\/wp-content\/uploads\/2023\/02\/MecaHealth-pathologie-chien-300x300.jpg 300w, https:\/\/mecahealth.com\/wp-content\/uploads\/2023\/02\/MecaHealth-pathologie-chien-150x150.jpg 150w\" sizes=\"auto, (max-width: 330px) 100vw, 330px\" \/><\/figure>\n\n\n\n<p class=\"has-medium-font-size\">Les pathologies (maladies ou troubles) que nous d\u00e9taillerons dans les diff\u00e9rentes pages du site seront principalement des pathologies dites articulaires (m\u00e9caniques) ainsi que certaines en lien avec le psychisme&#8230; Nous ne traiterons pas de maladies virales ou bact\u00e9riennes ni de cancer \u00e0 proprement parler. Nous \u00e9voquerons parfois les interactions \u00e0 maintenir voire \u00e0 \u00e9viter notamment par le biais <a href=\"https:\/\/mecahealth.com\/?page_id=474\" data-type=\"page\" data-id=\"474\">d&rsquo;exemples concrets<\/a> (&#8230;).<\/p>\n\n\n\n<p class=\"has-medium-font-size\">Une pathologie n&rsquo;est pas forc\u00e9ment une situation irr\u00e9versible car certaines situations d\u00e9crivent surtout des sympt\u00f4mes sans pour autant bien comprendre les m\u00e9canismes et le caract\u00e8re multifactoriel de ceux-ci, surtout dans les pathologies dites <a href=\"https:\/\/mecahealth.com\/?page_id=127\" data-type=\"page\" data-id=\"127\">psychiques ou mentales<\/a>. <\/p>\n\n\n\n<p class=\"has-medium-font-size\">Concernant les pathologies articulaires, comme nous le voyons dans la page <em><a href=\"https:\/\/mecahealth.com\/?page_id=472\">Suffixes<\/a> <\/em>ou celle traitant de l&rsquo;<a href=\"https:\/\/mecahealth.com\/?page_id=564\" data-type=\"page\" data-id=\"564\">arthrose et l&rsquo;arthrite<\/a>, certaines structures sont v\u00e9ritablement inflamm\u00e9es alors que d&rsquo;autres seront simplement <a href=\"https:\/\/mecahealth.com\/?page_id=998\" data-type=\"page\" data-id=\"998\">en saturation (fatigabilit\u00e9)<\/a>. Celles touch\u00e9es par une <a href=\"https:\/\/mecahealth.com\/?page_id=687\" data-type=\"page\" data-id=\"687\">inflammation <\/a>Concernant les pathologies articulaires, comme nous le voyons dans la page <em><a href=\"https:\/\/mecahealth.com\/?page_id=472\">Suffixes<\/a> <\/em>ou celle traitant de l&rsquo;<a href=\"https:\/\/mecahealth.com\/?page_id=564\" data-type=\"page\" data-id=\"564\">arthrose et l&rsquo;arthrite<\/a>, certaines structures sont v\u00e9ritablement inflamm\u00e9es alors que d&rsquo;autres seront simplement <a href=\"https:\/\/mecahealth.com\/?page_id=998\" data-type=\"page\" data-id=\"998\">en saturation (fatigabilit\u00e9)<\/a>. Celles touch\u00e9es par une <a href=\"https:\/\/mecahealth.com\/?page_id=687\" data-type=\"page\" data-id=\"687\">inflammation <\/a><a href=\"https:\/\/mecahealth.com\/?page_id=1134\" data-type=\"page\" data-id=\"1134\">pr\u00e9f\u00e9reront g\u00e9n\u00e9ralement le froid<\/a> alors que les articulations pr\u00e9f\u00e9reront g\u00e9n\u00e9ralement le chaud mais rien n&rsquo;est garanti&#8230;<\/p>\n\n\n\n<p class=\"has-medium-font-size\">Le corps pathologique est le corps qui n&rsquo;entre pas dans la lign\u00e9e de <a href=\"http:\/\/pathologiques\" data-type=\"URL\" data-id=\"pathologiques\">normalit\u00e9<\/a> d\u00e9crite pr\u00e9c\u00e9demment ou celui qui pour une cause (\u00e9tiologie) quelconque pr\u00e9sente des facteurs troublants notre bien-\u00eatre. Le corps pathologique peut faire mal ou simplement g\u00eaner, peut nous sembler atroce ou simplement \u00e9trange. Comprendre les p\u00e9riodes de difficult\u00e9s et d\u00e9finir le type de mal avant m\u00eame une consultation permet une meilleure prise en charge. A nous patients, de l&rsquo;analyser ou d&rsquo;aider notre th\u00e9rapeute \u00e0 l&rsquo;analyser&#8230; Plus le m\u00e9decin aura d&rsquo;informations, plus son diagnostic sera ais\u00e9 et pourra limiter le nombre d&rsquo;examens notamment ceux d&rsquo;<a href=\"https:\/\/mecahealth.com\/?page_id=6313\" data-type=\"page\" data-id=\"6313\">imagerie m\u00e9dicale (comparatif)<\/a>.<\/p>\n\n\n\n<p class=\"has-medium-font-size\">Bien qu&rsquo;il soit difficile d&rsquo;\u00e9tablir une hi\u00e9rarchie des pathologies, les tristes palmes \u00e0 d\u00e9cerner reviennent souvent \u00e0 certaines <a href=\"https:\/\/mecahealth.com\/?page_id=1961\" data-type=\"page\" data-id=\"1961\">d\u00e9g\u00e9n\u00e9rescences neuro-musculaires (&#8230;)<\/a>.<\/p>\n\n\n\n<p class=\"has-medium-font-size\">Nous d\u00e9taillerons <strong>notamment<\/strong> les pathologies suivantes mais n&rsquo;oubliez pas de faire attention \u00e0 ne pas d\u00e9finir trop vite une pathologie m\u00eame si vous avez commenc\u00e9 \u00e0 faire une <a href=\"https:\/\/mecahealth.com\/?page_id=1879\" data-type=\"page\" data-id=\"1879\">bonne analyse du sujet<\/a> ou du <a href=\"https:\/\/mecahealth.com\/?page_id=1874\" data-type=\"page\" data-id=\"1874\">type de douleurs<\/a> :<\/p>\n\n\n\n<div class=\"wp-block-columns has-medium-font-size is-layout-flex wp-container-core-columns-is-layout-9d6595d7 wp-block-columns-is-layout-flex\">\n<div class=\"wp-block-column has-medium-font-size is-layout-flow wp-block-column-is-layout-flow\">\n<ul class=\"wp-block-list\">\n<li><a href=\"https:\/\/mecahealth.com\/?page_id=6548\" data-type=\"page\" data-id=\"6548\">anorexie &#8211; boul\u00e9mie<\/a> &#8211; <a href=\"https:\/\/mecahealth.com\/?page_id=395\" data-type=\"page\" data-id=\"395\">ob\u00e9sit\u00e9<\/a><\/li>\n\n\n\n<li><a href=\"https:\/\/mecahealth.com\/?page_id=564\" data-type=\"page\" data-id=\"564\">arthrose \/ arthrite<\/a><\/li>\n\n\n\n<li><a href=\"https:\/\/mecahealth.com\/?page_id=4763\" data-type=\"page\" data-id=\"4763\">asthme<\/a><\/li>\n\n\n\n<li><a href=\"https:\/\/mecahealth.com\/?page_id=2384\" data-type=\"page\" data-id=\"2384\">b\u00e9b\u00e9 secou\u00e9<\/a><\/li>\n\n\n\n<li><a href=\"https:\/\/mecahealth.com\/?page_id=5402\" data-type=\"page\" data-id=\"5402\">blessures par les mots<\/a><\/li>\n\n\n\n<li><a href=\"https:\/\/mecahealth.com\/?page_id=7418\" data-type=\"page\" data-id=\"7418\">bore-out<\/a> + <a href=\"https:\/\/mecahealth.com\/?page_id=7233\" data-type=\"page\" data-id=\"7233\">bore-out m\u00e9dical<\/a><\/li>\n\n\n\n<li><a href=\"https:\/\/mecahealth.com\/?page_id=4766\" data-type=\"page\" data-id=\"4766\">bronchite (chronique)<\/a><\/li>\n\n\n\n<li><a href=\"https:\/\/mecahealth.com\/?page_id=487\" data-type=\"page\" data-id=\"487\">burnouts<\/a> (d\u00e9veloppement plus pr\u00e9cis ult\u00e9rieurement)<\/li>\n\n\n\n<li><a href=\"https:\/\/mecahealth.com\/?page_id=4729\" data-type=\"page\" data-id=\"4729\">canal carpien (syndrome)<\/a><\/li>\n\n\n\n<li><a href=\"https:\/\/mecahealth.com\/?page_id=4898\" data-type=\"page\" data-id=\"4898\">carie<\/a><\/li>\n\n\n\n<li><a href=\"https:\/\/mecahealth.com\/?page_id=205\" data-type=\"page\" data-id=\"205\">cervicalgie<\/a><\/li>\n\n\n\n<li><a href=\"https:\/\/mecahealth.com\/?page_id=2950\" data-type=\"page\" data-id=\"2950\">constipation<\/a> \/ <a href=\"https:\/\/mecahealth.com\/?page_id=2177\" data-type=\"page\" data-id=\"2177\">diarrh\u00e9es<\/a><\/li>\n\n\n\n<li><a href=\"https:\/\/mecahealth.com\/?page_id=541\" data-type=\"page\" data-id=\"541\">contracture<\/a><\/li>\n\n\n\n<li><a href=\"https:\/\/mecahealth.com\/?page_id=2720\" data-type=\"page\" data-id=\"2720\">cystoc\u00e8le<\/a><\/li>\n\n\n\n<li><a href=\"https:\/\/mecahealth.com\/?page_id=1961\" data-type=\"page\" data-id=\"1961\">d\u00e9g\u00e9n\u00e9rescence neuro-musculaire<\/a><\/li>\n\n\n\n<li><a href=\"https:\/\/mecahealth.com\/?page_id=1250\" data-type=\"page\" data-id=\"1250\">Elhers-Danlos<\/a><\/li>\n\n\n\n<li><a href=\"https:\/\/mecahealth.com\/?page_id=4906\" data-type=\"page\" data-id=\"4906\">diab\u00e8te<\/a><\/li>\n\n\n\n<li><a href=\"https:\/\/mecahealth.com\/?page_id=2995\" data-type=\"page\" data-id=\"2995\">emphys\u00e8me<\/a><\/li>\n\n\n\n<li><a href=\"https:\/\/mecahealth.com\/?page_id=1403\" data-type=\"page\" data-id=\"1403\">endom\u00e9triose<\/a><\/li>\n\n\n\n<li><a href=\"https:\/\/mecahealth.com\/?page_id=1960\" data-type=\"page\" data-id=\"1960\">entorse \/ luxation<\/a><\/li>\n\n\n\n<li><a href=\"https:\/\/mecahealth.com\/?page_id=216\" data-type=\"page\" data-id=\"216\">\u00e9picondylite<\/a><\/li>\n\n\n\n<li><a href=\"https:\/\/mecahealth.com\/?page_id=702\" data-type=\"page\" data-id=\"702\">escarre<\/a><\/li>\n<\/ul>\n<\/div>\n\n\n\n<div class=\"wp-block-column has-medium-font-size is-layout-flow wp-block-column-is-layout-flow\">\n<ul class=\"wp-block-list\">\n<li><a href=\"https:\/\/mecahealth.com\/?page_id=1416\" data-type=\"page\" data-id=\"1416\">h\u00e9morro\u00efde<\/a><\/li>\n\n\n\n<li><a href=\"https:\/\/mecahealth.com\/?page_id=1732\" data-type=\"page\" data-id=\"1732\">hernie discale<\/a><\/li>\n\n\n\n<li><a href=\"https:\/\/mecahealth.com\/?page_id=1762\" data-type=\"page\" data-id=\"1762\">hernie inguinale ou abdominale<\/a><\/li>\n\n\n\n<li><a href=\"https:\/\/mecahealth.com\/?page_id=491\" data-type=\"page\" data-id=\"491\">incontinence urinaire<\/a><\/li>\n\n\n\n<li><a href=\"https:\/\/mecahealth.com\/?page_id=270\" data-type=\"page\" data-id=\"270\">insomnie<\/a><\/li>\n\n\n\n<li><a href=\"https:\/\/mecahealth.com\/?page_id=595\" data-type=\"page\" data-id=\"595\">imp\u00e9riosit\u00e9 mictionnelle (urgence)<\/a><\/li>\n\n\n\n<li><a href=\"https:\/\/mecahealth.com\/?page_id=8306\" data-type=\"page\" data-id=\"8306\">leucodystrophies<\/a><\/li>\n\n\n\n<li><a href=\"https:\/\/mecahealth.com\/?page_id=212\" data-type=\"page\" data-id=\"212\">lombalgie<\/a><\/li>\n\n\n\n<li><a href=\"https:\/\/mecahealth.com\/?page_id=2296\" data-type=\"page\" data-id=\"2296\">mal-\u00eatre (confiance en soi)<\/a> <\/li>\n\n\n\n<li><a href=\"https:\/\/mecahealth.com\/?page_id=659\" data-type=\"page\" data-id=\"659\">\u0153d\u00e8me<\/a><\/li>\n\n\n\n<li><a href=\"https:\/\/mecahealth.com\/?page_id=4794\">\u0153d\u00e8me pulmonaire<\/a><\/li>\n\n\n\n<li><a href=\"https:\/\/mecahealth.com\/?page_id=1729\" data-type=\"page\" data-id=\"1729\">parkinson<\/a><\/li>\n\n\n\n<li><a href=\"https:\/\/mecahealth.com\/?page_id=8572\" data-type=\"page\" data-id=\"8572\">pens\u00e9es intrusives<\/a> (p\u00e9dophiliques notamment)<\/li>\n\n\n\n<li><a href=\"https:\/\/mecahealth.com\/?page_id=5847\" data-type=\"page\" data-id=\"5847\">pervers narcissique &#8211; personnalit\u00e9 n.<\/a><\/li>\n\n\n\n<li><a href=\"https:\/\/mecahealth.com\/?page_id=2720\" data-type=\"page\" data-id=\"2720\">prolapsus<\/a><\/li>\n\n\n\n<li><a href=\"https:\/\/mecahealth.com\/?page_id=657\" data-type=\"page\" data-id=\"657\">phl\u00e9bite<\/a><\/li>\n\n\n\n<li><a href=\"https:\/\/mecahealth.com\/?page_id=4783\" data-type=\"page\" data-id=\"4783\">pneumonie<\/a><\/li>\n\n\n\n<li><a href=\"https:\/\/mecahealth.com\/?page_id=4778\" data-type=\"page\" data-id=\"4778\">pneumothorax<\/a><\/li>\n\n\n\n<li><a href=\"https:\/\/mecahealth.com\/?page_id=4672\" data-type=\"page\" data-id=\"4672\">stress<\/a><\/li>\n\n\n\n<li><a href=\"http:\/\/tendinite\">tendinite<\/a><\/li>\n\n\n\n<li><a href=\"https:\/\/mecahealth.com\/?page_id=127\" data-type=\"page\" data-id=\"127\">troubles psychiques<\/a><\/li>\n\n\n\n<li><a href=\"https:\/\/mecahealth.com\/?page_id=661\" data-type=\"page\" data-id=\"661\">varice<\/a><\/li>\n\n\n\n<li>&#8230;<\/li>\n<\/ul>\n<\/div>\n<\/div>\n\n\n\n<p class=\"has-large-font-size\">\u00e0 suivre ou <a href=\"https:\/\/mecahealth.com\/?page_id=95\" data-type=\"page\" data-id=\"95\">d\u00e9veloppement sur demande<\/a><\/p>\n\n\n\n<p>(&#8230;)<\/p>\n\n\n\n<h2 class=\"wp-block-heading has-medium-font-size\"><span style=\"font-size: var(--wp--preset--font-size--medium) ; color: initial;\"><span style=\"font-size: var(--wp--preset--font-size--medium) ; color: initial;\">Abonnez-vous \u00e0 nos diff\u00e9rentes pages pour \u00eatre averti(s) des nouvelles mises en ligne&#8230;<\/span><\/span><\/h2>\n\n\n\n<p class=\"has-small-font-size\"><a rel=\"noreferrer noopener\" href=\"https:\/\/www.facebook.com\/MecaHealthAsbl\" target=\"_blank\">Facebook MecaHealthAsbl<\/a> &#8211; <a rel=\"noreferrer noopener\" href=\"https:\/\/www.linkedin.com\/company\/mecahealth\/\" target=\"_blank\">Linkedin MecaHealth<\/a> &#8211; <a rel=\"noreferrer noopener\" href=\"https:\/\/www.youtube.com\/channel\/UCJb5g--IGlU6FgQLQKaJljg\" target=\"_blank\">Youtube cha\u00eene MecaHealth<\/a> &#8211; Instagram (pas encore)<\/p>\n\n\n\n<p class=\"has-medium-font-size\"><strong>Vous avez aim\u00e9 l&rsquo;information que MecaHealth apporte, vous pouvez nous contacter pour l&rsquo;une ou l&rsquo;autre <a href=\"https:\/\/mecahealth.com\/?page_id=146\">formation<\/a>, nous appuyer en transmettant l&rsquo;adresse de notre site, mais \u00e9galement par <a href=\"https:\/\/mecahealth.com\/?page_id=172\">d&rsquo;autres appuis<\/a>.<\/strong><\/p>\n\n\n\n<h2 class=\"wp-block-heading has-medium-font-size\">Revenir \u00e0 la page initiale <a href=\"https:\/\/mecahealth.com\/?page_id=61\" data-type=\"page\" data-id=\"61\"><em>1001 conseils<\/em><\/a> ou au chapitre<em> <a href=\"https:\/\/mecahealth.com\/?page_id=180\" data-type=\"URL\" data-id=\"https:\/\/mecahealth.com\/?page_id=180\">Normalit\u00e9 et comportementalisme<\/a><\/em><\/h2>\n","protected":false},"excerpt":{"rendered":"<p>Attention \u00e0 lire les consignes avant de lire toute page d&rsquo;un site sant\u00e9 ! Les pathologies (maladies ou troubles) que nous d\u00e9taillerons dans les diff\u00e9rentes pages du site seront principalement des pathologies dites articulaires (m\u00e9caniques) ainsi que certaines en lien avec le psychisme&#8230; Nous ne traiterons pas de maladies virales<a href=\"https:\/\/mecahealth.com\/?page_id=548\" class=\"read-more\">Read More&#8230;<\/a><\/p>\n","protected":false},"author":1,"featured_media":0,"parent":0,"menu_order":0,"comment_status":"closed","ping_status":"closed","template":"","meta":{"footnotes":""},"class_list":["post-548","page","type-page","status-publish","hentry"],"jetpack_sharing_enabled":true,"_links":{"self":[{"href":"https:\/\/mecahealth.com\/index.php?rest_route=\/wp\/v2\/pages\/548","targetHints":{"allow":["GET"]}}],"collection":[{"href":"https:\/\/mecahealth.com\/index.php?rest_route=\/wp\/v2\/pages"}],"about":[{"href":"https:\/\/mecahealth.com\/index.php?rest_route=\/wp\/v2\/types\/page"}],"author":[{"embeddable":true,"href":"https:\/\/mecahealth.com\/index.php?rest_route=\/wp\/v2\/users\/1"}],"replies":[{"embeddable":true,"href":"https:\/\/mecahealth.com\/index.php?rest_route=%2Fwp%2Fv2%2Fcomments&post=548"}],"version-history":[{"count":53,"href":"https:\/\/mecahealth.com\/index.php?rest_route=\/wp\/v2\/pages\/548\/revisions"}],"predecessor-version":[{"id":8788,"href":"https:\/\/mecahealth.com\/index.php?rest_route=\/wp\/v2\/pages\/548\/revisions\/8788"}],"wp:attachment":[{"href":"https:\/\/mecahealth.com\/index.php?rest_route=%2Fwp%2Fv2%2Fmedia&parent=548"}],"curies":[{"name":"wp","href":"https:\/\/api.w.org\/{rel}","templated":true}]}}