{"id":5414,"date":"2023-04-21T08:33:05","date_gmt":"2023-04-21T06:33:05","guid":{"rendered":"https:\/\/mecahealth.com\/?page_id=5414"},"modified":"2023-06-16T08:09:06","modified_gmt":"2023-06-16T06:09:06","slug":"psycho-demitridatisation-sociale","status":"publish","type":"page","link":"https:\/\/mecahealth.com\/?page_id=5414","title":{"rendered":"Psycho : d\u00e9mitridatisation sociale"},"content":{"rendered":"\n<p class=\"has-medium-font-size\"><a href=\"https:\/\/mecahealth.com\/?page_id=122\"><\/a><a style=\"font-size: revert;\" href=\"https:\/\/mecahealth.com\/?page_id=122\">Attention \u00e0 lire les consignes avant de lire toute page d&rsquo;un site sant\u00e9 !<\/a> <\/p>\n\n\n\n<figure class=\"wp-block-image size-full is-style-rounded\"><img loading=\"lazy\" decoding=\"async\" width=\"330\" height=\"330\" src=\"https:\/\/mecahealth.com\/wp-content\/uploads\/2023\/06\/MecaHealth-psycho-teletravail-sensitif.jpg\" alt=\"\" class=\"wp-image-5470\" srcset=\"https:\/\/mecahealth.com\/wp-content\/uploads\/2023\/06\/MecaHealth-psycho-teletravail-sensitif.jpg 330w, https:\/\/mecahealth.com\/wp-content\/uploads\/2023\/06\/MecaHealth-psycho-teletravail-sensitif-300x300.jpg 300w, https:\/\/mecahealth.com\/wp-content\/uploads\/2023\/06\/MecaHealth-psycho-teletravail-sensitif-150x150.jpg 150w\" sizes=\"auto, (max-width: 330px) 100vw, 330px\" \/><\/figure>\n\n\n\n<p class=\"has-medium-font-size\">L&#8217;empereur Mithridate VI comme bien d&rsquo;autres avant lui, vivant environ entre 120 \u00e0 63 av. J.-C, avait l&rsquo;habitude de prendre de faibles doses de poison afin de s&rsquo;immuniser contre les effets nocifs du poison. Cette pratique n&rsquo;est bien \u00e9videmment pas \u00e0 conseiller puisqu&rsquo;elle peut entra\u00eener des accumulations parfois tout aussi nocives qu&rsquo;une prise plus importante. <\/p>\n\n\n\n<p class=\"has-medium-font-size\">Nous pouvons comparer cette pratique au parcours de vie durant lequel nous nous adaptons progressivement aux besoins de notre entourage \u00e0 s&rsquo;entourer d&rsquo;amis puis \u00e0 celui de notre Soci\u00e9t\u00e9 qui, durant la scolarit\u00e9, nous fait suivre des groupes scolaires plus ou moins de <em>notre nature<\/em>. Selon notre capacit\u00e9 \u00e0 nous adapter, en fonction de notre <a href=\"https:\/\/mecahealth.com\/?page_id=1978\" data-type=\"page\" data-id=\"1978\">dominance initiale<\/a>, de la capacit\u00e9 intellectuelle de l&rsquo;une ou l&rsquo;autre de nos intelligences et de celles du <em>clan scolaire<\/em> (&#8230;), de notre degr\u00e9 d&#8217;empathie (&#8230;), nous vivrons cette p\u00e9riode plus ou moins bien.<\/p>\n\n\n\n<p class=\"has-medium-font-size\">Par la suite, consciemment ou inconsciemment, nous continuons \u00e0 nous adapter durant des \u00e9tudes sup\u00e9rieures, des rencontres professionnelles tout comme durant certaines de nos rencontres personnelles. Cette adaptation constante ou tout au moins fr\u00e9quente, \u00e0 l&rsquo;instar de calculs inutiles dans un programme mal r\u00e9alis\u00e9, peuvent amener \u00e0 ce que notre <em>disque dur interne<\/em> c\u00e9r\u00e9bral, sature progressivement d&rsquo;o\u00f9 l&rsquo;importance des \u00e9chappatoires tels que les <a href=\"https:\/\/mecahealth.com\/?page_id=503\" data-type=\"page\" data-id=\"503\">sports r\u00e9flexes<\/a> ou le <a href=\"https:\/\/mecahealth.com\/?page_id=2203\" data-type=\"page\" data-id=\"2203\">yoga<\/a>. Cette saturation d\u00e9pend de plusieurs facteurs que nous d\u00e9taillerons ult\u00e9rieurement. Certains l&rsquo;atteindront plus vite en fonction de leur <a href=\"https:\/\/mecahealth.com\/?page_id=1978\" data-type=\"page\" data-id=\"1978\">animalit\u00e9 initiale<\/a>, des rencontres bonnes et mauvaises, des <a href=\"https:\/\/mecahealth.com\/?page_id=5003\" data-type=\"page\" data-id=\"5003\">influences multiples<\/a> mais \u00e9galement d&rsquo;un <a href=\"https:\/\/mecahealth.com\/?page_id=270\" data-type=\"page\" data-id=\"270\">sommeil r\u00e9parateur<\/a>, de leur <a href=\"https:\/\/mecahealth.com\/?page_id=487\" data-type=\"page\" data-id=\"487\">oxyg\u00e9nation bloquante<\/a>, de la fr\u00e9quence de leurs <a href=\"https:\/\/mecahealth.com\/?page_id=184\" data-type=\"page\" data-id=\"184\">mouvements<\/a>, etc. L&rsquo;une des saturations est le burnout mais nous reviendrons sur ce sujet en d\u00e9tails ult\u00e9rieurement notamment dans la page <a href=\"https:\/\/mecahealth.com\/?page_id=4598\" data-type=\"page\" data-id=\"4598\"><em>Full scanned<\/em><\/a> et dans une page qui s&rsquo;appellera sans doute <em><a href=\"https:\/\/mecahealth.com\/?p=5481\" data-type=\"post\" data-id=\"5481\">saturation c\u00e9r\u00e9bro-sensible<\/a><\/em>.<\/p>\n\n\n\n<p class=\"has-medium-font-size\">Durant le confinement, de nombreuses personnes ont sans le savoir ont \u00e9t\u00e9 d\u00e9shabitu\u00e9s \u00e0 faire des efforts pour s&rsquo;adapter aux exigences sociales d&rsquo;un groupe d&rsquo;o\u00f9 le terme de <em>d\u00e9mitridatisation<\/em> <em>sociale<\/em>. Certains et plus souvent certaines, \u00e9tant donn\u00e9 la lourdeur de certains comportements et propos, \u00e9tant donn\u00e9 que certains de ceux-ci r\u00e9veillent parfois des blessures plus profondes encore, se conforteront dans l&rsquo;id\u00e9e qu&rsquo;ils ou elles sont mieux en t\u00e9l\u00e9travail. D&rsquo;autres ne supportent plus les bruits ambiants, les odeurs naturelles ou les parfums des uns ou des autres, les rires faux, les plaintes, etc.<\/p>\n\n\n\n<figure class=\"wp-block-image size-full\"><img loading=\"lazy\" decoding=\"async\" width=\"330\" height=\"330\" src=\"https:\/\/mecahealth.com\/wp-content\/uploads\/2023\/06\/MecaHealth-psycho-travail-harcelementb.jpg\" alt=\"\" class=\"wp-image-5472\" srcset=\"https:\/\/mecahealth.com\/wp-content\/uploads\/2023\/06\/MecaHealth-psycho-travail-harcelementb.jpg 330w, https:\/\/mecahealth.com\/wp-content\/uploads\/2023\/06\/MecaHealth-psycho-travail-harcelementb-300x300.jpg 300w, https:\/\/mecahealth.com\/wp-content\/uploads\/2023\/06\/MecaHealth-psycho-travail-harcelementb-150x150.jpg 150w\" sizes=\"auto, (max-width: 330px) 100vw, 330px\" \/><\/figure>\n\n\n\n<p class=\"has-medium-font-size\">Etant donn\u00e9 que nous restons des <a href=\"https:\/\/mecahealth.com\/?page_id=1974\" data-type=\"page\" data-id=\"1974\">\u00eatres gr\u00e9gaires<\/a>, nous avons besoin en r\u00e9alit\u00e9 d&rsquo;une certaine dose de relations pour \u00eatre bien mais \u00e9galement pour \u00eatre reconnu par <em>le clan<\/em> comme nous en parlons dans l&rsquo;<a href=\"https:\/\/mecahealth.com\/?p=5435\" data-type=\"post\" data-id=\"5435\">article concernant le t\u00e9l\u00e9travail<\/a> et comme nous le d\u00e9taillerons ult\u00e9rieurement dans le site. <\/p>\n\n\n\n<p class=\"has-medium-font-size\">Ne disposant plus de la reconnaissance par le groupe, ne ressentant plus l&rsquo;appartenance au groupe habituellement le plus chronophage, en fonction de la reconnaissance dont nous disposons dans les autres groupes priv\u00e9s mais \u00e9galement de celle dont nous avons b\u00e9n\u00e9fici\u00e9 (ou non) durant l&rsquo;enfance, en se contentant du plaisir li\u00e9 \u00e0 cette d\u00e9mitridatisation, certains ne deviendront que casanier mais d&rsquo;autres, dont le pass\u00e9 souvent \u00e0 laisser des traces, risquent de ne plus arriver \u00e0 se sociabiliser&#8230; C&rsquo;est une raison de plus pour limiter progressivement le t\u00e9l\u00e9travail tout en permettant \u00e0 ceux qui le souhaitent de travailler au calme ou tout au moins dans des conditions apaisantes. <\/p>\n\n\n\n<p class=\"has-medium-font-size\">Pour qu&rsquo;elles soient v\u00e9ritablement apaisantes, sans doute faudra-t-il passer par la conscientisation du <em><a href=\"https:\/\/mecahealth.com\/?page_id=5489\" data-type=\"page\" data-id=\"5489\">biais de l&rsquo;analyse d&rsquo;une situation si on se laisse d\u00e9border par nos blessures<\/a><\/em> pass\u00e9es, de celles de nos parents et\/ou de notre communaut\u00e9 (&#8230;).<\/p>\n\n\n\n<figure class=\"wp-block-image size-full is-resized\"><img loading=\"lazy\" decoding=\"async\" src=\"https:\/\/mecahealth.com\/wp-content\/uploads\/2023\/06\/WhatsApp-Image-2023-06-12-a-19.32.11.jpg\" alt=\"\" class=\"wp-image-5468\" width=\"256\" height=\"171\" srcset=\"https:\/\/mecahealth.com\/wp-content\/uploads\/2023\/06\/WhatsApp-Image-2023-06-12-a-19.32.11.jpg 1024w, https:\/\/mecahealth.com\/wp-content\/uploads\/2023\/06\/WhatsApp-Image-2023-06-12-a-19.32.11-300x200.jpg 300w, https:\/\/mecahealth.com\/wp-content\/uploads\/2023\/06\/WhatsApp-Image-2023-06-12-a-19.32.11-768x512.jpg 768w\" sizes=\"auto, (max-width: 256px) 100vw, 256px\" \/><\/figure>\n\n\n\n<p>(&#8230;)<\/p>\n\n\n\n<h2 class=\"wp-block-heading has-medium-font-size\">Revenir au chapitre<em> <a href=\"https:\/\/mecahealth.com\/?page_id=127\" data-type=\"page\" data-id=\"127\">Corps psychique<\/a><\/em> ou la page<em> <a href=\"https:\/\/mecahealth.com\/?page_id=4346\" data-type=\"page\" data-id=\"4346\">Travailler<\/a><\/em><\/h2>\n","protected":false},"excerpt":{"rendered":"<p>Attention \u00e0 lire les consignes avant de lire toute page d&rsquo;un site sant\u00e9 ! L&#8217;empereur Mithridate VI comme bien d&rsquo;autres avant lui, vivant environ entre 120 \u00e0 63 av. J.-C, avait l&rsquo;habitude de prendre de faibles doses de poison afin de s&rsquo;immuniser contre les effets nocifs du poison. Cette pratique<a href=\"https:\/\/mecahealth.com\/?page_id=5414\" class=\"read-more\">Read More&#8230;<\/a><\/p>\n","protected":false},"author":1,"featured_media":0,"parent":0,"menu_order":0,"comment_status":"closed","ping_status":"closed","template":"","meta":{"footnotes":""},"class_list":["post-5414","page","type-page","status-publish","hentry"],"jetpack_sharing_enabled":true,"_links":{"self":[{"href":"https:\/\/mecahealth.com\/index.php?rest_route=\/wp\/v2\/pages\/5414","targetHints":{"allow":["GET"]}}],"collection":[{"href":"https:\/\/mecahealth.com\/index.php?rest_route=\/wp\/v2\/pages"}],"about":[{"href":"https:\/\/mecahealth.com\/index.php?rest_route=\/wp\/v2\/types\/page"}],"author":[{"embeddable":true,"href":"https:\/\/mecahealth.com\/index.php?rest_route=\/wp\/v2\/users\/1"}],"replies":[{"embeddable":true,"href":"https:\/\/mecahealth.com\/index.php?rest_route=%2Fwp%2Fv2%2Fcomments&post=5414"}],"version-history":[{"count":12,"href":"https:\/\/mecahealth.com\/index.php?rest_route=\/wp\/v2\/pages\/5414\/revisions"}],"predecessor-version":[{"id":5523,"href":"https:\/\/mecahealth.com\/index.php?rest_route=\/wp\/v2\/pages\/5414\/revisions\/5523"}],"wp:attachment":[{"href":"https:\/\/mecahealth.com\/index.php?rest_route=%2Fwp%2Fv2%2Fmedia&parent=5414"}],"curies":[{"name":"wp","href":"https:\/\/api.w.org\/{rel}","templated":true}]}}