{"id":5402,"date":"2023-04-17T03:32:10","date_gmt":"2023-04-17T01:32:10","guid":{"rendered":"https:\/\/mecahealth.com\/?page_id=5402"},"modified":"2025-11-29T00:08:02","modified_gmt":"2025-11-28T23:08:02","slug":"psycho-mots-qui-blessent-ou-tuent","status":"publish","type":"page","link":"https:\/\/mecahealth.com\/?page_id=5402","title":{"rendered":"Psycho : mots qui blessent ou tuent"},"content":{"rendered":"\n<p class=\"has-medium-font-size\"><a href=\"https:\/\/mecahealth.com\/?page_id=122\"><\/a><a style=\"font-size: revert;\" href=\"https:\/\/mecahealth.com\/?page_id=122\">Attention \u00e0 lire les consignes avant de lire toute page d&rsquo;un site sant\u00e9 !<\/a> <\/p>\n\n\n\n<figure class=\"wp-block-image size-full is-style-rounded\"><img loading=\"lazy\" decoding=\"async\" width=\"330\" height=\"330\" src=\"https:\/\/mecahealth.com\/wp-content\/uploads\/2023\/11\/MecaHealth-psycho-mots-qui-blessent.jpg\" alt=\"\" class=\"wp-image-6024\" srcset=\"https:\/\/mecahealth.com\/wp-content\/uploads\/2023\/11\/MecaHealth-psycho-mots-qui-blessent.jpg 330w, https:\/\/mecahealth.com\/wp-content\/uploads\/2023\/11\/MecaHealth-psycho-mots-qui-blessent-300x300.jpg 300w, https:\/\/mecahealth.com\/wp-content\/uploads\/2023\/11\/MecaHealth-psycho-mots-qui-blessent-150x150.jpg 150w\" sizes=\"auto, (max-width: 330px) 100vw, 330px\" \/><\/figure>\n\n\n\n<p class=\"has-medium-font-size\">Qui ne se souvient pas d&rsquo;un mot ou d&rsquo;une phrase qui l&rsquo;a marqu\u00e9 m\u00eame s&rsquo;il a \u00e9t\u00e9 dit une seule fois ? Qui ne se souvient pas d&rsquo;un sentiment d&rsquo;injustice d&rsquo;une phrase injuste ou inexpliqu\u00e9e comme celle <a href=\"https:\/\/mecahealth.com\/?page_id=3576\">d\u00e9velopp\u00e9 dans une autre page, nous jetant un <\/a><a href=\"https:\/\/mecahealth.com\/?page_id=3576\"><em>Pas comme \u00e7a !<\/em><\/a><a href=\"https:\/\/mecahealth.com\/?page_id=3576\"><\/a> et reprise encore bien trop souvent par de mauvais <a href=\"https:\/\/mecahealth.com\/?page_id=3616\">p\u00e9dagogues<\/a>.<\/p>\n\n\n\n<p class=\"has-medium-font-size\">Que dire de ces mots r\u00e9p\u00e9t\u00e9s par une personne mal intentionn\u00e9e comme celui d&rsquo;un <a href=\"https:\/\/mecahealth.com\/?page_id=5847\">narcissique<\/a> qui s&rsquo;impr\u00e8gnent emp\u00eachant de revenir \u00e0 <a href=\"https:\/\/mecahealth.com\/?page_id=2296\" data-type=\"page\" data-id=\"2296\">une confiance en soi<\/a> ?<\/p>\n\n\n\n<p class=\"has-medium-font-size\">Mais que dire \u00e9galement de ces <em>mots soci\u00e9taux<\/em> r\u00e9p\u00e9t\u00e9s par l&rsquo;entourage mais \u00e9galement par l&rsquo;ensemble des intervenants m\u00e9dias ou autres artistes litt\u00e9raires ou cin\u00e9matographiques ? Que dire de ceux qui demandent sans cesse \u00e0 une femme (plus souvent qu&rsquo;\u00e0 un homme) : <em><a href=\"https:\/\/mecahealth.com\/?page_id=7529\" data-type=\"page\" data-id=\"7529\">C&rsquo;est pour quand ?<\/a><\/em> Que dire de celle voire celui qui entend qu&rsquo;elle ou lui se font violer alors qu&rsquo;il serait plus exacte de dire&nbsp;<em>a \u00e9t\u00e9<\/em>. ? Que ressentir comme appartenance, quand on demande \u00e0 une personne d&rsquo;origine \u00e9trang\u00e8re parfois n\u00e9e sur le territoire d&rsquo;o\u00f9 vient-elle ? N&rsquo;est-il pas normal qu&rsquo;elle <a href=\"https:\/\/mecahealth.com\/?page_id=6019\" data-type=\"page\" data-id=\"6019\">s&rsquo;attache \u00e0 ses racines au point de tomber dans la victimisation<\/a> ? Que penser, dans le cadre des familles monoparentales ou adoptives, en entendant fr\u00e9quemment des <em>phrase<\/em>s telles que : <em>Il est o\u00f9 ton p\u00e8re ?<\/em> As<em>-tu connu tes parents ? <\/em> Que dire si la justice et les p\u00e9dagogues entretiennent ces termes m\u00eame quand le g\u00e9niteur n&rsquo;a jamais jou\u00e9 de r\u00f4le parental ? Comment <a href=\"https:\/\/mecahealth.com\/?page_id=7048\">voulez-vous<\/a> que l&rsquo;adolescent en recherche identitaire ne cherche pas ses origines ou qu&rsquo;il d\u00e9finisse qu&rsquo;il ne peut \u00eatre bien sans avoir \u00e9t\u00e9 reconnu par ceux qu&rsquo;il <a href=\"https:\/\/mecahealth.com\/?page_id=5892\" data-type=\"page\" data-id=\"5892\">identifie inconsciemment comme faisant partie du rang 1<\/a> surtout s&rsquo;il s&rsquo;e<em>st lai<\/em>ss\u00e9 convaincre par une <a href=\"https:\/\/mecahealth.com\/?page_id=1973\" data-type=\"page\" data-id=\"1973\">comparaison du malheur<\/a> d&rsquo;un groupe souffrant ou par des centaines de s\u00e9ries ou de films  montrant l&rsquo;adopt\u00e9 ou l&rsquo;abandonn\u00e9 n&rsquo;\u00eatre \u00e9panou<em>i qu&rsquo;au m<\/em>oment des retrouvailles ou apr\u00e8s avoir d\u00e9coup\u00e9 quelques corps de femme en tant que tueurs en s\u00e9rie. Environ 1\/3 de leurs tueurs ont \u00e9t\u00e9 abandonn\u00e9s, un autre tiers ont \u00e9t\u00e9 martyris\u00e9s et les autres sont juste de <a href=\"https:\/\/mecahealth.com\/?page_id=2304\" data-type=\"page\" data-id=\"2304\">gros frustr\u00e9s<\/a>&#8230;<\/p>\n\n\n\n<p class=\"has-small-font-size\">Si vous \u00eates pr\u00eat(s) \u00e0 faire des statistiques pr\u00e9cises en regardant une s\u00e9rie polici\u00e8re pour pr\u00e9ciser ce que nous avan\u00e7ons ? <a href=\"https:\/\/mecahealth.com\/?page_id=95\" data-type=\"page\" data-id=\"95\">contactez-nous<\/a><\/p>\n\n\n\n<p class=\"has-medium-font-size\">Que dire de ce terme totalement incongru de <em>m\u00e8re porteuse <\/em>qui n&rsquo;a de sens quand on comprend l&rsquo;implication de ce qu&rsquo;il pourrait enclencher sur le besoin de recherche identitaire d&rsquo;autres adolescents n\u00e9s par ins\u00e9mination. Une gestatrice correspond bien mieux \u00e0 la r\u00e9alit\u00e9 et permet d&rsquo;\u00e9viter le risque de <em>transfert<\/em>.<\/p>\n\n\n\n<p class=\"has-medium-font-size\"><strong>Un <a href=\"https:\/\/mecahealth.com\/?page_id=7048\">parent est une personne qui prend en charge, \u00e9l\u00e8ve, et prend soin d&rsquo;un enfant<\/a><\/strong>. Les parents jouent un r\u00f4le essentiel dans le d\u00e9veloppement et l&rsquo;\u00e9ducation des enfants, en leur fournissant un soutien \u00e9motionnel, une \u00e9ducation, des soins physiques et une guidance tout au long de leur vie. Un g\u00e9niteur ne jouant pas ce r\u00f4le en abandonnant, en frappant, etc. ne devrait donc pas \u00eatre consid\u00e9r\u00e9 juridiquement ni dans la <em>communication soci\u00e9tale<\/em> comme parent mais uniquement comme g\u00e9niteur. L&rsquo;accroche \u00e0 un parent aimant -comme pourrait \u00eatre le beau-p\u00e8re, le p\u00e8re ignorant ou ayant ignor\u00e9 une situation de tromperie, la famille adoptive, la famille d&rsquo;accueil, etc.- en serait plus ais\u00e9e si la dimension de r\u00f4le parental \u00e9tait plus marquante dans ces discussions courantes de l&rsquo;adopt\u00e9 ou de l&rsquo;enfant de famille monoparentale.<\/p>\n\n\n\n<p class=\"has-medium-font-size\">Le besoin de reconnaissance \u00e0 un \u00eatre g\u00e9n\u00e9tiquement proche mais non d\u00e9sireux de jouer un r\u00f4le sera plus grand aujourd&rsquo;hui par ces mots r\u00e9guliers. Ce besoin est entretenu par la plupart des cultures qui sont en r\u00e9alit\u00e9 animalement <a href=\"https:\/\/mecahealth.com\/?page_id=1975\">g\u00e9nophiliques.<\/a> Ce qui cr\u00e9\u00e9 encore aussi des difficult\u00e9s pour les g\u00e9nitrices voire g\u00e9niteurs de ne plus consid\u00e9rer l&rsquo;enfant dit abandonn\u00e9 comme \u00e9tant leur enfant mais bien comme un enfant confi\u00e9 \u00e0 l&rsquo;adoption (<a href=\"https:\/\/mecahealth.com\/?page_id=1975\" data-type=\"page\" data-id=\"1975\">&#8230;<\/a>). Nul n&rsquo;est notre intention de dire que cela doit \u00eatre comme \u00e7a mais que c&rsquo;est ainsi que <a href=\"https:\/\/mecahealth.com\/?page_id=1975\" data-type=\"page\" data-id=\"1975\">les personnes directement concern\u00e9es pourront se (re)construire<\/a>.<\/p>\n\n\n\n<p class=\"has-medium-font-size\">Les autres mots qui tuent ? <em>Tu es de quelle origine<\/em> \u00e0 une personne qui ne para\u00eet, par sa couleur principalement, pas autochtone. M\u00eame si l&rsquo;intention est parfois bienveillante, cela rappelle \u00e0 cette personne qu&rsquo;il devrait se consid\u00e9rer qu&rsquo;\u00e0 moiti\u00e9 europ\u00e9en\/canadien et que ses probl\u00e8mes ne sont pas li\u00e9s \u00e0 sa recherche identitaire et de ce fait, que lorsqu&rsquo;il n&rsquo;arrive pas \u00e0 <a href=\"https:\/\/mecahealth.com\/?page_id=1974\" data-type=\"page\" data-id=\"1974\">s&rsquo;int\u00e9grer \u00e0 un groupe<\/a> dans la norme locale ou suite \u00e0 <a href=\"https:\/\/mecahealth.com\/?page_id=2304\" data-type=\"page\" data-id=\"2304\">diff\u00e9rentes frustrations<\/a>, il doit, pour \u00eatre heureux, revendiquer son appartenance \u00e0 un autre clan, celui de la religion, celui de la culture au point d&rsquo;en devenir parfois extr\u00e9miste tir\u00e9 par des <a href=\"https:\/\/mecahealth.com\/?page_id=5847\" data-type=\"page\" data-id=\"5847\">manipulateurs conscients<\/a> ou <a href=\"https:\/\/mecahealth.com\/?page_id=2296\" data-type=\"page\" data-id=\"2296\">inconsicents<\/a>.<\/p>\n\n\n\n<p class=\"has-medium-font-size\"><em>Mange tu vas te rendre malade<\/em> \u00e0 une <a href=\"https:\/\/mecahealth.com\/?page_id=395\" data-type=\"page\" data-id=\"395\">personne anorexique<\/a> qui par ces mots, se recentre sur ce qu&rsquo;elle estimait \u00eatre son point de r\u00e9f\u00e9rence au lieu de comprendre la qualit\u00e9 de sa <a href=\"https:\/\/mecahealth.com\/?page_id=4337\" data-type=\"page\" data-id=\"4337\">capacit\u00e9 empathique<\/a> et d&rsquo;apprendre \u00e0 la ma\u00eetriser sans la r\u00e9fr\u00e9ner.<\/p>\n\n\n\n<p class=\"has-medium-font-size\">Il y en a de nombreux contextes qui entra\u00eenent la perte de confiance progressive qui ne savent \u00eatre \u00e9voqu\u00e9s ici mais pour terminer, les mots qui tuent \u00e0 petit feu sont les <em>Ouiiiiiii mais&#8230;<\/em> de ce qui \u00e9tait appel\u00e9 un <em><a href=\"https:\/\/mecahealth.com\/?page_id=5847\" data-type=\"page\" data-id=\"5847\">pervers narcissique<\/a><\/em> (\u00e0 <a href=\"https:\/\/mecahealth.com\/?page_id=6134\" data-type=\"page\" data-id=\"6134\">ne pas confondre avec le toxique<\/a>). Le <em>oui <\/em>ou d&rsquo;autres termes qui montre \u00e0 quel point officiellement il aime et le mais qui permet de comprendre que ce n&rsquo;est jamais assez bien. La somme des deux permet \u00e0 la <strong>victime de <\/strong><span style=\"text-decoration: underline;\"><strong>croire<\/strong><\/span> qu&rsquo;elle est aim\u00e9e mais qu&rsquo;elle doit faire des efforts pour lui plaire car elle n&rsquo;est personne sans lui. M\u00eame si chaque pervers narcissique n&rsquo;est pas violent, il peut le devenir. La phrase f\u00e9tiche de ces faux confiants sera \u00e0 ce stade : <em>Je suis d\u00e9sol\u00e9 &#8230;mais tu as vu dans quel \u00e9tat tu me mets<\/em>. En gros, il arrive \u00e0 faire passer le message que rien ne serait arriv\u00e9 si la victime n&rsquo;avait pas provoqu\u00e9 la situation. En gros, il sortira une phrase du genre, en pleine conviction parfois : <em>tu m&rsquo;as \u00e9nerv\u00e9 alors que tu sais que je deviens violent quand tu m&rsquo;\u00e9nerves<\/em>. Cette phrase doit \u00eatre NON recevable dans l&rsquo;esprit de chacun et surtout pour la <a href=\"https:\/\/mecahealth.com\/?page_id=5847\" data-type=\"page\" data-id=\"5847\">personne sous emprise<\/a> !<\/p>\n\n\n\n<p>(&#8230;)<\/p>\n\n\n\n<p class=\"has-medium-font-size\">Professionnellement surtout mais dans le priv\u00e9 \u00e9galement, pour visualiser l&rsquo;impact de nos mots ou mani\u00e8re d&rsquo;exprimer les choses dans une \u00e9quipe ou en r\u00e9union, un outil simple, le <a href=\"https:\/\/justaumetre.fr\/\" data-type=\"link\" data-id=\"https:\/\/justaumetre.fr\/\" target=\"_blank\" rel=\"noreferrer noopener\">Justaumetre (site en lien)<\/a>, a \u00e9t\u00e9 mis gratuitement \u00e0 votre disposition par son inventeur Emmanuel Charles.<\/p>\n\n\n<div class=\"wp-block-image is-style-default\">\n<figure class=\"aligncenter size-medium is-resized\"><img loading=\"lazy\" decoding=\"async\" width=\"300\" height=\"177\" src=\"https:\/\/mecahealth.com\/wp-content\/uploads\/2024\/08\/justaumetre-1200-300x177.png\" alt=\"demi-cercle compos\u00e9 de couleurs commen\u00e7ant du vert et se terminant graduellement vers le rouge\" class=\"wp-image-7182\" style=\"width:222px;height:auto\" srcset=\"https:\/\/mecahealth.com\/wp-content\/uploads\/2024\/08\/justaumetre-1200-300x177.png 300w, https:\/\/mecahealth.com\/wp-content\/uploads\/2024\/08\/justaumetre-1200-1024x603.png 1024w, https:\/\/mecahealth.com\/wp-content\/uploads\/2024\/08\/justaumetre-1200-768x452.png 768w, https:\/\/mecahealth.com\/wp-content\/uploads\/2024\/08\/justaumetre-1200.png 1200w\" sizes=\"auto, (max-width: 300px) 100vw, 300px\" \/><\/figure>\n<\/div>\n\n\n<p class=\"has-medium-font-size\">Si d&rsquo;autres phrases\/termes vous ont marqu\u00e9 durant une vie ou un moment de votre vie, peut-\u00eatre <a href=\"https:\/\/mecahealth.com\/?page_id=95\" data-type=\"page\" data-id=\"95\">pourriez-vous nous les confier (&#8230;)<\/a> en guise d&rsquo;exemples anonymes ou pour compl\u00e9ter <a href=\"https:\/\/mecahealth.com\/?page_id=149\" data-type=\"page\" data-id=\"149\">nos recherches<\/a>.<\/p>\n\n\n\n<p class=\"has-medium-font-size\">Cela \u00e9tant, un mot ne tue pas comme <a href=\"https:\/\/mecahealth.com\/?page_id=6432\" data-type=\"page\" data-id=\"6432\">fumer ne tue pas<\/a> directement, c&rsquo;est bien entendu un rien imag\u00e9.<\/p>\n\n\n\n<figure class=\"wp-block-image size-full is-resized is-style-rounded\"><img loading=\"lazy\" decoding=\"async\" width=\"965\" height=\"990\" src=\"https:\/\/mecahealth.com\/wp-content\/uploads\/2023\/11\/MecaHealth-smiley-A.png\" alt=\"\" class=\"wp-image-6622\" style=\"width:50px;height:50px\" srcset=\"https:\/\/mecahealth.com\/wp-content\/uploads\/2023\/11\/MecaHealth-smiley-A.png 965w, https:\/\/mecahealth.com\/wp-content\/uploads\/2023\/11\/MecaHealth-smiley-A-292x300.png 292w, https:\/\/mecahealth.com\/wp-content\/uploads\/2023\/11\/MecaHealth-smiley-A-768x788.png 768w, https:\/\/mecahealth.com\/wp-content\/uploads\/2023\/11\/MecaHealth-smiley-A-300x308.png 300w\" sizes=\"auto, (max-width: 965px) 100vw, 965px\" \/><\/figure>\n\n\n\n<p class=\"has-medium-font-size\">(&#8230;)<\/p>\n\n\n\n<h2 class=\"wp-block-heading has-medium-font-size\">Revenir au chapitre<em> <a href=\"https:\/\/mecahealth.com\/?page_id=127\" data-type=\"page\" data-id=\"127\">Corps psychique<\/a><\/em> ou la page<em> <a href=\"https:\/\/mecahealth.com\/?page_id=1973\">Comparaison<\/a><\/em><\/h2>\n","protected":false},"excerpt":{"rendered":"<p>Attention \u00e0 lire les consignes avant de lire toute page d&rsquo;un site sant\u00e9 ! Qui ne se souvient pas d&rsquo;un mot ou d&rsquo;une phrase qui l&rsquo;a marqu\u00e9 m\u00eame s&rsquo;il a \u00e9t\u00e9 dit une seule fois ? Qui ne se souvient pas d&rsquo;un sentiment d&rsquo;injustice d&rsquo;une phrase injuste ou inexpliqu\u00e9e comme<a href=\"https:\/\/mecahealth.com\/?page_id=5402\" class=\"read-more\">Read More&#8230;<\/a><\/p>\n","protected":false},"author":1,"featured_media":0,"parent":0,"menu_order":0,"comment_status":"closed","ping_status":"closed","template":"","meta":{"footnotes":""},"class_list":["post-5402","page","type-page","status-publish","hentry"],"jetpack_sharing_enabled":true,"_links":{"self":[{"href":"https:\/\/mecahealth.com\/index.php?rest_route=\/wp\/v2\/pages\/5402","targetHints":{"allow":["GET"]}}],"collection":[{"href":"https:\/\/mecahealth.com\/index.php?rest_route=\/wp\/v2\/pages"}],"about":[{"href":"https:\/\/mecahealth.com\/index.php?rest_route=\/wp\/v2\/types\/page"}],"author":[{"embeddable":true,"href":"https:\/\/mecahealth.com\/index.php?rest_route=\/wp\/v2\/users\/1"}],"replies":[{"embeddable":true,"href":"https:\/\/mecahealth.com\/index.php?rest_route=%2Fwp%2Fv2%2Fcomments&post=5402"}],"version-history":[{"count":36,"href":"https:\/\/mecahealth.com\/index.php?rest_route=\/wp\/v2\/pages\/5402\/revisions"}],"predecessor-version":[{"id":8543,"href":"https:\/\/mecahealth.com\/index.php?rest_route=\/wp\/v2\/pages\/5402\/revisions\/8543"}],"wp:attachment":[{"href":"https:\/\/mecahealth.com\/index.php?rest_route=%2Fwp%2Fv2%2Fmedia&parent=5402"}],"curies":[{"name":"wp","href":"https:\/\/api.w.org\/{rel}","templated":true}]}}