{"id":529,"date":"2023-01-08T13:46:33","date_gmt":"2023-01-08T12:46:33","guid":{"rendered":"https:\/\/mecahealth.com\/?page_id=529"},"modified":"2023-11-26T16:23:38","modified_gmt":"2023-11-26T15:23:38","slug":"corps-muscle","status":"publish","type":"page","link":"https:\/\/mecahealth.com\/?page_id=529","title":{"rendered":"Corps : muscle"},"content":{"rendered":"\n<p class=\"has-medium-font-size\"><a href=\"https:\/\/mecahealth.com\/?page_id=122\"><\/a><a style=\"font-size: revert;\" href=\"https:\/\/mecahealth.com\/?page_id=122\">Attention \u00e0 lire les consignes avant de lire toute page d&rsquo;un site sant\u00e9 !<\/a> <\/p>\n\n\n\n<figure class=\"wp-block-image size-full is-style-rounded\"><img loading=\"lazy\" decoding=\"async\" width=\"330\" height=\"330\" src=\"https:\/\/mecahealth.com\/wp-content\/uploads\/2023\/01\/10-2.jpg\" alt=\"\" class=\"wp-image-572\" srcset=\"https:\/\/mecahealth.com\/wp-content\/uploads\/2023\/01\/10-2.jpg 330w, https:\/\/mecahealth.com\/wp-content\/uploads\/2023\/01\/10-2-300x300.jpg 300w, https:\/\/mecahealth.com\/wp-content\/uploads\/2023\/01\/10-2-150x150.jpg 150w\" sizes=\"auto, (max-width: 330px) 100vw, 330px\" \/><\/figure>\n\n\n\n<p class=\"has-medium-font-size\">Il existe plusieurs types et formes de muscles. Les muscles que la plupart connaissent sont les muscles squelettiques. Les muscles dit <em>lisses <\/em>sont les muscles qui animent la plupart des visc\u00e8res en dehors du <a href=\"https:\/\/mecahealth.com\/?page_id=691\" data-type=\"page\" data-id=\"691\">c\u0153ur<\/a> (vaisseaux sanguins, trach\u00e9e, bronches, larynx, estomac, intestin, sphincters, <a href=\"https:\/\/mecahealth.com\/?page_id=597\" data-type=\"page\" data-id=\"597\">vessie<\/a> et ut\u00e9rus). Le c\u0153ur est compos\u00e9 de muscles stri\u00e9s. Les sphincters comportent les deux types.<\/p>\n\n\n\n<h2 class=\"wp-block-heading\">Normalit\u00e9 <\/h2>\n\n\n\n<p class=\"has-medium-font-size\">Le muscle squelettique est compos\u00e9 d&rsquo;une partie charnue (muscles stri\u00e9s) et d&rsquo;une partie tendineuse. La partie charnue pourrait \u00eatre consid\u00e9r\u00e9 par des non-v\u00e9ganes comme la partie bonne \u00e0 manger dans une cuisse de poulet et la partie tendineuse, la partie un peu trop rigide que nous ne mangerons pas. La partie tendineuse peut, selon les besoins originels, \u00eatre plus ou moins longues. Si celle-ci doit croiser plusieurs articulations pour \u00eatre <em>effective<\/em>, elle sera plus longue, c&rsquo;est le cas pour celles des mains et des pieds. Les tendons s&rsquo;accrochent \u00e0 leur extr\u00e9mit\u00e9 aux os. La partie charnue ne s&rsquo;attache donc pas \u00e0 ces derniers. Ce sont bien les tendons. S&rsquo;ils sont plus pr\u00e8s du centre du corps, on parlera de la partie proximale et \u00e0 contrario, de la partie distale pour la partie la plus \u00e9loign\u00e9e. Le d\u00e9placement entre chacun des muscles se fait <a href=\"https:\/\/mecahealth.com\/?page_id=6502\" data-type=\"page\" data-id=\"6502\">gr\u00e2ce aux fascias (&#8230;)<\/a><\/p>\n\n\n<div class=\"wp-block-image\">\n<figure class=\"alignleft size-full is-resized\"><img loading=\"lazy\" decoding=\"async\" src=\"https:\/\/mecahealth.com\/wp-content\/uploads\/2023\/02\/MecaHealth-muscle.jpg\" alt=\"\" class=\"wp-image-3292\" width=\"147\" height=\"147\" srcset=\"https:\/\/mecahealth.com\/wp-content\/uploads\/2023\/02\/MecaHealth-muscle.jpg 330w, https:\/\/mecahealth.com\/wp-content\/uploads\/2023\/02\/MecaHealth-muscle-300x300.jpg 300w, https:\/\/mecahealth.com\/wp-content\/uploads\/2023\/02\/MecaHealth-muscle-150x150.jpg 150w\" sizes=\"auto, (max-width: 147px) 100vw, 147px\" \/><\/figure>\n<\/div>\n\n\n<p class=\"has-medium-font-size\">La partie charnue est compos\u00e9e de milliers de fibres. Ce sont celles-ci qui se contractent par notre volont\u00e9 mais gr\u00e2ce \u00e0 une r\u00e9action chimique utilisant du calcium avec ou sans oxyg\u00e8ne (a\u00e9robie vs ana\u00e9robie). Par cette contraction, en fonction des zones d&rsquo;attaches, il y aura un ou plusieurs mouvements articulaires (flexion, extension et\/ou rotation) (&#8230;).<\/p>\n\n\n\n<h2 class=\"wp-block-heading\">Pathologies<\/h2>\n\n\n\n<p class=\"has-medium-font-size\">La r\u00e9action chimique d\u00e9crite ci-dessus entra\u00eene des d\u00e9chets qui se lib\u00e8rent si les conditions de<em> <a href=\"https:\/\/mecahealth.com\/?page_id=441\" data-type=\"page\" data-id=\"441\">contraction-rel\u00e2chement<\/a><\/em> sont respect\u00e9es. Si ce n&rsquo;est le cas, c&rsquo;est le d\u00e9but de la <a href=\"https:\/\/mecahealth.com\/?page_id=541\" data-type=\"page\" data-id=\"541\">contracture<\/a> que nous appellerons parfois <em>n\u0153ud<\/em>. Une mani\u00e8re d&rsquo;\u00e9viter ses contractures en plus d&rsquo;\u00e9viter des tensions inutiles est notamment de r\u00e9aliser r\u00e9guli\u00e8rement des <a href=\"https:\/\/mecahealth.com\/?page_id=1166\" data-type=\"page\" data-id=\"1166\">\u00e9tirements<\/a>.<\/p>\n\n\n\n<p class=\"has-medium-font-size\">Lorsqu&rsquo;une d\u00e9chirure survient, nous parlerons de d\u00e9chirure musculaire.&nbsp; Il peut dans ce cas n&rsquo;y avoir que quelques fibres. On parlera de d\u00e9chirure partielle ou de claquage partielle. Si ce sont toutes les fibres qui l\u00e2chent, on parlera d&rsquo;une d\u00e9chirure\/rupture compl\u00e8te\/totale. Il sera dans ce cas, impossible de r\u00e9aliser un mouvement avec le membre concern\u00e9. Il ne faut pas confondre celui-ci avec une rupture ligamentaire ou un arrachement osseux (&#8230;).<\/p>\n\n\n\n<p class=\"has-medium-font-size\">L&rsquo;une des pathologies les plus fr\u00e9quentes dans cette cat\u00e9gorie est la <a data-type=\"page\" data-id=\"683\" href=\"https:\/\/mecahealth.com\/?page_id=683\">tendinite<\/a> dont les plus fr\u00e9quentes (hors sportifs) sont la <a data-type=\"page\" data-id=\"1918\" href=\"https:\/\/mecahealth.com\/?page_id=1918\">tendinite du long biceps<\/a> et l&rsquo;<a data-type=\"page\" data-id=\"216\" href=\"https:\/\/mecahealth.com\/?page_id=216\">\u00e9picondylite<\/a>.<\/p>\n\n\n\n<p class=\"has-medium-font-size\">En <a href=\"https:\/\/mecahealth.com\/?page_id=1354\">r\u00e9\u00e9ducation<\/a>, les muscles doivent \u00eatre travaill\u00e9s de 3 mani\u00e8res distinctes pour r\u00e9pondre aux besoins quotidiens : force, endurance <strong>ET<\/strong> vitesse de r\u00e9action (&#8230;).<\/p>\n\n\n\n<p class=\"has-medium-font-size\">D&rsquo;autres maladies peuvent survenir notamment les <a href=\"https:\/\/mecahealth.com\/?page_id=1961\" data-type=\"page\" data-id=\"1961\">d\u00e9g\u00e9n\u00e9rescences neuro-musculaires<\/a>.<\/p>\n\n\n\n<p class=\"has-medium-font-size\">(&#8230;)<\/p>\n\n\n\n<h2 class=\"wp-block-heading has-medium-font-size\">Revenir au chapitre <a data-type=\"page\" data-id=\"75\" href=\"https:\/\/mecahealth.com\/?page_id=75\"><em>Corps m\u00e9canique<\/em><\/a><\/h2>\n","protected":false},"excerpt":{"rendered":"<p>Attention \u00e0 lire les consignes avant de lire toute page d&rsquo;un site sant\u00e9 ! Il existe plusieurs types et formes de muscles. Les muscles que la plupart connaissent sont les muscles squelettiques. Les muscles dit lisses sont les muscles qui animent la plupart des visc\u00e8res en dehors du c\u0153ur (vaisseaux<a href=\"https:\/\/mecahealth.com\/?page_id=529\" class=\"read-more\">Read More&#8230;<\/a><\/p>\n","protected":false},"author":1,"featured_media":0,"parent":0,"menu_order":0,"comment_status":"closed","ping_status":"closed","template":"","meta":{"footnotes":""},"class_list":["post-529","page","type-page","status-publish","hentry"],"jetpack_sharing_enabled":true,"_links":{"self":[{"href":"https:\/\/mecahealth.com\/index.php?rest_route=\/wp\/v2\/pages\/529","targetHints":{"allow":["GET"]}}],"collection":[{"href":"https:\/\/mecahealth.com\/index.php?rest_route=\/wp\/v2\/pages"}],"about":[{"href":"https:\/\/mecahealth.com\/index.php?rest_route=\/wp\/v2\/types\/page"}],"author":[{"embeddable":true,"href":"https:\/\/mecahealth.com\/index.php?rest_route=\/wp\/v2\/users\/1"}],"replies":[{"embeddable":true,"href":"https:\/\/mecahealth.com\/index.php?rest_route=%2Fwp%2Fv2%2Fcomments&post=529"}],"version-history":[{"count":21,"href":"https:\/\/mecahealth.com\/index.php?rest_route=\/wp\/v2\/pages\/529\/revisions"}],"predecessor-version":[{"id":6546,"href":"https:\/\/mecahealth.com\/index.php?rest_route=\/wp\/v2\/pages\/529\/revisions\/6546"}],"wp:attachment":[{"href":"https:\/\/mecahealth.com\/index.php?rest_route=%2Fwp%2Fv2%2Fmedia&parent=529"}],"curies":[{"name":"wp","href":"https:\/\/api.w.org\/{rel}","templated":true}]}}