{"id":527,"date":"2023-01-08T13:44:26","date_gmt":"2023-01-08T12:44:26","guid":{"rendered":"https:\/\/mecahealth.com\/?page_id=527"},"modified":"2023-03-03T04:45:28","modified_gmt":"2023-03-03T03:45:28","slug":"corps-ligament","status":"publish","type":"page","link":"https:\/\/mecahealth.com\/?page_id=527","title":{"rendered":"Corps : ligament"},"content":{"rendered":"\n<p><a href=\"https:\/\/mecahealth.com\/?page_id=122\"><\/a><a style=\"font-size: revert;\" href=\"https:\/\/mecahealth.com\/?page_id=122\">Attention \u00e0 lire les consignes avant de lire toute page d&rsquo;un site sant\u00e9 !<\/a> <\/p>\n\n\n\n<figure class=\"wp-block-image size-full is-style-rounded\"><img loading=\"lazy\" decoding=\"async\" width=\"330\" height=\"330\" src=\"https:\/\/mecahealth.com\/wp-content\/uploads\/2023\/01\/11-1.jpg\" alt=\"\" class=\"wp-image-575\" srcset=\"https:\/\/mecahealth.com\/wp-content\/uploads\/2023\/01\/11-1.jpg 330w, https:\/\/mecahealth.com\/wp-content\/uploads\/2023\/01\/11-1-300x300.jpg 300w, https:\/\/mecahealth.com\/wp-content\/uploads\/2023\/01\/11-1-150x150.jpg 150w\" sizes=\"auto, (max-width: 330px) 100vw, 330px\" \/><\/figure>\n\n\n\n<h2 class=\"wp-block-heading has-large-font-size\">Normalit\u00e9 <\/h2>\n\n\n\n<p class=\"has-medium-font-size\">Le ligament est une bande fibreuse qui soutient une articulation. Elle peut \u00eatre aux abords externes de l&rsquo;articulation ou en son sein comme l&rsquo;est le <a href=\"https:\/\/mecahealth.com\/?page_id=1836\" data-type=\"page\" data-id=\"1836\">ligament crois\u00e9<\/a>. Ce dernier est d\u00e9taill\u00e9 plus longuement dans la page <a href=\"https:\/\/mecahealth.com\/?page_id=535\" data-type=\"page\" data-id=\"535\">genou <\/a>et celle traitant de <a href=\"https:\/\/mecahealth.com\/?page_id=537\" data-type=\"page\" data-id=\"537\">l&rsquo;hyperlaxit\u00e9<\/a>.<\/p>\n\n\n\n<p class=\"has-medium-font-size\">Le ligament est g\u00e9n\u00e9ralement confondu avec le <a data-type=\"page\" data-id=\"529\" href=\"https:\/\/mecahealth.com\/?page_id=529\">tendon<\/a> qui fait lui, partie du muscle. Le ligament pourrait \u00eatre consid\u00e9r\u00e9 comme un le \u00ab\u00a0garde-fou\u00a0\u00bb d&rsquo;un mouvement articulaire.<\/p>\n\n\n\n<h2 class=\"wp-block-heading has-large-font-size\">Pathologies<\/h2>\n\n\n\n<p class=\"has-medium-font-size\">La pathologie la plus courante est l&rsquo;<a href=\"https:\/\/mecahealth.com\/?page_id=537\" data-type=\"page\" data-id=\"537\">hyperlaxit\u00e9<\/a> et la d\u00e9chirure. Cette derni\u00e8re survient lorsqu&rsquo;une <a href=\"https:\/\/mecahealth.com\/?page_id=1960\" data-type=\"page\" data-id=\"1960\">entorse (foulure)<\/a> d\u00e9passe une certaine amplitude. Une d\u00e9chirure ligamentaire entra\u00eene des cons\u00e9quences souvent plus lourdes que celles d&rsquo;une fracture car elle laisse une instabilit\u00e9 articulaire la plupart du temps. Il est pour cette raison indispensable de suivre correctement la <a href=\"https:\/\/mecahealth.com\/?page_id=1354\" data-type=\"page\" data-id=\"1354\">r\u00e9\u00e9ducation et le renforcement progressif ad\u00e9quat<\/a>. <\/p>\n\n\n\n<h3 class=\"wp-block-heading has-medium-font-size\">D\u00e9chirure des ligaments externes<\/h3>\n\n\n\n<p class=\"has-medium-font-size\">La d\u00e9chirure des ligaments externes est de loin la pathologie traumatique la plus couramment rencontr\u00e9e au niveau de la cheville (entorse) voire m\u00eame de toute pathologie traumatique dans un cabinet de kin\u00e9 g\u00e9n\u00e9raliste.<\/p>\n\n\n\n<p class=\"has-medium-font-size\">Elles survient souvent sur le terrain d\u00e9favorable qu&rsquo;est l&rsquo;hyperlaxit\u00e9. Le pied lors d&rsquo;un choc, lors d&rsquo;une retomb\u00e9e d&rsquo;un <a href=\"https:\/\/mecahealth.com\/?page_id=785\" data-type=\"page\" data-id=\"785\">saut mal ex\u00e9cut\u00e9<\/a>, ou tout simplement pour avoir <a href=\"https:\/\/mecahealth.com\/?page_id=787\" data-type=\"page\" data-id=\"787\">rat\u00e9 une marche impr\u00e9vue<\/a>, se porte vers l&rsquo;int\u00e9rieur fortement et s&rsquo;accompagne en g\u00e9n\u00e9ral \u00e9galement d&rsquo;une flexion plantaire.<\/p>\n\n\n\n<p class=\"has-medium-font-size\">L&rsquo;entorse donne une <a href=\"https:\/\/mecahealth.com\/?page_id=1874\" data-type=\"page\" data-id=\"1874\">douleur lat\u00e9rale<\/a> avec \u00e9ventuellement un <a href=\"https:\/\/mecahealth.com\/?page_id=659\" data-type=\"page\" data-id=\"659\">gonflement de cette zone<\/a>. La d\u00e9chirure est \u00e0 peu pr\u00e8s similaire except\u00e9 que le gonflement est en g\u00e9n\u00e9ral plus rapide et que le jour m\u00eame \u00e9ventuellement ou en tout cas le lendemain, un bleu plus bas que la d\u00e9chirure appara\u00eet. Si il y a eu un choc direct sur le c\u00f4t\u00e9 externe de la cheville, il est normal de voir appara\u00eetre \u00e9ventuellement un bleu mais qui en g\u00e9n\u00e9ral est plus r\u00e9duit que le bleu de la d\u00e9chirure et ne signifie pas pour autant qu&rsquo;il y ait d\u00e9chirure.<\/p>\n\n\n\n<p class=\"has-medium-font-size\">En tous les cas, apr\u00e8s la sensation d&rsquo;avoir d\u00e9chir\u00e9 ou d&rsquo;avoir re\u00e7u un choc sur cette zone nous placerons rapidement de l&rsquo;eau froide sur celle-ci voire de la glace si nous en disposons.<\/p>\n\n\n\n<p class=\"has-medium-font-size\">Si nous savons marcher sur le pied sans trop de difficult\u00e9s et que le gonflement est moyen, il n&rsquo;y a pas lieu dans la plupart des cas de s&rsquo;inqui\u00e9ter. De mani\u00e8re g\u00e9n\u00e9rale, par s\u00e9curit\u00e9, pour \u00e9viter les cons\u00e9quences \u00e0 long terme, nous vous conseillons sinon de consulter afin de vous assurer qu&rsquo;il n&rsquo;y a ni fracture ni d\u00e9chirure.<\/p>\n\n\n\n<p class=\"has-medium-font-size\">La d\u00e9chirure ne sera pas apparente sur radio. Seule un d\u00e9chirure importante impliquant une augmentation de l&rsquo;espace articulaire pourra \u00eatre \u00e9ventuellement visible. Le m\u00e9decin diagnostiquera ou non la d\u00e9chirure par la manipulation et la palpation. Dans le cas d&rsquo;une d\u00e9chirure partielle ou totale, le pied sera immobilis\u00e9. L&rsquo;immobilisation permettra d&rsquo;\u00e9viter les cons\u00e9quences \u00e0 plus ou moins long terme tel qu&rsquo;une hyperlaxit\u00e9 post-traumatique entra\u00eenant d&rsquo;autres foulures voire d\u00e9chirures ou une formes de tendinites.<\/p>\n\n\n\n<p class=\"has-medium-font-size\">Qu&rsquo;il s&rsquo;agisse d&rsquo;une foulure d&rsquo;une entorse ou d&rsquo;une fracture, qu&rsquo;il y ait eu immobilisation ou non, une r\u00e9\u00e9ducation ne fut-ce que de 2 ou 3 s\u00e9ances chez un kin\u00e9sith\u00e9rapeute \u00e9vitera les r\u00e9cidives.<\/p>\n\n\n\n<p class=\"has-medium-font-size\">Le traitement consistera \u00e0 faire travailler progressivement les releveurs du pied portant le pied vers l&rsquo;ext\u00e9rieur afin qu&rsquo;ils puissent travailler par la suite plus rapidement, plus fort mais surtout plus longtemps que ce qu&rsquo;ils ne faisaient pr\u00e9c\u00e9demment. En d\u00e9but de traitement ou pour stimuler des muscles hyperlaxes, r\u00e9aliser r\u00e9guli\u00e8rement le mouvement visible dans la page <a href=\"https:\/\/mecahealth.com\/?page_id=1800\" data-type=\"page\" data-id=\"1800\"><em>\u00e9quilibre de base<\/em> (\u00e9chauffement)<\/a><\/p>\n\n\n\n<p class=\"has-medium-font-size\">Tout exercice pour la cheville sera sauf pathologie particuli\u00e8re en l\u00e9g\u00e8re rotation externe puisque la plupart des pathologies communes des membres inf\u00e9rieurs s&rsquo;accompagne la plupart du temps d&rsquo;un exc\u00e8s de rotation dans le genou.<\/p>\n\n\n\n<h3 class=\"wp-block-heading has-medium-font-size\">D\u00e9chirure des ligaments internes<\/h3>\n\n\n\n<p class=\"has-medium-font-size\">Cette entorse est plut\u00f4t rare pour le pied et survient en g\u00e9n\u00e9ral suite \u00e0 un choc ou une chute relativement importante la plupart du temps. <a href=\"https:\/\/mecahealth.com\/?page_id=1836\" data-type=\"page\" data-id=\"1836\">Pour le genou, c&rsquo;est nettement plus fr\u00e9quent<\/a>.<\/p>\n\n\n\n<p class=\"has-medium-font-size\">Le mouvement \u00e0 ex\u00e9cuter avant d&rsquo;entamer les exercices pour la cheville, est de positionner r\u00e9guli\u00e8rement lorsqu&rsquo;on est assis voire debout, le pied vers l&rsquo;int\u00e9rieur et \u00e0 partir de cette position, d&rsquo;essayer de relever le pied vers soi. Le mouvement se fait seulement sur quelques degr\u00e9s. Maintenir une dizaine \u00e0 une trentaine de secondes.<\/p>\n\n\n\n<h2 class=\"has-medium-font-size wp-block-heading\">Revenir \u00e0 la page <a href=\"https:\/\/mecahealth.com\/?page_id=618\" data-type=\"page\" data-id=\"618\"><em>Cheville<\/em><\/a>, <em><a href=\"https:\/\/mecahealth.com\/?page_id=620\" data-type=\"page\" data-id=\"620\">Genou<\/a> <\/em>ou <a href=\"https:\/\/mecahealth.com\/?page_id=525\" data-type=\"page\" data-id=\"525\"><em>Articulation<\/em><\/a><\/h2>\n","protected":false},"excerpt":{"rendered":"<p>Attention \u00e0 lire les consignes avant de lire toute page d&rsquo;un site sant\u00e9 ! Normalit\u00e9 Le ligament est une bande fibreuse qui soutient une articulation. Elle peut \u00eatre aux abords externes de l&rsquo;articulation ou en son sein comme l&rsquo;est le ligament crois\u00e9. Ce dernier est d\u00e9taill\u00e9 plus longuement dans la<a href=\"https:\/\/mecahealth.com\/?page_id=527\" class=\"read-more\">Read More&#8230;<\/a><\/p>\n","protected":false},"author":1,"featured_media":0,"parent":0,"menu_order":0,"comment_status":"closed","ping_status":"closed","template":"","meta":{"footnotes":""},"class_list":["post-527","page","type-page","status-publish","hentry"],"jetpack_sharing_enabled":true,"_links":{"self":[{"href":"https:\/\/mecahealth.com\/index.php?rest_route=\/wp\/v2\/pages\/527","targetHints":{"allow":["GET"]}}],"collection":[{"href":"https:\/\/mecahealth.com\/index.php?rest_route=\/wp\/v2\/pages"}],"about":[{"href":"https:\/\/mecahealth.com\/index.php?rest_route=\/wp\/v2\/types\/page"}],"author":[{"embeddable":true,"href":"https:\/\/mecahealth.com\/index.php?rest_route=\/wp\/v2\/users\/1"}],"replies":[{"embeddable":true,"href":"https:\/\/mecahealth.com\/index.php?rest_route=%2Fwp%2Fv2%2Fcomments&post=527"}],"version-history":[{"count":13,"href":"https:\/\/mecahealth.com\/index.php?rest_route=\/wp\/v2\/pages\/527\/revisions"}],"predecessor-version":[{"id":4518,"href":"https:\/\/mecahealth.com\/index.php?rest_route=\/wp\/v2\/pages\/527\/revisions\/4518"}],"wp:attachment":[{"href":"https:\/\/mecahealth.com\/index.php?rest_route=%2Fwp%2Fv2%2Fmedia&parent=527"}],"curies":[{"name":"wp","href":"https:\/\/api.w.org\/{rel}","templated":true}]}}