{"id":525,"date":"2023-01-08T13:43:54","date_gmt":"2023-01-08T12:43:54","guid":{"rendered":"https:\/\/mecahealth.com\/?page_id=525"},"modified":"2023-02-15T23:42:33","modified_gmt":"2023-02-15T22:42:33","slug":"corps-articulation","status":"publish","type":"page","link":"https:\/\/mecahealth.com\/?page_id=525","title":{"rendered":"Corps : articulation"},"content":{"rendered":"\n<p><a href=\"https:\/\/mecahealth.com\/?page_id=122\"><\/a><a style=\"font-size: revert;\" href=\"https:\/\/mecahealth.com\/?page_id=122\">Attention \u00e0 lire les consignes avant de lire toute page d&rsquo;un site sant\u00e9 !<\/a> <\/p>\n\n\n\n<figure class=\"wp-block-image size-full is-style-rounded\"><img loading=\"lazy\" decoding=\"async\" width=\"330\" height=\"330\" src=\"https:\/\/mecahealth.com\/wp-content\/uploads\/2023\/01\/9-1.jpg\" alt=\"\" class=\"wp-image-573\" srcset=\"https:\/\/mecahealth.com\/wp-content\/uploads\/2023\/01\/9-1.jpg 330w, https:\/\/mecahealth.com\/wp-content\/uploads\/2023\/01\/9-1-300x300.jpg 300w, https:\/\/mecahealth.com\/wp-content\/uploads\/2023\/01\/9-1-150x150.jpg 150w\" sizes=\"auto, (max-width: 330px) 100vw, 330px\" \/><figcaption class=\"wp-element-caption\"><em>Articulation du genou<\/em><\/figcaption><\/figure>\n\n\n\n<h2 class=\"wp-block-heading\">Normalit\u00e9 <\/h2>\n\n\n\n<p class=\"has-medium-font-size\">Une articulation est un ensemble compos\u00e9 d&rsquo;une extr\u00e9mit\u00e9 de 2 ou plusieurs os ; ces extr\u00e9mit\u00e9s \u00e9tant couverte par du <a href=\"https:\/\/mecahealth.com\/?page_id=517\" data-type=\"page\" data-id=\"517\">cartilage<\/a>. Ces extr\u00e9mit\u00e9s s&#8217;embo\u00eetent partiellement et assurent le mouvement par la contraction d&rsquo;<a href=\"http:\/\/muscles\">un ou plusieurs muscles<\/a> ou groupes musculaires. L&rsquo;articulation n&rsquo;est pas travers\u00e9e mais superpos\u00e9e par la partie tendineuse des muscles et non de leur partie charnue (<a href=\"https:\/\/mecahealth.com\/?page_id=529\" data-type=\"page\" data-id=\"529\">voir muscle<\/a>).<\/p>\n\n\n\n<p class=\"has-medium-font-size\">Les articulations sont entour\u00e9s d&rsquo;une gaine afin de maintenir le liquide synovial assurant un meilleur glissement de la partie cartilagineuse. Les articulations sont maintenues hors de l&rsquo;\u00e9lasticit\u00e9 musculaire par les <a href=\"https:\/\/mecahealth.com\/?page_id=527\" data-type=\"page\" data-id=\"527\">ligaments<\/a>. <\/p>\n\n\n\n<h2 class=\"wp-block-heading\">Pathologies <\/h2>\n\n\n\n<p class=\"has-medium-font-size\">Un articulation us\u00e9e ou en train de s&rsquo;user, sera une articulation <a href=\"https:\/\/mecahealth.com\/?page_id=564\">arthros\u00e9e<\/a>. Si elle s&rsquo;enflamme ce sera de l&rsquo;<a href=\"https:\/\/mecahealth.com\/?page_id=564\">arthrite<\/a> m\u00eame si l&rsquo;arthrose est consid\u00e9r\u00e9e par certains comme l&rsquo;une des arthrites.<\/p>\n\n\n\n<p class=\"has-medium-font-size\">Dans certains cas, les ligaments sont \u00e0 la naissance trop long, on parle alors d&rsquo;<a href=\"https:\/\/mecahealth.com\/?page_id=537\" data-type=\"page\" data-id=\"537\">hyperlaxit\u00e9 ligamentaire<\/a>. Dans ce cas, suite \u00e0 un choc, ou une \u00e0 <a href=\"https:\/\/mecahealth.com\/?page_id=402\" data-type=\"page\" data-id=\"402\">mouvement asym\u00e9trique<\/a> r\u00e9p\u00e9t\u00e9, l&rsquo;articulation ne disposera pas de suffisamment de place entre les parties osseuses. Cette diminution d&rsquo;espace augmentera les pathologies pr\u00e9cit\u00e9es \u00e0 court, moyen ou long terme. Lors d&rsquo;un traitement demandez s&rsquo;il n&rsquo;y a pas lieu de faire une <a href=\"https:\/\/mecahealth.com\/?page_id=1089\" data-type=\"page\" data-id=\"1089\">d\u00e9coaptation<\/a>.<\/p>\n\n\n\n<p><\/p>\n\n\n\n<h2 class=\"has-medium-font-size wp-block-heading\">Revenir au chapitre \u00ab\u00a0<a href=\"https:\/\/mecahealth.com\/?page_id=75\" data-type=\"page\" data-id=\"75\">Musculo-articulaire<\/a>\u00ab\u00a0<\/h2>\n\n\n\n<p><\/p>\n","protected":false},"excerpt":{"rendered":"<p>Attention \u00e0 lire les consignes avant de lire toute page d&rsquo;un site sant\u00e9 ! Normalit\u00e9 Une articulation est un ensemble compos\u00e9 d&rsquo;une extr\u00e9mit\u00e9 de 2 ou plusieurs os ; ces extr\u00e9mit\u00e9s \u00e9tant couverte par du cartilage. Ces extr\u00e9mit\u00e9s s&#8217;embo\u00eetent partiellement et assurent le mouvement par la contraction d&rsquo;un ou plusieurs<a href=\"https:\/\/mecahealth.com\/?page_id=525\" class=\"read-more\">Read More&#8230;<\/a><\/p>\n","protected":false},"author":1,"featured_media":0,"parent":0,"menu_order":0,"comment_status":"closed","ping_status":"closed","template":"","meta":{"footnotes":""},"class_list":["post-525","page","type-page","status-publish","hentry"],"jetpack_sharing_enabled":true,"_links":{"self":[{"href":"https:\/\/mecahealth.com\/index.php?rest_route=\/wp\/v2\/pages\/525","targetHints":{"allow":["GET"]}}],"collection":[{"href":"https:\/\/mecahealth.com\/index.php?rest_route=\/wp\/v2\/pages"}],"about":[{"href":"https:\/\/mecahealth.com\/index.php?rest_route=\/wp\/v2\/types\/page"}],"author":[{"embeddable":true,"href":"https:\/\/mecahealth.com\/index.php?rest_route=\/wp\/v2\/users\/1"}],"replies":[{"embeddable":true,"href":"https:\/\/mecahealth.com\/index.php?rest_route=%2Fwp%2Fv2%2Fcomments&post=525"}],"version-history":[{"count":8,"href":"https:\/\/mecahealth.com\/index.php?rest_route=\/wp\/v2\/pages\/525\/revisions"}],"predecessor-version":[{"id":3417,"href":"https:\/\/mecahealth.com\/index.php?rest_route=\/wp\/v2\/pages\/525\/revisions\/3417"}],"wp:attachment":[{"href":"https:\/\/mecahealth.com\/index.php?rest_route=%2Fwp%2Fv2%2Fmedia&parent=525"}],"curies":[{"name":"wp","href":"https:\/\/api.w.org\/{rel}","templated":true}]}}