{"id":519,"date":"2023-01-08T13:38:32","date_gmt":"2023-01-08T12:38:32","guid":{"rendered":"https:\/\/mecahealth.com\/?page_id=519"},"modified":"2023-02-27T23:00:44","modified_gmt":"2023-02-27T22:00:44","slug":"position-ecrans","status":"publish","type":"page","link":"https:\/\/mecahealth.com\/?page_id=519","title":{"rendered":"Position : \u00e9crans"},"content":{"rendered":"\n<p class=\"has-medium-font-size\"><a href=\"https:\/\/mecahealth.com\/?page_id=122\">Attention \u00e0 lire les consignes avant de lire toute page d&rsquo;un site sant\u00e9 !<\/a><\/p>\n\n\n\n<figure class=\"wp-block-image size-large is-style-rounded\"><img loading=\"lazy\" decoding=\"async\" width=\"330\" height=\"330\" src=\"https:\/\/mecahealth.com\/wp-content\/uploads\/2023\/01\/20230114_160954_0035.png\" alt=\"\" class=\"wp-image-1256\" srcset=\"https:\/\/mecahealth.com\/wp-content\/uploads\/2023\/01\/20230114_160954_0035.png 330w, https:\/\/mecahealth.com\/wp-content\/uploads\/2023\/01\/20230114_160954_0035-300x300.png 300w, https:\/\/mecahealth.com\/wp-content\/uploads\/2023\/01\/20230114_160954_0035-150x150.png 150w\" sizes=\"auto, (max-width: 330px) 100vw, 330px\" \/><\/figure>\n\n\n\n<p class=\"has-medium-font-size\">Seulement apr\u00e8s avoir r\u00e9gl\u00e9 la <a href=\"https:\/\/mecahealth.com\/?page_id=295\" data-type=\"page\" data-id=\"295\">chaise de bureau<\/a>, les \u00e9crans seront positionn\u00e9s et r\u00e9gl\u00e9s de la fa\u00e7on suivante. <\/p>\n\n\n\n<h2 class=\"wp-block-heading\">Normes communes <\/h2>\n\n\n\n<p class=\"has-medium-font-size\">Le temps des petits \u00e9crans verts est bien termin\u00e9 ; celui des tubes cathodiques en principe \u00e9galement et pourtant des r\u00e8gles de cette \u00e9poque circule encore et toujours.<\/p>\n\n\n\n<p class=\"has-medium-font-size\"><strong>Non, non et non, <\/strong>on ne ne tient plus compte du bord sup\u00e9rieur vu la taille des \u00e9crans actuels mais bien de son centre qui doit \u00eatre dans <a href=\"https:\/\/mecahealth.com\/?page_id=1923\" data-type=\"page\" data-id=\"1923\">l&rsquo;axe de vision d&rsquo;une personne assise comme debout (regard vers le sol \u00e0 5-6m)<\/a>.<\/p>\n\n\n\n<p class=\"has-medium-font-size\">En fonction de la profondeur de votre espace et de la taille de votre \u00e9cran, vous installerez donc ce dernier l\u00e9g\u00e8rement inclin\u00e9 vers vous et \u00e0 la hauteur qui vous correspond apr\u00e8s seulement avoir bien r\u00e9gl\u00e9 votre <a href=\"https:\/\/mecahealth.com\/?page_id=295\">chaise de bureau comme il se doit<\/a>.<\/p>\n\n\n\n<p class=\"has-medium-font-size\">Attention \u00e0 maintenir un \u00e9clairage suffisant. En effet, travailler dans le noir tout comme regarder la t\u00e9l\u00e9vision dans le noir, oblige les yeux \u00e0 <em>ne pas savoir stabiliser son r\u00e9glage<\/em>. Le corps ne sait pas s&rsquo;il doit se r\u00e9gler sur la partie sombre ou \u00e9clair\u00e9e. C&rsquo;est une raison de fatigue oculaire voire pire sur le long terme (&#8230;).<\/p>\n\n\n\n<h2 class=\"wp-block-heading has-medium-font-size\">\u00c9cran unique PC<\/h2>\n\n\n\n<p class=\"has-medium-font-size\">Contrairement \u00e0 ce qui \u00e9tait conseill\u00e9 avec les \u00ab\u00a0petits \u00e9crans verts\u00a0\u00bb, on ne met plus un \u00e9cran actuel sur un support ou des livres sauf si nous n&rsquo;avons pas assez de profondeur de bureau. Leur taille est g\u00e9n\u00e9ralement suffisante aujourd&rsquo;hui pour \u00eatre dans la <a href=\"https:\/\/mecahealth.com\/?page_id=1923\" data-type=\"page\" data-id=\"1923\">bonne position z\u00e9ro<\/a>.<\/p>\n\n\n\n<h2 class=\"wp-block-heading has-medium-font-size\">\u00c9cran unique portable<\/h2>\n\n\n\n<p class=\"has-medium-font-size\">Afin d&rsquo;\u00e9viter les diff\u00e9rents maux \u00e9voqu\u00e9s dans la <a href=\"https:\/\/mecahealth.com\/?page_id=295\" data-type=\"page\" data-id=\"295\">position assise en bureau<\/a>, dans la page \u00ab\u00a0<a href=\"https:\/\/mecahealth.com\/?page_id=201\" data-type=\"page\" data-id=\"201\">Lire correctement<\/a>\u00a0\u00bb ou dans la page \u00ab\u00a0<a href=\"https:\/\/mecahealth.com\/?page_id=628\" data-type=\"page\" data-id=\"628\">Nuque<\/a>\u00ab\u00a0, il est fortement conseill\u00e9 de ne pas utiliser un ordinateur plus de 30 minutes sans adapter l&rsquo;appareil comme ce qui est propos\u00e9 ci-dessous :<\/p>\n\n\n\n<ol class=\"wp-block-list\">\n<li>Utiliser un lutrin de livre de cuisine (moins cher que le mat\u00e9riel dit ergonomique)<\/li>\n\n\n\n<li>rajouter une souris et un clavier additionnel<\/li>\n<\/ol>\n\n\n\n<p class=\"has-medium-font-size\">Comme \u00e9crit pr\u00e9c\u00e9demment dans la page \u00ab\u00a0<a href=\"https:\/\/mecahealth.com\/?page_id=295\" data-type=\"page\" data-id=\"295\">Assis bureau<\/a>\u00ab\u00a0, il sera pr\u00e9f\u00e9rable d&rsquo;utiliser tout de m\u00eame la souris \u00e0 gauche (&#8230;).<\/p>\n\n\n\n<p class=\"has-medium-font-size\">L&rsquo;\u00e9cran sera plac\u00e9 l\u00e9g\u00e8rement inclin\u00e9 pour le milieu de cet \u00e9cran soit en direction perpendiculaire \u00e0 la vision de la <a href=\"https:\/\/mecahealth.com\/?page_id=1923\" data-type=\"page\" data-id=\"1923\">position z\u00e9ro de la t\u00eate (regard en direction du sol \u00e0 5-6m)<\/a>.<\/p>\n\n\n\n<figure class=\"wp-block-image size-large is-resized\"><img loading=\"lazy\" decoding=\"async\" src=\"https:\/\/mecahealth.com\/wp-content\/uploads\/2023\/02\/FRD_7686-edited.jpg\" alt=\"\" class=\"wp-image-3933\" width=\"200\" height=\"200\" srcset=\"https:\/\/mecahealth.com\/wp-content\/uploads\/2023\/02\/FRD_7686-edited.jpg 2447w, https:\/\/mecahealth.com\/wp-content\/uploads\/2023\/02\/FRD_7686-edited-300x300.jpg 300w, https:\/\/mecahealth.com\/wp-content\/uploads\/2023\/02\/FRD_7686-edited-1024x1024.jpg 1024w, https:\/\/mecahealth.com\/wp-content\/uploads\/2023\/02\/FRD_7686-edited-150x150.jpg 150w, https:\/\/mecahealth.com\/wp-content\/uploads\/2023\/02\/FRD_7686-edited-768x768.jpg 768w, https:\/\/mecahealth.com\/wp-content\/uploads\/2023\/02\/FRD_7686-edited-1536x1536.jpg 1536w, https:\/\/mecahealth.com\/wp-content\/uploads\/2023\/02\/FRD_7686-edited-2048x2048.jpg 2048w\" sizes=\"auto, (max-width: 200px) 100vw, 200px\" \/><\/figure>\n\n\n\n<h2 class=\"wp-block-heading has-medium-font-size\">Double \u00e9cran<\/h2>\n\n\n\n<p class=\"has-medium-font-size\">L&rsquo;usage d&rsquo;un double \u00e9cran est id\u00e9al pour une pratique professionnelle tout comme priv\u00e9e aujourd&rsquo;hui. En fonction de notre usage, soit nous placerons l&rsquo;\u00e9cran principal devant nous avec l&rsquo;\u00e9cran secondaire sur le c\u00f4t\u00e9 soit nous mettrons les \u00e9crans parfaitement sym\u00e9triquement l\u00e9g\u00e8rement tourn\u00e9 vers nous.<\/p>\n\n\n\n<p class=\"has-medium-font-size\">Si nous avons connect\u00e9 un ordinateur portable \u00e0 un grand \u00e9cran ou que notre principale t\u00e2che ne n\u00e9cessite pas v\u00e9ritablement de travailler en permanence avec deux \u00e9crans, nous aurons le grand \u00e9cran devant nous (parall\u00e8le \u00e0 nos \u00e9paules) comme ci-dessous.<\/p>\n\n\n\n<figure class=\"wp-block-image size-full is-resized\"><img loading=\"lazy\" decoding=\"async\" src=\"https:\/\/mecahealth.com\/wp-content\/uploads\/2023\/01\/20230114_160954_0035.png\" alt=\"\" class=\"wp-image-1256\" width=\"200\" height=\"200\" srcset=\"https:\/\/mecahealth.com\/wp-content\/uploads\/2023\/01\/20230114_160954_0035.png 330w, https:\/\/mecahealth.com\/wp-content\/uploads\/2023\/01\/20230114_160954_0035-300x300.png 300w, https:\/\/mecahealth.com\/wp-content\/uploads\/2023\/01\/20230114_160954_0035-150x150.png 150w\" sizes=\"auto, (max-width: 200px) 100vw, 200px\" \/><\/figure>\n\n\n\n<p class=\"has-medium-font-size\">Si nous devons v\u00e9ritablement travaille en permanence avec les deux \u00e9crans, nous placerons les \u00e9crans comme d\u00e9crit ci-dessus et visible ci-dessous.<\/p>\n\n\n\n<figure class=\"wp-block-image size-large is-resized\"><img loading=\"lazy\" decoding=\"async\" src=\"https:\/\/mecahealth.com\/wp-content\/uploads\/2023\/02\/MecaHealth-bureau-ecrans-double-DALL-E-1024x1024.png\" alt=\"\" class=\"wp-image-3928\" width=\"200\" height=\"200\" srcset=\"https:\/\/mecahealth.com\/wp-content\/uploads\/2023\/02\/MecaHealth-bureau-ecrans-double-DALL-E.png 1024w, https:\/\/mecahealth.com\/wp-content\/uploads\/2023\/02\/MecaHealth-bureau-ecrans-double-DALL-E-300x300.png 300w, https:\/\/mecahealth.com\/wp-content\/uploads\/2023\/02\/MecaHealth-bureau-ecrans-double-DALL-E-150x150.png 150w, https:\/\/mecahealth.com\/wp-content\/uploads\/2023\/02\/MecaHealth-bureau-ecrans-double-DALL-E-768x768.png 768w\" sizes=\"auto, (max-width: 200px) 100vw, 200px\" \/><\/figure>\n\n\n\n<h2 class=\"wp-block-heading has-medium-font-size\">Triple \u00e9cran<\/h2>\n\n\n\n<p class=\"has-medium-font-size\">Trois \u00e9crans permet de couvrir l&rsquo;ensemble de sa vision ou presque. C&rsquo;est bien entendu plus id\u00e9al mais n\u00e9cessite un plus grand espace. Dans la repr\u00e9sentation ci-dessous, les \u00e9crans ne sont pas assez inclin\u00e9s et la chaise n&rsquo;est pas assez haute.<\/p>\n\n\n\n<figure class=\"wp-block-image size-large is-resized\"><img loading=\"lazy\" decoding=\"async\" src=\"https:\/\/mecahealth.com\/wp-content\/uploads\/2023\/02\/MecaHealth-assis-bureau-ecrans-triple-1024x1024.png\" alt=\"\" class=\"wp-image-3936\" width=\"200\" height=\"200\" srcset=\"https:\/\/mecahealth.com\/wp-content\/uploads\/2023\/02\/MecaHealth-assis-bureau-ecrans-triple.png 1024w, https:\/\/mecahealth.com\/wp-content\/uploads\/2023\/02\/MecaHealth-assis-bureau-ecrans-triple-300x300.png 300w, https:\/\/mecahealth.com\/wp-content\/uploads\/2023\/02\/MecaHealth-assis-bureau-ecrans-triple-150x150.png 150w, https:\/\/mecahealth.com\/wp-content\/uploads\/2023\/02\/MecaHealth-assis-bureau-ecrans-triple-768x768.png 768w\" sizes=\"auto, (max-width: 200px) 100vw, 200px\" \/><\/figure>\n\n\n\n<h2 class=\"wp-block-heading has-medium-font-size\">Cin\u00e9ma \u00e0 domicile<\/h2>\n\n\n\n<p class=\"has-medium-font-size\">Etant donn\u00e9 de large diff\u00e9rence de gammes de t\u00e9l\u00e9vision, nous ne pouvons plus dire qu&rsquo;une image est meilleure qu&rsquo;une autre pour les yeux par contre, plus un \u00e9cran est grand, plus il n\u00e9cessite une qualit\u00e9 de pixels. Ce qui est moins connu, c&rsquo;est qu&rsquo;il n&rsquo;est pas conseill\u00e9 de se mettre dans le noir tant que le champ visuel n&rsquo;est pas couvert au maximum. La fatigue oculaire et g\u00e9n\u00e9rale se feront moins sentir si une luminosit\u00e9 minimale est maintenue autour du poste de t\u00e9l\u00e9vision. Il fut d&rsquo;ailleurs un temps o\u00f9 certaines t\u00e9l\u00e9visions diffusaient une l\u00e9g\u00e8re lumi\u00e8re color\u00e9e sur le c\u00f4t\u00e9. Cette mode est malheureusement pass\u00e9e&#8230;<\/p>\n\n\n\n<h2 class=\"has-medium-font-size wp-block-heading\">Revenir \u00e0 la page <a href=\"https:\/\/mecahealth.com\/?page_id=295\" data-type=\"page\" data-id=\"295\"><em>Assis bureau<\/em><\/a><\/h2>\n","protected":false},"excerpt":{"rendered":"<p>Attention \u00e0 lire les consignes avant de lire toute page d&rsquo;un site sant\u00e9 ! Seulement apr\u00e8s avoir r\u00e9gl\u00e9 la chaise de bureau, les \u00e9crans seront positionn\u00e9s et r\u00e9gl\u00e9s de la fa\u00e7on suivante. Normes communes Le temps des petits \u00e9crans verts est bien termin\u00e9 ; celui des tubes cathodiques en principe<a href=\"https:\/\/mecahealth.com\/?page_id=519\" class=\"read-more\">Read More&#8230;<\/a><\/p>\n","protected":false},"author":1,"featured_media":0,"parent":0,"menu_order":0,"comment_status":"closed","ping_status":"closed","template":"","meta":{"footnotes":""},"class_list":["post-519","page","type-page","status-publish","hentry"],"jetpack_sharing_enabled":true,"_links":{"self":[{"href":"https:\/\/mecahealth.com\/index.php?rest_route=\/wp\/v2\/pages\/519","targetHints":{"allow":["GET"]}}],"collection":[{"href":"https:\/\/mecahealth.com\/index.php?rest_route=\/wp\/v2\/pages"}],"about":[{"href":"https:\/\/mecahealth.com\/index.php?rest_route=\/wp\/v2\/types\/page"}],"author":[{"embeddable":true,"href":"https:\/\/mecahealth.com\/index.php?rest_route=\/wp\/v2\/users\/1"}],"replies":[{"embeddable":true,"href":"https:\/\/mecahealth.com\/index.php?rest_route=%2Fwp%2Fv2%2Fcomments&post=519"}],"version-history":[{"count":19,"href":"https:\/\/mecahealth.com\/index.php?rest_route=\/wp\/v2\/pages\/519\/revisions"}],"predecessor-version":[{"id":4185,"href":"https:\/\/mecahealth.com\/index.php?rest_route=\/wp\/v2\/pages\/519\/revisions\/4185"}],"wp:attachment":[{"href":"https:\/\/mecahealth.com\/index.php?rest_route=%2Fwp%2Fv2%2Fmedia&parent=519"}],"curies":[{"name":"wp","href":"https:\/\/api.w.org\/{rel}","templated":true}]}}