{"id":517,"date":"2023-01-08T13:36:16","date_gmt":"2023-01-08T12:36:16","guid":{"rendered":"https:\/\/mecahealth.com\/?page_id=517"},"modified":"2023-01-08T22:09:51","modified_gmt":"2023-01-08T21:09:51","slug":"corps-cartilage","status":"publish","type":"page","link":"https:\/\/mecahealth.com\/?page_id=517","title":{"rendered":"Corps : cartilage"},"content":{"rendered":"\n<p><a href=\"https:\/\/mecahealth.com\/?page_id=122\"><\/a><a style=\"font-size: revert;\" href=\"https:\/\/mecahealth.com\/?page_id=122\">Attention \u00e0 lire les consignes avant de lire toute page d&rsquo;un site sant\u00e9 !<\/a> <\/p>\n\n\n\n<figure class=\"wp-block-image size-full is-style-rounded\"><img loading=\"lazy\" decoding=\"async\" width=\"330\" height=\"330\" src=\"https:\/\/mecahealth.com\/wp-content\/uploads\/2023\/01\/12-1.jpg\" alt=\"\" class=\"wp-image-576\" srcset=\"https:\/\/mecahealth.com\/wp-content\/uploads\/2023\/01\/12-1.jpg 330w, https:\/\/mecahealth.com\/wp-content\/uploads\/2023\/01\/12-1-300x300.jpg 300w, https:\/\/mecahealth.com\/wp-content\/uploads\/2023\/01\/12-1-150x150.jpg 150w\" sizes=\"auto, (max-width: 330px) 100vw, 330px\" \/><\/figure>\n\n\n\n<p>Le cartilage est<\/p>\n\n\n\n<p><\/p>\n\n\n\n<p>\u00e0 suivre prochainement<\/p>\n","protected":false},"excerpt":{"rendered":"<p>Attention \u00e0 lire les consignes avant de lire toute page d&rsquo;un site sant\u00e9 ! Le cartilage est \u00e0 suivre prochainement<\/p>\n","protected":false},"author":1,"featured_media":0,"parent":0,"menu_order":0,"comment_status":"open","ping_status":"closed","template":"","meta":{"footnotes":""},"class_list":["post-517","page","type-page","status-publish","hentry"],"jetpack_sharing_enabled":true,"_links":{"self":[{"href":"https:\/\/mecahealth.com\/index.php?rest_route=\/wp\/v2\/pages\/517","targetHints":{"allow":["GET"]}}],"collection":[{"href":"https:\/\/mecahealth.com\/index.php?rest_route=\/wp\/v2\/pages"}],"about":[{"href":"https:\/\/mecahealth.com\/index.php?rest_route=\/wp\/v2\/types\/page"}],"author":[{"embeddable":true,"href":"https:\/\/mecahealth.com\/index.php?rest_route=\/wp\/v2\/users\/1"}],"replies":[{"embeddable":true,"href":"https:\/\/mecahealth.com\/index.php?rest_route=%2Fwp%2Fv2%2Fcomments&post=517"}],"version-history":[{"count":2,"href":"https:\/\/mecahealth.com\/index.php?rest_route=\/wp\/v2\/pages\/517\/revisions"}],"predecessor-version":[{"id":580,"href":"https:\/\/mecahealth.com\/index.php?rest_route=\/wp\/v2\/pages\/517\/revisions\/580"}],"wp:attachment":[{"href":"https:\/\/mecahealth.com\/index.php?rest_route=%2Fwp%2Fv2%2Fmedia&parent=517"}],"curies":[{"name":"wp","href":"https:\/\/api.w.org\/{rel}","templated":true}]}}