{"id":5023,"date":"2023-03-12T18:34:55","date_gmt":"2023-03-12T17:34:55","guid":{"rendered":"https:\/\/mecahealth.com\/?page_id=5023"},"modified":"2023-03-13T19:09:58","modified_gmt":"2023-03-13T18:09:58","slug":"psycho-masturber-or-not-masturber","status":"publish","type":"page","link":"https:\/\/mecahealth.com\/?page_id=5023","title":{"rendered":"Psycho : masturber or not masturber ?"},"content":{"rendered":"\n<p class=\"has-medium-font-size\"><a href=\"https:\/\/mecahealth.com\/?page_id=122\"><\/a><a style=\"font-size: revert;\" href=\"https:\/\/mecahealth.com\/?page_id=122\">Attention \u00e0 lire les consignes avant de lire toute page d&rsquo;un site sant\u00e9 !<\/a> <\/p>\n\n\n\n<figure class=\"wp-block-image size-full is-style-rounded\"><img loading=\"lazy\" decoding=\"async\" width=\"330\" height=\"330\" src=\"https:\/\/mecahealth.com\/wp-content\/uploads\/2023\/03\/MecaHealth-sexualite-mastur.jpg\" alt=\"\" class=\"wp-image-5027\" srcset=\"https:\/\/mecahealth.com\/wp-content\/uploads\/2023\/03\/MecaHealth-sexualite-mastur.jpg 330w, https:\/\/mecahealth.com\/wp-content\/uploads\/2023\/03\/MecaHealth-sexualite-mastur-300x300.jpg 300w, https:\/\/mecahealth.com\/wp-content\/uploads\/2023\/03\/MecaHealth-sexualite-mastur-150x150.jpg 150w\" sizes=\"auto, (max-width: 330px) 100vw, 330px\" \/><\/figure>\n\n\n\n<p class=\"has-medium-font-size\">M\u00eame s&rsquo;il faudrait sans doute quelques pages pour d\u00e9crire l&rsquo;importance de cette situation sur notre Soci\u00e9t\u00e9, contentons-nous de la base. <\/p>\n\n\n\n<p class=\"has-medium-font-size\">Se masturber seul ou avec sa ou son compagnon, n&rsquo;a rien de n\u00e9faste tout au contraire. La masturbation est une pratique sexuelle normale et saine. Elle peut \u00eatre b\u00e9n\u00e9fique pour la sant\u00e9 mentale et physique, tant qu&rsquo;elle est pratiqu\u00e9e de mani\u00e8re responsable et respectueuse envers soi-m\u00eame et les autres. Elle permet de d\u00e9couvrir d&rsquo;abord son propre corps puis celui de l&rsquo;autre. Plus tard, agir seul peut \u00eatre une mani\u00e8re de se d\u00e9tendre sans avoir besoin de m\u00e9dicaments gr\u00e2ce \u00e0 la lib\u00e9ration d&rsquo;endorphines, substances chimiques naturelles qui procurent une sensation de bien-\u00eatre et de relaxation.<\/p>\n\n\n\n<p class=\"has-medium-font-size\">Certaines personnes ont re\u00e7u comme information que l&rsquo;acte pouvait rendre sourd, pouvait m\u00eame s&rsquo;av\u00e9rer \u00eatre la mal absolu. Ce qui est totalement faux bien entendu. Seulement, il ne faut pas n\u00e9gliger l&rsquo;importance de telles propagandes. Il ne faut pas s&rsquo;\u00e9tonner par exemple du nombre de tueurs en s\u00e9rie aux Etats-Unis quand on conna\u00eet l&rsquo;importance de la religion chr\u00e9tienne sur une grande part de la population am\u00e9ricaine. Peut-\u00eatre connaissez-vous ce adage non puritain, \u00e0 remettre dans son contexte et sans doute pas tr\u00e8s catholique que plus d&rsquo;une connaissance ont mis en pratique : <em>Si tu as envie de tromper ta copine, branle-toi une fois. Si tu as toujours envie, branle toi deux fois. Si tu as toujours envie, c&rsquo;est qu&rsquo;il est vraiment temps de changer.<\/em> Si en effet, nous pouvons le prendre avec humour, sans doute l&rsquo;un ou l&rsquo;autre auront eu l&rsquo;occasion d&rsquo;\u00e9vacuer le <em>trop plein<\/em> avant une soir\u00e9e. Peut-\u00eatre auront-ils r\u00e9alis\u00e9 cette forme de divertissement alors qu&rsquo;ils \u00e9taient en questionnement sur leur relation amoureuse. Dans ce cas, durant la soir\u00e9e peut-\u00eatre auront-ils constat\u00e9 comme ceux qui osent en parler, que leur instinct de chasseur\/dragueur \u00e9tait g\u00e9n\u00e9ralement plus apais\u00e9. Leur sentiment \u00e9tait moins bestial et donc plus intellectualis\u00e9. Si une croyance, emp\u00eache une personne de vider ce trop plein, l&rsquo;instinct que certains pr\u00e9f\u00e8rent appeler pulsions augmentent et d&rsquo;autant plus \u00e0 l&rsquo;adolescence o\u00f9 le pic hormonal est important. Si cette croyance affirme \u00e9galement que l&rsquo;attirance sexuelle fait suite \u00e0 un rapprochement avec le diable, il ne faut pas s&rsquo;\u00e9tonner que certains cerveaux de personnes en mal-\u00eatre sur d&rsquo;autres sujets puissent bugger.<\/p>\n\n\n\n<p class=\"has-medium-font-size\">Que ce soit pour l&rsquo;homme tout comme pour la femme, la masturbation a un effet apaisant. De ce fait, la pratique devrait plut\u00f4t \u00eatre conseill\u00e9e mais \u00e0 l&rsquo;instar de tout plaisir, inutile d&rsquo;en abuser. Durant les \u00e9tudes, les \u00e9tudiants ne pratiquent-ils\/elles pas plus souvent sans pour autant devenir accros par la suite.<\/p>\n\n\n\n<p class=\"has-medium-font-size\">S&rsquo;il n&rsquo;y a pas d&rsquo;autres satisfactions personnelles ou professionnelles dans notre vie, le besoin d&rsquo;un plaisir peut devenir plus important que n\u00e9cessaire. Les d\u00e9rives deviennent possible. Prendre plaisir \u00e0 toute discussion, tout apprentissage, \u00e0 utiliser toutes nos capacit\u00e9s, permet d&rsquo;\u00e9viter d&rsquo;accorder trop d&rsquo;importance \u00e0 la sexualit\u00e9. Tout comme l&rsquo;accoutumance aux sucres, aux alcools, nous ne sommes pas \u00e9gaux mais tout comme celle-ci, elle d\u00e9pend \u00e9galement de l&rsquo;importance que l&rsquo;on y donne et de la publicit\u00e9 qui l&rsquo;entoure&#8230; Dans ce cas-ci l&rsquo;\u00e9rotisation de la publicit\u00e9 de n&rsquo;importe quel produit joue sur notre apparent-besoin. Interrogeons nous sur la comp\u00e9tence d&rsquo;un publicitaire qui a besoin de jouer avec cette \u00e9rotisation plut\u00f4t que d&rsquo;arriver \u00e0 mettre le produit en \u00e9vidence autrement et le connotation sexuelle de l&rsquo;information prendra d\u00e9j\u00e0 un peu moins d&rsquo;importance. Sans doute est-ce plus complexe que \u00e7a pour beaucoup mais  (&#8230;).<\/p>\n\n\n\n<p class=\"has-medium-font-size\">Plus on se dit qu&rsquo;on ne peut pas penser \u00e0 quelque chose, plus on y pense. <\/p>\n\n\n\n<p class=\"has-medium-font-size\">\u00e0 suivre prochainement<\/p>\n\n\n\n<p class=\"has-medium-font-size\">(&#8230;) <\/p>\n\n\n\n<h2 class=\"wp-block-heading has-medium-font-size\">Revenir \u00e0 la page <em><a href=\"https:\/\/mecahealth.com\/?page_id=395\" data-type=\"page\" data-id=\"395\">Sexualit\u00e9<\/a><\/em> ou <a href=\"https:\/\/mecahealth.com\/?page_id=5003\" data-type=\"page\" data-id=\"5003\"><em>Sous influences<\/em><\/a><\/h2>\n","protected":false},"excerpt":{"rendered":"<p>Attention \u00e0 lire les consignes avant de lire toute page d&rsquo;un site sant\u00e9 ! M\u00eame s&rsquo;il faudrait sans doute quelques pages pour d\u00e9crire l&rsquo;importance de cette situation sur notre Soci\u00e9t\u00e9, contentons-nous de la base. Se masturber seul ou avec sa ou son compagnon, n&rsquo;a rien de n\u00e9faste tout au contraire.<a href=\"https:\/\/mecahealth.com\/?page_id=5023\" class=\"read-more\">Read More&#8230;<\/a><\/p>\n","protected":false},"author":1,"featured_media":0,"parent":0,"menu_order":0,"comment_status":"closed","ping_status":"closed","template":"","meta":{"footnotes":""},"class_list":["post-5023","page","type-page","status-publish","hentry"],"jetpack_sharing_enabled":true,"_links":{"self":[{"href":"https:\/\/mecahealth.com\/index.php?rest_route=\/wp\/v2\/pages\/5023","targetHints":{"allow":["GET"]}}],"collection":[{"href":"https:\/\/mecahealth.com\/index.php?rest_route=\/wp\/v2\/pages"}],"about":[{"href":"https:\/\/mecahealth.com\/index.php?rest_route=\/wp\/v2\/types\/page"}],"author":[{"embeddable":true,"href":"https:\/\/mecahealth.com\/index.php?rest_route=\/wp\/v2\/users\/1"}],"replies":[{"embeddable":true,"href":"https:\/\/mecahealth.com\/index.php?rest_route=%2Fwp%2Fv2%2Fcomments&post=5023"}],"version-history":[{"count":7,"href":"https:\/\/mecahealth.com\/index.php?rest_route=\/wp\/v2\/pages\/5023\/revisions"}],"predecessor-version":[{"id":5045,"href":"https:\/\/mecahealth.com\/index.php?rest_route=\/wp\/v2\/pages\/5023\/revisions\/5045"}],"wp:attachment":[{"href":"https:\/\/mecahealth.com\/index.php?rest_route=%2Fwp%2Fv2%2Fmedia&parent=5023"}],"curies":[{"name":"wp","href":"https:\/\/api.w.org\/{rel}","templated":true}]}}