{"id":5003,"date":"2023-03-12T13:58:50","date_gmt":"2023-03-12T12:58:50","guid":{"rendered":"https:\/\/mecahealth.com\/?page_id=5003"},"modified":"2025-11-08T09:58:57","modified_gmt":"2025-11-08T08:58:57","slug":"psycho-sous-influences","status":"publish","type":"page","link":"https:\/\/mecahealth.com\/?page_id=5003","title":{"rendered":"Psycho : sous influences"},"content":{"rendered":"\n<p class=\"has-medium-font-size\"><a href=\"https:\/\/mecahealth.com\/?page_id=122\"><\/a><a style=\"font-size: revert;\" href=\"https:\/\/mecahealth.com\/?page_id=122\">Attention \u00e0 lire les consignes avant de lire toute page d&rsquo;un site sant\u00e9 !<\/a> <\/p>\n\n\n\n<figure class=\"wp-block-image size-full is-style-rounded\"><img loading=\"lazy\" decoding=\"async\" width=\"330\" height=\"330\" src=\"https:\/\/mecahealth.com\/wp-content\/uploads\/2023\/03\/MecaHealth-influence.jpg\" alt=\"\" class=\"wp-image-5236\" srcset=\"https:\/\/mecahealth.com\/wp-content\/uploads\/2023\/03\/MecaHealth-influence.jpg 330w, https:\/\/mecahealth.com\/wp-content\/uploads\/2023\/03\/MecaHealth-influence-300x300.jpg 300w, https:\/\/mecahealth.com\/wp-content\/uploads\/2023\/03\/MecaHealth-influence-150x150.jpg 150w\" sizes=\"auto, (max-width: 330px) 100vw, 330px\" \/><\/figure>\n\n\n\n<p class=\"has-medium-font-size\">Quelle personne pourrait en toute honn\u00eatet\u00e9 affirmer ne pas avoir \u00e9t\u00e9 influenc\u00e9e par l&rsquo;une ou l&rsquo;autre personne, par l&rsquo;un ou l&rsquo;autre courant de mode, de pens\u00e9e, etc. ? Sans doute aucune saine de corps et d&rsquo;esprit. Mais avons-nous chacun une id\u00e9e pr\u00e9cise des influences que nous suivons, avons suivi ou subissons ou avons subi ? Sans doute qu&rsquo;avec un peu de sagesse, pourrions-nous dire qu&rsquo;il n&rsquo;est pas possible de le d\u00e9finir et surtout impossible de dire dans quelles proportions, ces influences ont-elles impact\u00e9es nos vies. M\u00eame si nous sommes sans doute conscients d&rsquo;\u00e9l\u00e9ments ayant influenc\u00e9s plus ou moins notre vie, n&rsquo;en reste-t-il pas pour autant possible que des \u00e9l\u00e9ments ne nous soient connus ni de nous ni de <a href=\"https:\/\/mecahealth.com\/?page_id=5892\" data-type=\"page\" data-id=\"5892\">notre entourage<\/a> (sous influence \u00e9galement) ?<\/p>\n\n\n\n<p class=\"has-medium-font-size\">Si nous nous permettons de r\u00e9aliser une premi\u00e8re page sur le sujet, c&rsquo;est que d&rsquo;exp\u00e9rience, toute situation confondue, si un probl\u00e8me persiste en science ou qu&rsquo;une <a href=\"https:\/\/mecahealth.com\/?page_id=149\" data-type=\"page\" data-id=\"149\">affirmation n&rsquo;est pas reproductible<\/a>, c&rsquo;est que toutes les informations n&rsquo;auront pas \u00e9t\u00e9 trait\u00e9es ni envisag\u00e9es. Aucune information n&rsquo;est donc \u00e0 ignorer dans une analyse ou recherche et encore moins en sant\u00e9 mentale (&#8230;). Ce qui semble \u00eatre rejet\u00e9 le plus souvent ceux qui pensent \u00eatre des bienpensants actuels, est la part de l&rsquo;influence de notre <a href=\"https:\/\/mecahealth.com\/?page_id=1974\" data-type=\"page\" data-id=\"1974\">animalit\u00e9 gr\u00e9gaire<\/a> notamment, de notre <a href=\"https:\/\/mecahealth.com\/?page_id=1978\" data-type=\"page\" data-id=\"1978\">dominance initiale<\/a> et d&rsquo;autres sujets tout aussi d\u00e9licat.<\/p>\n\n\n\n<p class=\"has-medium-font-size\">Si un sujet peut influencer de mani\u00e8re insignifiante une personne ou un groupe de personnes, ce m\u00eame sujet peut avoir une importance consid\u00e9rable sur d&rsquo;autres et ce n&rsquo;est pas forc\u00e9ment en lien avec la <a href=\"https:\/\/mecahealth.com\/?page_id=6387\" data-type=\"page\" data-id=\"6387\">r\u00e9silience<\/a> mais bien en lien avec une certaine <a href=\"https:\/\/mecahealth.com\/?page_id=1973\" data-type=\"page\" data-id=\"1973\">comparaison (&#8230;)<\/a>. Il y a lieu de penser que cette diff\u00e9rence survient parfois d&rsquo;\u00e9l\u00e9ments rationnels (ou consid\u00e9r\u00e9s \u00e0 l&rsquo;heure actuelle comme tel) tout comme d&rsquo;\u00e9l\u00e9ments irrationnels (selon l&rsquo;angle de vue). Ces points de vue sont sujets \u00e0 influences multiples : celle de l&rsquo;\u00e9ducation, celles de nos exp\u00e9riences malheureuses (<a href=\"https:\/\/mecahealth.com\/?page_id=2304\" data-type=\"page\" data-id=\"2304\">frustrations<\/a>) et heureuses, celles qui nous sont cont\u00e9es dans une romance r\u00e9p\u00e9t\u00e9e elle-m\u00eame sous influence, celles de journalistes convaincus par une m\u00eame forme d&rsquo;influences, <a href=\"https:\/\/mecahealth.com\/?page_id=3576\" data-type=\"page\" data-id=\"3576\">des professeurs<\/a>, des amis, des coll\u00e8gues, etc. tout comme des v\u00e9rit\u00e9s manipul\u00e9es express\u00e9ment pour nous conduire dans une direction souhait\u00e9e. L&rsquo;exemple de&nbsp;l&rsquo;orthographe fran\u00e7aise est un bel exemple de l&rsquo;\u00e9litisme cach\u00e9 (<a href=\"https:\/\/m.youtube.com\/watch?v=5YO7Vg1ByA8\" target=\"_blank\" rel=\"noreferrer noopener\">voir vid\u00e9o TedEx<\/a>). Il y a bien d&rsquo;autres v\u00e9rit\u00e9s qui font mal et qui sont ou seront d\u00e9velopp\u00e9s en lien avec les pages <em><a href=\"https:\/\/mecahealth.com\/?page_id=6654\" data-type=\"page\" data-id=\"6654\">M\u00e9tacognition soci\u00e9tale<\/a><\/em>.<\/p>\n\n\n\n<p class=\"has-medium-font-size\">Si des \u00e9tudes tentent \u00e0 prouver que la couleur verte a un effet plut\u00f4t apaisant, ne peut-on pas concevoir que si un enfant est enferm\u00e9 pour des raisons sordides dans une pi\u00e8ce peinte en vert, elle produise l&rsquo;effet inverse sur cette personne \u00e0 l&rsquo;\u00e2ge adulte ?<\/p>\n\n\n\n<p class=\"has-medium-font-size\">Si la lune peut influencer des mar\u00e9es, ne peut-on pas concevoir qu&rsquo;elle ait une influence sur nous et plus sur certaines personnes puisque <a href=\"https:\/\/mecahealth.com\/?page_id=2236\" data-type=\"page\" data-id=\"2236\">nous ne na\u00eetrions pas \u00e9gaux<\/a> autant <a href=\"https:\/\/mecahealth.com\/?page_id=1978\" data-type=\"page\" data-id=\"1978\">physiquement comme psychiquement<\/a> ? Mais peut-on s\u00e9rieusement laisser entendre que les astres conduisent notre vie sans tout autre forme d&rsquo;influences ?<\/p>\n\n\n\n<p class=\"has-medium-font-size\">Si nous devons prendre certaines d\u00e9cisions, seront-elles les m\u00eames apr\u00e8s avoir subi un accident de roulage, apr\u00e8s s&rsquo;\u00eatre disput\u00e9 avec son employeur, ses coll\u00e8gues, un ami cher ou sa\/son compagne\/gnon ou si <a href=\"https:\/\/mecahealth.com\/?page_id=5402\" data-type=\"page\" data-id=\"5402\">un mot utilis\u00e9 nous rappelle des mots blessants<\/a> ? Seront-elles les m\u00eame si \u00e0 l&rsquo;inverse apr\u00e8s avoir fait l&rsquo;amour ? Seront-elles encore les m\u00eames apr\u00e8s s&rsquo;\u00eatre <a href=\"https:\/\/mecahealth.com\/?page_id=5023\" data-type=\"page\" data-id=\"5023\"><em>onanis\u00e9 <\/em>(masturb\u00e9)<\/a> pour les un(e)s, ou \u00e0 une p\u00e9riode du cycle menstruel pour les autres ?<\/p>\n\n\n\n<p class=\"has-medium-font-size\">Nous sommes tous sous influences multiples et l&rsquo;int\u00e9r\u00eat de le relever est d&rsquo;\u00e9viter de ne suivre qu&rsquo;une seule direction simpliste l\u00e0 o\u00f9 la chemin est parfois plus complexe, d&rsquo;\u00e9viter \u00e0 l&rsquo;inverse des chemins sinueux qui sont parfois plus simples si on se r\u00e9f\u00e8re \u00e0 d&rsquo;autres influences, de contrer ceux mettent en exergue une seule influence (ou presque) sur la sant\u00e9 physique ou mentale d&rsquo;une personne ou pire ceux qui en joueront pour augmenter la d\u00e9pendance \u00e0 un traitement ou une croyance d&rsquo;une personne devenant alors non plus sous influences mais sous emprises.<\/p>\n\n\n\n<p class=\"has-medium-font-size\">\u00e0 suivre prochainement ou <a href=\"https:\/\/mecahealth.com\/?page_id=95\" data-type=\"page\" data-id=\"95\">d\u00e9veloppement sur demande<\/a><\/p>\n\n\n\n<p>(&#8230;)<\/p>\n\n\n\n<h2 class=\"wp-block-heading\"><span style=\"font-size: var(--wp--preset--font-size--medium) ; color: initial;\">Abonnez-vous sur nos diff\u00e9rentes pages pour \u00eatre averti(s) des nouvelles mises en ligne&#8230;<\/span><\/h2>\n\n\n\n<p class=\"has-small-font-size\"><a rel=\"noreferrer noopener\" href=\"https:\/\/www.facebook.com\/MecaHealthAsbl\" target=\"_blank\">Facebook MecaHealthAsbl<\/a> &#8211; <a rel=\"noreferrer noopener\" href=\"https:\/\/www.linkedin.com\/company\/mecahealth\/\" target=\"_blank\">Linkedin MecaHealth<\/a> &#8211; <a rel=\"noreferrer noopener\" href=\"https:\/\/www.youtube.com\/channel\/UCJb5g--IGlU6FgQLQKaJljg\" target=\"_blank\">Youtube cha\u00eene MecaHealth<\/a> &#8211; Instagram (pas encore)<\/p>\n\n\n\n<p class=\"has-medium-font-size\"><strong>Vous avez aim\u00e9 l&rsquo;information que MecaHealth apporte, vous pouvez nous contacter pour l&rsquo;une ou l&rsquo;autre <a href=\"https:\/\/mecahealth.com\/?page_id=146\">formation<\/a>, nous appuyer en transmettant l&rsquo;adresse de notre site, mais \u00e9galement par <a href=\"https:\/\/mecahealth.com\/?page_id=172\">d&rsquo;autres appuis<\/a>.<\/strong><\/p>\n\n\n\n<h2 class=\"wp-block-heading has-medium-font-size\">Revenir \u00e0 la page initiale <a href=\"https:\/\/mecahealth.com\/?page_id=61\" data-type=\"page\" data-id=\"61\"><em>1001 conseils \/ lexique<\/em><\/a> ou au chapitre<em> <a href=\"https:\/\/mecahealth.com\/?page_id=127\" data-type=\"page\" data-id=\"127\">Corps psychique<\/a><\/em><\/h2>\n","protected":false},"excerpt":{"rendered":"<p>Attention \u00e0 lire les consignes avant de lire toute page d&rsquo;un site sant\u00e9 ! Quelle personne pourrait en toute honn\u00eatet\u00e9 affirmer ne pas avoir \u00e9t\u00e9 influenc\u00e9e par l&rsquo;une ou l&rsquo;autre personne, par l&rsquo;un ou l&rsquo;autre courant de mode, de pens\u00e9e, etc. ? Sans doute aucune saine de corps et d&rsquo;esprit.<a href=\"https:\/\/mecahealth.com\/?page_id=5003\" class=\"read-more\">Read More&#8230;<\/a><\/p>\n","protected":false},"author":1,"featured_media":0,"parent":0,"menu_order":0,"comment_status":"closed","ping_status":"closed","template":"","meta":{"footnotes":""},"class_list":["post-5003","page","type-page","status-publish","hentry"],"jetpack_sharing_enabled":true,"_links":{"self":[{"href":"https:\/\/mecahealth.com\/index.php?rest_route=\/wp\/v2\/pages\/5003","targetHints":{"allow":["GET"]}}],"collection":[{"href":"https:\/\/mecahealth.com\/index.php?rest_route=\/wp\/v2\/pages"}],"about":[{"href":"https:\/\/mecahealth.com\/index.php?rest_route=\/wp\/v2\/types\/page"}],"author":[{"embeddable":true,"href":"https:\/\/mecahealth.com\/index.php?rest_route=\/wp\/v2\/users\/1"}],"replies":[{"embeddable":true,"href":"https:\/\/mecahealth.com\/index.php?rest_route=%2Fwp%2Fv2%2Fcomments&post=5003"}],"version-history":[{"count":22,"href":"https:\/\/mecahealth.com\/index.php?rest_route=\/wp\/v2\/pages\/5003\/revisions"}],"predecessor-version":[{"id":8404,"href":"https:\/\/mecahealth.com\/index.php?rest_route=\/wp\/v2\/pages\/5003\/revisions\/8404"}],"wp:attachment":[{"href":"https:\/\/mecahealth.com\/index.php?rest_route=%2Fwp%2Fv2%2Fmedia&parent=5003"}],"curies":[{"name":"wp","href":"https:\/\/api.w.org\/{rel}","templated":true}]}}