{"id":491,"date":"2023-01-08T13:58:24","date_gmt":"2023-01-08T11:58:24","guid":{"rendered":"https:\/\/mecahealth.com\/?page_id=491"},"modified":"2025-03-29T14:01:46","modified_gmt":"2025-03-29T13:01:46","slug":"pathologie-incontinence-urinaire","status":"publish","type":"page","link":"https:\/\/mecahealth.com\/?page_id=491","title":{"rendered":"Pathologie : incontinence urinaire"},"content":{"rendered":"\n<p class=\"has-medium-font-size\"><a href=\"https:\/\/mecahealth.com\/?page_id=122\">Attention \u00e0 lire les consignes avant de lire toute page d&rsquo;un site sant\u00e9 !<\/a><\/p>\n\n\n\n<figure class=\"wp-block-image size-full is-style-rounded\"><img loading=\"lazy\" decoding=\"async\" width=\"330\" height=\"330\" src=\"https:\/\/mecahealth.com\/wp-content\/uploads\/2023\/02\/MecaHealth-uriner-incontinence.jpg\" alt=\"\" class=\"wp-image-2842\" srcset=\"https:\/\/mecahealth.com\/wp-content\/uploads\/2023\/02\/MecaHealth-uriner-incontinence.jpg 330w, https:\/\/mecahealth.com\/wp-content\/uploads\/2023\/02\/MecaHealth-uriner-incontinence-300x300.jpg 300w, https:\/\/mecahealth.com\/wp-content\/uploads\/2023\/02\/MecaHealth-uriner-incontinence-150x150.jpg 150w\" sizes=\"auto, (max-width: 330px) 100vw, 330px\" \/><\/figure>\n\n\n\n<p class=\"has-medium-font-size\">L&rsquo;incontinence est l&rsquo;\u00e9mission incontr\u00f4l\u00e9e des urines. Ces fuites peuvent \u00eatre nocturnes, mais sont principalement diurnes. Elle survient sous la forme de l&rsquo;\u00e9coulement de quelques gouttes ou d&rsquo;une perte totale.<\/p>\n\n\n\n<p class=\"has-medium-font-size\">L\u2019incontinence urinaire trait\u00e9e dans ce chapitre est principalement l\u2019incontinence urinaire la plus courante, \u00e0 savoir l\u2019incontinence urinaire d\u2019effort (IUE). Elle survient essentiellement chez la femme et chez l&rsquo;homme, parfois apr\u00e8s une <a data-type=\"page\" data-id=\"2725\" href=\"https:\/\/mecahealth.com\/?page_id=2725\">op\u00e9ration de la prostate<\/a>. L&rsquo;incontinence totale est la plupart du temps li\u00e9e \u00e0 un rel\u00e2chement de panique survenant apr\u00e8s les quelques gouttes de d\u00e9bordement qui sort dans le cadre de l&rsquo;IUE. Si ce n&rsquo;est le cas, il s&rsquo;agit d&rsquo;un trouble neurologique li\u00e9 \u00e0 une pathologie neurologique connue de la personne concern\u00e9e. <\/p>\n\n\n\n<p class=\"has-medium-font-size\">Les incontinences dites d&rsquo;effort surviennent suite \u00e0 des charges de diff\u00e9rents types : des efforts cons\u00e9quents survenant une ou plusieurs fois, tels que la toux ou l\u2019\u00e9ternuement, ou des efforts plus l\u00e9gers continus, tels que la marche, une mauvaise miction, ou m\u00eame chez les chanteuses professionnelles qui ne positionne pas correctement le force de pouss\u00e9e de la voix. Hormis apr\u00e8s une op\u00e9ration de prostate, les hommes ne sont quasiment pas touch\u00e9s car leur anatomie <a data-type=\"page\" data-id=\"2720\" href=\"https:\/\/mecahealth.com\/?page_id=2720\">ne permet pas de mouvement de vessie<\/a>. Les hommes seront donc eux, touch\u00e9s par des <a data-type=\"page\" data-id=\"1762\" href=\"https:\/\/mecahealth.com\/?page_id=1762\">hernies inguinales<\/a>.<\/p>\n\n\n\n<p class=\"has-medium-font-size\">Le cas de l\u2019incontinence faisant suite \u00e0 l\u2019<a href=\"https:\/\/mecahealth.com\/?page_id=595\" data-type=\"page\" data-id=\"595\">urgence mictionnelle<\/a> est malgr\u00e9 tout en liaison avec cet effort, mais n\u00e9cessite absolument la lecture de ladite page puisque l&rsquo;urgence fait \u00e9galement suite parfois \u00e0 une crainte de l&rsquo;incontinence.<\/p>\n\n\n\n<p class=\"has-medium-font-size\">Le point commun de toutes ces incontinences est bien entendu l\u2019effort et d\u00e8s lors, la pression. Il y aura en effet pression lors de la plupart des efforts. Cette pression, en fonction du comportement de chacun, sera plus ou moins importante. Elle d\u00e9pend de la position du tronc, du ventre, de la respiration \u00e9ventuellement, du stress, etc.<\/p>\n\n\n\n<p class=\"has-medium-font-size\">L\u2019incontinence survient en majeure partie suite \u00e0 cet \u00e9l\u00e9ment qui engendre le plus r\u00e9guli\u00e8rement en fait un mouvement de la vessie. La faiblesse du p\u00e9rin\u00e9e et du sphincter n&rsquo;est responsable que partiellement des pertes. Il faut donc en priorit\u00e9 apprendre \u00e0 <a href=\"https:\/\/mecahealth.com\/?page_id=489\" data-type=\"page\" data-id=\"489\">g\u00e9rer la pression<\/a> par des exercices ad\u00e9quats avant de chercher \u00e0 tonifier le sphincter. Il sera d&rsquo;autant plus important de pratiquer ce travail abdominal particulier qu&rsquo;il&nbsp; permet d\u00e9j\u00e0 naturellement de renforcer les muscles p\u00e9rin\u00e9aux s&rsquo;ils sont bien r\u00e9alis\u00e9s.<\/p>\n\n\n\n<p class=\"has-medium-font-size\">Apr\u00e8s avoir <a href=\"https:\/\/mecahealth.com\/?page_id=489\" data-type=\"page\" data-id=\"489\">g\u00e9r\u00e9 la pression<\/a> en positionnant correctement votre ventre \u00e0 l&rsquo;effort, peut \u00eatre r\u00e9alis\u00e9 <strong>ensuite seulement<\/strong> l<a href=\"https:\/\/mecahealth.com\/?page_id=2723\" data-type=\"page\" data-id=\"2723\">es m\u00e9thodes compl\u00e9mentaires de renforcement du plancher<\/a>.<\/p>\n\n\n\n<p>(&#8230;)<\/p>\n\n\n\n<p><\/p>\n\n\n\n<p class=\"has-medium-font-size\">Sans vouloir faire de publicit\u00e9, il est n\u00e9cessaire de savoir qu&rsquo;il existe une <a href=\"https:\/\/mecahealth.com\/?page_id=2724\" data-type=\"page\" data-id=\"2724\">r\u00e9elle diff\u00e9rence entre les serviettes destin\u00e9es \u00e0 absorber les urines<\/a> et celles utilis\u00e9es lors des menstruations (r\u00e8gles). M\u00eame si le prix diff\u00e8re, en attendant de g\u00e9rer correctement la retenue des urines, il est pr\u00e9f\u00e9rable d&rsquo;utiliser les protections  sp\u00e9cifiques. <a href=\"https:\/\/mecahealth.com\/?page_id=2724\" data-type=\"page\" data-id=\"2724\">N&rsquo;utilisez de lange m\u00eame avec les personnes \u00e2g\u00e9es que s&rsquo;ils sont n\u00e9cessaires<\/a>.<\/p>\n\n\n\n<p>(&#8230;)<\/p>\n\n\n\n<p class=\"has-large-font-size\">Une chanson \u00e0 \u00e9couter en boucle pour prendre de bonnes habitudes (<a href=\"https:\/\/youtube.com\/shorts\/vQa1i-iskt4\" target=\"_blank\" rel=\"noreferrer noopener\">version Slow<\/a>) ou&nbsp;<a href=\"https:\/\/youtube.com\/shorts\/2RC9ro1ZTjo\" target=\"_blank\" rel=\"noreferrer noopener\">version Rock<\/a>&nbsp;:<\/p>\n\n\n\n<figure class=\"wp-block-embed is-type-video is-provider-youtube wp-block-embed-youtube wp-embed-aspect-4-3 wp-has-aspect-ratio\"><div class=\"wp-block-embed__wrapper\">\n<iframe loading=\"lazy\" title=\"MecaHealth by Lelitch -  Rentre Ton Ventre (slow version)\" width=\"600\" height=\"450\" src=\"https:\/\/www.youtube.com\/embed\/vQa1i-iskt4?feature=oembed\" frameborder=\"0\" allow=\"accelerometer; autoplay; clipboard-write; encrypted-media; gyroscope; picture-in-picture; web-share\" referrerpolicy=\"strict-origin-when-cross-origin\" allowfullscreen><\/iframe>\n<\/div><\/figure>\n\n\n\n<p><\/p>\n\n\n\n<h2 class=\"wp-block-heading has-medium-font-size\">Revenir au chapitre<em> <a href=\"https:\/\/mecahealth.com\/?page_id=77\" data-type=\"page\" data-id=\"77\">Corps plomberie<\/a><\/em> ou <em><a href=\"https:\/\/mecahealth.com\/?page_id=606\" data-type=\"page\" data-id=\"606\">Syst\u00e8me urinaire<\/a><\/em><\/h2>\n","protected":false},"excerpt":{"rendered":"<p>Attention \u00e0 lire les consignes avant de lire toute page d&rsquo;un site sant\u00e9 ! L&rsquo;incontinence est l&rsquo;\u00e9mission incontr\u00f4l\u00e9e des urines. Ces fuites peuvent \u00eatre nocturnes, mais sont principalement diurnes. Elle survient sous la forme de l&rsquo;\u00e9coulement de quelques gouttes ou d&rsquo;une perte totale. L\u2019incontinence urinaire trait\u00e9e dans ce chapitre est<a href=\"https:\/\/mecahealth.com\/?page_id=491\" class=\"read-more\">Read More&#8230;<\/a><\/p>\n","protected":false},"author":1,"featured_media":0,"parent":0,"menu_order":0,"comment_status":"closed","ping_status":"closed","template":"","meta":{"footnotes":""},"class_list":["post-491","page","type-page","status-publish","hentry"],"jetpack_sharing_enabled":true,"_links":{"self":[{"href":"https:\/\/mecahealth.com\/index.php?rest_route=\/wp\/v2\/pages\/491","targetHints":{"allow":["GET"]}}],"collection":[{"href":"https:\/\/mecahealth.com\/index.php?rest_route=\/wp\/v2\/pages"}],"about":[{"href":"https:\/\/mecahealth.com\/index.php?rest_route=\/wp\/v2\/types\/page"}],"author":[{"embeddable":true,"href":"https:\/\/mecahealth.com\/index.php?rest_route=\/wp\/v2\/users\/1"}],"replies":[{"embeddable":true,"href":"https:\/\/mecahealth.com\/index.php?rest_route=%2Fwp%2Fv2%2Fcomments&post=491"}],"version-history":[{"count":16,"href":"https:\/\/mecahealth.com\/index.php?rest_route=\/wp\/v2\/pages\/491\/revisions"}],"predecessor-version":[{"id":7845,"href":"https:\/\/mecahealth.com\/index.php?rest_route=\/wp\/v2\/pages\/491\/revisions\/7845"}],"wp:attachment":[{"href":"https:\/\/mecahealth.com\/index.php?rest_route=%2Fwp%2Fv2%2Fmedia&parent=491"}],"curies":[{"name":"wp","href":"https:\/\/api.w.org\/{rel}","templated":true}]}}