{"id":4906,"date":"2023-03-05T23:53:29","date_gmt":"2023-03-05T22:53:29","guid":{"rendered":"https:\/\/mecahealth.com\/?page_id=4906"},"modified":"2023-12-10T14:59:26","modified_gmt":"2023-12-10T13:59:26","slug":"pathologie-diabete","status":"publish","type":"page","link":"https:\/\/mecahealth.com\/?page_id=4906","title":{"rendered":"Pathologie : diab\u00e8te"},"content":{"rendered":"\n<p class=\"has-medium-font-size\"><a href=\"https:\/\/mecahealth.com\/?page_id=122\"><\/a><a style=\"font-size: revert;\" href=\"https:\/\/mecahealth.com\/?page_id=122\">Attention \u00e0 lire les consignes avant de lire toute page d&rsquo;un site sant\u00e9 !<\/a> <\/p>\n\n\n\n<figure class=\"wp-block-image size-full is-style-rounded\"><img loading=\"lazy\" decoding=\"async\" width=\"330\" height=\"330\" src=\"https:\/\/mecahealth.com\/wp-content\/uploads\/2023\/03\/MecaHealth-diabete.jpg\" alt=\"\" class=\"wp-image-4912\" srcset=\"https:\/\/mecahealth.com\/wp-content\/uploads\/2023\/03\/MecaHealth-diabete.jpg 330w, https:\/\/mecahealth.com\/wp-content\/uploads\/2023\/03\/MecaHealth-diabete-300x300.jpg 300w, https:\/\/mecahealth.com\/wp-content\/uploads\/2023\/03\/MecaHealth-diabete-150x150.jpg 150w\" sizes=\"auto, (max-width: 330px) 100vw, 330px\" \/><\/figure>\n\n\n\n<p class=\"has-medium-font-size\">Le diab\u00e8te est une maladie chronique qui se caract\u00e9rise par une augmentation des niveaux de sucre dans le sang. Il peut \u00eatre caus\u00e9 par une production insuffisante d&rsquo;insuline par le pancr\u00e9as ou une r\u00e9sistance \u00e0 l&rsquo;insuline.<\/p>\n\n\n\n<p class=\"has-medium-font-size\">Il existe deux principales formes de diab\u00e8te : le diab\u00e8te de type 1 et le diab\u00e8te de type 2. <\/p>\n\n\n\n<h2 class=\"wp-block-heading has-medium-font-size\">Diab\u00e8te de type I : <\/h2>\n\n\n\n<p class=\"has-medium-font-size\">Le diab\u00e8te de type 1 est une maladie auto-immune qui se d\u00e9veloppe g\u00e9n\u00e9ralement chez les enfants et les adolescents, et qui r\u00e9sulte d&rsquo;une production insuffisante d&rsquo;insuline par le pancr\u00e9as.<\/p>\n\n\n\n<h2 class=\"wp-block-heading has-medium-font-size\">Diab\u00e8te de type II :<\/h2>\n\n\n\n<p class=\"has-medium-font-size\">Le diab\u00e8te de type 2 est le plus courant et survient g\u00e9n\u00e9ralement chez les adultes. Il se manifeste par une r\u00e9sistance \u00e0 l&rsquo;insuline, ce qui entra\u00eene des niveaux \u00e9lev\u00e9s de sucre dans le sang. Les causes du diab\u00e8te de type 2 sont complexes et peuvent \u00eatre li\u00e9es \u00e0 un certain nombre de facteurs, y compris un mode de vie s\u00e9dentaire, une alimentation malsaine, un <a href=\"https:\/\/mecahealth.com\/?page_id=395\" data-type=\"page\" data-id=\"395\">exc\u00e8s de poids<\/a>, une pr\u00e9disposition g\u00e9n\u00e9tique, le vieillissement, et certaines maladies comme la polykystose ovarienne. Les \u00e9tudes ont montr\u00e9 que les personnes atteintes de diab\u00e8te de type 2 ont tendance \u00e0 avoir des niveaux plus \u00e9lev\u00e9s de certaines hormones, comme la leptine et l&rsquo;insuline, ce qui peut contribuer \u00e0 la r\u00e9sistance \u00e0 l&rsquo;insuline et \u00e0 un exc\u00e8s de glucose dans le sang. Il ne s&rsquo;agit donc pas forc\u00e9ment d&rsquo;une mauvaise hygi\u00e8ne alimentaire.<\/p>\n\n\n\n<p class=\"has-medium-font-size\">La pr\u00e9disposition g\u00e9n\u00e9tique m\u00eame si elle existe ne doit pas \u00eatre une fois de plus une excuse comme c&rsquo;est la tendance dans le travail sur le poids et sur <a href=\"https:\/\/mecahealth.com\/?page_id=1975\" data-type=\"page\" data-id=\"1975\">la sant\u00e9 mentale (&#8230;)<\/a>.<\/p>\n\n\n\n<p>(&#8230;)<\/p>\n\n\n\n<h2 class=\"wp-block-heading has-medium-font-size\">Revenir \u00e0 la page <em><a href=\"https:\/\/mecahealth.com\/?page_id=395\" data-type=\"page\" data-id=\"395\">Poids<\/a><\/em> ou au chapitre <a href=\"https:\/\/mecahealth.com\/?page_id=548\" data-type=\"page\" data-id=\"548\"><em>Pathologies<\/em><\/a><\/h2>\n","protected":false},"excerpt":{"rendered":"<p>Attention \u00e0 lire les consignes avant de lire toute page d&rsquo;un site sant\u00e9 ! Le diab\u00e8te est une maladie chronique qui se caract\u00e9rise par une augmentation des niveaux de sucre dans le sang. Il peut \u00eatre caus\u00e9 par une production insuffisante d&rsquo;insuline par le pancr\u00e9as ou une r\u00e9sistance \u00e0 l&rsquo;insuline.<a href=\"https:\/\/mecahealth.com\/?page_id=4906\" class=\"read-more\">Read More&#8230;<\/a><\/p>\n","protected":false},"author":1,"featured_media":0,"parent":0,"menu_order":0,"comment_status":"closed","ping_status":"closed","template":"","meta":{"footnotes":""},"class_list":["post-4906","page","type-page","status-publish","hentry"],"jetpack_sharing_enabled":true,"_links":{"self":[{"href":"https:\/\/mecahealth.com\/index.php?rest_route=\/wp\/v2\/pages\/4906","targetHints":{"allow":["GET"]}}],"collection":[{"href":"https:\/\/mecahealth.com\/index.php?rest_route=\/wp\/v2\/pages"}],"about":[{"href":"https:\/\/mecahealth.com\/index.php?rest_route=\/wp\/v2\/types\/page"}],"author":[{"embeddable":true,"href":"https:\/\/mecahealth.com\/index.php?rest_route=\/wp\/v2\/users\/1"}],"replies":[{"embeddable":true,"href":"https:\/\/mecahealth.com\/index.php?rest_route=%2Fwp%2Fv2%2Fcomments&post=4906"}],"version-history":[{"count":5,"href":"https:\/\/mecahealth.com\/index.php?rest_route=\/wp\/v2\/pages\/4906\/revisions"}],"predecessor-version":[{"id":6775,"href":"https:\/\/mecahealth.com\/index.php?rest_route=\/wp\/v2\/pages\/4906\/revisions\/6775"}],"wp:attachment":[{"href":"https:\/\/mecahealth.com\/index.php?rest_route=%2Fwp%2Fv2%2Fmedia&parent=4906"}],"curies":[{"name":"wp","href":"https:\/\/api.w.org\/{rel}","templated":true}]}}