{"id":489,"date":"2023-01-08T12:57:43","date_gmt":"2023-01-08T11:57:43","guid":{"rendered":"https:\/\/mecahealth.com\/?page_id=489"},"modified":"2025-03-29T14:00:43","modified_gmt":"2025-03-29T13:00:43","slug":"pathologie-gestion-de-la-pression","status":"publish","type":"page","link":"https:\/\/mecahealth.com\/?page_id=489","title":{"rendered":"Pathologie : gestion de la pression"},"content":{"rendered":"\n<p class=\"has-medium-font-size\"><a href=\"https:\/\/mecahealth.com\/?page_id=122\">Attention \u00e0 lire les consignes avant de lire toute page d&rsquo;un site sant\u00e9 !<\/a><\/p>\n\n\n\n<figure class=\"wp-block-image size-full is-style-rounded\"><img loading=\"lazy\" decoding=\"async\" width=\"330\" height=\"330\" src=\"https:\/\/mecahealth.com\/wp-content\/uploads\/2023\/03\/MecaHealth-rentre-ventre.jpg\" alt=\"\" class=\"wp-image-4579\" srcset=\"https:\/\/mecahealth.com\/wp-content\/uploads\/2023\/03\/MecaHealth-rentre-ventre.jpg 330w, https:\/\/mecahealth.com\/wp-content\/uploads\/2023\/03\/MecaHealth-rentre-ventre-300x300.jpg 300w, https:\/\/mecahealth.com\/wp-content\/uploads\/2023\/03\/MecaHealth-rentre-ventre-150x150.jpg 150w\" sizes=\"auto, (max-width: 330px) 100vw, 330px\" \/><\/figure>\n\n\n\n<h2 class=\"wp-block-heading has-large-font-size\">Pression est \u00e0 g\u00e9rer par l&rsquo;Hypopression<\/h2>\n\n\n\n<p class=\"has-medium-font-size\">La pression est une action qui peut entra\u00eener de multiples r\u00e9actions. Elle est, dans des proportions variables, une cause de la plupart des maux tels que l&rsquo;<a href=\"https:\/\/mecahealth.com\/?page_id=491\" data-type=\"page\" data-id=\"491\">incontinence urinaire d&rsquo;effort<\/a>, l&rsquo;<a href=\"https:\/\/mecahealth.com\/?page_id=595\" data-type=\"page\" data-id=\"595\">urgence mictionnelle<\/a> mais \u00e9galement indirectement de nombreuses <a href=\"https:\/\/mecahealth.com\/?page_id=212\" data-type=\"page\" data-id=\"212\">lombalgies<\/a> par un rel\u00e2chement et une mauvaise bascule du bassin. Apprendre \u00e0 positionner son ventre afin de g\u00e9rer la pression est d\u00e8s lors indispensable dans le contexte des troubles urinaires et m\u00eame dans celui des hernies visc\u00e9rales pour les hommes.<\/p>\n\n\n\n<p class=\"has-medium-font-size\">Si nous souhaitons obtenir une effet durable et donc valable sur des troubles urinaires ( y compris pour une <a href=\"https:\/\/mecahealth.com\/?page_id=2720\" data-type=\"page\" data-id=\"2720\">descente d&rsquo;organe(s)<\/a>, il est conseiller de se r\u00e9f\u00e9rer aux mouvements indiqu\u00e9s dans le chapitre abdominaux et gestion de la pression et aux th\u00e9rapeutes pratiquant cette gestion de pression d\u00e9nomm\u00e9e souvent \u00ab\u00a0travail hypopressif\u00a0\u00bb. Monsieur Marcel Caufriez (ULB) est <strong>l&rsquo;un des <\/strong>pr\u00e9curseurs de cette recherche et inventeur de ce terme.<\/p>\n\n\n<div class=\"wp-block-image\">\n<figure class=\"alignleft size-full is-resized\"><img loading=\"lazy\" decoding=\"async\" width=\"330\" height=\"330\" src=\"https:\/\/mecahealth.com\/wp-content\/uploads\/2023\/03\/MecaHealth-rentre-ventre-pantalon.jpg\" alt=\"\" class=\"wp-image-4578\" style=\"width:250px\" srcset=\"https:\/\/mecahealth.com\/wp-content\/uploads\/2023\/03\/MecaHealth-rentre-ventre-pantalon.jpg 330w, https:\/\/mecahealth.com\/wp-content\/uploads\/2023\/03\/MecaHealth-rentre-ventre-pantalon-300x300.jpg 300w, https:\/\/mecahealth.com\/wp-content\/uploads\/2023\/03\/MecaHealth-rentre-ventre-pantalon-150x150.jpg 150w\" sizes=\"auto, (max-width: 330px) 100vw, 330px\" \/><\/figure>\n<\/div>\n\n\n<p class=\"has-medium-font-size\">Cette technique \u00e0 l&rsquo;avantage de permettre d&rsquo;\u00e9viter souvent la pratique de l&rsquo;\u00e9lectrostimulation et, \u00e0 de nombreuses reprises, a permis \u00e0 des patientes qui avaient subi ce traitement \u00e9lectrique sans r\u00e9sultat, de pouvoir enfin vivre normalement. Cette technique, comme tout exercice de la vie quotidienne, doit se faire en <a href=\"https:\/\/mecahealth.com\/?page_id=487\" data-type=\"page\" data-id=\"487\">\u00e9vitant notre tendance bloquante respiratoire<\/a>. Elle est en r\u00e9alit\u00e9 tr\u00e8s tr\u00e8s proche du mouvement <em>b\u00eatement r\u00e9alis\u00e9<\/em> lorsqu&rsquo;il est n\u00e9cessaire de rentrer le ventre lorsqu&rsquo;un faut serrer sa ceinture.<\/p>\n\n\n\n<p class=\"has-medium-font-size\">Ce mouvement devrait \u00eatre adopt\u00e9 avec moins d&rsquo;intensit\u00e9 lors de toute <a href=\"https:\/\/mecahealth.com\/?page_id=443\" data-type=\"page\" data-id=\"443\">protection naturelle<\/a> , lors de tout <a href=\"https:\/\/mecahealth.com\/?page_id=615\" data-type=\"page\" data-id=\"615\">abdominaux<\/a> pour \u00e9viter <a href=\"https:\/\/mecahealth.com\/?page_id=1762\" data-type=\"page\" data-id=\"1762\">hernie<\/a> et <a href=\"https:\/\/mecahealth.com\/?page_id=491\" data-type=\"page\" data-id=\"491\">incontinence urinaire<\/a> mais \u00e9galement pendant la grossesse pour entretenir les connexions avec son ventre (&#8230;).<\/p>\n\n\n\n<p class=\"has-medium-font-size\">Nous l&rsquo;adopterons \u00e0 chaque fois que nous allons <a href=\"https:\/\/mecahealth.com\/?page_id=785\" data-type=\"page\" data-id=\"785\">sauter<\/a>, \u00e9ternuer, tousser, nous moucher, rire, pleurer, <a href=\"https:\/\/mecahealth.com\/?page_id=1149\" data-type=\"page\" data-id=\"1149\">nous retourner<\/a>, <a href=\"https:\/\/mecahealth.com\/?page_id=257\" data-type=\"page\" data-id=\"257\">nous lever<\/a>, etc. et dans <a href=\"https:\/\/mecahealth.com\/?page_id=259\" data-type=\"page\" data-id=\"259\">la plupart des sports<\/a>.<\/p>\n\n\n\n<p class=\"has-large-font-size\">Une chanson \u00e0 \u00e9couter en boucle pour prendre de bonnes habitudes (<a href=\"https:\/\/youtube.com\/shorts\/vQa1i-iskt4\" target=\"_blank\" rel=\"noreferrer noopener\">version Slow<\/a>) ou&nbsp;<a href=\"https:\/\/youtube.com\/shorts\/2RC9ro1ZTjo\" target=\"_blank\" rel=\"noreferrer noopener\">version Rock<\/a>&nbsp;:<\/p>\n\n\n\n<figure class=\"wp-block-embed is-type-video is-provider-youtube wp-block-embed-youtube wp-embed-aspect-4-3 wp-has-aspect-ratio\"><div class=\"wp-block-embed__wrapper\">\n<iframe loading=\"lazy\" title=\"MecaHealth by Lelitch -  Rentre Ton Ventre (slow version)\" width=\"600\" height=\"450\" src=\"https:\/\/www.youtube.com\/embed\/vQa1i-iskt4?feature=oembed\" frameborder=\"0\" allow=\"accelerometer; autoplay; clipboard-write; encrypted-media; gyroscope; picture-in-picture; web-share\" referrerpolicy=\"strict-origin-when-cross-origin\" allowfullscreen><\/iframe>\n<\/div><\/figure>\n\n\n\n<p><a href=\"https:\/\/mecahealth.com\/?page_id=180\" data-type=\"URL\" data-id=\"https:\/\/mecahealth.com\/?page_id=180\"><\/a><\/p>\n\n\n\n<h2 class=\"wp-block-heading has-medium-font-size\">Revenir au chapitre <em><a href=\"https:\/\/mecahealth.com\/?page_id=77\" data-type=\"page\" data-id=\"77\">Corps plomberie<\/a><\/em>, <em><a href=\"https:\/\/mecahealth.com\/?page_id=606\" data-type=\"page\" data-id=\"606\">Syst\u00e8me urinaire<\/a><\/em> ou <em><a href=\"https:\/\/mecahealth.com\/?page_id=548\" data-type=\"page\" data-id=\"548\">Pathologies<\/a><\/em><\/h2>\n","protected":false},"excerpt":{"rendered":"<p>Attention \u00e0 lire les consignes avant de lire toute page d&rsquo;un site sant\u00e9 ! Pression est \u00e0 g\u00e9rer par l&rsquo;Hypopression La pression est une action qui peut entra\u00eener de multiples r\u00e9actions. Elle est, dans des proportions variables, une cause de la plupart des maux tels que l&rsquo;incontinence urinaire d&rsquo;effort, l&rsquo;urgence<a href=\"https:\/\/mecahealth.com\/?page_id=489\" class=\"read-more\">Read More&#8230;<\/a><\/p>\n","protected":false},"author":1,"featured_media":0,"parent":0,"menu_order":0,"comment_status":"closed","ping_status":"closed","template":"","meta":{"footnotes":""},"class_list":["post-489","page","type-page","status-publish","hentry"],"jetpack_sharing_enabled":true,"_links":{"self":[{"href":"https:\/\/mecahealth.com\/index.php?rest_route=\/wp\/v2\/pages\/489","targetHints":{"allow":["GET"]}}],"collection":[{"href":"https:\/\/mecahealth.com\/index.php?rest_route=\/wp\/v2\/pages"}],"about":[{"href":"https:\/\/mecahealth.com\/index.php?rest_route=\/wp\/v2\/types\/page"}],"author":[{"embeddable":true,"href":"https:\/\/mecahealth.com\/index.php?rest_route=\/wp\/v2\/users\/1"}],"replies":[{"embeddable":true,"href":"https:\/\/mecahealth.com\/index.php?rest_route=%2Fwp%2Fv2%2Fcomments&post=489"}],"version-history":[{"count":12,"href":"https:\/\/mecahealth.com\/index.php?rest_route=\/wp\/v2\/pages\/489\/revisions"}],"predecessor-version":[{"id":7843,"href":"https:\/\/mecahealth.com\/index.php?rest_route=\/wp\/v2\/pages\/489\/revisions\/7843"}],"wp:attachment":[{"href":"https:\/\/mecahealth.com\/index.php?rest_route=%2Fwp%2Fv2%2Fmedia&parent=489"}],"curies":[{"name":"wp","href":"https:\/\/api.w.org\/{rel}","templated":true}]}}