{"id":487,"date":"2023-01-08T13:52:04","date_gmt":"2023-01-08T11:52:04","guid":{"rendered":"https:\/\/mecahealth.com\/?page_id=487"},"modified":"2024-01-14T12:15:57","modified_gmt":"2024-01-14T11:15:57","slug":"plomberie-respiration-et-blocage","status":"publish","type":"page","link":"https:\/\/mecahealth.com\/?page_id=487","title":{"rendered":"Plomberie : respiration et blocage"},"content":{"rendered":"\n<p class=\"has-medium-font-size\"><a href=\"https:\/\/mecahealth.com\/?page_id=122\">Attention \u00e0 lire les consignes avant de lire toute page d&rsquo;un site sant\u00e9 !<\/a><\/p>\n\n\n\n<figure class=\"wp-block-image size-full is-style-rounded\"><img loading=\"lazy\" decoding=\"async\" width=\"330\" height=\"330\" src=\"https:\/\/mecahealth.com\/wp-content\/uploads\/2023\/03\/MecaHealth-blocage-respiratoire.jpg\" alt=\"\" class=\"wp-image-4611\" srcset=\"https:\/\/mecahealth.com\/wp-content\/uploads\/2023\/03\/MecaHealth-blocage-respiratoire.jpg 330w, https:\/\/mecahealth.com\/wp-content\/uploads\/2023\/03\/MecaHealth-blocage-respiratoire-300x300.jpg 300w, https:\/\/mecahealth.com\/wp-content\/uploads\/2023\/03\/MecaHealth-blocage-respiratoire-150x150.jpg 150w\" sizes=\"auto, (max-width: 330px) 100vw, 330px\" \/><\/figure>\n\n\n\n<p class=\"has-large-font-size\">Nous sommes tous des <em>bloquants <\/em>!<\/p>\n\n\n\n<p class=\"has-medium-font-size\">Toute personne d\u00e9marrant une action commence par bloquer sa respiration. Notre<em> <a href=\"https:\/\/mecahealth.com\/?page_id=6609\" data-type=\"page\" data-id=\"6609\">m\u00e9moire vive<\/a> <\/em>\u00e9tant limit\u00e9e, ce blocage permet sans doute au cerveau de mieux g\u00e9rer le nouvel objectif corporel et de maintenir le corps en <a href=\"https:\/\/mecahealth.com\/?page_id=443\" data-type=\"page\" data-id=\"443\">protection<\/a> lors dudit mouvement.<\/p>\n\n\n\n<p class=\"has-medium-font-size\">La plupart des personnes continuent \u00e0 bloquer leur respiration encore durant quelques secondes mais d&rsquo;autres bien plus. Chacun bloquera \u00e9galement en r\u00e9fl\u00e9chissant \u00e0 une question pas forc\u00e9ment complexe, en se lavant, en se levant d&rsquo;une chaise, etc. C&rsquo;est une habitude qui ne porterait pas \u00e0 cons\u00e9quence v\u00e9ritable si nous en \u00e9tions rest\u00e9s \u00e0 un rythme animal mais \u00e9tant donn\u00e9 le rythme humain et le nombre de contraintes intellectuelles et\/ou physiques que ce rythme entra\u00eene, bloquer sa respiration sans correction peut amener \u00e0 des <a href=\"https:\/\/mecahealth.com\/?page_id=998\" data-type=\"page\" data-id=\"998\">cons\u00e9quences minimes<\/a> comme \u00e0 <a href=\"https:\/\/mecahealth.com\/?page_id=602\" data-type=\"page\" data-id=\"602\">bien plus dramatiques<\/a>. <\/p>\n\n\n\n<p class=\"has-medium-font-size\">En effet, plus une personne est fatigu\u00e9e, plus une personne se concentre, plus une personne est stress\u00e9e, plus elle bloquera sa respiration. De ce fait, une personne qui est mise sous stress dans un bureau en <em>full scanned<\/em> et qui ne bouge donc presque pas, ne respectant donc pas l&rsquo;<a href=\"https:\/\/mecahealth.com\/?page_id=441\" data-type=\"page\" data-id=\"441\">alternance contraction-rel\u00e2chement<\/a> donn\u00e9e par la respiration d&rsquo;une part et par le mouvement d&rsquo;autre part, sera bien \u00e9videmment plus \u00e0 m\u00eame d&rsquo;\u00eatre <a href=\"https:\/\/mecahealth.com\/?page_id=998\" data-type=\"page\" data-id=\"998\">fatigable physiquement et psychiquement<\/a>. Nous soutenons de ce fait, que la recrudescence des burnouts dans les <a href=\"https:\/\/mecahealth.com\/?page_id=295\">bureaux<\/a> est directement li\u00e9e au <em><a href=\"https:\/\/mecahealth.com\/?page_id=4598\" data-type=\"page\" data-id=\"4598\">full scanned<\/a><\/em>. Ce qui ne revient pas \u00e0 dire qu&rsquo;il s&rsquo;agit du seul facteur mais bien d&rsquo;un point essentiel pour expliquer l&rsquo;augmentation de cette derni\u00e8re d\u00e9cennie et non pas que ce seul point est responsable du burnout dans son ensemble.<\/p>\n\n\n\n<p class=\"has-medium-font-size\">Apprendre \u00e0 ne pas maintenir son blocage est, selon nous, la priorit\u00e9 dans toute situation respiratoire cardiaque ou sportive, nous avons <a href=\"https:\/\/mecahealth.com\/?page_id=2995\" data-type=\"page\" data-id=\"2995\">quelques exemples dont un plus particuli\u00e8rement qui le confirme largement<\/a>. Cette \u00e9vidence sera ensuite combin\u00e9e \u00e0 ce que Monsieur Li\u00e9geois a appel\u00e9 la <a href=\"https:\/\/mecahealth.com\/?page_id=1127\" data-type=\"page\" data-id=\"1127\"><em>d\u00e9coordination respiratoire<\/em><\/a> : la respiration doit maintenir son rythme lent et plus ou moins profond selon les efforts en cours et ne doit donc pas se calquer sur le rythme des mouvements en cours (&#8230;) ni devoir devenir un <a href=\"https:\/\/mecahealth.com\/?page_id=6432\" data-type=\"page\" data-id=\"6432\"><em>suceur de tabac (<\/em>&#8230;)<\/a><\/p>\n\n\n\n<p>(&#8230;)<\/p>\n\n\n\n<p class=\"has-medium-font-size\">Analysez votre propre blocage et ne soyez plus dans le Bloc-cage (thoracique)&#8230;<\/p>\n\n\n\n<figure class=\"wp-block-image size-full is-resized is-style-rounded\"><img loading=\"lazy\" decoding=\"async\" src=\"https:\/\/mecahealth.com\/wp-content\/uploads\/2023\/11\/MecaHealth-smiley-A.png\" alt=\"\" class=\"wp-image-6622\" width=\"50\" height=\"50\" srcset=\"https:\/\/mecahealth.com\/wp-content\/uploads\/2023\/11\/MecaHealth-smiley-A.png 965w, https:\/\/mecahealth.com\/wp-content\/uploads\/2023\/11\/MecaHealth-smiley-A-292x300.png 292w, https:\/\/mecahealth.com\/wp-content\/uploads\/2023\/11\/MecaHealth-smiley-A-150x150.png 150w, https:\/\/mecahealth.com\/wp-content\/uploads\/2023\/11\/MecaHealth-smiley-A-768x788.png 768w, https:\/\/mecahealth.com\/wp-content\/uploads\/2023\/11\/MecaHealth-smiley-A-300x308.png 300w\" sizes=\"auto, (max-width: 50px) 100vw, 50px\" \/><\/figure>\n\n\n\n<p class=\"has-medium-font-size\">Attention, ce qui pr\u00e9c\u00e8de n&rsquo;est pas une critique de l&rsquo;<a href=\"https:\/\/mecahealth.com\/?page_id=7090\" data-type=\"page\" data-id=\"7090\">apn\u00e9e <em>subaquatique<\/em><\/a> qui elle, facilite notamment le d\u00e9veloppement des capacit\u00e9s respiratoires (&#8230;).<\/p>\n\n\n\n<p><em>Un chanson d&rsquo;air :<\/em><\/p>\n\n\n\n<figure class=\"wp-block-embed is-type-rich is-provider-spotify wp-block-embed-spotify wp-embed-aspect-21-9 wp-has-aspect-ratio\"><div class=\"wp-block-embed__wrapper\">\n<iframe title=\"Spotify Embed: A Way to Breathe\" style=\"border-radius: 12px\" width=\"100%\" height=\"152\" frameborder=\"0\" allowfullscreen allow=\"autoplay; clipboard-write; encrypted-media; fullscreen; picture-in-picture\" loading=\"lazy\" src=\"https:\/\/open.spotify.com\/embed\/track\/2u2BHuJoGzKP3BxEwNQyZe?si=7da1af5a547c4132&#038;utm_source=oembed\"><\/iframe>\n<\/div><\/figure>\n\n\n\n<h2 class=\"wp-block-heading has-medium-font-size\">Vous avez aim\u00e9 l&rsquo;information que MecaHealth apporte, vous pouvez nous contacter pour l&rsquo;une ou l&rsquo;autre <a rel=\"noreferrer noopener\" data-type=\"page\" data-id=\"146\" href=\"https:\/\/mecahealth.com\/?page_id=146\" target=\"_blank\">formation<\/a>, nous appuyer en transmettant l&rsquo;adresse de notre site mais \u00e9galement par <a rel=\"noreferrer noopener\" data-type=\"page\" data-id=\"172\" href=\"https:\/\/mecahealth.com\/?page_id=172\" target=\"_blank\">d&rsquo;autres appuis<\/a>.<\/h2>\n\n\n\n<h2 class=\"wp-block-heading has-medium-font-size\">Revenir au chapitre <em><a href=\"https:\/\/mecahealth.com\/?page_id=600\" data-type=\"page\" data-id=\"600\">Syst\u00e8me respiratoire<\/a><\/em> ou <a href=\"https:\/\/mecahealth.com\/?page_id=77\" data-type=\"page\" data-id=\"77\"><em>Syst\u00e8me plomberie<\/em><\/a><\/h2>\n","protected":false},"excerpt":{"rendered":"<p>Attention \u00e0 lire les consignes avant de lire toute page d&rsquo;un site sant\u00e9 ! Nous sommes tous des bloquants ! Toute personne d\u00e9marrant une action commence par bloquer sa respiration. Notre m\u00e9moire vive \u00e9tant limit\u00e9e, ce blocage permet sans doute au cerveau de mieux g\u00e9rer le nouvel objectif corporel et<a href=\"https:\/\/mecahealth.com\/?page_id=487\" class=\"read-more\">Read More&#8230;<\/a><\/p>\n","protected":false},"author":1,"featured_media":0,"parent":0,"menu_order":0,"comment_status":"closed","ping_status":"closed","template":"","meta":{"footnotes":""},"class_list":["post-487","page","type-page","status-publish","hentry"],"jetpack_sharing_enabled":true,"_links":{"self":[{"href":"https:\/\/mecahealth.com\/index.php?rest_route=\/wp\/v2\/pages\/487","targetHints":{"allow":["GET"]}}],"collection":[{"href":"https:\/\/mecahealth.com\/index.php?rest_route=\/wp\/v2\/pages"}],"about":[{"href":"https:\/\/mecahealth.com\/index.php?rest_route=\/wp\/v2\/types\/page"}],"author":[{"embeddable":true,"href":"https:\/\/mecahealth.com\/index.php?rest_route=\/wp\/v2\/users\/1"}],"replies":[{"embeddable":true,"href":"https:\/\/mecahealth.com\/index.php?rest_route=%2Fwp%2Fv2%2Fcomments&post=487"}],"version-history":[{"count":31,"href":"https:\/\/mecahealth.com\/index.php?rest_route=\/wp\/v2\/pages\/487\/revisions"}],"predecessor-version":[{"id":7100,"href":"https:\/\/mecahealth.com\/index.php?rest_route=\/wp\/v2\/pages\/487\/revisions\/7100"}],"wp:attachment":[{"href":"https:\/\/mecahealth.com\/index.php?rest_route=%2Fwp%2Fv2%2Fmedia&parent=487"}],"curies":[{"name":"wp","href":"https:\/\/api.w.org\/{rel}","templated":true}]}}