{"id":4794,"date":"2023-03-04T20:06:36","date_gmt":"2023-03-04T19:06:36","guid":{"rendered":"https:\/\/mecahealth.com\/?page_id=4794"},"modified":"2023-03-05T23:35:57","modified_gmt":"2023-03-05T22:35:57","slug":"pathologie-oedeme-pulmonaire","status":"publish","type":"page","link":"https:\/\/mecahealth.com\/?page_id=4794","title":{"rendered":"Pathologie : \u0153d\u00e8me pulmonaire"},"content":{"rendered":"\n<p><a href=\"https:\/\/mecahealth.com\/?page_id=122\"><\/a><a style=\"font-size: revert;\" href=\"https:\/\/mecahealth.com\/?page_id=122\">Attention \u00e0 lire les consignes avant de lire toute page d&rsquo;un site sant\u00e9 !<\/a> <\/p>\n\n\n\n<figure class=\"wp-block-image size-full is-style-rounded\"><img loading=\"lazy\" decoding=\"async\" width=\"330\" height=\"330\" src=\"https:\/\/mecahealth.com\/wp-content\/uploads\/2023\/03\/MecaHealth-oedeme-respiratoire.jpg\" alt=\"\" class=\"wp-image-4799\" srcset=\"https:\/\/mecahealth.com\/wp-content\/uploads\/2023\/03\/MecaHealth-oedeme-respiratoire.jpg 330w, https:\/\/mecahealth.com\/wp-content\/uploads\/2023\/03\/MecaHealth-oedeme-respiratoire-300x300.jpg 300w, https:\/\/mecahealth.com\/wp-content\/uploads\/2023\/03\/MecaHealth-oedeme-respiratoire-150x150.jpg 150w\" sizes=\"auto, (max-width: 330px) 100vw, 330px\" \/><\/figure>\n\n\n\n<p class=\"has-medium-font-size\">Un \u0153d\u00e8me pulmonaire est une accumulation excessive de liquide dans les tissus pulmonaires, ce qui peut provoquer une difficult\u00e9 respiratoire et un essoufflement. Les causes les plus fr\u00e9quentes d&rsquo;un \u0153d\u00e8me pulmonaire sont une insuffisance cardiaque, une <a href=\"https:\/\/mecahealth.com\/?page_id=4783\" data-type=\"page\" data-id=\"4783\">pneumonie<\/a>, une inhalation de fum\u00e9e ou de gaz toxiques, une r\u00e9action allergique grave ou une l\u00e9sion pulmonaire.<\/p>\n\n\n\n<p class=\"has-medium-font-size\">Les risques associ\u00e9s \u00e0 un \u0153d\u00e8me pulmonaire peuvent \u00eatre graves et <strong>potentiellement mortels<\/strong> si la condition n&rsquo;est pas trait\u00e9e rapidement et efficacement. Les risques incluent:<\/p>\n\n\n\n<ol class=\"wp-block-list\">\n<li>Insuffisance respiratoire: L&rsquo;accumulation de liquide dans les poumons peut entra\u00eener une d\u00e9t\u00e9rioration rapide de la fonction respiratoire, ce qui peut n\u00e9cessiter une assistance respiratoire.<\/li>\n\n\n\n<li>Hypoxie: L&rsquo;\u0153d\u00e8me pulmonaire peut entra\u00eener une r\u00e9duction de la quantit\u00e9 d&rsquo;oxyg\u00e8ne disponible pour les organes et les tissus du corps, ce qui peut causer des dommages importants aux organes vitaux.<\/li>\n\n\n\n<li>Insuffisance cardiaque: Si l&rsquo;\u0153d\u00e8me pulmonaire est caus\u00e9 par une insuffisance cardiaque, cela peut entra\u00eener une insuffisance cardiaque congestive, ce qui peut entra\u00eener des complications potentiellement mortelles.<\/li>\n\n\n\n<li>Choc cardiog\u00e9nique: Dans les cas les plus graves, l&rsquo;\u0153d\u00e8me pulmonaire peut entra\u00eener un choc cardiog\u00e9nique, une condition dans laquelle le c\u0153ur n&rsquo;est pas capable de pomper suffisamment de sang pour r\u00e9pondre aux besoins du corps, ce qui peut \u00eatre fatal si elle n&rsquo;est pas trait\u00e9e rapidement.<\/li>\n<\/ol>\n\n\n\n<p class=\"has-medium-font-size\">Le traitement de l&rsquo;\u0153d\u00e8me pulmonaire d\u00e9pendra de la cause sous-jacente de la condition, mais peut inclure l&rsquo;administration de m\u00e9dicaments diur\u00e9tiques pour \u00e9liminer l&rsquo;exc\u00e8s de liquide, une oxyg\u00e9noth\u00e9rapie pour augmenter la quantit\u00e9 d&rsquo;oxyg\u00e8ne disponible pour le corps, ou des interventions plus invasives telles que la ventilation m\u00e9canique ou une chirurgie pulmonaire.<\/p>\n\n\n\n<p><p class=\"has-large-font-size\">En tout cas, ces personnes plus encore que les autres doivent absolument \u00e9viter les <a href=\"https:\/\/mecahealth.com\/?page_id=487\" data-type=\"page\" data-id=\"487\">blocages respiratoires<\/a> et apprendre la <a href=\"https:\/\/mecahealth.com\/?page_id=1127\" data-type=\"page\" data-id=\"1127\">d\u00e9coordination respiratoire<\/a>.<\/p><p>(&#8230;)<\/p><h2 class=\"has-medium-font-size\">Revenir au chapitre <em><a href=\"https:\/\/mecahealth.com\/?page_id=600\" data-type=\"page\" data-id=\"600\">Syst\u00e8me pulmonaire<\/a><\/em> ou<em> <a href=\"https:\/\/mecahealth.com\/?page_id=77\" data-type=\"page\" data-id=\"77\">Corps plomberie<\/a><\/em><\/h2> <\/p>\n","protected":false},"excerpt":{"rendered":"<p>Attention \u00e0 lire les consignes avant de lire toute page d&rsquo;un site sant\u00e9 ! Un \u0153d\u00e8me pulmonaire est une accumulation excessive de liquide dans les tissus pulmonaires, ce qui peut provoquer une difficult\u00e9 respiratoire et un essoufflement. Les causes les plus fr\u00e9quentes d&rsquo;un \u0153d\u00e8me pulmonaire sont une insuffisance cardiaque, une<a href=\"https:\/\/mecahealth.com\/?page_id=4794\" class=\"read-more\">Read More&#8230;<\/a><\/p>\n","protected":false},"author":1,"featured_media":0,"parent":0,"menu_order":0,"comment_status":"closed","ping_status":"closed","template":"","meta":{"footnotes":""},"class_list":["post-4794","page","type-page","status-publish","hentry"],"jetpack_sharing_enabled":true,"_links":{"self":[{"href":"https:\/\/mecahealth.com\/index.php?rest_route=\/wp\/v2\/pages\/4794","targetHints":{"allow":["GET"]}}],"collection":[{"href":"https:\/\/mecahealth.com\/index.php?rest_route=\/wp\/v2\/pages"}],"about":[{"href":"https:\/\/mecahealth.com\/index.php?rest_route=\/wp\/v2\/types\/page"}],"author":[{"embeddable":true,"href":"https:\/\/mecahealth.com\/index.php?rest_route=\/wp\/v2\/users\/1"}],"replies":[{"embeddable":true,"href":"https:\/\/mecahealth.com\/index.php?rest_route=%2Fwp%2Fv2%2Fcomments&post=4794"}],"version-history":[{"count":5,"href":"https:\/\/mecahealth.com\/index.php?rest_route=\/wp\/v2\/pages\/4794\/revisions"}],"predecessor-version":[{"id":4802,"href":"https:\/\/mecahealth.com\/index.php?rest_route=\/wp\/v2\/pages\/4794\/revisions\/4802"}],"wp:attachment":[{"href":"https:\/\/mecahealth.com\/index.php?rest_route=%2Fwp%2Fv2%2Fmedia&parent=4794"}],"curies":[{"name":"wp","href":"https:\/\/api.w.org\/{rel}","templated":true}]}}