{"id":4783,"date":"2023-03-04T19:50:47","date_gmt":"2023-03-04T18:50:47","guid":{"rendered":"https:\/\/mecahealth.com\/?page_id=4783"},"modified":"2023-03-04T20:18:43","modified_gmt":"2023-03-04T19:18:43","slug":"pathologie-pneumonie","status":"publish","type":"page","link":"https:\/\/mecahealth.com\/?page_id=4783","title":{"rendered":"Pathologie : Pneumonie"},"content":{"rendered":"\n<p><a href=\"https:\/\/mecahealth.com\/?page_id=122\"><\/a><a style=\"font-size: revert;\" href=\"https:\/\/mecahealth.com\/?page_id=122\">Attention \u00e0 lire les consignes avant de lire toute page d&rsquo;un site sant\u00e9 !<\/a> <\/p>\n\n\n\n<figure class=\"wp-block-image size-full is-style-rounded\"><img loading=\"lazy\" decoding=\"async\" width=\"330\" height=\"330\" src=\"https:\/\/mecahealth.com\/wp-content\/uploads\/2023\/03\/MecaHealth-pneumonie.jpg\" alt=\"\" class=\"wp-image-4795\" srcset=\"https:\/\/mecahealth.com\/wp-content\/uploads\/2023\/03\/MecaHealth-pneumonie.jpg 330w, https:\/\/mecahealth.com\/wp-content\/uploads\/2023\/03\/MecaHealth-pneumonie-300x300.jpg 300w, https:\/\/mecahealth.com\/wp-content\/uploads\/2023\/03\/MecaHealth-pneumonie-150x150.jpg 150w\" sizes=\"auto, (max-width: 330px) 100vw, 330px\" \/><\/figure>\n\n\n\n<p class=\"has-medium-font-size\">La pneumonie est une infection pulmonaire qui peut \u00eatre caus\u00e9e par des bact\u00e9ries, des virus ou des champignons. Elle se caract\u00e9rise par une inflammation des poumons qui peut entra\u00eener des sympt\u00f4mes tels que de la fi\u00e8vre, des frissons, une toux avec expectoration, des douleurs thoraciques et une difficult\u00e9 \u00e0 respirer. Les personnes atteintes de pneumonie peuvent \u00e9galement ressentir de la fatigue, des maux de t\u00eate et des naus\u00e9es. Les sympt\u00f4mes varient en fonction de la gravit\u00e9 de l&rsquo;infection et de l&rsquo;\u00e9tat de sant\u00e9 g\u00e9n\u00e9ral du patient. Ils peuvent survenir apr\u00e8s des sympt\u00f4mes grippaux ou li\u00e9s \u00e0 une <a href=\"https:\/\/mecahealth.com\/?page_id=4766\" data-type=\"page\" data-id=\"4766\">bronchite<\/a> puisque la pneumonie s&rsquo;av\u00e8re parfois une \u00e9volution d&rsquo;autre pathologies. La pneumonie peut s&rsquo;accompagner par la suite d&rsquo;un <a href=\"https:\/\/mecahealth.com\/?page_id=4794\" data-type=\"page\" data-id=\"4794\">\u0153d\u00e8me pulmonaire<\/a>.<\/p>\n\n\n\n<p class=\"has-medium-font-size\">Le traitement de la pneumonie d\u00e9pend de sa cause sous-jacente et peut inclure des antibiotiques, des antiviraux ou des antifongiques. Une attention particuli\u00e8re doit \u00eatre port\u00e9e aux personnes \u00e0 risque \u00e9lev\u00e9 de complications, telles que les <a href=\"https:\/\/mecahealth.com\/?page_id=361\" data-type=\"page\" data-id=\"361\">personnes \u00e2g\u00e9es<\/a> et celles ayant des ant\u00e9c\u00e9dents de maladies chroniques. Le traitement kin\u00e9 sera d\u00e9velopp\u00e9 dans la page <a href=\"https:\/\/mecahealth.com\/?page_id=4766\" data-type=\"page\" data-id=\"4766\">bronchite<\/a> mais en tenant compte de fatigue g\u00e9n\u00e9ralement plus grande pour la personne atteinte d&rsquo;une pneumonie.<\/p>\n\n\n\n<p class=\"has-large-font-size\">En tout cas, ces personnes plus encore que les autres doivent absolument \u00e9viter les <a href=\"https:\/\/mecahealth.com\/?page_id=487\" data-type=\"page\" data-id=\"487\">blocages respiratoires<\/a> et apprendre la <a href=\"https:\/\/mecahealth.com\/?page_id=1127\" data-type=\"page\" data-id=\"1127\">d\u00e9coordination respiratoire<\/a>.<\/p>\n\n\n\n<p>(&#8230;)<\/p>\n\n\n\n<h2 class=\"has-medium-font-size wp-block-heading\">Revenir au chapitre <em><a href=\"https:\/\/mecahealth.com\/?page_id=600\" data-type=\"page\" data-id=\"600\">Syst\u00e8me pulmonaire<\/a><\/em> ou<em> <a href=\"https:\/\/mecahealth.com\/?page_id=77\" data-type=\"page\" data-id=\"77\">Corps plomberie<\/a><\/em><\/h2>\n","protected":false},"excerpt":{"rendered":"<p>Attention \u00e0 lire les consignes avant de lire toute page d&rsquo;un site sant\u00e9 ! La pneumonie est une infection pulmonaire qui peut \u00eatre caus\u00e9e par des bact\u00e9ries, des virus ou des champignons. Elle se caract\u00e9rise par une inflammation des poumons qui peut entra\u00eener des sympt\u00f4mes tels que de la fi\u00e8vre,<a href=\"https:\/\/mecahealth.com\/?page_id=4783\" class=\"read-more\">Read More&#8230;<\/a><\/p>\n","protected":false},"author":1,"featured_media":0,"parent":0,"menu_order":0,"comment_status":"closed","ping_status":"closed","template":"","meta":{"footnotes":""},"class_list":["post-4783","page","type-page","status-publish","hentry"],"jetpack_sharing_enabled":true,"_links":{"self":[{"href":"https:\/\/mecahealth.com\/index.php?rest_route=\/wp\/v2\/pages\/4783","targetHints":{"allow":["GET"]}}],"collection":[{"href":"https:\/\/mecahealth.com\/index.php?rest_route=\/wp\/v2\/pages"}],"about":[{"href":"https:\/\/mecahealth.com\/index.php?rest_route=\/wp\/v2\/types\/page"}],"author":[{"embeddable":true,"href":"https:\/\/mecahealth.com\/index.php?rest_route=\/wp\/v2\/users\/1"}],"replies":[{"embeddable":true,"href":"https:\/\/mecahealth.com\/index.php?rest_route=%2Fwp%2Fv2%2Fcomments&post=4783"}],"version-history":[{"count":4,"href":"https:\/\/mecahealth.com\/index.php?rest_route=\/wp\/v2\/pages\/4783\/revisions"}],"predecessor-version":[{"id":4803,"href":"https:\/\/mecahealth.com\/index.php?rest_route=\/wp\/v2\/pages\/4783\/revisions\/4803"}],"wp:attachment":[{"href":"https:\/\/mecahealth.com\/index.php?rest_route=%2Fwp%2Fv2%2Fmedia&parent=4783"}],"curies":[{"name":"wp","href":"https:\/\/api.w.org\/{rel}","templated":true}]}}