{"id":4766,"date":"2023-03-04T19:24:09","date_gmt":"2023-03-04T18:24:09","guid":{"rendered":"https:\/\/mecahealth.com\/?page_id=4766"},"modified":"2023-03-04T19:59:46","modified_gmt":"2023-03-04T18:59:46","slug":"pathologie-bronchite-vs-bronchite-chronique","status":"publish","type":"page","link":"https:\/\/mecahealth.com\/?page_id=4766","title":{"rendered":"Pathologie : bronchite vs bronchite chronique"},"content":{"rendered":"\n<p class=\"has-medium-font-size\"><a href=\"https:\/\/mecahealth.com\/?page_id=122\"><\/a><a style=\"font-size: revert;\" href=\"https:\/\/mecahealth.com\/?page_id=122\">Attention \u00e0 lire les consignes avant de lire toute page d&rsquo;un site sant\u00e9 !<\/a> <\/p>\n\n\n\n<figure class=\"wp-block-image size-full is-style-rounded\"><img loading=\"lazy\" decoding=\"async\" width=\"330\" height=\"330\" src=\"https:\/\/mecahealth.com\/wp-content\/uploads\/2023\/03\/MecaHealth-bronchite.jpg\" alt=\"\" class=\"wp-image-4776\" srcset=\"https:\/\/mecahealth.com\/wp-content\/uploads\/2023\/03\/MecaHealth-bronchite.jpg 330w, https:\/\/mecahealth.com\/wp-content\/uploads\/2023\/03\/MecaHealth-bronchite-300x300.jpg 300w, https:\/\/mecahealth.com\/wp-content\/uploads\/2023\/03\/MecaHealth-bronchite-150x150.jpg 150w\" sizes=\"auto, (max-width: 330px) 100vw, 330px\" \/><\/figure>\n\n\n\n<p class=\"has-medium-font-size\">La bronchite est une inflammation des bronches, les tubes qui transportent l&rsquo;air vers les poumons. La bronchite peut \u00eatre aigu\u00eb ou chronique, selon la dur\u00e9e, la fr\u00e9quence des sympt\u00f4mes ainsi que la cause sous-jacente de la maladie.<\/p>\n\n\n\n<p class=\"has-medium-font-size\">La bronchite aigu\u00eb est g\u00e9n\u00e9ralement caus\u00e9e par une infection virale ou bact\u00e9rienne et dure habituellement quelques jours \u00e0 quelques semaines. Les sympt\u00f4mes courants de la bronchite aigu\u00eb comprennent une toux persistante, un mal de gorge, de la fi\u00e8vre, des maux de t\u00eate et des douleurs musculaires. Le sifflement dans les voies respiratoires (sibilance) est pr\u00e9sent \u00e9galement comme dans l&rsquo;<a href=\"https:\/\/mecahealth.com\/?page_id=4763\" data-type=\"page\" data-id=\"4763\">asthme<\/a>. Celui-ci provient d&rsquo;une r\u00e9duction de l&rsquo;espace des conduites par <a href=\"https:\/\/mecahealth.com\/?page_id=659\" data-type=\"page\" data-id=\"659\">le gonflement (\u0153d\u00e8me)<\/a> des parois de celles-ci.<\/p>\n\n\n\n<p class=\"has-medium-font-size\">La bronchite peut s&rsquo;\u00e9tendre et d\u00e9velopper une <a href=\"https:\/\/mecahealth.com\/?page_id=4783\" data-type=\"page\" data-id=\"4783\">pneumonie<\/a> (&#8230;).<\/p>\n\n\n\n<p class=\"has-medium-font-size\">La bronchite chronique est une maladie pulmonaire \u00e0 long terme qui survient g\u00e9n\u00e9ralement chez les fumeurs ou les personnes expos\u00e9es \u00e0 des irritants pulmonaires pendant une p\u00e9riode prolong\u00e9e. Elle est caract\u00e9ris\u00e9e par une toux persistante qui dure au moins trois mois par an pendant deux ann\u00e9es cons\u00e9cutives, ainsi que par des \u00e9pisodes r\u00e9currents d&rsquo;infection pulmonaire. La bronchite chronique peut conduire \u00e0 une obstruction des voies respiratoires et \u00e0 une insuffisance respiratoire.<\/p>\n\n\n\n<p class=\"has-medium-font-size\">Ces personnes veilleront \u00e0 faire des inspirations tr\u00e8s lentes pour \u00e9viter une surstimulation des voies respiratoires enflamm\u00e9es. Elles veilleront, durant les phases aigu\u00ebs, \u00e0 expirer toutes les demi-heures \u00e0 fond quatre ou cinq fois en laissant deux ou trois respirations normales entre chaque expiration forc\u00e9e. Elles pourront alterner ces expirations forc\u00e9es avec des expirations en pin\u00e7ant l\u00e9g\u00e8rement les l\u00e8vres une fois sur trois&#8230;<\/p>\n\n\n\n<p class=\"has-large-font-size\">En tout cas, ces personnes plus encore que les autres doivent absolument \u00e9viter les <a href=\"https:\/\/mecahealth.com\/?page_id=487\" data-type=\"page\" data-id=\"487\">blocages respiratoires<\/a> et apprendre la <a href=\"https:\/\/mecahealth.com\/?page_id=1127\" data-type=\"page\" data-id=\"1127\">d\u00e9coordination respiratoire<\/a>.<\/p>\n\n\n\n<p>(&#8230;)<\/p>\n\n\n\n<h2 class=\"has-medium-font-size wp-block-heading\">Revenir au chapitre <em><a href=\"https:\/\/mecahealth.com\/?page_id=600\" data-type=\"page\" data-id=\"600\">Syst\u00e8me pulmonaire<\/a><\/em> ou<em> <a href=\"https:\/\/mecahealth.com\/?page_id=77\" data-type=\"page\" data-id=\"77\">Corps plomberie<\/a><\/em><\/h2>\n","protected":false},"excerpt":{"rendered":"<p>Attention \u00e0 lire les consignes avant de lire toute page d&rsquo;un site sant\u00e9 ! La bronchite est une inflammation des bronches, les tubes qui transportent l&rsquo;air vers les poumons. La bronchite peut \u00eatre aigu\u00eb ou chronique, selon la dur\u00e9e, la fr\u00e9quence des sympt\u00f4mes ainsi que la cause sous-jacente de la<a href=\"https:\/\/mecahealth.com\/?page_id=4766\" class=\"read-more\">Read More&#8230;<\/a><\/p>\n","protected":false},"author":1,"featured_media":0,"parent":0,"menu_order":0,"comment_status":"closed","ping_status":"closed","template":"","meta":{"footnotes":""},"class_list":["post-4766","page","type-page","status-publish","hentry"],"jetpack_sharing_enabled":true,"_links":{"self":[{"href":"https:\/\/mecahealth.com\/index.php?rest_route=\/wp\/v2\/pages\/4766","targetHints":{"allow":["GET"]}}],"collection":[{"href":"https:\/\/mecahealth.com\/index.php?rest_route=\/wp\/v2\/pages"}],"about":[{"href":"https:\/\/mecahealth.com\/index.php?rest_route=\/wp\/v2\/types\/page"}],"author":[{"embeddable":true,"href":"https:\/\/mecahealth.com\/index.php?rest_route=\/wp\/v2\/users\/1"}],"replies":[{"embeddable":true,"href":"https:\/\/mecahealth.com\/index.php?rest_route=%2Fwp%2Fv2%2Fcomments&post=4766"}],"version-history":[{"count":4,"href":"https:\/\/mecahealth.com\/index.php?rest_route=\/wp\/v2\/pages\/4766\/revisions"}],"predecessor-version":[{"id":4791,"href":"https:\/\/mecahealth.com\/index.php?rest_route=\/wp\/v2\/pages\/4766\/revisions\/4791"}],"wp:attachment":[{"href":"https:\/\/mecahealth.com\/index.php?rest_route=%2Fwp%2Fv2%2Fmedia&parent=4766"}],"curies":[{"name":"wp","href":"https:\/\/api.w.org\/{rel}","templated":true}]}}