{"id":4763,"date":"2023-03-04T18:41:17","date_gmt":"2023-03-04T17:41:17","guid":{"rendered":"https:\/\/mecahealth.com\/?page_id=4763"},"modified":"2023-03-04T19:54:40","modified_gmt":"2023-03-04T18:54:40","slug":"pathologie-asthme","status":"publish","type":"page","link":"https:\/\/mecahealth.com\/?page_id=4763","title":{"rendered":"Pathologie : asthme"},"content":{"rendered":"\n<p class=\"has-medium-font-size\"><a href=\"https:\/\/mecahealth.com\/?page_id=122\"><\/a><a style=\"font-size: revert;\" href=\"https:\/\/mecahealth.com\/?page_id=122\">Attention \u00e0 lire les consignes avant de lire toute page d&rsquo;un site sant\u00e9 !<\/a> <\/p>\n\n\n\n<figure class=\"wp-block-image size-full is-style-rounded\"><img loading=\"lazy\" decoding=\"async\" width=\"330\" height=\"330\" src=\"https:\/\/mecahealth.com\/wp-content\/uploads\/2023\/03\/MecaHealth-asthme.jpg\" alt=\"\" class=\"wp-image-4774\" srcset=\"https:\/\/mecahealth.com\/wp-content\/uploads\/2023\/03\/MecaHealth-asthme.jpg 330w, https:\/\/mecahealth.com\/wp-content\/uploads\/2023\/03\/MecaHealth-asthme-300x300.jpg 300w, https:\/\/mecahealth.com\/wp-content\/uploads\/2023\/03\/MecaHealth-asthme-150x150.jpg 150w\" sizes=\"auto, (max-width: 330px) 100vw, 330px\" \/><\/figure>\n\n\n\n<p class=\"has-medium-font-size\">L&rsquo;asthme est une maladie inflammatoire chronique des voies respiratoires qui peut \u00eatre d\u00e9clench\u00e9e par diff\u00e9rents facteurs tels que les allerg\u00e8nes, les irritants chimiques, les infections respiratoires, l&rsquo;exercice physique, le stress \u00e9motionnel, etc.<\/p>\n\n\n\n<p class=\"has-medium-font-size\">L&rsquo;asthme d&rsquo;effort, \u00e9galement connu sous le nom d&rsquo;asthme induit par l&rsquo;exercice, est une forme sp\u00e9cifique d&rsquo;asthme qui se d\u00e9clenche pendant ou apr\u00e8s une activit\u00e9 physique intense. Cette forme d&rsquo;asthme peut \u00eatre d\u00e9clench\u00e9e par diff\u00e9rents types d&rsquo;exercices, mais elle est plus fr\u00e9quente chez les athl\u00e8tes et les personnes qui <a href=\"https:\/\/mecahealth.com\/?page_id=259\" data-type=\"page\" data-id=\"259\">pratiquent des sports d&rsquo;enduranc<\/a>e.<\/p>\n\n\n\n<p class=\"has-medium-font-size\">Les autres formes d&rsquo;asthme peuvent \u00eatre d\u00e9clench\u00e9es par des facteurs tels que les allerg\u00e8nes (poussi\u00e8re, pollen, acariens, etc.), les irritants chimiques (fum\u00e9e de cigarette, pollution atmosph\u00e9rique, etc.), les infections respiratoires, les changements de temp\u00e9rature ou d&rsquo;humidit\u00e9, le stress \u00e9motionnel, etc.<\/p>\n\n\n\n<p class=\"has-medium-font-size\">Dans tous les cas, l&rsquo;asthme se manifeste par une<strong> inflammation des voies respiratoires<\/strong>, ce qui entra\u00eene une constriction des muscles lisses qui entourent les bronches et une production accrue de mucus. Les sympt\u00f4mes de l&rsquo;asthme comprennent une respiration sifflante, une oppression thoracique, une toux et une difficult\u00e9 \u00e0 respirer. Le sifflement est pr\u00e9sent \u00e9galement dans certaines formes de <a href=\"https:\/\/mecahealth.com\/?page_id=4766\" data-type=\"page\" data-id=\"4766\">bronchites<\/a>. Celui-ci provient d&rsquo;une r\u00e9duction de l&rsquo;espace des conduites par <a href=\"https:\/\/mecahealth.com\/?page_id=659\" data-type=\"page\" data-id=\"659\">le gonflement (\u0153d\u00e8me)<\/a> des parois de celles-ci.<\/p>\n\n\n\n<p class=\"has-medium-font-size\">Il est important de consulter un m\u00e9decin pour obtenir un diagnostic pr\u00e9cis de l&rsquo;asthme et un traitement appropri\u00e9 pour pr\u00e9venir les sympt\u00f4mes et r\u00e9duire l&rsquo;inflammation des voies respiratoires. Le traitement de l&rsquo;asthme peut inclure des m\u00e9dicaments inhal\u00e9s (bronchodilatateurs, corticost\u00e9ro\u00efdes, etc.), des changements de mode de vie (\u00e9viter les d\u00e9clencheurs connus, pratiquer une <a href=\"https:\/\/mecahealth.com\/?page_id=259\" data-type=\"page\" data-id=\"259\">activit\u00e9 physique r\u00e9guli\u00e8re<\/a>, etc.) et une surveillance r\u00e9guli\u00e8re de la fonction pulmonaire.<\/p>\n\n\n\n<p class=\"has-large-font-size\">En tout cas, ces personnes plus encore que les autres doivent absolument \u00e9viter les <a href=\"https:\/\/mecahealth.com\/?page_id=487\" data-type=\"page\" data-id=\"487\">blocages respiratoires<\/a> et apprendre la <a href=\"https:\/\/mecahealth.com\/?page_id=1127\" data-type=\"page\" data-id=\"1127\">d\u00e9coordination respiratoire<\/a>.<\/p>\n\n\n\n<p>(&#8230;)<\/p>\n\n\n\n<h2 class=\"has-medium-font-size wp-block-heading\">Revenir au chapitre <em><a href=\"https:\/\/mecahealth.com\/?page_id=600\" data-type=\"page\" data-id=\"600\">Syst\u00e8me pulmonaire<\/a><\/em> ou<em> <a href=\"https:\/\/mecahealth.com\/?page_id=77\" data-type=\"page\" data-id=\"77\">Corps plomberie<\/a><\/em><\/h2>\n","protected":false},"excerpt":{"rendered":"<p>Attention \u00e0 lire les consignes avant de lire toute page d&rsquo;un site sant\u00e9 ! L&rsquo;asthme est une maladie inflammatoire chronique des voies respiratoires qui peut \u00eatre d\u00e9clench\u00e9e par diff\u00e9rents facteurs tels que les allerg\u00e8nes, les irritants chimiques, les infections respiratoires, l&rsquo;exercice physique, le stress \u00e9motionnel, etc. L&rsquo;asthme d&rsquo;effort, \u00e9galement connu<a href=\"https:\/\/mecahealth.com\/?page_id=4763\" class=\"read-more\">Read More&#8230;<\/a><\/p>\n","protected":false},"author":1,"featured_media":0,"parent":0,"menu_order":0,"comment_status":"closed","ping_status":"closed","template":"","meta":{"footnotes":""},"class_list":["post-4763","page","type-page","status-publish","hentry"],"jetpack_sharing_enabled":true,"_links":{"self":[{"href":"https:\/\/mecahealth.com\/index.php?rest_route=\/wp\/v2\/pages\/4763","targetHints":{"allow":["GET"]}}],"collection":[{"href":"https:\/\/mecahealth.com\/index.php?rest_route=\/wp\/v2\/pages"}],"about":[{"href":"https:\/\/mecahealth.com\/index.php?rest_route=\/wp\/v2\/types\/page"}],"author":[{"embeddable":true,"href":"https:\/\/mecahealth.com\/index.php?rest_route=\/wp\/v2\/users\/1"}],"replies":[{"embeddable":true,"href":"https:\/\/mecahealth.com\/index.php?rest_route=%2Fwp%2Fv2%2Fcomments&post=4763"}],"version-history":[{"count":4,"href":"https:\/\/mecahealth.com\/index.php?rest_route=\/wp\/v2\/pages\/4763\/revisions"}],"predecessor-version":[{"id":4788,"href":"https:\/\/mecahealth.com\/index.php?rest_route=\/wp\/v2\/pages\/4763\/revisions\/4788"}],"wp:attachment":[{"href":"https:\/\/mecahealth.com\/index.php?rest_route=%2Fwp%2Fv2%2Fmedia&parent=4763"}],"curies":[{"name":"wp","href":"https:\/\/api.w.org\/{rel}","templated":true}]}}