{"id":472,"date":"2023-01-08T09:43:57","date_gmt":"2023-01-08T08:43:57","guid":{"rendered":"https:\/\/mecahealth.com\/?page_id=472"},"modified":"2023-03-03T01:57:16","modified_gmt":"2023-03-03T00:57:16","slug":"suffixes","status":"publish","type":"page","link":"https:\/\/mecahealth.com\/?page_id=472","title":{"rendered":"Suffixes"},"content":{"rendered":"\n<figure class=\"wp-block-image size-large is-resized is-style-rounded\"><img loading=\"lazy\" decoding=\"async\" src=\"https:\/\/mecahealth.com\/wp-content\/uploads\/2023\/01\/image_editor_output_image157690169-1673733720997.jpeg\" alt=\"\" class=\"wp-image-1273\" width=\"330\" height=\"330\" srcset=\"https:\/\/mecahealth.com\/wp-content\/uploads\/2023\/01\/image_editor_output_image157690169-1673733720997.jpeg 978w, https:\/\/mecahealth.com\/wp-content\/uploads\/2023\/01\/image_editor_output_image157690169-1673733720997-300x300.jpeg 300w, https:\/\/mecahealth.com\/wp-content\/uploads\/2023\/01\/image_editor_output_image157690169-1673733720997-150x150.jpeg 150w, https:\/\/mecahealth.com\/wp-content\/uploads\/2023\/01\/image_editor_output_image157690169-1673733720997-768x767.jpeg 768w\" sizes=\"auto, (max-width: 330px) 100vw, 330px\" \/><\/figure>\n\n\n\n<p>.<\/p>\n\n\n\n<p class=\"has-medium-font-size\">Un suffixe est un \u00e9l\u00e9ment se rajoutant en fin du \u00ab\u00a0radical\u00a0\u00bb d&rsquo;un mot et permettant de d\u00e9terminer (ou non) plus facilement sa d\u00e9finition. Dans le cadre courant du secteur m\u00e9dical, les suivants sont les plus importants.<\/p>\n\n\n\n<h2 class=\"wp-block-heading has-large-font-size\">Algie<\/h2>\n\n\n\n<p class=\"has-medium-font-size\">Algie est un suffixe destin\u00e9 \u00e0 exprimer la douleur dans une zone d\u00e9termin\u00e9e par le radical. Il ne donne donc aucune pr\u00e9cision quant \u00e0 la cause.<\/p>\n\n\n\n<p>&nbsp; ex&nbsp;: <a href=\"https:\/\/mecahealth.com\/?page_id=212\" data-type=\"page\" data-id=\"212\">lombalgie<\/a> &#8211; sciatalgie<\/p>\n\n\n\n<p class=\"has-medium-font-size\">Si vous entrez chez le m\u00e9decin en exprimant que vous avez mal dans le bas du dos, si l&rsquo;on vous explique que vous avez une lombalgie, vous ne recevez pas les informations n\u00e9cessaires puisqu&rsquo;il s&rsquo;agit l\u00e0 d&rsquo;un synonyme enjoliv\u00e9 mais qui ne vous apprend rien sur les raisons de votre mal. Demandez-en plus !<\/p>\n\n\n\n<pre class=\"wp-block-verse has-medium-font-size\"><em>Dans le secteur m\u00e9dical, il n'y a pas de b\u00eates questions, il n'y a que de b\u00eates r\u00e9ponses <\/em>\n(Fr. Li\u00e9geois)<\/pre>\n\n\n\n<h2 class=\"wp-block-heading has-large-font-size\">Ectomie<\/h2>\n\n\n\n<p class=\"has-medium-font-size\">Ectomie signifie ablation. Nous retrouvons celui-ci apr\u00e8s le retrait d&rsquo;une partie non vitale par chirurgie. Le plus connu sans doute, est l&rsquo;hyster<strong>ectomie<\/strong> (ablation de l&rsquo;ut\u00e9rus). Cette derni\u00e8re entra\u00eene indirectement par l&rsquo;espace cr\u00e9\u00e9, un mouvement v\u00e9sicale lors de pression et de ce fait, une ouverture <a href=\"https:\/\/mecahealth.com\/?page_id=491\" data-type=\"page\" data-id=\"491\">pouvant entra\u00eener des pertes urinaires<\/a> si le ventre n&rsquo;est pas bien g\u00e9r\u00e9.<\/p>\n\n\n\n<h2 class=\"wp-block-heading has-large-font-size\">Ite<\/h2>\n\n\n\n<p class=\"has-medium-font-size\">Le&nbsp;suffixe est destin\u00e9 exclusivement \u00e0 relever le caract\u00e8re d&rsquo;une inflammation prononc\u00e9e et maintenue d&rsquo;une structure. Il ne donne pas non plus d&rsquo;informations sur la cause (\u00e9tiologie). Le radical donne lui, plut\u00f4t non plus une zone mais le type de structure touch\u00e9e&#8230; L&rsquo;inflammation est un terme m\u00e9dical qui d\u00e9signe la combinaison de la douleur, la raideur, la rougeur et le <a href=\"https:\/\/mecahealth.com\/?page_id=659\" data-type=\"page\" data-id=\"659\">gonflement (\u0153d\u00e8me)<\/a>. Un inflammation n&rsquo;est pas forc\u00e9ment infectieuse. Elle n&rsquo;est donc pas forc\u00e9ment li\u00e9e \u00e0 de germes <strong>(bact\u00e9rie, virus, champignon, parasite)<\/strong> mais peut l&rsquo;\u00eatre.<\/p>\n\n\n\n<p class=\"has-medium-font-size\">&nbsp; ex&nbsp;: <a href=\"https:\/\/mecahealth.com\/?page_id=214\" data-type=\"page\" data-id=\"214\">tendinite<\/a> \u2013 m\u00e9ningite &#8211; <a href=\"https:\/\/mecahealth.com\/?page_id=564\" data-type=\"page\" data-id=\"564\">arthrite<\/a><\/p>\n\n\n\n<h2 class=\"wp-block-heading has-large-font-size\">Ose<\/h2>\n\n\n\n<p class=\"has-medium-font-size\">Ce suffixe exprime diff\u00e9rents cas de figure. Dans son usage le plus fr\u00e9quent, <a href=\"https:\/\/mecahealth.com\/?page_id=564\" data-type=\"page\" data-id=\"564\">arthrose<\/a>, le suffixe  d\u00e9finit l&rsquo;usure d&rsquo;une zone articulaire.<\/p>\n\n\n\n<h2 class=\"has-large-font-size wp-block-heading\">Scopie<\/h2>\n\n\n\n<p class=\"has-medium-font-size\">Celui-ci provient du grec <em>regarder<\/em>. Il est utilis\u00e9 en m\u00e9decine ou en science pour compl\u00e9ter l&rsquo;usage d&rsquo;un appareil travaillant dans une zone sp\u00e9cifique (microscope, rectoscopie, colonoscopie, etc.).<\/p>\n\n\n\n<h2 class=\"has-large-font-size wp-block-heading\">Stomie<\/h2>\n\n\n\n<p class=\"has-medium-font-size\">Ce terme est parfois utilis\u00e9 comme suffixe. Il correspond \u00e0 une ouverture destin\u00e9e notamment \u00e0 \u00e9vacuer les selles ou les urines vers un r\u00e9servoir externe (&#8230;).<\/p>\n\n\n\n<p class=\"has-medium-font-size\">(&#8230;)<\/p>\n\n\n\n<h2 class=\"has-medium-font-size wp-block-heading\">Revenir au chapitre <a href=\"https:\/\/mecahealth.com\/?page_id=548\"><em>Pathologies<\/em><\/a><\/h2>\n","protected":false},"excerpt":{"rendered":"<p>. Un suffixe est un \u00e9l\u00e9ment se rajoutant en fin du \u00ab\u00a0radical\u00a0\u00bb d&rsquo;un mot et permettant de d\u00e9terminer (ou non) plus facilement sa d\u00e9finition. Dans le cadre courant du secteur m\u00e9dical, les suivants sont les plus importants. Algie Algie est un suffixe destin\u00e9 \u00e0 exprimer la douleur dans une zone<a href=\"https:\/\/mecahealth.com\/?page_id=472\" class=\"read-more\">Read More&#8230;<\/a><\/p>\n","protected":false},"author":1,"featured_media":0,"parent":0,"menu_order":0,"comment_status":"closed","ping_status":"closed","template":"","meta":{"footnotes":""},"class_list":["post-472","page","type-page","status-publish","hentry"],"jetpack_sharing_enabled":true,"_links":{"self":[{"href":"https:\/\/mecahealth.com\/index.php?rest_route=\/wp\/v2\/pages\/472","targetHints":{"allow":["GET"]}}],"collection":[{"href":"https:\/\/mecahealth.com\/index.php?rest_route=\/wp\/v2\/pages"}],"about":[{"href":"https:\/\/mecahealth.com\/index.php?rest_route=\/wp\/v2\/types\/page"}],"author":[{"embeddable":true,"href":"https:\/\/mecahealth.com\/index.php?rest_route=\/wp\/v2\/users\/1"}],"replies":[{"embeddable":true,"href":"https:\/\/mecahealth.com\/index.php?rest_route=%2Fwp%2Fv2%2Fcomments&post=472"}],"version-history":[{"count":14,"href":"https:\/\/mecahealth.com\/index.php?rest_route=\/wp\/v2\/pages\/472\/revisions"}],"predecessor-version":[{"id":4427,"href":"https:\/\/mecahealth.com\/index.php?rest_route=\/wp\/v2\/pages\/472\/revisions\/4427"}],"wp:attachment":[{"href":"https:\/\/mecahealth.com\/index.php?rest_route=%2Fwp%2Fv2%2Fmedia&parent=472"}],"curies":[{"name":"wp","href":"https:\/\/api.w.org\/{rel}","templated":true}]}}