{"id":4672,"date":"2023-03-04T16:05:13","date_gmt":"2023-03-04T15:05:13","guid":{"rendered":"https:\/\/mecahealth.com\/?page_id=4672"},"modified":"2023-03-18T19:18:29","modified_gmt":"2023-03-18T18:18:29","slug":"psycho-stress-choisis-ou-non","status":"publish","type":"page","link":"https:\/\/mecahealth.com\/?page_id=4672","title":{"rendered":"Psycho : stress choisis ou non"},"content":{"rendered":"\n<p><a href=\"https:\/\/mecahealth.com\/?page_id=122\">Attention \u00e0 lire les consignes avant de lire toute page d&rsquo;un site sant\u00e9 !<\/a><\/p>\n\n\n\n<figure class=\"wp-block-image size-full is-style-rounded\"><img loading=\"lazy\" decoding=\"async\" width=\"330\" height=\"330\" src=\"https:\/\/mecahealth.com\/wp-content\/uploads\/2023\/03\/MecaHealth-stress.jpg\" alt=\"\" class=\"wp-image-5132\" srcset=\"https:\/\/mecahealth.com\/wp-content\/uploads\/2023\/03\/MecaHealth-stress.jpg 330w, https:\/\/mecahealth.com\/wp-content\/uploads\/2023\/03\/MecaHealth-stress-300x300.jpg 300w, https:\/\/mecahealth.com\/wp-content\/uploads\/2023\/03\/MecaHealth-stress-150x150.jpg 150w\" sizes=\"auto, (max-width: 330px) 100vw, 330px\" \/><\/figure>\n\n\n\n<p class=\"has-large-font-size\">Le stress est celui qu&rsquo;on subit et\/ou qu&rsquo;on se donne<\/p>\n\n\n\n<p class=\"has-medium-font-size\">M\u00eame si sans doute faudra-t-il un chapitre prolong\u00e9 pour parler de l&rsquo;ensemble des stress, ce que nous pouvons relever, peut se r\u00e9sumer pr\u00e9alablement en quelques lignes.<\/p>\n\n\n\n<p class=\"has-medium-font-size\">Lorsque nous vivons des stress au travail, nous ne pouvons pas toujours tout reporter sur le seul employeur, sur un coll\u00e8gue ou sur l&rsquo;ensemble des confr\u00e8res ni non plus sur nous parfois. Chaque contexte est diff\u00e9rent et n\u00e9cessitera en effet un d\u00e9veloppement ult\u00e9rieur pour tenter d&rsquo;envisager chaque cas de figure.<\/p>\n\n\n\n<p class=\"has-medium-font-size\">Parfois faut-il aussi voir si nous sommes \u00e0 la bonne place professionnelle. Est-ce que nous avons vis\u00e9 trop haut voire trop bas ? <a href=\"https:\/\/mecahealth.com\/?page_id=5186\" data-type=\"page\" data-id=\"5186\">Est-ce que nous avons bien fait d&rsquo;accepter cette promotion ?<\/a> Est-ce que nous sommes dans le bon secteur de travail ? Est-ce que ce m\u00e9tier a du sens encore pour moi ? Est-ce que j&rsquo;y retrouve un plaisir relationnel ou un plaisir intellectuel ? Certaines personnes donnent plus d&rsquo;importance \u00e0 certains \u00e9l\u00e9ments qu&rsquo;\u00e0 d&rsquo;autres.  Il faut apprendre \u00e0 se conna\u00eetre v\u00e9ritablement pour voir ce qui nous correspond&#8230;<\/p>\n\n\n\n<p class=\"has-medium-font-size\">Par contre, ce que nous observons beaucoup depuis une vingtaine d&rsquo;ann\u00e9es sont les stress qu&rsquo;on se donne et qui finalement nous p\u00e8sent. Quels sont-ils ? L\u00e0 \u00e9galement, ce n&rsquo;est qu&rsquo;un r\u00e9sum\u00e9&#8230; Est-il n\u00e9cessaire lorsqu&rsquo;on a des enfants que chaque enfant, m\u00eame si on a les moyens, fasse 2 sports, une activit\u00e9 artistique, et fasse des activit\u00e9s avec d&rsquo;autres amis ? Si on a ne fut-ce que deux enfants, les parents courent apr\u00e8s le temps en permanence et jouent les taxis au point parfois de ne plus se retrouver. Une bonne part des divorces sont li\u00e9s \u00e0 ces choix et ces modes de fonctionnement non apais\u00e9s. Courir entra\u00eene un essoufflement physique et moral \u00e0 un moment ou \u00e0 un autre&#8230;<\/p>\n\n\n\n<p class=\"has-medium-font-size\">Est-il normal de courir apr\u00e8s les derni\u00e8res technologies, apr\u00e8s la mode, apr\u00e8s les likes, etc. ? Toute ces courses, nous emp\u00eache de profiter aussi d&rsquo;instants simples. Nous avons c\u00f4toy\u00e9s \u00e9norm\u00e9ment de nonag\u00e9naires et d&rsquo;octog\u00e9naires (m\u00eame quelques centenaires). S&rsquo;il est vrai que l&rsquo;<em>\u00e9galit\u00e9 homme-femme<\/em> n&rsquo;\u00e9tait que rarement pr\u00e9sente dans cette g\u00e9n\u00e9ration, hormis ce facteur, nous avons pu constater que beaucoup de ces personnes \u00e9taient plus pos\u00e9es que ne le sont aujourd&rsquo;hui une bonne part de ceux qui liront ces quelques lignes. La sagesse en vieillissant intervient sur cette forme de s\u00e9r\u00e9nit\u00e9 mais en r\u00e9alit\u00e9, en les questionnant, les stress existaient mais \u00e9taient moins nombreux ou moins pr\u00e9sents&#8230;<\/p>\n\n\n\n<h2 class=\"wp-block-heading has-medium-font-size\">\u00e0 suivre prochainement<\/h2>\n\n\n\n<p>(&#8230;)<\/p>\n\n\n\n<h2 class=\"wp-block-heading has-medium-font-size\">Revenir au chapitre <a href=\"https:\/\/mecahealth.com\/?page_id=127\" data-type=\"page\" data-id=\"127\">Corps psychique <\/a>ou <em><a href=\"https:\/\/mecahealth.com\/?page_id=548\" data-type=\"page\" data-id=\"548\">Pathologies<\/a><\/em><\/h2>\n","protected":false},"excerpt":{"rendered":"<p>Attention \u00e0 lire les consignes avant de lire toute page d&rsquo;un site sant\u00e9 ! Le stress est celui qu&rsquo;on subit et\/ou qu&rsquo;on se donne M\u00eame si sans doute faudra-t-il un chapitre prolong\u00e9 pour parler de l&rsquo;ensemble des stress, ce que nous pouvons relever, peut se r\u00e9sumer pr\u00e9alablement en quelques lignes.<a href=\"https:\/\/mecahealth.com\/?page_id=4672\" class=\"read-more\">Read More&#8230;<\/a><\/p>\n","protected":false},"author":1,"featured_media":0,"parent":0,"menu_order":0,"comment_status":"closed","ping_status":"closed","template":"","meta":{"footnotes":""},"class_list":["post-4672","page","type-page","status-publish","hentry"],"jetpack_sharing_enabled":true,"_links":{"self":[{"href":"https:\/\/mecahealth.com\/index.php?rest_route=\/wp\/v2\/pages\/4672","targetHints":{"allow":["GET"]}}],"collection":[{"href":"https:\/\/mecahealth.com\/index.php?rest_route=\/wp\/v2\/pages"}],"about":[{"href":"https:\/\/mecahealth.com\/index.php?rest_route=\/wp\/v2\/types\/page"}],"author":[{"embeddable":true,"href":"https:\/\/mecahealth.com\/index.php?rest_route=\/wp\/v2\/users\/1"}],"replies":[{"embeddable":true,"href":"https:\/\/mecahealth.com\/index.php?rest_route=%2Fwp%2Fv2%2Fcomments&post=4672"}],"version-history":[{"count":6,"href":"https:\/\/mecahealth.com\/index.php?rest_route=\/wp\/v2\/pages\/4672\/revisions"}],"predecessor-version":[{"id":5187,"href":"https:\/\/mecahealth.com\/index.php?rest_route=\/wp\/v2\/pages\/4672\/revisions\/5187"}],"wp:attachment":[{"href":"https:\/\/mecahealth.com\/index.php?rest_route=%2Fwp%2Fv2%2Fmedia&parent=4672"}],"curies":[{"name":"wp","href":"https:\/\/api.w.org\/{rel}","templated":true}]}}