{"id":4598,"date":"2023-03-04T13:11:08","date_gmt":"2023-03-04T12:11:08","guid":{"rendered":"https:\/\/mecahealth.com\/?page_id=4598"},"modified":"2023-06-13T00:25:55","modified_gmt":"2023-06-12T22:25:55","slug":"definition-full-scan","status":"publish","type":"page","link":"https:\/\/mecahealth.com\/?page_id=4598","title":{"rendered":"D\u00e9finition : full scanned"},"content":{"rendered":"\n<p class=\"has-medium-font-size\"><a style=\"font-size: revert;\" href=\"https:\/\/mecahealth.com\/?page_id=122\">Attention \u00e0 lire les consignes avant de lire toute page d&rsquo;un site sant\u00e9 !<\/a><\/p>\n\n\n\n<figure class=\"wp-block-image size-full is-style-rounded\"><img loading=\"lazy\" decoding=\"async\" width=\"330\" height=\"330\" src=\"https:\/\/mecahealth.com\/wp-content\/uploads\/2023\/03\/MecaHealth-scanner-full-scanned.jpg\" alt=\"\" class=\"wp-image-4604\" srcset=\"https:\/\/mecahealth.com\/wp-content\/uploads\/2023\/03\/MecaHealth-scanner-full-scanned.jpg 330w, https:\/\/mecahealth.com\/wp-content\/uploads\/2023\/03\/MecaHealth-scanner-full-scanned-300x300.jpg 300w, https:\/\/mecahealth.com\/wp-content\/uploads\/2023\/03\/MecaHealth-scanner-full-scanned-150x150.jpg 150w\" sizes=\"auto, (max-width: 330px) 100vw, 330px\" \/><\/figure>\n\n\n\n<p class=\"has-medium-font-size\">Par <strong><em>full scanned<\/em> <\/strong>est entendu le fait de ne plus trouver, au sein priv\u00e9 comme en entreprise, l&rsquo;information que dans un appareil connect\u00e9. Cette pratique qui se voulait vertueuse et efficace limite l&rsquo;alternance <a href=\"https:\/\/mecahealth.com\/?page_id=441\" data-type=\"page\" data-id=\"441\">contraction-rel\u00e2chement<\/a> r\u00e9alis\u00e9e naturellement par les diff\u00e9rents <a rel=\"noreferrer noopener\" href=\"https:\/\/mecahealth.com\/?page_id=184\" target=\"_blank\">mouvements vitaux<\/a> cens\u00e9s distribuer le sang oxyg\u00e9n\u00e9 et nutritif \u00e0 l&rsquo;ensemble du corps et \u00e9vacuer les d\u00e9chets vers les organes nettoyeurs (<a href=\"https:\/\/mecahealth.com\/?page_id=4613\" data-type=\"page\" data-id=\"4613\">foie<\/a> et <a href=\"https:\/\/mecahealth.com\/?page_id=772\" data-type=\"page\" data-id=\"772\">poumons<\/a>).<\/p>\n\n\n\n<p class=\"has-medium-font-size\">Il fut un temps pas si lointain, o\u00f9 les personnes <a href=\"https:\/\/mecahealth.com\/?page_id=257\" data-type=\"page\" data-id=\"257\">se levaient<\/a> pour discuter d&rsquo;un probl\u00e8me, pour aller <a href=\"https:\/\/mecahealth.com\/?page_id=276\" data-type=\"page\" data-id=\"276\">chercher un dossier<\/a>, etc. Les t\u00e9moignages ne rel\u00e8vent \u00e0 quel point, beaucoup de personnes utilisent le mail plut\u00f4t que de faire les 10m (voire moins) qui s\u00e9pare deux coll\u00e8gues. <\/p>\n\n\n\n<p class=\"has-medium-font-size\">Comme expliqu\u00e9 en partie dans la page <a href=\"https:\/\/mecahealth.com\/?page_id=487\" data-type=\"page\" data-id=\"487\">blocage respiratoire<\/a>, nous estimons sans pouvoir l&rsquo;affirmer \u00e0 ce jour, que le principe du <em>full scanned<\/em> est responsable partiellement de l&rsquo;accroissement des burnouts professionnels. Nous reviendrons sur les autres causes prochainement dans notre chapitre Corps psychiques.<\/p>\n\n\n\n<h2 class=\"wp-block-heading has-medium-font-size\"><span style=\"font-size: var(--wp--preset--font-size--medium) ; color: initial;\">Abonnez-vous \u00e0 nos diff\u00e9rentes pages pour \u00eatre averti(s) des nouvelles mises en ligne&#8230;<\/span><\/h2>\n\n\n\n<p class=\"has-small-font-size\"><a rel=\"noreferrer noopener\" href=\"https:\/\/www.facebook.com\/MecaHealthAsbl\" target=\"_blank\">Facebook MecaHealthAsbl<\/a> &#8211; <a rel=\"noreferrer noopener\" href=\"https:\/\/www.linkedin.com\/company\/mecahealth\/\" target=\"_blank\">Linkedin MecaHealth<\/a> &#8211; <a rel=\"noreferrer noopener\" href=\"https:\/\/www.youtube.com\/channel\/UCJb5g--IGlU6FgQLQKaJljg\" target=\"_blank\">Youtube cha\u00eene MecaHealth<\/a> &#8211; Instagram (pas encore)<\/p>\n\n\n\n<div class=\"wp-block-columns is-layout-flex wp-container-core-columns-is-layout-9d6595d7 wp-block-columns-is-layout-flex\">\n<div class=\"wp-block-column is-layout-flow wp-block-column-is-layout-flow\" style=\"flex-basis:50%\">\n<p>(&#8230;)<\/p>\n<\/div>\n<\/div>\n\n\n<div class=\"wp-block-image\">\n<figure class=\"alignleft size-full is-resized\"><img loading=\"lazy\" decoding=\"async\" src=\"https:\/\/mecahealth.com\/wp-content\/uploads\/2023\/03\/MecaHealth-travailler.jpg\" alt=\"\" class=\"wp-image-4356\" width=\"250\" height=\"250\" srcset=\"https:\/\/mecahealth.com\/wp-content\/uploads\/2023\/03\/MecaHealth-travailler.jpg 330w, https:\/\/mecahealth.com\/wp-content\/uploads\/2023\/03\/MecaHealth-travailler-300x300.jpg 300w, https:\/\/mecahealth.com\/wp-content\/uploads\/2023\/03\/MecaHealth-travailler-150x150.jpg 150w\" sizes=\"auto, (max-width: 250px) 100vw, 250px\" \/><\/figure>\n<\/div>\n\n\n<h2 class=\"wp-block-heading has-medium-font-size\">Vous avez aim\u00e9 l&rsquo;information que MecaHealth apporte, vous pouvez nous contacter pour l&rsquo;une ou l&rsquo;autre <a data-type=\"page\" data-id=\"146\" href=\"https:\/\/mecahealth.com\/?page_id=146\">formation<\/a>, nous appuyer en transmettant l&rsquo;adresse de notre site mais \u00e9galement par <a data-type=\"page\" data-id=\"172\" href=\"https:\/\/mecahealth.com\/?page_id=172\">d&rsquo;autres appuis<\/a>.<\/h2>\n","protected":false},"excerpt":{"rendered":"<p>Attention \u00e0 lire les consignes avant de lire toute page d&rsquo;un site sant\u00e9 ! Par full scanned est entendu le fait de ne plus trouver, au sein priv\u00e9 comme en entreprise, l&rsquo;information que dans un appareil connect\u00e9. Cette pratique qui se voulait vertueuse et efficace limite l&rsquo;alternance contraction-rel\u00e2chement r\u00e9alis\u00e9e naturellement<a href=\"https:\/\/mecahealth.com\/?page_id=4598\" class=\"read-more\">Read More&#8230;<\/a><\/p>\n","protected":false},"author":1,"featured_media":0,"parent":0,"menu_order":0,"comment_status":"closed","ping_status":"closed","template":"","meta":{"footnotes":""},"class_list":["post-4598","page","type-page","status-publish","hentry"],"jetpack_sharing_enabled":true,"_links":{"self":[{"href":"https:\/\/mecahealth.com\/index.php?rest_route=\/wp\/v2\/pages\/4598","targetHints":{"allow":["GET"]}}],"collection":[{"href":"https:\/\/mecahealth.com\/index.php?rest_route=\/wp\/v2\/pages"}],"about":[{"href":"https:\/\/mecahealth.com\/index.php?rest_route=\/wp\/v2\/types\/page"}],"author":[{"embeddable":true,"href":"https:\/\/mecahealth.com\/index.php?rest_route=\/wp\/v2\/users\/1"}],"replies":[{"embeddable":true,"href":"https:\/\/mecahealth.com\/index.php?rest_route=%2Fwp%2Fv2%2Fcomments&post=4598"}],"version-history":[{"count":17,"href":"https:\/\/mecahealth.com\/index.php?rest_route=\/wp\/v2\/pages\/4598\/revisions"}],"predecessor-version":[{"id":5496,"href":"https:\/\/mecahealth.com\/index.php?rest_route=\/wp\/v2\/pages\/4598\/revisions\/5496"}],"wp:attachment":[{"href":"https:\/\/mecahealth.com\/index.php?rest_route=%2Fwp%2Fv2%2Fmedia&parent=4598"}],"curies":[{"name":"wp","href":"https:\/\/api.w.org\/{rel}","templated":true}]}}