{"id":450,"date":"2023-01-08T02:39:50","date_gmt":"2023-01-08T01:39:50","guid":{"rendered":"https:\/\/mecahealth.com\/?page_id=450"},"modified":"2023-03-03T03:38:03","modified_gmt":"2023-03-03T02:38:03","slug":"normalite-tirer-pousser","status":"publish","type":"page","link":"https:\/\/mecahealth.com\/?page_id=450","title":{"rendered":"Normalit\u00e9 : tirer-pousser"},"content":{"rendered":"\n<p class=\"has-medium-font-size\"><a href=\"https:\/\/mecahealth.com\/?page_id=122\">Attention \u00e0 lire les consignes avant de lire toute page d&rsquo;un site sant\u00e9 !<\/a><\/p>\n\n\n\n<figure class=\"wp-block-image size-full is-style-rounded\"><img loading=\"lazy\" decoding=\"async\" width=\"330\" height=\"330\" src=\"https:\/\/mecahealth.com\/wp-content\/uploads\/2023\/03\/MecaHealth-tirer-pousser.jpg\" alt=\"\" class=\"wp-image-4482\" srcset=\"https:\/\/mecahealth.com\/wp-content\/uploads\/2023\/03\/MecaHealth-tirer-pousser.jpg 330w, https:\/\/mecahealth.com\/wp-content\/uploads\/2023\/03\/MecaHealth-tirer-pousser-300x300.jpg 300w, https:\/\/mecahealth.com\/wp-content\/uploads\/2023\/03\/MecaHealth-tirer-pousser-150x150.jpg 150w\" sizes=\"auto, (max-width: 330px) 100vw, 330px\" \/><\/figure>\n\n\n\n<p class=\"has-medium-font-size\">Le <em>Tirer &#8211; Pousser<\/em> est r\u00e9alis\u00e9 dans un esprit pr\u00e9ventif, un <a href=\"https:\/\/mecahealth.com\/?page_id=1164\" data-type=\"page\" data-id=\"1164\">esprit d&rsquo;\u00e9conomie d&rsquo;\u00e9nergie<\/a> et non pas dans le but uniquement de soulager un corps souffrant.<\/p>\n\n\n\n<h2 class=\"has-medium-font-size wp-block-heading\"><em>Tirer &#8211; Pousser<\/em><\/h2>\n\n\n\n<p class=\"has-medium-font-size\"><strong>La r\u00e8gle du <em>Tirer &#8211; Pousser<\/em> correspond \u00e0 \u00e9viter de soulever un objet qui pourrait \u00eatre en y r\u00e9fl\u00e9chissant, pouss\u00e9 ou tir\u00e9 lorsque nous souhaitons l\u2019\u00e9loigner ou le rapprocher de nous.<\/strong><\/p>\n\n\n\n<p class=\"has-medium-font-size\">Le poids d\u2019un objet <strong><em>soulev\u00e9 <\/em><\/strong>que l\u2019on \u00e9loigne ou que l\u2019on rapproche, est en quelque sorte moins important pour notre corps que le poids de l\u2019objet <em><strong>frott\u00e9 <\/strong><\/em>( = Force de frottement) au m\u00eame titre qu\u2019il est plus facile de pousser un meuble que de le soulever \u2026<\/p>\n\n\n\n<p class=\"has-medium-font-size\">La r\u00e8gle du <em>Tirer &#8211; pousser <\/em>est appliqu\u00e9e naturellement lors de la manipulation d\u2019objets lourds. Elle doit l\u2019\u00eatre \u00e9galement avec des objets de poids moyen voire l\u00e9ger. Il ne faut pas oublier que le corps <a href=\"https:\/\/mecahealth.com\/?page_id=998\" data-type=\"page\" data-id=\"998\">flanche principalement par addition de charges<\/a>. Il vaut d\u00e8s lors mieux les \u00e9viter quand c\u2019est possible.<\/p>\n\n\n\n<p class=\"has-medium-font-size\">La r\u00e8gle du <em>Tirer &#8211; pousser <\/em>se fait en utilisant les muscles des bras et <a href=\"https:\/\/mecahealth.com\/?page_id=626\" data-type=\"page\" data-id=\"626\">non ceux du dos<\/a>. Ces derniers sont faits en r\u00e9alit\u00e9, pour assurer la stabilisation de la colonne \u00e0 l\u2019effort et non le mouvement dans toute son amplitude.<\/p>\n\n\n\n<p class=\"has-medium-font-size\">Cette r\u00e8gle comme celle du <a href=\"https:\/\/mecahealth.com\/?page_id=446\" data-type=\"page\" data-id=\"446\">rapprochement maximum<\/a> est en fait indispensable pour la simple et bonne raison qu\u2019elle limite <a href=\"https:\/\/mecahealth.com\/?page_id=1113\" data-type=\"page\" data-id=\"1113\">l\u2019effet du long bras de levier<\/a> sur notre corps. Id\u00e9alement, ces deux r\u00e8gles sont combin\u00e9es avec celle du <a href=\"https:\/\/mecahealth.com\/?page_id=448\" data-type=\"page\" data-id=\"448\">point d&rsquo;appui<\/a>  pour d\u00e9charger au mieux le dos des contraintes journali\u00e8res.<\/p>\n\n\n\n<h2 class=\"has-medium-font-size wp-block-heading\">Exemples<\/h2>\n\n\n\n<p class=\"has-medium-font-size\">Les situations sont multiples et c\u2019est \u00e0 chacun de transposer les exemples qui suivent dans son <a href=\"https:\/\/mecahealth.com\/?page_id=186\" data-type=\"page\" data-id=\"186\">propre environnement tant priv\u00e9 que professionnel<\/a>.<\/p>\n\n\n\n<ul class=\"wp-block-list\">\n<li>Chez soi, lorsque nous <a href=\"https:\/\/mecahealth.com\/?page_id=2517\" data-type=\"page\" data-id=\"2517\">mettons ou retirons une casserole<\/a> des plaques de cuisson ; lorsque nous cherchons \u00e0 la mettre au milieu de la table si on consid\u00e8re bien s\u00fbr qu\u2019il est indispensable de la mettre l\u00e0 plut\u00f4t que de la laisser au bord pour faire le service\u2026<\/li>\n\n\n\n<li>En voiture, lorsque nous mettons une caisse dans une automobile<\/li>\n\n\n\n<li>Au bureau, pour <a href=\"https:\/\/mecahealth.com\/?page_id=2558\" data-type=\"page\" data-id=\"2558\">prendre un dossier<\/a><\/li>\n\n\n\n<li>&#8230;<\/li>\n<\/ul>\n\n\n\n<p class=\"has-medium-font-size\"><span style=\"font-size: revert; color: initial;\">(&#8230;)<\/span><\/p>\n\n\n\n<h2 class=\"has-medium-font-size wp-block-heading\">Revenir au chapitre<em>&nbsp;<a href=\"https:\/\/mecahealth.com\/?page_id=180\">Normalit\u00e9<\/a><\/em>&nbsp;ou&nbsp;<em><a href=\"https:\/\/mecahealth.com\/?page_id=1164\">Economie d\u2019\u00e9nergie<\/a><\/em><\/h2>\n","protected":false},"excerpt":{"rendered":"<p>Attention \u00e0 lire les consignes avant de lire toute page d&rsquo;un site sant\u00e9 ! Le Tirer &#8211; Pousser est r\u00e9alis\u00e9 dans un esprit pr\u00e9ventif, un esprit d&rsquo;\u00e9conomie d&rsquo;\u00e9nergie et non pas dans le but uniquement de soulager un corps souffrant. Tirer &#8211; Pousser La r\u00e8gle du Tirer &#8211; Pousser correspond<a href=\"https:\/\/mecahealth.com\/?page_id=450\" class=\"read-more\">Read More&#8230;<\/a><\/p>\n","protected":false},"author":1,"featured_media":0,"parent":0,"menu_order":0,"comment_status":"closed","ping_status":"closed","template":"","meta":{"footnotes":""},"class_list":["post-450","page","type-page","status-publish","hentry"],"jetpack_sharing_enabled":true,"_links":{"self":[{"href":"https:\/\/mecahealth.com\/index.php?rest_route=\/wp\/v2\/pages\/450","targetHints":{"allow":["GET"]}}],"collection":[{"href":"https:\/\/mecahealth.com\/index.php?rest_route=\/wp\/v2\/pages"}],"about":[{"href":"https:\/\/mecahealth.com\/index.php?rest_route=\/wp\/v2\/types\/page"}],"author":[{"embeddable":true,"href":"https:\/\/mecahealth.com\/index.php?rest_route=\/wp\/v2\/users\/1"}],"replies":[{"embeddable":true,"href":"https:\/\/mecahealth.com\/index.php?rest_route=%2Fwp%2Fv2%2Fcomments&post=450"}],"version-history":[{"count":6,"href":"https:\/\/mecahealth.com\/index.php?rest_route=\/wp\/v2\/pages\/450\/revisions"}],"predecessor-version":[{"id":4486,"href":"https:\/\/mecahealth.com\/index.php?rest_route=\/wp\/v2\/pages\/450\/revisions\/4486"}],"wp:attachment":[{"href":"https:\/\/mecahealth.com\/index.php?rest_route=%2Fwp%2Fv2%2Fmedia&parent=450"}],"curies":[{"name":"wp","href":"https:\/\/api.w.org\/{rel}","templated":true}]}}