{"id":446,"date":"2023-01-08T02:38:51","date_gmt":"2023-01-08T01:38:51","guid":{"rendered":"https:\/\/mecahealth.com\/?page_id=446"},"modified":"2023-03-03T02:52:22","modified_gmt":"2023-03-03T01:52:22","slug":"normalite-rapprochement-maximum","status":"publish","type":"page","link":"https:\/\/mecahealth.com\/?page_id=446","title":{"rendered":"Normalit\u00e9 : rapprochement maximum"},"content":{"rendered":"\n<p class=\"has-medium-font-size\"><a href=\"https:\/\/mecahealth.com\/?page_id=122\">Attention \u00e0 lire les consignes avant de lire toute page d&rsquo;un site sant\u00e9 !<\/a><\/p>\n\n\n\n<figure class=\"wp-block-image size-full is-style-rounded\"><img loading=\"lazy\" decoding=\"async\" width=\"330\" height=\"330\" src=\"https:\/\/mecahealth.com\/wp-content\/uploads\/2023\/03\/MecaHealth-rapprocher-se.jpg\" alt=\"\" class=\"wp-image-4460\" srcset=\"https:\/\/mecahealth.com\/wp-content\/uploads\/2023\/03\/MecaHealth-rapprocher-se.jpg 330w, https:\/\/mecahealth.com\/wp-content\/uploads\/2023\/03\/MecaHealth-rapprocher-se-300x300.jpg 300w, https:\/\/mecahealth.com\/wp-content\/uploads\/2023\/03\/MecaHealth-rapprocher-se-150x150.jpg 150w\" sizes=\"auto, (max-width: 330px) 100vw, 330px\" \/><\/figure>\n\n\n\n<p class=\"has-medium-font-size\">Le Rapprochement Maximum est r\u00e9alis\u00e9 dans un esprit pr\u00e9ventif, un <a href=\"https:\/\/mecahealth.com\/?page_id=1164\" data-type=\"page\" data-id=\"1164\">esprit d&rsquo;\u00e9conomie d&rsquo;\u00e9nergie<\/a> et non pas dans le but uniquement de soulager un corps souffrant.<\/p>\n\n\n\n<h2 class=\"has-medium-font-size wp-block-heading\">Rapprochement maximum&nbsp; :<\/h2>\n\n\n\n<p class=\"has-medium-font-size\">La r\u00e8gle du rapprochement maximum correspond \u00e0 faire un pas de plus s\u2019il est possible de le faire ou de maintenir l\u2019objet proche de soi qu\u2019il soit manipul\u00e9 ou simplement port\u00e9. En faisant un pas de plus, nous permettons d\u2019une part d\u2019\u00e9viter les <a href=\"https:\/\/mecahealth.com\/?page_id=1113\" data-type=\"page\" data-id=\"1113\">longs bras de levier<\/a> inutiles et d\u2019autre part, de recruter plus r\u00e9guli\u00e8rement <a href=\"https:\/\/mecahealth.com\/?page_id=695\" data-type=\"page\" data-id=\"695\">les mollets pour activer notre circulation<\/a>.<\/p>\n\n\n\n<p class=\"has-medium-font-size\">Nous \u00e9viterons ainsi l\u2019addition de charges responsables de la plupart de nos maux articulaires dorsaux comme circulatoires. En faisant un pas de plus, nous \u00e9vitons de devoir nous plier inutilement pour prendre un papier sur un bureau ou le t\u00e9l\u00e9phone.<\/p>\n\n\n\n<p class=\"has-medium-font-size\">Ce pas suppl\u00e9mentaire <a href=\"https:\/\/mecahealth.com\/?page_id=1918\" data-type=\"page\" data-id=\"1918\">\u00e9vite de devoir tendre le bras<\/a> pour appuyer sur l\u2019interrupteur mural, pour fermer une porte, pour prendre un livre, un dossier sur une \u00e9tag\u00e8re, etc. A long terme, <a href=\"https:\/\/mecahealth.com\/?page_id=1113\" data-type=\"page\" data-id=\"1113\">tendre un bras trop souvent est aussi mauvais pour le dos que pour les \u00e9paules<\/a>.<\/p>\n\n\n\n<p class=\"has-medium-font-size\">En rapprochant un objet, ou en le d\u00e9posant, il faut n\u00e9cessairement tout de m\u00eame encore respecter la r\u00e8gle du pousser. Celle-ci peut s&rsquo;accomplir plus facilement en utilisant son poids dans le mouvement.<\/p>\n\n\n\n<p class=\"has-medium-font-size\">En quelque sorte, pour arriver \u00e0 faire ce pas de plus et surtout durant les <a href=\"https:\/\/mecahealth.com\/?page_id=242\" data-type=\"page\" data-id=\"242\">t\u00e2ches m\u00e9nag\u00e8res<\/a> ou <a href=\"https:\/\/mecahealth.com\/?page_id=262\" data-type=\"page\" data-id=\"262\">manuelles<\/a>, il nous faut chercher un rythme dans les jambes comparable \u00e0 celui que nous aurions en dansant. <strong>Mettre une musique rythm\u00e9e devrait d\u00e8s lors r\u00e9ellement nous aider.<\/strong><\/p>\n\n\n\n<p class=\"has-medium-font-size\">Pour arriver \u00e0 faire ce pas de plus toujours, il ne faut en principe jamais avoir peur de l\u2019objet \u00e0 manipuler, qu\u2019il soit salissant ou chaud par exemple. Utilisons un tablier (de bonne qualit\u00e9) et nous <a href=\"https:\/\/mecahealth.com\/?page_id=266\" data-type=\"page\" data-id=\"266\">pourrons laisser la casserole contre soi<\/a>. Utilisons des v\u00eatements ad\u00e9quats pour faire du <a href=\"https:\/\/mecahealth.com\/?page_id=276\" data-type=\"page\" data-id=\"276\">rangement<\/a>, un transport ou des travaux \u2026voire ses courses et nous n\u2019aurons pas peur d\u2019\u00eatre contre des caisses, des meubles, une voiture, etc.<\/p>\n\n\n\n<p class=\"has-medium-font-size\">Eloigner, la casserole ou une caisse de quelques centim\u00e8tres de son ventre, d\u00e9cuple d\u00e9j\u00e0 la charge dans les \u00e9paules et dans le dos. Le faire des dizaines de fois comme il se fait r\u00e9guli\u00e8rement durant une journ\u00e9e porte progressivement \u00e0 cons\u00e9quence.<\/p>\n\n\n\n<p class=\"has-medium-font-size\">Alors soyons toujours plus proches.<\/p>\n\n\n\n<p class=\"has-medium-font-size\">Dans une <a href=\"https:\/\/mecahealth.com\/?page_id=2599\" data-type=\"page\" data-id=\"2599\">situation o\u00f9 l\u2019objet est au sol<\/a> ou est \u00e0 d\u00e9poser, plier les jambes pour se rapprocher du sol ou de l\u2019objet correspond \u00e9galement \u00e0 appliquer cette r\u00e8gle de rapprochement maximum. Seulement, les jambes ne doivent pas \u2013 et d\u2019ailleurs souvent ne savent pas &#8211; intervenir seules. L\u2019application d\u2019un point d&rsquo;appui ainsi que l\u2019utilisation d\u2019une petite flexion dorsale contr\u00f4l\u00e9e sont importantes sauf si nous souhaitons absolument souffrir des genoux dans quelques ann\u00e9es (si ce n\u2019est d\u00e9j\u00e0 le cas) ou si nous souffrons d\u2019une <a href=\"https:\/\/mecahealth.com\/?page_id=1732\" data-type=\"page\" data-id=\"1732\">r\u00e9elle hernie discale<\/a>.<\/p>\n\n\n\n<p class=\"has-medium-font-size\">Si un <a href=\"https:\/\/mecahealth.com\/?page_id=448\" data-type=\"page\" data-id=\"448\">point d&rsquo;appui<\/a> nous semble impossible, il faut \u00e9galement le rapprocher ou s\u2019en approcher.<\/p>\n\n\n\n<p class=\"has-medium-font-size\">Le rapprochement maximum s&rsquo;applique quasiment dans <a href=\"https:\/\/mecahealth.com\/?page_id=186\" data-type=\"page\" data-id=\"186\">toutes les situations courantes<\/a>.<\/p>\n\n\n\n<p>(&#8230;)<\/p>\n\n\n\n<h2 class=\"has-medium-font-size wp-block-heading\">Revenir au chapitre<em> <a href=\"https:\/\/mecahealth.com\/?page_id=180\" data-type=\"page\" data-id=\"180\">Normalit\u00e9<\/a><\/em> ou <em><a href=\"https:\/\/mecahealth.com\/?page_id=1164\" data-type=\"page\" data-id=\"1164\">Economie d&rsquo;\u00e9nergie<\/a><\/em><\/h2>\n","protected":false},"excerpt":{"rendered":"<p>Attention \u00e0 lire les consignes avant de lire toute page d&rsquo;un site sant\u00e9 ! Le Rapprochement Maximum est r\u00e9alis\u00e9 dans un esprit pr\u00e9ventif, un esprit d&rsquo;\u00e9conomie d&rsquo;\u00e9nergie et non pas dans le but uniquement de soulager un corps souffrant. Rapprochement maximum&nbsp; : La r\u00e8gle du rapprochement maximum correspond \u00e0 faire<a href=\"https:\/\/mecahealth.com\/?page_id=446\" class=\"read-more\">Read More&#8230;<\/a><\/p>\n","protected":false},"author":1,"featured_media":0,"parent":0,"menu_order":0,"comment_status":"closed","ping_status":"closed","template":"","meta":{"footnotes":""},"class_list":["post-446","page","type-page","status-publish","hentry"],"jetpack_sharing_enabled":true,"_links":{"self":[{"href":"https:\/\/mecahealth.com\/index.php?rest_route=\/wp\/v2\/pages\/446","targetHints":{"allow":["GET"]}}],"collection":[{"href":"https:\/\/mecahealth.com\/index.php?rest_route=\/wp\/v2\/pages"}],"about":[{"href":"https:\/\/mecahealth.com\/index.php?rest_route=\/wp\/v2\/types\/page"}],"author":[{"embeddable":true,"href":"https:\/\/mecahealth.com\/index.php?rest_route=\/wp\/v2\/users\/1"}],"replies":[{"embeddable":true,"href":"https:\/\/mecahealth.com\/index.php?rest_route=%2Fwp%2Fv2%2Fcomments&post=446"}],"version-history":[{"count":8,"href":"https:\/\/mecahealth.com\/index.php?rest_route=\/wp\/v2\/pages\/446\/revisions"}],"predecessor-version":[{"id":4463,"href":"https:\/\/mecahealth.com\/index.php?rest_route=\/wp\/v2\/pages\/446\/revisions\/4463"}],"wp:attachment":[{"href":"https:\/\/mecahealth.com\/index.php?rest_route=%2Fwp%2Fv2%2Fmedia&parent=446"}],"curies":[{"name":"wp","href":"https:\/\/api.w.org\/{rel}","templated":true}]}}