{"id":443,"date":"2023-01-08T02:36:58","date_gmt":"2023-01-08T01:36:58","guid":{"rendered":"https:\/\/mecahealth.com\/?page_id=443"},"modified":"2025-10-12T14:49:19","modified_gmt":"2025-10-12T12:49:19","slug":"normalite-protection-naturelle-amortissement-general","status":"publish","type":"page","link":"https:\/\/mecahealth.com\/?page_id=443","title":{"rendered":"Normalit\u00e9 : Protection naturelle \/ amortissement g\u00e9n\u00e9ral"},"content":{"rendered":"\n<p class=\"has-small-font-size\"><a href=\"https:\/\/mecahealth.com\/?page_id=122\">Attention \u00e0 lire les consignes avant de lire toute page d&rsquo;un site sant\u00e9 !<\/a><\/p>\n\n\n\n<figure class=\"wp-block-image size-full is-style-rounded\"><img loading=\"lazy\" decoding=\"async\" width=\"330\" height=\"330\" src=\"https:\/\/mecahealth.com\/wp-content\/uploads\/2023\/01\/MecaHealth-mouvement-chute-arr.jpg\" alt=\"\" class=\"wp-image-2107\" srcset=\"https:\/\/mecahealth.com\/wp-content\/uploads\/2023\/01\/MecaHealth-mouvement-chute-arr.jpg 330w, https:\/\/mecahealth.com\/wp-content\/uploads\/2023\/01\/MecaHealth-mouvement-chute-arr-300x300.jpg 300w, https:\/\/mecahealth.com\/wp-content\/uploads\/2023\/01\/MecaHealth-mouvement-chute-arr-150x150.jpg 150w\" sizes=\"auto, (max-width: 330px) 100vw, 330px\" \/><\/figure>\n\n\n\n<figure class=\"wp-block-image size-full\"><img loading=\"lazy\" decoding=\"async\" width=\"100\" height=\"100\" src=\"https:\/\/mecahealth.com\/wp-content\/uploads\/2023\/02\/MecaHealth-picto-NO-e1675467511983.jpg\" alt=\"\" class=\"wp-image-2572\"\/><\/figure>\n\n\n<div class=\"wp-block-image\">\n<figure class=\"alignleft size-full\"><img loading=\"lazy\" decoding=\"async\" width=\"137\" height=\"250\" src=\"https:\/\/mecahealth.com\/wp-content\/uploads\/2023\/01\/MecaHealth-protection-NON-1.gif\" alt=\"\" class=\"wp-image-2106\"\/><\/figure>\n<\/div>\n\n\n<p class=\"has-medium-font-size\">Si une personne est \u00ab\u00a0tristement humaine\u00a0\u00bb (ayant perdu ses facult\u00e9s de ressenti animal) et qu&rsquo;elle est pouss\u00e9e vers l&rsquo;arri\u00e8re, elle risque de facilement tomber dans cette direction&#8230; <\/p>\n\n\n\n<p class=\"has-medium-font-size\">Elle rel\u00e2che son abdomen, <a href=\"https:\/\/mecahealth.com\/?page_id=212\" data-type=\"page\" data-id=\"212\">creuse et coince parfois son dos<\/a>, etc.<\/p>\n\n\n\n<p class=\"has-medium-font-size\">Elle aura tendance \u00e0 faire de petits pas au lieu de grands et s&rsquo;accrochera ainsi plus facilement sur quelque chose ou en tout cas, prendra de plus en plus de vitesse, tombant ainsi plus facilement. Etant donn\u00e9 la <a href=\"https:\/\/mecahealth.com\/?page_id=2150\" data-type=\"page\" data-id=\"2150\">position de la t\u00eate<\/a> dans cette situation, les d\u00e9g\u00e2ts seront plus importants \u00e0 ce niveau que dans la situation ci-dessous&#8230;<\/p>\n\n\n\n<figure class=\"wp-block-image size-full\"><img loading=\"lazy\" decoding=\"async\" width=\"100\" height=\"100\" src=\"https:\/\/mecahealth.com\/wp-content\/uploads\/2023\/02\/MecaHealth-picto-YES-e1675467494159.jpg\" alt=\"\" class=\"wp-image-2573\"\/><\/figure>\n\n\n<div class=\"wp-block-image\">\n<figure class=\"alignleft size-full\"><img loading=\"lazy\" decoding=\"async\" width=\"145\" height=\"250\" src=\"https:\/\/mecahealth.com\/wp-content\/uploads\/2023\/01\/MecaHealth-protection-max.gif\" alt=\"\" class=\"wp-image-2105\"\/><\/figure>\n<\/div>\n\n\n<p class=\"has-medium-font-size\">Si une personne dispose encore en suffisance de son r\u00e9flexe animal de protection, lorsqu&rsquo;elle perd l&rsquo;\u00e9quilibre ou qu&rsquo;elle est pouss\u00e9e, elle aura tendance \u00e0 :<\/p>\n\n\n\n<ul class=\"wp-block-list\">\n<li>porter une jambe en arri\u00e8re pour limiter l&rsquo;impact de la perte de l&rsquo;\u00e9quilibre vers l&rsquo;arri\u00e8re<\/li>\n\n\n\n<li>fl\u00e9chir le tronc en avant et mettre les bras en avant pour les m\u00eames raisons<\/li>\n\n\n\n<li>durant un court instant de faire de m\u00eame avec la t\u00eate<\/li>\n\n\n\n<li><a href=\"https:\/\/mecahealth.com\/?page_id=1565\" data-type=\"page\" data-id=\"1565\">rentrer le ventre<\/a> pour fl\u00e9chir le tronc en avant et pour prot\u00e9ger ses organes vitaux comme <a href=\"https:\/\/mecahealth.com\/?page_id=4613\" data-type=\"page\" data-id=\"4613\">le foie<\/a> et les <a href=\"https:\/\/mecahealth.com\/?page_id=1270\" data-type=\"page\" data-id=\"1270\">autres visc\u00e8res<\/a> <\/li>\n\n\n\n<li>fl\u00e9chir <a href=\"https:\/\/mecahealth.com\/?page_id=2877\" data-type=\"page\" data-id=\"2877\">les jambes<\/a> pour descendre le centre de gravit\u00e9<\/li>\n\n\n\n<li>puis retrouver sa violence carnassi\u00e8re et prendre \u00e9ventuellement \u00e0 la gorge son adversaire&#8230;<\/li>\n<\/ul>\n\n\n\n<p><\/p>\n\n\n\n<p class=\"has-medium-font-size\">Il en donc naturel de faire ce mouvement de protection naturel pour bien des situations et de comprendre les raisons qui am\u00e8nent \u00e0 certaines pathologies si cette protection n&rsquo;est pas r\u00e9alis\u00e9e notamment en <a href=\"https:\/\/mecahealth.com\/?page_id=257\" data-type=\"page\" data-id=\"257\">se levant<\/a>, <a href=\"https:\/\/mecahealth.com\/?page_id=489\" data-type=\"page\" data-id=\"489\">en toussant, en \u00e9ternuant, en rigolant, en pleurant, en se mouchant<\/a>,  en <a href=\"https:\/\/mecahealth.com\/?page_id=785\" data-type=\"page\" data-id=\"785\">retombant<\/a>, etc.  <a href=\"https:\/\/mecahealth.com\/?page_id=212\" data-type=\"page\" data-id=\"212\">Lombalgies<\/a>, <a href=\"https:\/\/mecahealth.com\/?page_id=205\" data-type=\"page\" data-id=\"205\">cervicalgies<\/a> et <a href=\"https:\/\/mecahealth.com\/?page_id=491\" data-type=\"page\" data-id=\"491\">pertes urinaires<\/a> font l\u00e9gion dans ce cas&#8230;<\/p>\n\n\n\n<figure class=\"wp-block-image size-full\"><img loading=\"lazy\" decoding=\"async\" width=\"200\" height=\"250\" src=\"https:\/\/mecahealth.com\/wp-content\/uploads\/2023\/01\/MecaHealth-se-lever-protection-max-2.jpg\" alt=\"\" class=\"wp-image-2103\"\/><figcaption class=\"wp-element-caption\">rentr\u00e9 de ventre trop peu r\u00e9alis\u00e9 ici<\/figcaption><\/figure>\n\n\n\n<p class=\"has-medium-font-size\">Le r\u00e9flexe de protection naturel en cas de perte d&rsquo;\u00e9quilibre lat\u00e9ral, quant \u00e0 lui est comparable \u00e0 un mouvement de <a href=\"https:\/\/mecahealth.com\/?page_id=2061\" data-type=\"page\" data-id=\"2061\">sirtaki<\/a>. Entra\u00eener ce mouvement, c&rsquo;est le retrouver le moment opportun notamment chez les <a href=\"https:\/\/mecahealth.com\/?page_id=361\" data-type=\"page\" data-id=\"361\">personnes \u00e2g\u00e9es<\/a>. <\/p>\n\n\n\n<p class=\"has-medium-font-size\">Apr\u00e8s ce mouvement, faire attention tout de m\u00eame \u00e9galement \u00e0 la <a href=\"https:\/\/mecahealth.com\/?page_id=413\" data-type=\"page\" data-id=\"413\">position debout.<\/a><\/p>\n\n\n\n<p>(&#8230;)<\/p>\n\n\n\n<h2 class=\"wp-block-heading has-medium-font-size\">Revenir au chapitre<em> <a href=\"https:\/\/mecahealth.com\/?page_id=180\" data-type=\"page\" data-id=\"180\">Normalit\u00e9<\/a><\/em><\/h2>\n","protected":false},"excerpt":{"rendered":"<p>Attention \u00e0 lire les consignes avant de lire toute page d&rsquo;un site sant\u00e9 ! Si une personne est \u00ab\u00a0tristement humaine\u00a0\u00bb (ayant perdu ses facult\u00e9s de ressenti animal) et qu&rsquo;elle est pouss\u00e9e vers l&rsquo;arri\u00e8re, elle risque de facilement tomber dans cette direction&#8230; Elle rel\u00e2che son abdomen, creuse et coince parfois son<a href=\"https:\/\/mecahealth.com\/?page_id=443\" class=\"read-more\">Read More&#8230;<\/a><\/p>\n","protected":false},"author":1,"featured_media":0,"parent":0,"menu_order":0,"comment_status":"closed","ping_status":"closed","template":"","meta":{"footnotes":""},"class_list":["post-443","page","type-page","status-publish","hentry"],"jetpack_sharing_enabled":true,"_links":{"self":[{"href":"https:\/\/mecahealth.com\/index.php?rest_route=\/wp\/v2\/pages\/443","targetHints":{"allow":["GET"]}}],"collection":[{"href":"https:\/\/mecahealth.com\/index.php?rest_route=\/wp\/v2\/pages"}],"about":[{"href":"https:\/\/mecahealth.com\/index.php?rest_route=\/wp\/v2\/types\/page"}],"author":[{"embeddable":true,"href":"https:\/\/mecahealth.com\/index.php?rest_route=\/wp\/v2\/users\/1"}],"replies":[{"embeddable":true,"href":"https:\/\/mecahealth.com\/index.php?rest_route=%2Fwp%2Fv2%2Fcomments&post=443"}],"version-history":[{"count":14,"href":"https:\/\/mecahealth.com\/index.php?rest_route=\/wp\/v2\/pages\/443\/revisions"}],"predecessor-version":[{"id":8231,"href":"https:\/\/mecahealth.com\/index.php?rest_route=\/wp\/v2\/pages\/443\/revisions\/8231"}],"wp:attachment":[{"href":"https:\/\/mecahealth.com\/index.php?rest_route=%2Fwp%2Fv2%2Fmedia&parent=443"}],"curies":[{"name":"wp","href":"https:\/\/api.w.org\/{rel}","templated":true}]}}