{"id":4346,"date":"2023-03-01T23:46:55","date_gmt":"2023-03-01T22:46:55","guid":{"rendered":"https:\/\/mecahealth.com\/?page_id=4346"},"modified":"2026-04-15T11:22:04","modified_gmt":"2026-04-15T09:22:04","slug":"situation-travailler","status":"publish","type":"page","link":"https:\/\/mecahealth.com\/?page_id=4346","title":{"rendered":"Situation : travailler"},"content":{"rendered":"\n<p class=\"has-medium-font-size\"><a style=\"font-size: revert;\" href=\"https:\/\/mecahealth.com\/?page_id=122\">Attention \u00e0 lire les consignes avant de lire toute page d&rsquo;un site sant\u00e9 !<\/a><\/p>\n\n\n\n<figure class=\"wp-block-image size-large is-style-rounded\"><img loading=\"lazy\" decoding=\"async\" width=\"330\" height=\"330\" src=\"https:\/\/mecahealth.com\/wp-content\/uploads\/2023\/02\/MecaHealth-assis-bureau-avant-bras-table-NON-1.jpg\" alt=\"\" class=\"wp-image-3910\" srcset=\"https:\/\/mecahealth.com\/wp-content\/uploads\/2023\/02\/MecaHealth-assis-bureau-avant-bras-table-NON-1.jpg 330w, https:\/\/mecahealth.com\/wp-content\/uploads\/2023\/02\/MecaHealth-assis-bureau-avant-bras-table-NON-1-300x300.jpg 300w, https:\/\/mecahealth.com\/wp-content\/uploads\/2023\/02\/MecaHealth-assis-bureau-avant-bras-table-NON-1-150x150.jpg 150w\" sizes=\"auto, (max-width: 330px) 100vw, 330px\" \/><\/figure>\n\n\n\n<h2 class=\"wp-block-heading has-medium-font-size\"><em>Travailler c&rsquo;est trop dur et voler c&rsquo;est pas beau !<\/em><\/h2>\n\n\n\n<p class=\"has-medium-font-size\">Bien que ce ne soient <em>que<\/em> des paroles de la chanson* en bas de page, elles relatent malheureusement la pens\u00e9e de pas mal de travailleurs.<\/p>\n\n\n\n<p class=\"has-small-font-size\">* : Paroles : Michael Louis Doucet&nbsp;&#8211; Chanteur : Julien Clerc<\/p>\n\n\n\n<p class=\"has-medium-font-size\">Travailler peut s&rsquo;av\u00e9rer difficile et d&rsquo;autant plus que nous n&rsquo;aimons pas ce que nous faisons, que nous ne voyons pas le sens de notre travail, que nous ne nous sentons pas bien dans <a href=\"https:\/\/mecahealth.com\/?page_id=5892\" data-type=\"page\" data-id=\"5892\">l&rsquo;\u00e9quipe (rang 3)<\/a> ou tout simplement que nous n&rsquo;avons pas appris les gestes appropri\u00e9s pour \u00e9viter la p\u00e9nibilit\u00e9 physique du travail demand\u00e9.<\/p>\n\n\n\n<p class=\"has-medium-font-size\">Ce site, pour l&rsquo;instant, se concentre sur la sant\u00e9 physique et donc sur le dernier des points ci-dessus. Ce qui concerne <a href=\"https:\/\/mecahealth.com\/?page_id=127\" data-type=\"page\" data-id=\"127\">la partie psychique au travail est en cours de r\u00e9daction<\/a>. La r\u00e9solution de conflits fait partie des services propos\u00e9s en entreprise. Si vous \u00eates int\u00e9ress\u00e9(es) d&rsquo;en savoir plus, revenez sur nos pages r\u00e9guli\u00e8rement ou envoyez-nous un mail pour recevoir le sujet pour lequel vous souhaiteriez un d\u00e9veloppement ou si vous<strong> <\/strong>souhaitez <a href=\"https:\/\/mecahealth.com\/?page_id=146\"><strong>nous voir vous expliquer de visu <\/strong>avec un brin d&rsquo;humour ledit sujet<\/a> (&#8230;).<\/p>\n\n\n\n<h2 class=\"wp-block-heading\">Toutes les professions ?<\/h2>\n\n\n\n<p class=\"has-medium-font-size\">Sans doute avons-nous rencontr\u00e9s dans notre pratique la plupart des professions conventionnelles de nos contr\u00e9es mais \u00e9galement bien d&rsquo;autres qui le sont moins en passant par des agents secrets, des ministres de pays diff\u00e9rents, et de vraisemblables criminels.<\/p>\n\n\n\n<p class=\"has-medium-font-size\">Il ne sera pas possible, ni dans nos intentions, d&rsquo;envisager dans ce site toutes les situations professionnelles et d&rsquo;autant plus que les <a href=\"https:\/\/mecahealth.com\/?page_id=998\" data-type=\"page\" data-id=\"998\">fatigues professionnelles d\u00e9pendent \u00e9galement des fatigues induites par le rythme de la vie priv\u00e9e<\/a> mais nous insistons sur les <a href=\"https:\/\/mecahealth.com\/?p=5435\" data-type=\"post\" data-id=\"5435\">dangers du t\u00e9l\u00e9travail<\/a> ainsi que le <em><a href=\"https:\/\/mecahealth.com\/?page_id=4598\" data-type=\"page\" data-id=\"4598\">Full scanned<\/a><\/em>.<\/p>\n\n\n\n<p class=\"has-medium-font-size\"><a href=\"https:\/\/mecahealth.com\/?page_id=6325\" data-type=\"page\" data-id=\"6325\">L&rsquo;information destin\u00e9e aux professionnels<\/a> consiste \u00e0 d\u00e9finir les situations communes \u00e0 la plupart. Lesdites situations sont par contre revues en d\u00e9tails en tenant compte de celles sp\u00e9cifiques \u00e0 une profession lors des <a href=\"https:\/\/mecahealth.com\/?page_id=146\">formations sur mesure<\/a>. Les professions pi\u00e9tinantes (debout) tels que les : exposants, les professeurs, les vendeurs, les cuisiniers, etc. peuvent d\u00e9j\u00e0 commencer par <a href=\"https:\/\/mecahealth.com\/?page_id=4115\" data-type=\"page\" data-id=\"4115\">lire la page qui leur est consacr\u00e9e<\/a> ainsi que le folder r\u00e9capitulatif qui leur est d\u00e9di\u00e9.<\/p>\n\n\n\n<p class=\"has-medium-font-size\">En dehors de ce que nous <a href=\"https:\/\/mecahealth.com\/?page_id=1259\">d\u00e9taillons comme des positions (assis, debout, etc.)<\/a>, nous avons d\u00e9j\u00e0 d\u00e9taill\u00e9 quelques situations parmi les suivantes qui d\u00e9pendent bien entendu de la cat\u00e9gorie professionnelle dans laquelle le travailleur se trouve.<\/p>\n\n\n\n<div class=\"wp-block-group has-medium-font-size\"><div class=\"wp-block-group__inner-container is-layout-constrained wp-block-group-is-layout-constrained\">\n<div class=\"wp-block-columns is-layout-flex wp-container-core-columns-is-layout-9d6595d7 wp-block-columns-is-layout-flex\">\n<div class=\"wp-block-column is-layout-flow wp-block-column-is-layout-flow\" style=\"flex-basis:50%\">\n<ul class=\"wp-block-list\">\n<li class=\"has-medium-font-size\"><a rel=\"noreferrer noopener\" href=\"https:\/\/mecahealth.com\/?page_id=184\" data-type=\"page\" data-id=\"184\" target=\"_blank\">Bouger (mouvements)<\/a><\/li>\n\n\n\n<li class=\"has-medium-font-size\"><a data-type=\"page\" data-id=\"3051\" href=\"https:\/\/mecahealth.com\/?page_id=3051\">Chanter<\/a><\/li>\n\n\n\n<li class=\"has-medium-font-size\"><a rel=\"noreferrer noopener\" href=\"https:\/\/mecahealth.com\/?page_id=262\" data-type=\"page\" data-id=\"262\" target=\"_blank\"><strong>Bricoler (travailleur manuel)<\/strong><\/a><\/li>\n\n\n\n<li class=\"has-medium-font-size\"><a rel=\"noreferrer noopener\" data-type=\"page\" data-id=\"259\" href=\"https:\/\/mecahealth.com\/?page_id=259\" target=\"_blank\">Bouger (sports)<\/a><\/li>\n\n\n\n<li class=\"has-medium-font-size\"><a href=\"https:\/\/mecahealth.com\/?page_id=521\" data-type=\"page\" data-id=\"521\">Conduire <\/a><\/li>\n\n\n\n<li class=\"has-medium-font-size\"><a rel=\"noreferrer noopener\" href=\"https:\/\/mecahealth.com\/?page_id=266\" data-type=\"page\" data-id=\"266\" target=\"_blank\">Cuisiner<\/a><\/li>\n\n\n\n<li class=\"has-medium-font-size\"><a href=\"https:\/\/mecahealth.com\/?page_id=2596\" data-type=\"page\" data-id=\"2596\" target=\"_blank\" rel=\"noreferrer noopener\">Jardiner<\/a><\/li>\n\n\n\n<li class=\"has-medium-font-size\"><a data-type=\"page\" data-id=\"201\" rel=\"noreferrer noopener\" href=\"https:\/\/mecahealth.com\/?page_id=201\" target=\"_blank\">Lire<\/a><\/li>\n\n\n\n<li class=\"has-medium-font-size\"><a rel=\"noreferrer noopener\" href=\"https:\/\/mecahealth.com\/?page_id=242\" target=\"_blank\">Personnel de maison ou Horeca<\/a><\/li>\n<\/ul>\n<\/div>\n\n\n\n<div class=\"wp-block-column is-layout-flow wp-block-column-is-layout-flow\" style=\"flex-basis:50%\">\n<ul class=\"wp-block-list\">\n<li class=\"has-medium-font-size\"><a rel=\"noreferrer noopener\" href=\"https:\/\/mecahealth.com\/?page_id=274\" data-type=\"page\" data-id=\"274\" target=\"_blank\">Porter dans les escaliers<\/a><\/li>\n\n\n\n<li class=\"has-medium-font-size\"><a rel=\"noreferrer noopener\" href=\"https:\/\/mecahealth.com\/?page_id=276\" data-type=\"page\" data-id=\"276\" target=\"_blank\">Ranger<\/a><\/li>\n\n\n\n<li class=\"has-medium-font-size\"><a data-type=\"page\" data-id=\"2599\" href=\"https:\/\/mecahealth.com\/?page_id=2599\">Ramasser<\/a><\/li>\n\n\n\n<li><a href=\"https:\/\/mecahealth.com\/?page_id=4115\" data-type=\"page\" data-id=\"4115\">Rester debout<\/a><\/li>\n\n\n\n<li class=\"has-medium-font-size\"><a href=\"https:\/\/mecahealth.com\/?page_id=1099\" data-type=\"page\" data-id=\"1099\" target=\"_blank\" rel=\"noreferrer noopener\">T\u00e9l\u00e9phoner<\/a><\/li>\n\n\n\n<li class=\"has-medium-font-size\"><a href=\"https:\/\/mecahealth.com\/?page_id=278\" data-type=\"page\" data-id=\"278\" target=\"_blank\" rel=\"noreferrer noopener\">Transporter de caisses<\/a> (manutention)<\/li>\n\n\n\n<li class=\"has-medium-font-size\"><a href=\"https:\/\/mecahealth.com\/?page_id=2612\" data-type=\"page\" data-id=\"2612\">Travailler en cr\u00e8che<\/a><\/li>\n\n\n\n<li class=\"has-medium-font-size\"><a data-type=\"page\" data-id=\"295\" rel=\"noreferrer noopener\" href=\"https:\/\/mecahealth.com\/?page_id=295\" target=\"_blank\">Travailler (bureau)<\/a><\/li>\n\n\n\n<li>&#8230;<\/li>\n<\/ul>\n<\/div>\n<\/div>\n<\/div><\/div>\n\n\n\n<ul class=\"wp-block-list\">\n<li><\/li>\n<\/ul>\n\n\n\n<p>(&#8230;)<\/p>\n\n\n\n<h2 class=\"wp-block-heading has-medium-font-size\">Abonnez-vous sur nos diff\u00e9rentes pages \u00eatre averti(s) des nouvelles mises en ligne\u2026<\/h2>\n\n\n\n<p class=\"has-small-font-size\"><a rel=\"noreferrer noopener\" href=\"https:\/\/www.facebook.com\/MecaHealthAsbl\" target=\"_blank\">Facebook MecaHealthAsbl<\/a>&nbsp;\u2013&nbsp;<a rel=\"noreferrer noopener\" href=\"https:\/\/www.linkedin.com\/company\/mecahealth\/\" target=\"_blank\">Linkedin MecaHealth<\/a>&nbsp;\u2013&nbsp;<a rel=\"noreferrer noopener\" href=\"https:\/\/www.youtube.com\/channel\/UCJb5g--IGlU6FgQLQKaJljg\" target=\"_blank\">Youtube cha\u00eene MecaHealth<\/a>&nbsp;\u2013 Instagram (pas encore)<\/p>\n\n\n\n<p>Si vous n&rsquo;avez pas \u00ab\u00a0trouv\u00e9 votre bonheur\u00a0\u00bb dans les liens ci-dessus, vous pouvez toujours nous envoyer un mail avec votre attente. En fonction de celle-ci, de celles qui nous parviendront et du temps que nous pouvons consacrer \u00e0 ce site, nous ferons \u00e9voluer le site peut-\u00eatre dans votre direction&#8230;<\/p>\n\n\n<div class=\"wp-block-image\">\n<figure class=\"alignleft size-full is-resized\"><img loading=\"lazy\" decoding=\"async\" width=\"330\" height=\"330\" src=\"https:\/\/mecahealth.com\/wp-content\/uploads\/2023\/03\/MecaHealth-travailler.jpg\" alt=\"\" class=\"wp-image-4356\" style=\"width:250px;height:250px\" srcset=\"https:\/\/mecahealth.com\/wp-content\/uploads\/2023\/03\/MecaHealth-travailler.jpg 330w, https:\/\/mecahealth.com\/wp-content\/uploads\/2023\/03\/MecaHealth-travailler-300x300.jpg 300w, https:\/\/mecahealth.com\/wp-content\/uploads\/2023\/03\/MecaHealth-travailler-150x150.jpg 150w\" sizes=\"auto, (max-width: 330px) 100vw, 330px\" \/><\/figure>\n<\/div>\n\n\n<h2 class=\"wp-block-heading has-medium-font-size\">Vous avez aim\u00e9 l&rsquo;information que MecaHealth apporte, vous pouvez nous contacter pour l&rsquo;une ou l&rsquo;autre <a href=\"https:\/\/mecahealth.com\/?page_id=146\" data-type=\"page\" data-id=\"146\">formation<\/a>, nous appuyer en transmettant l&rsquo;adresse de notre site mais \u00e9galement par <a href=\"https:\/\/mecahealth.com\/?page_id=172\" data-type=\"page\" data-id=\"172\">d&rsquo;autres appuis<\/a>.<\/h2>\n\n\n\n<p><\/p>\n\n\n\n<p><\/p>\n\n\n\n<p><\/p>\n\n\n\n<figure class=\"wp-block-embed is-type-rich is-provider-spotify wp-block-embed-spotify wp-embed-aspect-21-9 wp-has-aspect-ratio\"><div class=\"wp-block-embed__wrapper\">\n<iframe title=\"Spotify Embed: Travailler c&amp;apos;est trop dur\" style=\"border-radius: 12px\" width=\"100%\" height=\"152\" frameborder=\"0\" allowfullscreen allow=\"autoplay; clipboard-write; encrypted-media; fullscreen; picture-in-picture\" loading=\"lazy\" src=\"https:\/\/open.spotify.com\/embed\/track\/5IBXnSJWn4pEeQei1KyAV4?si=b447fc3a863340f6&amp;utm_source=oembed\"><\/iframe>\n<\/div><\/figure>\n\n\n\n<h2 class=\"wp-block-heading has-medium-font-size\">Revenir au chapitre <a href=\"https:\/\/mecahealth.com\/?page_id=75\"><em><\/em><\/a><em><a href=\"https:\/\/mecahealth.com\/?page_id=186\" data-type=\"page\" data-id=\"186\"><em>Situations courantes<\/em><\/a><\/em> ou <em><a href=\"https:\/\/mecahealth.com\/?page_id=6325\" data-type=\"page\" data-id=\"6325\">Professions<\/a><\/em><\/h2>\n","protected":false},"excerpt":{"rendered":"<p>Attention \u00e0 lire les consignes avant de lire toute page d&rsquo;un site sant\u00e9 ! Travailler c&rsquo;est trop dur et voler c&rsquo;est pas beau ! Bien que ce ne soient que des paroles de la chanson* en bas de page, elles relatent malheureusement la pens\u00e9e de pas mal de travailleurs. *<a href=\"https:\/\/mecahealth.com\/?page_id=4346\" class=\"read-more\">Read More&#8230;<\/a><\/p>\n","protected":false},"author":1,"featured_media":0,"parent":0,"menu_order":0,"comment_status":"closed","ping_status":"closed","template":"","meta":{"footnotes":""},"class_list":["post-4346","page","type-page","status-publish","hentry"],"jetpack_sharing_enabled":true,"_links":{"self":[{"href":"https:\/\/mecahealth.com\/index.php?rest_route=\/wp\/v2\/pages\/4346","targetHints":{"allow":["GET"]}}],"collection":[{"href":"https:\/\/mecahealth.com\/index.php?rest_route=\/wp\/v2\/pages"}],"about":[{"href":"https:\/\/mecahealth.com\/index.php?rest_route=\/wp\/v2\/types\/page"}],"author":[{"embeddable":true,"href":"https:\/\/mecahealth.com\/index.php?rest_route=\/wp\/v2\/users\/1"}],"replies":[{"embeddable":true,"href":"https:\/\/mecahealth.com\/index.php?rest_route=%2Fwp%2Fv2%2Fcomments&post=4346"}],"version-history":[{"count":24,"href":"https:\/\/mecahealth.com\/index.php?rest_route=\/wp\/v2\/pages\/4346\/revisions"}],"predecessor-version":[{"id":8851,"href":"https:\/\/mecahealth.com\/index.php?rest_route=\/wp\/v2\/pages\/4346\/revisions\/8851"}],"wp:attachment":[{"href":"https:\/\/mecahealth.com\/index.php?rest_route=%2Fwp%2Fv2%2Fmedia&parent=4346"}],"curies":[{"name":"wp","href":"https:\/\/api.w.org\/{rel}","templated":true}]}}