{"id":434,"date":"2023-01-08T02:31:30","date_gmt":"2023-01-08T01:31:30","guid":{"rendered":"https:\/\/mecahealth.com\/?page_id=434"},"modified":"2024-12-30T20:33:41","modified_gmt":"2024-12-30T19:33:41","slug":"situation-boire","status":"publish","type":"page","link":"https:\/\/mecahealth.com\/?page_id=434","title":{"rendered":"Situation : boire"},"content":{"rendered":"\n<p class=\"has-medium-font-size\"><a href=\"https:\/\/mecahealth.com\/?page_id=122\">Attention \u00e0 lire les consignes avant de lire toute page d&rsquo;un site sant\u00e9 !<\/a><\/p>\n\n\n\n<figure class=\"wp-block-image size-full is-style-rounded\"><img loading=\"lazy\" decoding=\"async\" width=\"360\" height=\"360\" src=\"https:\/\/mecahealth.com\/wp-content\/uploads\/2023\/01\/2.jpg\" alt=\"\" class=\"wp-image-318\" srcset=\"https:\/\/mecahealth.com\/wp-content\/uploads\/2023\/01\/2.jpg 360w, https:\/\/mecahealth.com\/wp-content\/uploads\/2023\/01\/2-300x300.jpg 300w, https:\/\/mecahealth.com\/wp-content\/uploads\/2023\/01\/2-150x150.jpg 150w\" sizes=\"auto, (max-width: 360px) 100vw, 360px\" \/><\/figure>\n\n\n\n<p class=\"has-medium-font-size\">L&rsquo;eau est l&rsquo;\u00e9l\u00e9ment cl\u00e9 de notre corps. Elle constitue plus de 60 \u00e0 70 % de notre composition, voire 90% pour la plupart de nos organes et tissus mous. L&rsquo;eau doit comme dans n&rsquo;importe quelle structure m\u00e9canique \u00eatre remani\u00e9e, chang\u00e9e r\u00e9guli\u00e8rement. L&rsquo;eau que nous ingurgitons sert \u00e0 cela. Il ne faut donc pas boire uniquement pour nos reins comme le pensent encore pas mal de gens &#8230;et <a href=\"https:\/\/mecahealth.com\/?page_id=3662\" data-type=\"page\" data-id=\"3662\">pas non plus dans n&rsquo;importe quelle position<\/a>.<\/p>\n\n\n\n<h3 class=\"wp-block-heading has-medium-font-size\">UN LITRE PAR JOUR ?<\/h3>\n\n\n\n<p class=\"has-medium-font-size\">On parlait d&rsquo;un litre. La tendance est au litre et demi. Nous disons nous 2 litres voire plus mais pas sans compr\u00e9hension et limites. Lorsque nous sommes en activit\u00e9, ou que notre corps est en r\u00e9action inflammatoire, <strong>la quantit\u00e9 de deux litres par jour d&rsquo;eau<\/strong> ou de liquide -non alcoolis\u00e9 ni sucr\u00e9- s&rsquo;av\u00e8re pour nous une <strong>moyenne<\/strong>. Ceux qui trouvent que boire autant est fort important sont souvent concern\u00e9s par la questionnement <em><a href=\"https:\/\/mecahealth.com\/?page_id=3613\" data-type=\"page\" data-id=\"3613\">Boire ou faire pipi<\/a><\/em> ou parce qu&rsquo;ils <a href=\"https:\/\/mecahealth.com\/?page_id=3628\" data-type=\"page\" data-id=\"3628\">boivent par lamp\u00e9e<\/a>.<\/p>\n\n\n\n<h3 class=\"wp-block-heading has-medium-font-size\">MAL D&rsquo;EAU ? Beaucoup de personnes qui ne boivent pas en souffrent<\/h3>\n\n\n\n<p class=\"has-medium-font-size\">Entre 90 et 95 % des <a href=\"https:\/\/mecahealth.com\/?page_id=567\" data-type=\"page\" data-id=\"567\">migraineux<\/a> de notre client\u00e8le sont des personnes qui boivent tr\u00e8s peu et\/ou ne s&rsquo;a\u00e8rent pas en suffisance ; entre 85 et 90 % des personnes souffrant de la nuque sont dans la m\u00eame situation mais boivent en proportion souvent un peu plus malgr\u00e9 tout mais peuvent avoir des \u00e9pisodes de transpiration plus importante notamment en dormant ; entre 80 et 85 % des gens souffrant de douleurs dorsales boivent trop peu \u00e9galement\u2026<\/p>\n\n\n\n<p class=\"has-medium-font-size\">M\u00eame si tous ne sont pas \u00e9gaux devant la douleur ou la sensibilit\u00e9, le manque d\u2019apport hydrique (apport d\u2019eau) est une caract\u00e9ristique pr\u00e9sente dans pas mal de maux musculo-articulaires r\u00e9currents. Cette r\u00e8gle est malheureusement souvent ignor\u00e9e du corps (para)m\u00e9dical. Pourtant elle permet souvent de supprimer une part, voire dans certains cas tout le mal, chez les patients ne buvant pas suffisamment.<\/p>\n\n\n\n<p class=\"has-medium-font-size\">Il est arriv\u00e9 que plusieurs patients, non trait\u00e9s physiquement, ne souffrent plus de leur migraine en buvant simplement une quantit\u00e9 d\u2019eau plus importante. Il en est de m\u00eame pour les douleurs de nuque. Il ne s\u2019agit pas l\u00e0 de cas exceptionnels. Il ne faut cependant pas consid\u00e9rer l\u2019apport hydrique comme une r\u00e8gle unique et suffisante \u00e0 respecter puisque dans la plupart des cas, <a href=\"https:\/\/mecahealth.com\/?page_id=180\" data-type=\"page\" data-id=\"180\">les autres r\u00e8gles de normalit\u00e9 sont indispensables \u00e0 suivre \u00e9galement<\/a> pour obtenir une effet la plupart du temps complet et surtout durable. Le cas des <a href=\"https:\/\/mecahealth.com\/?page_id=597\" data-type=\"page\" data-id=\"597\">cystites<\/a> ne d\u00e9rogent pas aux r\u00e8gles pr\u00e9cit\u00e9es.<\/p>\n\n\n\n<h2 class=\"wp-block-heading has-medium-font-size\">TROP D&rsquo;EAU TUE !<\/h2>\n\n\n\n<p class=\"has-medium-font-size\">Attention, m\u00eame si nous relevons le c\u00f4t\u00e9 <em>nettoyant du corps<\/em>, l&rsquo;exc\u00e8s d&rsquo;eau entra\u00eene \u00e9galement des d\u00e9sagr\u00e9ments voire la mortalit\u00e9 comme cela a malheureusement \u00e9t\u00e9 observ\u00e9 en milieu estudiantin ou sous la responsabilit\u00e9 de certains gourous. Trop d&rsquo;eau provoque une diminution de la concentration en \u00e9lectrolytes dans le sang. Si le milieu intercellulaire est trop dilu\u00e9 par rapport au milieu intracellulaire, la&nbsp;pression induite par cette diff\u00e9rence peut faire d\u00e9chirer les parois de cellules concern\u00e9es. Ce sont apparemment les cellules nerveuses les premi\u00e8res touch\u00e9es. Ce qui entra\u00eene d\u00e8s lors parfois des troubles c\u00e9r\u00e9braux l\u00e9gers \u00e0 s\u00e9v\u00e8res mais pouvant s&rsquo;av\u00e9rer mortels.<\/p>\n\n\n\n<h2 class=\"wp-block-heading has-text-align-center has-medium-font-size\">Voir \u00e9galement :<\/h2>\n\n\n\n<ul class=\"has-medium-font-size wp-block-list\">\n<li><a href=\"https:\/\/mecahealth.com\/?page_id=3613\" data-type=\"page\" data-id=\"3613\">Boire ou faire pipi ?<\/a> <\/li>\n\n\n\n<li><a href=\"https:\/\/mecahealth.com\/?page_id=3614\" data-type=\"page\" data-id=\"3614\">Boire pour \u00e9viter les effets de la boisson alcoolis\u00e9e ?<\/a> <\/li>\n\n\n\n<li><a href=\"https:\/\/mecahealth.com\/?page_id=3620\" data-type=\"page\" data-id=\"3620\">Boire mes sodas ?<\/a><\/li>\n\n\n\n<li><a href=\"https:\/\/mecahealth.com\/?page_id=3615\" data-type=\"page\" data-id=\"3615\">Boire et vieillissement ?<\/a><\/li>\n<\/ul>\n\n\n\n<p>(&#8230;)<\/p>\n\n\n\n<h2 class=\"wp-block-heading has-medium-font-size\">Revenir au chapitre <a href=\"https:\/\/mecahealth.com\/?page_id=186\" data-type=\"page\" data-id=\"186\"><em>Situations courantes<\/em><\/a><\/h2>\n","protected":false},"excerpt":{"rendered":"<p>Attention \u00e0 lire les consignes avant de lire toute page d&rsquo;un site sant\u00e9 ! L&rsquo;eau est l&rsquo;\u00e9l\u00e9ment cl\u00e9 de notre corps. Elle constitue plus de 60 \u00e0 70 % de notre composition, voire 90% pour la plupart de nos organes et tissus mous. L&rsquo;eau doit comme dans n&rsquo;importe quelle structure<a href=\"https:\/\/mecahealth.com\/?page_id=434\" class=\"read-more\">Read More&#8230;<\/a><\/p>\n","protected":false},"author":1,"featured_media":0,"parent":0,"menu_order":0,"comment_status":"closed","ping_status":"closed","template":"","meta":{"footnotes":""},"class_list":["post-434","page","type-page","status-publish","hentry"],"jetpack_sharing_enabled":true,"_links":{"self":[{"href":"https:\/\/mecahealth.com\/index.php?rest_route=\/wp\/v2\/pages\/434","targetHints":{"allow":["GET"]}}],"collection":[{"href":"https:\/\/mecahealth.com\/index.php?rest_route=\/wp\/v2\/pages"}],"about":[{"href":"https:\/\/mecahealth.com\/index.php?rest_route=\/wp\/v2\/types\/page"}],"author":[{"embeddable":true,"href":"https:\/\/mecahealth.com\/index.php?rest_route=\/wp\/v2\/users\/1"}],"replies":[{"embeddable":true,"href":"https:\/\/mecahealth.com\/index.php?rest_route=%2Fwp%2Fv2%2Fcomments&post=434"}],"version-history":[{"count":17,"href":"https:\/\/mecahealth.com\/index.php?rest_route=\/wp\/v2\/pages\/434\/revisions"}],"predecessor-version":[{"id":7454,"href":"https:\/\/mecahealth.com\/index.php?rest_route=\/wp\/v2\/pages\/434\/revisions\/7454"}],"wp:attachment":[{"href":"https:\/\/mecahealth.com\/index.php?rest_route=%2Fwp%2Fv2%2Fmedia&parent=434"}],"curies":[{"name":"wp","href":"https:\/\/api.w.org\/{rel}","templated":true}]}}