{"id":4337,"date":"2023-10-29T16:09:07","date_gmt":"2023-10-29T14:09:07","guid":{"rendered":"https:\/\/mecahealth.com\/?page_id=4337"},"modified":"2025-09-28T10:33:07","modified_gmt":"2025-09-28T08:33:07","slug":"psychologie-empathie-sensibilite-et-sensitivite","status":"publish","type":"page","link":"https:\/\/mecahealth.com\/?page_id=4337","title":{"rendered":"Psychologie : empathie, sensibilit\u00e9 et sensitivit\u00e9"},"content":{"rendered":"\n<p class=\"has-medium-font-size\"><a style=\"font-size: revert;\" href=\"https:\/\/mecahealth.com\/?page_id=122\">Attention \u00e0 lire les consignes avant de lire toute page d&rsquo;un site sant\u00e9 !<\/a><\/p>\n\n\n\n<figure class=\"wp-block-image size-full is-style-rounded\"><img loading=\"lazy\" decoding=\"async\" width=\"330\" height=\"330\" src=\"https:\/\/mecahealth.com\/wp-content\/uploads\/2023\/10\/MecaHealth-empathie.jpg\" alt=\"\" class=\"wp-image-5857\" srcset=\"https:\/\/mecahealth.com\/wp-content\/uploads\/2023\/10\/MecaHealth-empathie.jpg 330w, https:\/\/mecahealth.com\/wp-content\/uploads\/2023\/10\/MecaHealth-empathie-300x300.jpg 300w, https:\/\/mecahealth.com\/wp-content\/uploads\/2023\/10\/MecaHealth-empathie-150x150.jpg 150w\" sizes=\"auto, (max-width: 330px) 100vw, 330px\" \/><\/figure>\n\n\n\n<figure class=\"wp-block-pullquote has-medium-font-size\"><blockquote><p>Etant donn\u00e9 la reprise du terme empathie \u00e0 toutes les sauces et selon nous, pas toujours \u00e0 bon escient, nous apporterons quelques clarifications pass\u00e9es par la moulinette de la <a href=\"https:\/\/mecahealth.com\/?page_id=6654\" data-type=\"page\" data-id=\"6654\">m\u00e9tacognition soci\u00e9tale<\/a>, pour \u00e9viter ou tenter d&rsquo;\u00e9viter les cons\u00e9quences d\u00e9sastreuses que cet amalgame impr\u00e9cis entra\u00eene parfois chez certaines personnes (&#8230;)<\/p><\/blockquote><\/figure>\n\n\n\n<p class=\"has-medium-font-size\">La d\u00e9finition de l&#8217;empathie est la <em>Facult\u00e9 intuitive de se mettre \u00e0 la place d&rsquo;autrui, de percevoir ce qu&rsquo;il ressent<\/em> (<a rel=\"noreferrer noopener\" href=\"http:\/\/www.larousse.fr\" target=\"_blank\">Larousse<\/a>). Le terme <strong><em>facult\u00e9 <\/em><\/strong>apporte une pr\u00e9cision extr\u00eamement importante \u00e0 la repr\u00e9sentation \u00e0 (re)construire. Comme chacune de nos caract\u00e9ristiques, celle-ci se retrouve dans des proportions diff\u00e9rentes chez <a href=\"https:\/\/mecahealth.com\/?page_id=2004\" data-type=\"page\" data-id=\"2004\">chacun d\u00e8s la naissance<\/a>, elle peut \u00e9voluer, \u00eatre r\u00e9fr\u00e9n\u00e9e quelque peu ou \u00eatre stimul\u00e9e tout comme elle semble parfois totalement bloqu\u00e9e.<\/p>\n\n\n\n<p class=\"has-medium-font-size\">Comme chacune de nos caract\u00e9ristiques, l&#8217;empathie \u00e9volue par diff\u00e9rentes influences physiques et <a href=\"https:\/\/mecahealth.com\/?page_id=5003\">psychiques<\/a> dont celles des <a href=\"https:\/\/mecahealth.com\/?page_id=5892\" data-type=\"page\" data-id=\"5892\">diff\u00e9rents rangs<\/a> eux-m\u00eames <a href=\"https:\/\/mecahealth.com\/?page_id=5003\" data-type=\"page\" data-id=\"5003\">sous influences<\/a>. <\/p>\n\n\n\n<p class=\"has-medium-font-size\">L&#8217;empathie existe chez chacun et clairement peut donc \u00eatre \u00e9veill\u00e9e comme c&rsquo;est de plus en plus d\u00e9fendu dans les \u00e9coles et par certaines d\u00e9cisions gouvernementales mais litt\u00e9ralement ne s&rsquo;apprend pas.<\/p>\n\n\n\n<h2 class=\"wp-block-heading has-medium-font-size\">Diff\u00e9renciation : <\/h2>\n\n\n\n<p class=\"has-medium-font-size\">Prenez n&rsquo;importe quelle cr\u00e8che dans laquelle certains enfants sont en capacit\u00e9\u00a0de se d\u00e9placer \u00e0 4 pattes, si un enfant pleure, il y aura toujours l&rsquo;un ou l&rsquo;autre qui s&rsquo;inqui\u00e9tera de son \u00e9tat alors que d&rsquo;autres le regarderont avec curiosit\u00e9 ou vaqueront \u00e0 leur occupation sans s&rsquo;en soucier. Ce qui se passe avant la possibilit\u00e9 de d\u00e9placement peut \u00eatre interpr\u00e9t\u00e9 de plusieurs mani\u00e8res. M\u00eame s&rsquo;il semble av\u00e9r\u00e9 que ceux qui vont prendre soin\/c\u00e2liner l&rsquo;enfant triste sont g\u00e9n\u00e9ralement entour\u00e9s \u00e0 la maison de pas mal d&rsquo;amour, ceux qui b\u00e9n\u00e9ficient d&rsquo;attentions \u00e0 la maison ne vont pour autant tous s&rsquo;inqui\u00e9ter de la tristesse de l&rsquo;Autre. Il para\u00eet donc d\u00e9j\u00e0 \u00e0 ce stade, raisonnable de parler de capacit\u00e9s diff\u00e9rentes.<\/p>\n\n\n\n<p class=\"has-medium-font-size\">Ce qui suit n\u00e9cessitera des dizaines et des dizaines de pages pour b\u00e9n\u00e9ficier d&rsquo;un statut plus scientifique que la plupart des <a href=\"https:\/\/mecahealth.com\/?page_id=149\" data-type=\"page\" data-id=\"149\">\u00e9tudes en sant\u00e9 mentale qui re\u00e7oivent l&rsquo;aval des pairs malgr\u00e9 le manque de reproductibilit\u00e9<\/a> (&#8230;). Ce qui suit n&rsquo;est en rien \u00e9sot\u00e9rique et au contraire, donnera des outils pour mieux comprendre les d\u00e9rives d&rsquo;une empathie mal g\u00e9r\u00e9e ou <a href=\"https:\/\/mecahealth.com\/?page_id=5847\" data-type=\"page\" data-id=\"5847\">manipul\u00e9e comme trop souvent par des pervers<\/a> ou par des <a href=\"https:\/\/mecahealth.com\/?page_id=6134\" data-type=\"page\" data-id=\"6134\">toxiques convaincants<\/a> dans les structures destin\u00e9es au bien-\u00eatre. Une partie de ces d\u00e9rives est enfin progressivement attaqu\u00e9e par des m\u00e9dias mais trait\u00e9es en profondeur dans des podcasts ind\u00e9pendants donc ceux de <a href=\"https:\/\/open.spotify.com\/show\/4j5ZAz47NbAgO2HyA30kPo?si=be75c6b4e09b4225\" target=\"_blank\" rel=\"noreferrer noopener\">M\u00e9ta de Choc<\/a>. Nous ne voyons d\u00e8s lors pas d&rsquo;int\u00e9r\u00eat \u00e0 d\u00e9velopper chacune des d\u00e9rives que d&rsquo;autres d\u00e9veloppent avec qualit\u00e9.<\/p>\n\n\n\n<p class=\"has-medium-font-size\">Un <strong><em>empathe <\/em><\/strong>selon notre d\u00e9finition <strong>actuelle <\/strong>est une personne qui dispose donc d&rsquo;une capacit\u00e9 empathique (empathie) plus grande que la moyenne de la population (pas forc\u00e9ment plus que <a href=\"https:\/\/mecahealth.com\/?page_id=5892\" data-type=\"page\" data-id=\"5892\">ceux du rang 1 et 2<\/a> mais bien souvent plus que celle du rang 3). Cette capacit\u00e9 consid\u00e9r\u00e9e comme un don par les populations tribales apporte son lot de souffrance dans la soci\u00e9t\u00e9 occidentale pour des raisons historiques qui seront d\u00e9velopp\u00e9es sans doute dans une fiction pour \u00eatre plus complet par Monsieur Li\u00e9geois (&#8230;). Nous ne nous d\u00e9velopperons ult\u00e9rieurement que quelques pages sur ce sujet dans le th\u00e8me que nous avons appel\u00e9 la <a href=\"https:\/\/mecahealth.com\/?page_id=6654\" data-type=\"page\" data-id=\"6654\">m\u00e9tacognition soci\u00e9tale<\/a>.<\/p>\n\n\n\n<p class=\"has-medium-font-size\">Ce potentiel diff\u00e9renci\u00e9 semble non reconnu par la majorit\u00e9 de la population et des professionnels de la sant\u00e9 mentale puisqu&rsquo;il \u00e9tait difficilement <em>prouvable <\/em>et remettant en question la plupart des conclusions d\u00e9riv\u00e9es inconsciemment des <a href=\"https:\/\/mecahealth.com\/?page_id=5989\" data-type=\"page\" data-id=\"5989\">mensonges freudiens<\/a>. Heureusement, il existe <a href=\"https:\/\/mecahealth.com\/?page_id=8030\" data-type=\"page\" data-id=\"8030\">\u00e0 pr\u00e9sent des tests pour y parvenir mais qui devraient \u00eatre utilis\u00e9s non pas comme dans la plupart des \u00e9tudes de psychologies sur des patients et un \u00e9chantillonnage de r\u00e9f\u00e9rence qui lui-m\u00eame ne serait dans la moyenne (biais)<\/a> mais sur des r\u00e9silients et des personnalit\u00e9s lambdas.<\/p>\n\n\n\n<p class=\"has-medium-font-size\">Cette diff\u00e9rence de capacit\u00e9 expliquerait pourtant bien la plupart des troubles du secteur. Ne dit-on pas depuis tr\u00e8s longtemps : <em>Je ne le sens pas<\/em> , <em>Il y a de l&rsquo;\u00e9lectricit\u00e9 dans l&rsquo;air<\/em>, etc. ? Pourtant quelle est la proportion de personnes qui s&rsquo;\u00e9coutent apr\u00e8s l&rsquo;avoir per\u00e7u ? Combien de personnes osent s&rsquo;enorgueillir d&rsquo;avoir per\u00e7u la man\u0153uvre malsaine de certains comme nous le relevons dans la page <a href=\"https:\/\/mecahealth.com\/?page_id=5847\" data-type=\"page\" data-id=\"5847\">Pervers narcissique<\/a> ou le simple mensonge d&rsquo;un commercial avide ? Nous ne parlons pas de capacit\u00e9 \u00e9sot\u00e9rique pr\u00e9dicatrice qui est bien souvent celle d&rsquo;interpr\u00e9tations de leurs analyses inconscientes pour les plus honn\u00eates ou le fruit de mensonges de manipulateurs (&#8230;).<\/p>\n\n\n\n<p class=\"has-medium-font-size\">Nous parlons bien de ressentis non <a href=\"https:\/\/mecahealth.com\/?page_id=2304\" data-type=\"page\" data-id=\"2304\">interpr\u00e9t\u00e9s par nos diff\u00e9rentes blessures<\/a> qui permettent dans les populations tribales de disposer d&rsquo;un sage plus sensible qui conseillera le chef de tribu et que les membres de la tribu appellerons sorcier ou shaman. M\u00eame s&rsquo;il est fort probable que la plupart de ceux qui revendiquent en occident ce titre ne sont que des manipulateurs, d&rsquo;autres pourraient avec bienveillance, utiliser leur sens pour trouver leur place de conseiller d&rsquo;un groupe. Seulement, comme depuis la nuit des temps, les empathes d\u00e9rangent par leur capacit\u00e9 \u00e0 d\u00e9celer le mensonge, pour faire court pour l&rsquo;instant, l&rsquo;inquisition a notamment invent\u00e9 le b\u00fbcher pour que ceux qui se sentaient capables d&rsquo;\u00eatre meilleur conseiller que le pr\u00eatre, n&rsquo;en soit plus trop convaincu ou pr\u00e9f\u00e8rent s&rsquo;effacer.<\/p>\n\n\n\n<p class=\"has-medium-font-size\">De ce fait, \u00e0 force de se cacher depuis des centaines d&rsquo;ann\u00e9es, il n&rsquo;est pas rare d&rsquo;entendre des familles dire textuellement ou \u00e0 peu pr\u00e8s : <em>Dans la famille, on est un peu bizarre mais on doit faire comme tout le monde.<\/em> A force de se cacher, notre inconscient collectif a effac\u00e9 la reconnaissance des diff\u00e9rences de capacit\u00e9s. On n&rsquo;est plus en confiance dans nos sens. On ne comprend pas ou plus pourquoi les autres ne ressentent pas la m\u00eame chose que soi. On ne saisit notamment pas comment il est possible que des personnes arrivent \u00e0 supporter une \u00e9mission enti\u00e8re anim\u00e9e par Hanouna. Un v\u00e9ritable empathe ne peut le supporter tant il \u00e9mane de perversion et de m\u00e9chancet\u00e9.<\/p>\n\n\n\n<h2 class=\"wp-block-heading has-medium-font-size\">Hypersensibilit\u00e9 ou empathe ?<\/h2>\n\n\n\n<p class=\"has-medium-font-size\">Sans doute l&rsquo;aurez-vous compris, nous parlons donc bien d&rsquo;hypersensibilit\u00e9 mais nous n&rsquo;utiliserons pas ce terme au vu des <a href=\"https:\/\/mecahealth.com\/?page_id=6951\" data-type=\"page\" data-id=\"6951\">d\u00e9rives nombreuses d\u00e9velopp\u00e9es autour de l&rsquo;hypersensibilit\u00e9 &#8230;bien souvent on\u00e9reuses ou augmentant la d\u00e9pendance affective des personnes qui se disent hypersensibles selon leur d\u00e9finition<\/a>.<\/p>\n\n\n\n<p class=\"has-medium-font-size\">(&#8230;)<\/p>\n\n\n\n<h2 class=\"wp-block-heading has-large-font-size\">L&#8217;empathie<a href=\"https:\/\/l.sciencesetavenir.fr\/AWQ\" target=\"_blank\" rel=\"noreferrer noopener\"> n&rsquo;est pas humaine mais bien animale<\/a> (Science et Avenir)<\/h2>\n\n\n\n<p><\/p>\n\n\n\n<h2 class=\"wp-block-heading has-large-font-size\">\u00c0 suivre<\/h2>\n\n\n\n<p>(&#8230;)<\/p>\n\n\n\n<h2 class=\"wp-block-heading\"><span style=\"font-size: var(--wp--preset--font-size--medium) ; color: initial;\"><span style=\"font-size: var(--wp--preset--font-size--medium) ; color: initial;\">Abonnez-vous \u00e0 nos diff\u00e9rentes pages pour \u00eatre averti(s) des nouvelles mises en ligne&#8230;<\/span><\/span><\/h2>\n\n\n\n<p><a rel=\"noreferrer noopener\" href=\"https:\/\/www.facebook.com\/MecaHealthAsbl\" target=\"_blank\">Facebook MecaHealthAsbl<\/a> &#8211; <a rel=\"noreferrer noopener\" href=\"https:\/\/www.linkedin.com\/company\/mecahealth\/\" target=\"_blank\">Linkedin MecaHealth<\/a> &#8211; <a rel=\"noreferrer noopener\" href=\"https:\/\/www.youtube.com\/channel\/UCJb5g--IGlU6FgQLQKaJljg\" target=\"_blank\">Youtube cha\u00eene MecaHealth<\/a> &#8211; Instagram (pas encore)<\/p>\n\n\n\n<h2 class=\"wp-block-heading has-medium-font-size\">Revenir au chapitre <a href=\"https:\/\/mecahealth.com\/?page_id=127\" data-type=\"page\" data-id=\"127\"><em>Corps psychique<\/em><\/a>, <em><a href=\"https:\/\/mecahealth.com\/?page_id=474\" data-type=\"page\" data-id=\"474\">Exemples<\/a><\/em> ou <em><a href=\"https:\/\/mecahealth.com\/?page_id=3616\" data-type=\"page\" data-id=\"3616\">Enseignement<\/a><\/em><\/h2>\n","protected":false},"excerpt":{"rendered":"<p>Attention \u00e0 lire les consignes avant de lire toute page d&rsquo;un site sant\u00e9 ! Etant donn\u00e9 la reprise du terme empathie \u00e0 toutes les sauces et selon nous, pas toujours \u00e0 bon escient, nous apporterons quelques clarifications pass\u00e9es par la moulinette de la m\u00e9tacognition soci\u00e9tale, pour \u00e9viter ou tenter d&rsquo;\u00e9viter<a href=\"https:\/\/mecahealth.com\/?page_id=4337\" class=\"read-more\">Read More&#8230;<\/a><\/p>\n","protected":false},"author":1,"featured_media":0,"parent":0,"menu_order":0,"comment_status":"closed","ping_status":"closed","template":"","meta":{"footnotes":""},"class_list":["post-4337","page","type-page","status-publish","hentry"],"jetpack_sharing_enabled":true,"_links":{"self":[{"href":"https:\/\/mecahealth.com\/index.php?rest_route=\/wp\/v2\/pages\/4337","targetHints":{"allow":["GET"]}}],"collection":[{"href":"https:\/\/mecahealth.com\/index.php?rest_route=\/wp\/v2\/pages"}],"about":[{"href":"https:\/\/mecahealth.com\/index.php?rest_route=\/wp\/v2\/types\/page"}],"author":[{"embeddable":true,"href":"https:\/\/mecahealth.com\/index.php?rest_route=\/wp\/v2\/users\/1"}],"replies":[{"embeddable":true,"href":"https:\/\/mecahealth.com\/index.php?rest_route=%2Fwp%2Fv2%2Fcomments&post=4337"}],"version-history":[{"count":61,"href":"https:\/\/mecahealth.com\/index.php?rest_route=\/wp\/v2\/pages\/4337\/revisions"}],"predecessor-version":[{"id":8032,"href":"https:\/\/mecahealth.com\/index.php?rest_route=\/wp\/v2\/pages\/4337\/revisions\/8032"}],"wp:attachment":[{"href":"https:\/\/mecahealth.com\/index.php?rest_route=%2Fwp%2Fv2%2Fmedia&parent=4337"}],"curies":[{"name":"wp","href":"https:\/\/api.w.org\/{rel}","templated":true}]}}