{"id":4328,"date":"2023-02-28T23:55:13","date_gmt":"2023-02-28T22:55:13","guid":{"rendered":"https:\/\/mecahealth.com\/?page_id=4328"},"modified":"2025-05-24T10:45:00","modified_gmt":"2025-05-24T08:45:00","slug":"normalite-ergonomie-ancestrale","status":"publish","type":"page","link":"https:\/\/mecahealth.com\/?page_id=4328","title":{"rendered":"Col\u00e8re : ergonomie ancestrale"},"content":{"rendered":"\n<p>Col\u00e8re : les textes de la cat\u00e9gorie <em>Col\u00e8re<\/em>, n&rsquo;engage pas l&rsquo;asbl mais seulement l&rsquo;auteur.<\/p>\n\n\n\n<p class=\"has-medium-font-size\"><a style=\"font-size: revert;\" href=\"https:\/\/mecahealth.com\/?page_id=122\">Attention \u00e0 lire les consignes avant de lire toute page d&rsquo;un site sant\u00e9 !<\/a><\/p>\n\n\n\n<figure class=\"wp-block-image size-large is-style-rounded\"><img loading=\"lazy\" decoding=\"async\" width=\"295\" height=\"310\" src=\"https:\/\/mecahealth.com\/wp-content\/uploads\/2023\/02\/MecaHealth-meublebureauscolairepupitre.png\" alt=\"\" class=\"wp-image-4331\" srcset=\"https:\/\/mecahealth.com\/wp-content\/uploads\/2023\/02\/MecaHealth-meublebureauscolairepupitre.png 295w, https:\/\/mecahealth.com\/wp-content\/uploads\/2023\/02\/MecaHealth-meublebureauscolairepupitre-285x300.png 285w\" sizes=\"auto, (max-width: 295px) 100vw, 295px\" \/><\/figure>\n\n\n\n<h2 class=\"wp-block-heading has-large-font-size\">Science subjective &#8230;ou pas ?<\/h2>\n\n\n\n<p class=\"has-medium-font-size\"><em>Bien avant que l&rsquo;Homme de la fin du vingti\u00e8me si\u00e8cle cru inventer une nouvelle science qu&rsquo;il appela ergonomie, l&rsquo;\u00eatre humain bien avant lui avait d\u00e9j\u00e0 tout compris sans avoir besoin de la nommer (&#8230;). <\/em><\/p>\n\n\n\n<p class=\"has-medium-font-size\"><em>Bien avant l&rsquo;imb\u00e9cile qui mit les tables scolaires \u00e0 plat&nbsp;(trouvez-le-moi !), les scribes d&rsquo;\u00c9gypte et les moines conteurs \u00e9crivaient sur des lutrins <\/em>(plans inclin\u00e9s)<em> et plus encore avant eux, les artistes de Lascaux s&rsquo;ex\u00e9cutaient sur un mur vertical bien connu.<\/em><\/p>\n\n\n\n<p class=\"has-medium-font-size\"><em>Les artistes bien \u00e9quip\u00e9s, aujourd&rsquo;hui encore, travaillent avec des tables inclin\u00e9es ; que ce soit pour animer Harry Potter ou les personnages de Walt Disney.<\/em><\/p>\n\n\n\n<figure class=\"wp-block-image size-large is-resized\"><img loading=\"lazy\" decoding=\"async\" width=\"1024\" height=\"536\" src=\"https:\/\/mecahealth.com\/wp-content\/uploads\/2023\/03\/MecaHealth-meubleinclinC3A9HarryPotter-1024x536.jpg\" alt=\"\" class=\"wp-image-4332\" style=\"width:550px\" srcset=\"https:\/\/mecahealth.com\/wp-content\/uploads\/2023\/03\/MecaHealth-meubleinclinC3A9HarryPotter-1024x536.jpg 1024w, https:\/\/mecahealth.com\/wp-content\/uploads\/2023\/03\/MecaHealth-meubleinclinC3A9HarryPotter-300x157.jpg 300w, https:\/\/mecahealth.com\/wp-content\/uploads\/2023\/03\/MecaHealth-meubleinclinC3A9HarryPotter-768x402.jpg 768w, https:\/\/mecahealth.com\/wp-content\/uploads\/2023\/03\/MecaHealth-meubleinclinC3A9HarryPotter.jpg 1058w\" sizes=\"auto, (max-width: 1024px) 100vw, 1024px\" \/><\/figure>\n\n\n\n<p class=\"has-medium-font-size\"><em>Mais certains pr\u00e9f\u00e9reront suivre les niaiseries d&rsquo;amateurs et accuser le <a href=\"https:\/\/mecahealth.com\/?page_id=7195\" data-type=\"page\" data-id=\"7195\">cartable trop lourd<\/a> plut\u00f4t qu&rsquo;un bureau inadapt\u00e9 pour lutter contre les maux de dos des enfants. J&rsquo;ai eu des patients d&rsquo;un autre temps qui couvraient une dizaine de kilom\u00e8tres pour aller \u00e0 l&rsquo;\u00e9cole avec des cartables bien plus lourds (&#8230;) et pourtant qui ne d\u00e9velopp\u00e8rent de douleurs au dos que vers plus de 70 ans. <\/em><\/p>\n\n\n\n<figure class=\"wp-block-image size-large is-resized\"><img loading=\"lazy\" decoding=\"async\" width=\"1024\" height=\"706\" src=\"https:\/\/mecahealth.com\/wp-content\/uploads\/2023\/03\/MecaHealth-meubleinclinC3A9Disney-1024x706.jpg\" alt=\"\" class=\"wp-image-4333\" style=\"width:550px\" srcset=\"https:\/\/mecahealth.com\/wp-content\/uploads\/2023\/03\/MecaHealth-meubleinclinC3A9Disney-1024x706.jpg 1024w, https:\/\/mecahealth.com\/wp-content\/uploads\/2023\/03\/MecaHealth-meubleinclinC3A9Disney-300x207.jpg 300w, https:\/\/mecahealth.com\/wp-content\/uploads\/2023\/03\/MecaHealth-meubleinclinC3A9Disney-768x529.jpg 768w, https:\/\/mecahealth.com\/wp-content\/uploads\/2023\/03\/MecaHealth-meubleinclinC3A9Disney.jpg 1119w\" sizes=\"auto, (max-width: 1024px) 100vw, 1024px\" \/><\/figure>\n\n\n\n<p class=\"has-small-font-size\">L&rsquo;utilisation d&rsquo;un ordinateur \u00e0 l&rsquo;\u00e9cole implique bien entendu seulement aujourd&rsquo;hui d&rsquo;avoir des plans horizontaux et une autre mani\u00e8re de concevoir l&rsquo;<a href=\"https:\/\/mecahealth.com\/?page_id=295\" data-type=\"page\" data-id=\"295\">assis \u00e0 l&rsquo;\u00e9cole comme dans un bureau<\/a>.<\/p>\n\n\n\n<p class=\"has-medium-font-size\"><em>Certains pr\u00e9f\u00e9reront accuser le stress de la Soci\u00e9t\u00e9 pour les maux de dos de leurs enfants plut\u00f4t que de s&rsquo;avouer avoir suivi des <a href=\"https:\/\/mecahealth.com\/?page_id=2643\" data-type=\"page\" data-id=\"2643\">th\u00e9ories d&rsquo;une femme dangereuse<\/a> et de n&rsquo;avoir eu le cran de demander \u00e0 leurs enfants de <a href=\"https:\/\/mecahealth.com\/?page_id=1923\" data-type=\"page\" data-id=\"1923\">se tenir droit comme un Massa\u00ef et non comme un garde du corps<\/a> par peur de violenter l&rsquo;enfant dans son \u00e9volution psychique<\/em> (\u00e0 suivre progressivement dans la page <em><a href=\"https:\/\/mecahealth.com\/?page_id=2641\" data-type=\"page\" data-id=\"2641\">Parents<\/a><\/em>). <\/p>\n\n\n\n<p class=\"has-medium-font-size\"><em>Certains penseront que le <a href=\"https:\/\/mecahealth.com\/?page_id=297\" data-type=\"page\" data-id=\"297\">ballon est la solution<\/a> alors qu&rsquo;il s&rsquo;agit d&rsquo;un outil de r\u00e9\u00e9ducation qui d\u00e9pend de la taille d&rsquo;un enfant\/adulte et pour qu&rsquo;il soit efficace, la hauteur de la table doit \u00eatre \u00e9galement adapt\u00e9e. L&rsquo;usage du ballon ne s&rsquo;av\u00e8re efficace que durant la premi\u00e8re heure la plupart du temps (et encore) puisque le dos est sollicit\u00e9 sans tenir compte des besoins de repos indispensable \u00e9galement.<\/em><\/p>\n\n\n\n<p class=\"has-medium-font-size\"><em>Un fauteuil Louis XVI peut para\u00eetre inconfortable les premi\u00e8res minutes mais si on doit y rester plus longtemps, il s&rsquo;av\u00e9rera souvent plus confortable qu&rsquo;un fauteuil design duquel il sera parfois difficile de sortir&#8230;<\/em><\/p>\n\n\n\n<p class=\"has-medium-font-size\"><em>Derri\u00e8re des id\u00e9es anciennes parfois se cachent des id\u00e9es plus novatrices qu&rsquo;un produit soit disant r\u00e9volutionnaire&#8230;<\/em><\/p>\n\n\n\n<p class=\"has-medium-font-size\"><em>Lutter contre la majorit\u00e9 fait peur et pourtant l&rsquo;erreur s&rsquo;y trouve bien souvent (<\/em>\u00e0 suivre dans nos <a href=\"https:\/\/mecahealth.com\/?page_id=127\" data-type=\"URL\" data-id=\"https:\/\/mecahealth.com\/?page_id=127\">pages traitant de sant\u00e9 mentale<\/a> en commen\u00e7ant par notre page<em> <a href=\"https:\/\/mecahealth.com\/?page_id=1974\" data-type=\"page\" data-id=\"1974\">Animal gr\u00e9gaire<\/a>). L&rsquo;ergonomie ne d\u00e9roge pas \u00e0 cette probl\u00e9matique. Elle s&rsquo;av\u00e8re <strong>parfois tr\u00e8s scientifique<\/strong> mais cette situation n&rsquo;est <a href=\"https:\/\/mecahealth.com\/?page_id=149\" data-type=\"page\" data-id=\"149\">pas aussi fr\u00e9quente<\/a> que ce que les textes laissent entendre puisque -sauf erreur de ma part (ces propos n&rsquo;engage que moi et non l&rsquo;asbl)- l&rsquo;Europe suit une logique commerciale avant une Europe sociale et autorise parfois des outils dangereux ; dangereux s&rsquo;ils sont utilis\u00e9s comme certaines cha\u00eenes de ventes ou influenceurs le proposent<\/em>.<\/p>\n\n\n\n<p class=\"has-text-align-right\">Fr\u00e9d\u00e9ric Li\u00e9geois<\/p>\n\n\n\n<p>(&#8230;)<\/p>\n\n\n\n<h2 class=\"wp-block-heading has-medium-font-size\">Revenir au chapitre <a data-type=\"page\" data-id=\"75\" href=\"https:\/\/mecahealth.com\/?page_id=75\"><em>Corps psychique<\/em><\/a>, <em><a data-type=\"page\" data-id=\"474\" href=\"https:\/\/mecahealth.com\/?page_id=474\">Exemples<\/a><\/em> ou bient\u00f4t <em>Enseignement<\/em><\/h2>\n","protected":false},"excerpt":{"rendered":"<p>Col\u00e8re : les textes de la cat\u00e9gorie Col\u00e8re, n&rsquo;engage pas l&rsquo;asbl mais seulement l&rsquo;auteur. Attention \u00e0 lire les consignes avant de lire toute page d&rsquo;un site sant\u00e9 ! Science subjective &#8230;ou pas ? Bien avant que l&rsquo;Homme de la fin du vingti\u00e8me si\u00e8cle cru inventer une nouvelle science qu&rsquo;il appela<a href=\"https:\/\/mecahealth.com\/?page_id=4328\" class=\"read-more\">Read More&#8230;<\/a><\/p>\n","protected":false},"author":1,"featured_media":0,"parent":0,"menu_order":0,"comment_status":"closed","ping_status":"closed","template":"","meta":{"footnotes":""},"class_list":["post-4328","page","type-page","status-publish","hentry"],"jetpack_sharing_enabled":true,"_links":{"self":[{"href":"https:\/\/mecahealth.com\/index.php?rest_route=\/wp\/v2\/pages\/4328","targetHints":{"allow":["GET"]}}],"collection":[{"href":"https:\/\/mecahealth.com\/index.php?rest_route=\/wp\/v2\/pages"}],"about":[{"href":"https:\/\/mecahealth.com\/index.php?rest_route=\/wp\/v2\/types\/page"}],"author":[{"embeddable":true,"href":"https:\/\/mecahealth.com\/index.php?rest_route=\/wp\/v2\/users\/1"}],"replies":[{"embeddable":true,"href":"https:\/\/mecahealth.com\/index.php?rest_route=%2Fwp%2Fv2%2Fcomments&post=4328"}],"version-history":[{"count":14,"href":"https:\/\/mecahealth.com\/index.php?rest_route=\/wp\/v2\/pages\/4328\/revisions"}],"predecessor-version":[{"id":7862,"href":"https:\/\/mecahealth.com\/index.php?rest_route=\/wp\/v2\/pages\/4328\/revisions\/7862"}],"wp:attachment":[{"href":"https:\/\/mecahealth.com\/index.php?rest_route=%2Fwp%2Fv2%2Fmedia&parent=4328"}],"curies":[{"name":"wp","href":"https:\/\/api.w.org\/{rel}","templated":true}]}}