{"id":428,"date":"2023-01-08T02:23:42","date_gmt":"2023-01-08T01:23:42","guid":{"rendered":"https:\/\/mecahealth.com\/?page_id=428"},"modified":"2023-11-15T01:43:19","modified_gmt":"2023-11-15T00:43:19","slug":"mouvement-marcher","status":"publish","type":"page","link":"https:\/\/mecahealth.com\/?page_id=428","title":{"rendered":"Mouvement : marcher"},"content":{"rendered":"\n<p class=\"has-medium-font-size\"><a href=\"https:\/\/mecahealth.com\/?page_id=122\">Attention \u00e0 lire les consignes avant de lire toute page d&rsquo;un site sant\u00e9 !<\/a><\/p>\n\n\n\n<figure class=\"wp-block-image size-full is-style-rounded\"><img loading=\"lazy\" decoding=\"async\" width=\"330\" height=\"330\" src=\"https:\/\/mecahealth.com\/wp-content\/uploads\/2023\/01\/22-1.jpg\" alt=\"\" class=\"wp-image-1450\" srcset=\"https:\/\/mecahealth.com\/wp-content\/uploads\/2023\/01\/22-1.jpg 330w, https:\/\/mecahealth.com\/wp-content\/uploads\/2023\/01\/22-1-300x300.jpg 300w, https:\/\/mecahealth.com\/wp-content\/uploads\/2023\/01\/22-1-150x150.jpg 150w\" sizes=\"auto, (max-width: 330px) 100vw, 330px\" \/><\/figure>\n\n\n\n<h2 class=\"wp-block-heading\">Avantages <\/h2>\n\n\n<div class=\"wp-block-image\">\n<figure class=\"alignleft size-full is-resized\"><img loading=\"lazy\" decoding=\"async\" src=\"https:\/\/mecahealth.com\/wp-content\/uploads\/2023\/01\/MecaHealth-marcher-symetrie.jpg\" alt=\"\" class=\"wp-image-1475\" width=\"151\" height=\"361\"\/><\/figure>\n<\/div>\n\n\n<p class=\"has-medium-font-size\">La marche est la base de chaque <a href=\"https:\/\/mecahealth.com\/?page_id=184\" data-type=\"page\" data-id=\"184\">mouvement<\/a>. Elle est \u00e9galement la base de soutien <a href=\"https:\/\/mecahealth.com\/?page_id=602\" data-type=\"page\" data-id=\"602\">cardiaque<\/a> et <a href=\"https:\/\/mecahealth.com\/?page_id=604\" data-type=\"page\" data-id=\"604\">circulatoire<\/a> gr\u00e2ce, principalement, aux mollets qui jouent le r\u00f4le de pompes secondaires au coeur \u00e0 chaque fois que nous <a href=\"https:\/\/mecahealth.com\/?page_id=695\" data-type=\"page\" data-id=\"695\">d\u00e9roulons correctement le pied<\/a> et que nous d\u00e9posons notre talon (&#8230;). Nous soutenons qu&rsquo;elle est le premier soutien pour <a href=\"https:\/\/mecahealth.com\/?page_id=998\" data-type=\"page\" data-id=\"998\">\u00e9viter une grande partie des burnouts<\/a> du 21\u00e8me si\u00e8cle.<\/p>\n\n\n\n<p class=\"has-medium-font-size\">Elle se fait tout d&rsquo;abord en respectant la <a href=\"https:\/\/mecahealth.com\/?page_id=1923\" data-type=\"page\" data-id=\"1923\">position z\u00e9ro de la position debout<\/a> sym\u00e9triquement et pieds sont l\u00e9g\u00e8rement tourn\u00e9s vers l&rsquo;ext\u00e9rieur, les talons touchant \u00e0 peine voire ne touchant pas la \u00a0\u00bb ligne de direction \u00a0\u00bb (repr\u00e9sent\u00e9e ici par l&rsquo;espace entre les lattes de bois).<\/p>\n\n\n<div class=\"wp-block-image\">\n<figure class=\"alignright size-full\"><img loading=\"lazy\" decoding=\"async\" width=\"300\" height=\"212\" src=\"https:\/\/mecahealth.com\/wp-content\/uploads\/2023\/01\/MecaHealth-poistion-debout-vue-sup.jpg\" alt=\"\" class=\"wp-image-1472\"\/><\/figure>\n<\/div>\n\n\n<p class=\"has-medium-font-size\">Lorsque nous d\u00e9marrons la marche avec un pied en avant, la main et le bras oppos\u00e9 se mettent \u00e9galement en avant. Ensuite nous r\u00e9alisons l&rsquo;inverse pour assurer un <a href=\"https:\/\/mecahealth.com\/?page_id=402\" data-type=\"page\" data-id=\"402\">certain \u00e9quilibre<\/a> durant le mouvement influenc\u00e9 par l&rsquo;\u00e9nergie cin\u00e9tique qu&rsquo;elle provoque (&#8230;). <\/p>\n\n\n\n<p class=\"has-medium-font-size\">La marche n&rsquo;est profitable que si nous respirons correctement \u00e0 l&rsquo;effort et donc en \u00e9vitant le <a href=\"https:\/\/mecahealth.com\/?page_id=487\" data-type=\"page\" data-id=\"487\">blocage<\/a> de la respiration et si nous pratiquons donc la <a href=\"https:\/\/mecahealth.com\/?page_id=1127\" data-type=\"page\" data-id=\"1127\">d\u00e9coordination respiratoire<\/a>.<\/p>\n\n\n\n<p class=\"has-medium-font-size\">Elle ne le sera \u00e9galement que si nous gardons une l\u00e9g\u00e8re <a href=\"https:\/\/mecahealth.com\/?page_id=808\" data-type=\"page\" data-id=\"808\">bascule du bassin<\/a> en laissant notre <a href=\"https:\/\/mecahealth.com\/?page_id=615\" data-type=\"page\" data-id=\"615\">ventre l\u00e9g\u00e8rement rentr\u00e9<\/a> plus encore au moment du <a href=\"https:\/\/mecahealth.com\/?page_id=2034\" data-type=\"page\" data-id=\"2034\">changement de direction<\/a>.<\/p>\n\n\n\n<figure class=\"wp-block-embed is-type-video is-provider-youtube wp-block-embed-youtube wp-embed-aspect-16-9 wp-has-aspect-ratio\"><div class=\"wp-block-embed__wrapper\">\n<iframe loading=\"lazy\" title=\"MecaHealth   marcher convenablement (pieds)\" width=\"600\" height=\"338\" src=\"https:\/\/www.youtube.com\/embed\/bAWZXzSKuRU?feature=oembed\" frameborder=\"0\" allow=\"accelerometer; autoplay; clipboard-write; encrypted-media; gyroscope; picture-in-picture; web-share\" referrerpolicy=\"strict-origin-when-cross-origin\" allowfullscreen><\/iframe>\n<\/div><\/figure>\n\n\n\n<h2 class=\"wp-block-heading\">Inconv\u00e9nients <\/h2>\n\n\n\n<p class=\"has-medium-font-size\">Une personne qui marcherait sans tenir compte de ce qui a \u00e9t\u00e9 not\u00e9 ci-dessus pourrait d\u00e9velopper l&rsquo;une ou l&rsquo;autre difficult\u00e9s voire douleurs. <\/p>\n\n\n\n<p class=\"has-medium-font-size\">La personne qui rel\u00e2cherait le ventre pourrait avoir des maux dans le bas du dos (<a href=\"https:\/\/mecahealth.com\/?page_id=212\" data-type=\"page\" data-id=\"212\">lombalgies<\/a>) voire des sciatalgies. Elle pourrait par la suite d\u00e9velopper des troubles urinaires, principalement des <a href=\"https:\/\/mecahealth.com\/?page_id=491\" data-type=\"page\" data-id=\"491\">pertes urinaires<\/a> voire des hernies tel que l&rsquo;hernie inguinale.<\/p>\n\n\n\n<p class=\"has-medium-font-size\">Une marche mal contr\u00f4l\u00e9e ou <em>surprise <\/em>peut amener \u00e0 se faire une <a href=\"https:\/\/mecahealth.com\/?page_id=1960\" data-type=\"page\" data-id=\"1960\">entorse de la cheville ou du genou<\/a> surtout si nous n&rsquo;avons pas d\u00e9velopper une <a href=\"https:\/\/mecahealth.com\/?page_id=2034\" data-type=\"page\" data-id=\"2034\">bonne m\u00e9thode de changement de direction inspir\u00e9e du Moonwalk<\/a> (&#8230;) et d&rsquo;autant plus si <a href=\"https:\/\/mecahealth.com\/?page_id=3711\" data-type=\"page\" data-id=\"3711\">nous n&rsquo;avons pas les mains libres<\/a>.<\/p>\n\n\n\n<p class=\"has-medium-font-size\">Une hygi\u00e8ne des ongles et des pieds qui n&rsquo;est pas suivi par un <a href=\"https:\/\/mecahealth.com\/?page_id=6292\" data-type=\"page\" data-id=\"6292\">bon soin p\u00e9dicure<\/a>, peut entra\u00eener des difficult\u00e9s majeures durant la marche. <\/p>\n\n\n\n<p>(&#8230;)<\/p>\n\n\n\n<h2 class=\"wp-block-heading has-medium-font-size\">Revenir au chapitre <em><a href=\"https:\/\/mecahealth.com\/?page_id=184\" data-type=\"page\" data-id=\"184\">Mouvements<\/a>                                                                                                                                                                                                                                                                                                                                                                                                                                                                                                                                                                                                                                                                                                                                                                                                                                                                                                                                                                                                                                                                                                                                                                                                                                                                                                                                                                                                                                                                                                                                                       <\/em><\/h2>\n","protected":false},"excerpt":{"rendered":"<p>Attention \u00e0 lire les consignes avant de lire toute page d&rsquo;un site sant\u00e9 ! Avantages La marche est la base de chaque mouvement. Elle est \u00e9galement la base de soutien cardiaque et circulatoire gr\u00e2ce, principalement, aux mollets qui jouent le r\u00f4le de pompes secondaires au coeur \u00e0 chaque fois que<a href=\"https:\/\/mecahealth.com\/?page_id=428\" class=\"read-more\">Read More&#8230;<\/a><\/p>\n","protected":false},"author":1,"featured_media":0,"parent":0,"menu_order":0,"comment_status":"closed","ping_status":"closed","template":"","meta":{"footnotes":""},"class_list":["post-428","page","type-page","status-publish","hentry"],"jetpack_sharing_enabled":true,"_links":{"self":[{"href":"https:\/\/mecahealth.com\/index.php?rest_route=\/wp\/v2\/pages\/428","targetHints":{"allow":["GET"]}}],"collection":[{"href":"https:\/\/mecahealth.com\/index.php?rest_route=\/wp\/v2\/pages"}],"about":[{"href":"https:\/\/mecahealth.com\/index.php?rest_route=\/wp\/v2\/types\/page"}],"author":[{"embeddable":true,"href":"https:\/\/mecahealth.com\/index.php?rest_route=\/wp\/v2\/users\/1"}],"replies":[{"embeddable":true,"href":"https:\/\/mecahealth.com\/index.php?rest_route=%2Fwp%2Fv2%2Fcomments&post=428"}],"version-history":[{"count":14,"href":"https:\/\/mecahealth.com\/index.php?rest_route=\/wp\/v2\/pages\/428\/revisions"}],"predecessor-version":[{"id":6368,"href":"https:\/\/mecahealth.com\/index.php?rest_route=\/wp\/v2\/pages\/428\/revisions\/6368"}],"wp:attachment":[{"href":"https:\/\/mecahealth.com\/index.php?rest_route=%2Fwp%2Fv2%2Fmedia&parent=428"}],"curies":[{"name":"wp","href":"https:\/\/api.w.org\/{rel}","templated":true}]}}